{"id":139,"date":"2020-10-29T10:45:25","date_gmt":"2020-10-29T13:45:25","guid":{"rendered":"http:\/\/www2.uepg.br\/ppgfisica\/?page_id=139"},"modified":"2020-11-17T13:16:09","modified_gmt":"2020-11-17T16:16:09","slug":"discentes-do-mestrado","status":"publish","type":"page","link":"https:\/\/www2.uepg.br\/ppgfisica\/discentes-do-mestrado\/","title":{"rendered":"Discentes do Mestrado"},"content":{"rendered":"<h5 style=\"text-align: center\"><strong>Alunos regulares do programa<\/strong><\/h5>\n<p style=\"text-align: center\">Alana Spak dos Santos<br \/>\nOrientador: Fabiano Manoel de Andrade<br \/>\nAno in\u00edcio: 2020<\/p>\n<p style=\"text-align: center\">Enrique Chipicoski Gabrick<br \/>\nOrientador: Antonio Marcos Batista<br \/>\nAno in\u00edcio: 202o<\/p>\n<p style=\"text-align: center\">Ana Paula da Silva Koltun<br \/>\nOrientador: Ervin Kaminski Lenzi<br \/>\nAno in\u00edcio: 2020<\/p>\n<p style=\"text-align: center\">Nathan Ferreira<br \/>\nOrientador: Fabiano Manoel de Andrade<br \/>\nAno in\u00edcio: 2020<\/p>\n<p style=\"text-align: center\">Marlon Schmidt Ribeiro<br \/>\nOrientador: Sergio Leonardo Gomez<br \/>\nAno in\u00edcio: 2020<\/p>\n<p style=\"text-align: center\">Suelen Aparecida Ramos<br \/>\nOrientador: Marcelo Em\u00edlio<br \/>\nAno in\u00edcio: 2019<\/p>\n<p style=\"text-align: center\">Luiz Otavio Ribeiro Solak<br \/>\nOrientador: Lucas Stori de Lara<br \/>\nAno in\u00edcio: 2019<\/p>\n<p style=\"text-align: center\">Guilherme Moreira Valad\u00e3o<br \/>\nOrientador: Gelson Biscaia de Souza<br \/>\nAno in\u00edcio: 2019<\/p>\n<p style=\"text-align: center\">Luiz Marcelo Scudlarek Guilherme<br \/>\nOrientador: Ervin Kaminski Lenzi<br \/>\nAno in\u00edcio: 2019<\/p>\n<p style=\"text-align: center\">Karuane Schechtel Kodum<br \/>\nOrientador: Sergio da Costa Saab<br \/>\nAno in\u00edcio: 2019<\/p>\n<p style=\"text-align: center\">Everton de Andrade<br \/>\nOrientador: Andr\u00e9 Maur\u00edcio Brinatti<br \/>\nAno in\u00edcio: 2019<\/p>\n<p style=\"text-align: center\">F\u00e1bio Andrei Bischof<br \/>\nOrientador: Jos\u00e9 Danilo Szezech Junior<br \/>\nAno in\u00edcio: 2018<\/p>\n<p>&nbsp;<\/p>\n","protected":false},"excerpt":{"rendered":"<p>Alunos regulares do programa Alana Spak dos Santos Orientador: Fabiano Manoel de Andrade Ano in\u00edcio: 2020 Enrique Chipicoski Gabrick Orientador: Antonio Marcos Batista Ano in\u00edcio: 202o Ana Paula da Silva Koltun Orientador: Ervin Kaminski Lenzi Ano in\u00edcio: 2020 Nathan Ferreira Orientador: Fabiano Manoel de Andrade Ano in\u00edcio: 2020 Marlon Schmidt Ribeiro Orientador: Sergio Leonardo Gomez&nbsp;&hellip;<\/p>\n","protected":false},"author":24,"featured_media":0,"parent":0,"menu_order":0,"comment_status":"closed","ping_status":"closed","template":"","meta":[],"_links":{"self":[{"href":"https:\/\/www2.uepg.br\/ppgfisica\/wp-json\/wp\/v2\/pages\/139"}],"collection":[{"href":"https:\/\/www2.uepg.br\/ppgfisica\/wp-json\/wp\/v2\/pages"}],"about":[{"href":"https:\/\/www2.uepg.br\/ppgfisica\/wp-json\/wp\/v2\/types\/page"}],"author":[{"embeddable":true,"href":"https:\/\/www2.uepg.br\/ppgfisica\/wp-json\/wp\/v2\/users\/24"}],"replies":[{"embeddable":true,"href":"https:\/\/www2.uepg.br\/ppgfisica\/wp-json\/wp\/v2\/comments?post=139"}],"version-history":[{"count":3,"href":"https:\/\/www2.uepg.br\/ppgfisica\/wp-json\/wp\/v2\/pages\/139\/revisions"}],"predecessor-version":[{"id":284,"href":"https:\/\/www2.uepg.br\/ppgfisica\/wp-json\/wp\/v2\/pages\/139\/revisions\/284"}],"wp:attachment":[{"href":"https:\/\/www2.uepg.br\/ppgfisica\/wp-json\/wp\/v2\/media?parent=139"}],"curies":[{"name":"wp","href":"https:\/\/api.w.org\/{rel}","templated":true}]}}