{"id":142,"date":"2020-10-29T10:54:39","date_gmt":"2020-10-29T13:54:39","guid":{"rendered":"http:\/\/www2.uepg.br\/ppgfisica\/?page_id=142"},"modified":"2020-10-29T10:54:39","modified_gmt":"2020-10-29T13:54:39","slug":"disciplinas-do-mestrado","status":"publish","type":"page","link":"https:\/\/www2.uepg.br\/ppgfisica\/disciplinas-do-mestrado\/","title":{"rendered":"Disciplinas do Mestrado"},"content":{"rendered":"<div id=\"pl-142\"  class=\"panel-layout\" ><div id=\"pg-142-0\"  class=\"panel-grid panel-no-style\" ><div id=\"pgc-142-0-0\"  class=\"panel-grid-cell\" ><div id=\"panel-142-0-0-0\" class=\"so-panel widget widget_sow-accordion panel-first-child panel-last-child\" data-index=\"0\" ><div class=\"panel-widget-style panel-widget-style-for-142-0-0-0\" ><div\n\t\t\t\n\t\t\tclass=\"so-widget-sow-accordion so-widget-sow-accordion-default-7f158b849c7f-142\"\n\t\t\t\n\t\t><div>\n\t<div class=\"sow-accordion\">\n\t\t\t<div class=\"sow-accordion-panel\"\n\t\t\t data-anchor=\"disciplinas-obrigat%c3%b3rias\">\n\t\t\t\t<div class=\"sow-accordion-panel-header-container\" role=\"heading\" aria-level=\"2\">\n\t\t\t\t\t<div class=\"sow-accordion-panel-header\" tabindex=\"0\" role=\"button\" id=\"accordion-label-disciplinas-obrigat%c3%b3rias\" aria-controls=\"accordion-content-disciplinas-obrigat%c3%b3rias\" aria-expanded=\"false\">\n\t\t\t\t\t\t<div class=\"sow-accordion-title sow-accordion-title-icon-left\">\n\t\t\t\t\t\t\t\t\t\t\t\t\t\tDisciplinas Obrigat\u00f3rias\t\t\t\t\t\t\t\t\t\t\t\t\t<\/div>\n\t\t\t\t\t\t<div class=\"sow-accordion-open-close-button\">\n\t\t\t\t\t\t\t<div class=\"sow-accordion-open-button\">\n\t\t\t\t\t\t\t\t<span class=\"sow-icon-ionicons\" data-sow-icon=\"&#xf218;\"\n\t\t \n\t\taria-hidden=\"true\"><\/span>\t\t\t\t\t\t\t<\/div>\n\t\t\t\t\t\t\t<div class=\"sow-accordion-close-button\">\n\t\t\t\t\t\t\t\t<span class=\"sow-icon-ionicons\" data-sow-icon=\"&#xf209;\"\n\t\t \n\t\taria-hidden=\"true\"><\/span>\t\t\t\t\t\t\t<\/div>\n\t\t\t\t\t\t<\/div>\n\t\t\t\t\t<\/div>\n\t\t\t\t<\/div>\n\n\t\t\t<div\n\t\t\t\tclass=\"sow-accordion-panel-content\"\n\t\t\t\trole=\"region\"\n\t\t\t\taria-labelledby=\"accordion-label-disciplinas-obrigat%c3%b3rias\"\n\t\t\t\tid=\"accordion-content-disciplinas-obrigat%c3%b3rias\"\n\t\t\t\tstyle=\"display: none;\"\t\t\t>\n\t\t\t\t<div class=\"sow-accordion-panel-border\" tabindex=\"0\">\n\t\t\t\t\t<p><strong>Eletromagnetismo I<\/strong><\/p>\n<p>Carga hor\u00e1ria: 90<\/p>\n<p>Cr\u00e9ditos: 6<\/p>\n<p>Ementa:Introdu\u00e7\u00e3o \u00e0 eletrost\u00e1tica, M\u00e9todo de Imagens, Problemas de valor de fronteira na eletrost\u00e1tica, Multipolos, Eletrost\u00e1tica de meios macrosc\u00f3picos, diel\u00e9tricos.<\/p>\n<p>&nbsp;<\/p>\n<p><strong>F\u00edsica Estat\u00edstica I<\/strong><\/p>\n<p>Carga hor\u00e1ria: 90<\/p>\n<p>Cr\u00e9ditos: 6<\/p>\n<p>Ementa:Considera\u00e7\u00f5es gerais. Mec\u00e2nica estat\u00edstica cl\u00e1ssica. Mec\u00e2nica estat\u00edstica qu\u00e2ntica. Aplica\u00e7\u00f5es em gases e fluidos qu\u00e2nticos.<\/p>\n<p>&nbsp;<\/p>\n<p><strong>Mec\u00e2nica Qu\u00e2ntica I<\/strong><\/p>\n<p>Carga hor\u00e1ria: 90<\/p>\n<p>Cr\u00e9ditos: 6<\/p>\n<p>Ementa:Conceitos Fundamentais. Din\u00e2mica Qu\u00e2ntica. Teoria do Momento Angular. Simetrias em Mec\u00e2nica Qu\u00e2ntica.<\/p>\n<p>&nbsp;<\/p>\n<p><strong>Pr\u00e1tica de Doc\u00eancia em Ensino Superior de F\u00edsica<\/strong><\/p>\n<p>Carga hor\u00e1ria: 30<\/p>\n<p>Cr\u00e9ditos: 2<\/p>\n<p>Ementa:Esta disciplina tem o objetivo de fornecer ao estudante a possibilidade do acompanhamento de uma disciplina dos cursos de Bacharelado ou Licenciatura em F\u00edsica sob a forma de est\u00e1gio.<\/p>\n<p>&nbsp;<\/p>\n<p><strong>Semin\u00e1rios I<\/strong><\/p>\n<p>Carga hor\u00e1ria: 30<\/p>\n<p>Cr\u00e9ditos: 2<\/p>\n<p>Ementa:Semin\u00e1rios de Mestrado I: O estudante de Mestrado dever\u00e1 assistir 30 horas semin\u00e1rios, dentre os regularmente o Curso de P\u00f3s-Gradua\u00e7\u00e3o. O objetivo da disciplina \u00e9 familiarizar o mestrando com as t\u00e9cnicas de apresenta\u00e7\u00e3o do conhecimento cient\u00edfico, avan\u00e7os recentes da pesquisa em F\u00edsica e aplica\u00e7\u00f5es, e a discuss\u00e3o cr\u00edtica dos problemas inerentes \u00e0 atividade de pesquisa.<\/p>\n<p>&nbsp;<\/p>\n\t\t\t\t<\/div>\n\t\t\t<\/div>\n\t\t<\/div>\n\t\t\t<div class=\"sow-accordion-panel\"\n\t\t\t data-anchor=\"disciplinas-optativas\">\n\t\t\t\t<div class=\"sow-accordion-panel-header-container\" role=\"heading\" aria-level=\"2\">\n\t\t\t\t\t<div class=\"sow-accordion-panel-header\" tabindex=\"0\" role=\"button\" id=\"accordion-label-disciplinas-optativas\" aria-controls=\"accordion-content-disciplinas-optativas\" aria-expanded=\"false\">\n\t\t\t\t\t\t<div class=\"sow-accordion-title sow-accordion-title-icon-left\">\n\t\t\t\t\t\t\t\t\t\t\t\t\t\tDisciplinas Optativas\t\t\t\t\t\t\t\t\t\t\t\t\t<\/div>\n\t\t\t\t\t\t<div class=\"sow-accordion-open-close-button\">\n\t\t\t\t\t\t\t<div class=\"sow-accordion-open-button\">\n\t\t\t\t\t\t\t\t<span class=\"sow-icon-ionicons\" data-sow-icon=\"&#xf218;\"\n\t\t \n\t\taria-hidden=\"true\"><\/span>\t\t\t\t\t\t\t<\/div>\n\t\t\t\t\t\t\t<div class=\"sow-accordion-close-button\">\n\t\t\t\t\t\t\t\t<span class=\"sow-icon-ionicons\" data-sow-icon=\"&#xf209;\"\n\t\t \n\t\taria-hidden=\"true\"><\/span>\t\t\t\t\t\t\t<\/div>\n\t\t\t\t\t\t<\/div>\n\t\t\t\t\t<\/div>\n\t\t\t\t<\/div>\n\n\t\t\t<div\n\t\t\t\tclass=\"sow-accordion-panel-content\"\n\t\t\t\trole=\"region\"\n\t\t\t\taria-labelledby=\"accordion-label-disciplinas-optativas\"\n\t\t\t\tid=\"accordion-content-disciplinas-optativas\"\n\t\t\t\tstyle=\"display: none;\"\t\t\t>\n\t\t\t\t<div class=\"sow-accordion-panel-border\" tabindex=\"0\">\n\t\t\t\t\t<p><strong>Computa\u00e7\u00e3o Qu\u00e2ntica e Informa\u00e7\u00e3o Qu\u00e2ntica<\/strong><\/p>\n<p>Carga hor\u00e1ria: 60<\/p>\n<p>Cr\u00e9ditos: 4<\/p>\n<p>Ementa:Rudimentos de Teoria da Computa\u00e7\u00e3o. Limites F\u00edsicos do Desempenho de Computadores. Bits Qu\u00e2nticos e Portas L\u00f3gicas Qu\u00e2nticas. Circuitos e Algoritmos Qu\u00e2nticos (Algoritimo de Deutsch, Algoritimo de Busca, Fatora\u00e7\u00e3o de Shor). Comunica\u00e7\u00e3o Qu\u00e2ntica (Criptografia Qu\u00e2ntica, Codifica\u00e7\u00e3o Superdensa, Teletransporte). Implementa\u00e7\u00f5es Experimentais (Sistemas \u00d3pticos, Eletrodin\u00e2mica Qu\u00e2ntica de Cavidades, \u00cdons Aprisionados, Circuitos Supercondutores, Spins em Semicondutores, Quantum Dots). Computa\u00e7\u00e3o Qu\u00e2ntica Geom\u00e9trica. Cluster States. Decoer\u00eancia (Modelos Fenomenol\u00f3gicos). Corre\u00e7\u00e3o de erros. Introdu\u00e7\u00e3o a Informa\u00e7\u00e3o Qu\u00e2ntica (Entropia de Shannon, Entropia de von Neumann, Compress\u00e3o de Dados Qu\u00e2ntica, Canais Qu\u00e2nticos). Outros t\u00f3picos a crit\u00e9rio do professor.<\/p>\n<p>&nbsp;<\/p>\n<p><strong>Cristalografia<\/strong><\/p>\n<p>Carga hor\u00e1ria: 60<\/p>\n<p>Cr\u00e9ditos: 4<\/p>\n<p>Ementa:No\u00e7\u00f5es de cristalografia. Geometria dos cristais. Produ\u00e7\u00e3o, propriedades dos raios X e a intera\u00e7\u00e3o com a mat\u00e9ria. Princ\u00edpios fundamentais da difra\u00e7\u00e3o de raios X: aspectos geom\u00e9tricos da difra\u00e7\u00e3o de raios X e a lei de Bragg. Fatores de espalhamento at\u00f4mico, estrutura, multiplicidade, Lorentz, polariza\u00e7\u00e3o, absor\u00e7\u00e3o e temperatura e as suas influ\u00eancias na intensidade da difra\u00e7\u00e3o de raios X. M\u00e9todos experimentais de difra\u00e7\u00e3o de raios X. Aplica\u00e7\u00f5es.<\/p>\n<p>&nbsp;<\/p>\n<p><strong>Din\u00e2mica de Flu\u00eddos em Meios Porosos<\/strong><\/p>\n<p>Carga hor\u00e1ria: 60<\/p>\n<p>Cr\u00e9ditos: 4<\/p>\n<p>Ementa:O meio poroso. Porosidade e elemento representativo. Descri\u00e7\u00e3o estat\u00edstica de um meio poroso. As equa\u00e7\u00f5es fundamentais de transporte de fluidos em meios porosos. Equa\u00e7\u00f5es de movimento de um fluido homog\u00eaneo. Modelos.<\/p>\n<p>&nbsp;<\/p>\n<p><strong>Din\u00e2mica de Sistemas n\u00e3o Lineares<\/strong><\/p>\n<p>Carga hor\u00e1ria: 60<\/p>\n<p>Cr\u00e9ditos: 4<\/p>\n<p>Ementa:Equa\u00e7\u00f5es Diferenciais e Sistemas Din\u00e2micos Lineares e N\u00e3o-Lineares; Sistemas Dissipativos e Atratores; Equa\u00e7\u00f5es de Van der Pol, Duffing e Lorenz; T\u00e9cnicas Computacionais; An\u00e1lise dos Regimes Peri\u00f3dico e Ca\u00f3tico; Teoria de Bifurca\u00e7\u00f5es e Rotas para o Caos; Universalidade; Sistemas Hamiltonianos; Teoria de Perturba\u00e7\u00e3o; T\u00f3picos Especiais.<\/p>\n<p>&nbsp;<\/p>\n<p><strong>Din\u00e2mica N\u00e3o Linear<\/strong><\/p>\n<p>Carga hor\u00e1ria: 45<\/p>\n<p>Cr\u00e9ditos: 3<\/p>\n<p>Ementa:Mapas Unidimensionais. Atratores Estranhos e Dimens\u00e3o Fractal. Sistemas Ca\u00f3ticos. Quase Periodicidade. Caos em Sistemas Hamiltonianos. Transi\u00e7\u00f5es Ca\u00f3ticas.<\/p>\n<p>&nbsp;<\/p>\n<p><strong>Espectroscopia de Resson\u00e2ncia Paramagn\u00e9tica Eletr\u00f4nica (RPE)<\/strong><\/p>\n<p>Carga hor\u00e1ria: 45<\/p>\n<p>Cr\u00e9ditos: 3<\/p>\n<p>Ementa:Princ\u00edpios de RPE; Hamiltoniana e fun\u00e7\u00e3o de onda; intera\u00e7\u00e3o hiperfina; fen\u00f4meno de relaxa\u00e7\u00e3o; valor de g; experimentos.<\/p>\n<p>&nbsp;<\/p>\n<p><strong>Espectroscopia F\u00edsica<\/strong><\/p>\n<p>Carga hor\u00e1ria: 45<\/p>\n<p>Cr\u00e9ditos: 3<\/p>\n<p>Ementa:F\u00edsica Qu\u00e2ntica \u2013 Intera\u00e7\u00e3o da radia\u00e7\u00e3o com a mat\u00e9ria. Espectroscopia de Microondas. Introdu\u00e7\u00e3o a Teoria de grupos. Espectroscopia Vibracional. Espectroscopia eletr\u00f4nica I. Espectroscopia eletr\u00f4nica II.<\/p>\n<p>&nbsp;<\/p>\n<p><strong>Evolu\u00e7\u00e3o Estelar<\/strong><\/p>\n<p>Carga hor\u00e1ria: 90<\/p>\n<p>Cr\u00e9ditos: 6<\/p>\n<p>Ementa:Propriedades f\u00edsicas das estrelas. Condi\u00e7\u00f5es f\u00edsicas no interior estelar. Termodin\u00e2mica do interior estelar. Processos nucleares no interior estelar. Transporte de energia no interior estelar. C\u00e1lculo de estrutura estelar. Evolu\u00e7\u00e3o anterior \u00e0 sequ\u00eancia principal: a forma\u00e7\u00e3o das estrelas. A sequ\u00eancia principal. Evolu\u00e7\u00e3o posterior \u00e0 sequ\u00eancia principal. Produtos finais da evolu\u00e7\u00e3o estelar. Rota\u00e7\u00e3o, pulsa\u00e7\u00e3o e perda de massa. Nucleoss\u00edntese<\/p>\n<p>&nbsp;<\/p>\n<p><strong>F\u00edsica Aplicada a Solos<\/strong><\/p>\n<p>Carga hor\u00e1ria: 90<\/p>\n<p>Cr\u00e9ditos: 6<\/p>\n<p>Ementa:O solo. Caracteriza\u00e7\u00e3o f\u00edsica do solo. C\u00e1lculo da \u00e1gua no solo. Potenciais da \u00e1gua no solo. Medida dos potenciais da \u00e1gua no solo. Movimento da \u00e1gua no solo. Infiltra\u00e7\u00e3o da \u00e1gua no solo. M\u00e9todos de medida da condutividade hidr\u00e1ulica de solos.<\/p>\n<p>&nbsp;<\/p>\n<p><strong>F\u00edsica do Estado S\u00f3lido I<\/strong><\/p>\n<p>Carga hor\u00e1ria: 90<\/p>\n<p>Cr\u00e9ditos: 6<\/p>\n<p>Ementa:Introdu\u00e7\u00e3o. Modelos de Drude e Sommerfeld. Redes Cristalinas. Teoria de Bandas. Aproxima\u00e7\u00e3o Semicl\u00e1ssica. F\u00f4nons.<\/p>\n<p>&nbsp;<\/p>\n<p><strong>F\u00edsica do Estado S\u00f3lido II<\/strong><\/p>\n<p>Carga hor\u00e1ria: 60<\/p>\n<p>Cr\u00e9ditos: 4<\/p>\n<p>Ementa:Simetrias. Estrutura Eletr\u00f4nica (Aproxima\u00e7\u00f5es de el\u00e9trons quase livres, El\u00e9trons Fortemente Ligados, Hartree-Fock, Teoria deBandas). Quase Part\u00edculas (quase-el\u00e9trons, plasmons, excitons, fonons, magnons). Intera\u00e7\u00e3o entre Quase-Part\u00edculas.Teoria de transporte. Supercondutividade (pares de Cooper, teoria BCS). Efeito Hall qu\u00e2ntico. Desenvolvimentos Modernos (Spintr\u00f4nica e Computa\u00e7\u00e3o Qu\u00e2ntica). Outros t\u00f3picos a crit\u00e9rio do professor.<\/p>\n<p>&nbsp;<\/p>\n<p><strong>Mec\u00e2nica Cl\u00e1ssica<\/strong><\/p>\n<p>Carga hor\u00e1ria: 90<\/p>\n<p>Cr\u00e9ditos: 6<\/p>\n<p>Ementa:Princ\u00edpio Variacional e Equa\u00e7\u00f5es de Lagrange; Equa\u00e7\u00f5es de Hamilton do Movimento; Transforma\u00e7\u00f5es Can\u00f4nicas; Teoria de Hamilton-Jacobi; Teoria de Perturba\u00e7\u00e3o; Formula\u00e7\u00e3o Hamiltoniana e Lagrangeana para Sistemas Cont\u00ednuos<\/p>\n<p>&nbsp;<\/p>\n<p><strong>Mec\u00e2nica Qu\u00e2ntica II<\/strong><\/p>\n<p>Carga hor\u00e1ria: 90<\/p>\n<p>Cr\u00e9ditos: 6<\/p>\n<p>Ementa:Teoria das perturba\u00e7\u00f5es: Perturba\u00e7\u00f5es estacion\u00e1rias e dependentes do tempo. Fen\u00f4menos dependentes do tempo (Aproxima\u00e7\u00e3o adiab\u00e1tica). Formula\u00e7\u00e3o variacional do problema de autovalores. \u00c1tomos Hidrogen\u00f3ides. Estrutura fina e hiperfina. Efeito Stark. Part\u00edculas carregadas em campos magn\u00e9ticos (Efeitos Zeeman e Aharonov-Bohn). Simetrias din\u00e2micas e o \u00e1tomo de Hidrog\u00eanio. Sistemas de part\u00edculas id\u00eanticas.<\/p>\n<p>&nbsp;<\/p>\n<p><strong>Mec\u00e2nica Qu\u00e2ntica III<\/strong><\/p>\n<p>Carga hor\u00e1ria: 60<\/p>\n<p>Cr\u00e9ditos: 4<\/p>\n<p>Ementa:Intera\u00e7\u00e3o da radia\u00e7\u00e3o com a mat\u00e9ria. Espalhamento El\u00e1stico. Simetrias e leis de conserva\u00e7\u00e3o. Vis\u00e3o Geral da Quantiza\u00e7\u00e3o do campo eletromagn\u00e9tico (Absor\u00e7\u00e3o e emiss\u00e3o estimuladas. Emiss\u00e3o espont\u00e2nea. Regras de sele\u00e7\u00e3o). Introdu\u00e7\u00e3o \u00e0 Segunda quantiza\u00e7\u00e3o. Introdu\u00e7\u00e3o \u00e0 equa\u00e7\u00e3o de Dirac.<\/p>\n<p>&nbsp;<\/p>\n<p><strong>M\u00e9todos de Caracteriza\u00e7\u00e3o de Materiais I<\/strong><\/p>\n<p>Carga hor\u00e1ria: 60<\/p>\n<p>Cr\u00e9ditos: 4<\/p>\n<p>Ementa:Introdu\u00e7\u00e3o aos m\u00e9todos de caracteriza\u00e7\u00e3o de materiais. Teoria da difra\u00e7\u00e3o de raios X. Difra\u00e7\u00e3o de raios X. Espectroscopia de raios X. Prepara\u00e7\u00e3o de amostras para microscopia \u00f3ptica. Microscopia \u00f3ptica. Microscopia eletr\u00f4nica de varredura. Microscopia eletr\u00f4nica de transmiss\u00e3o. An\u00e1lise de imagens.<\/p>\n<p>&nbsp;<\/p>\n<p><strong>M\u00e9todos de Caracteriza\u00e7\u00e3o de Materiais II<\/strong><\/p>\n<p>Carga hor\u00e1ria:60<\/p>\n<p>Cr\u00e9ditos: 4<\/p>\n<p>Ementa:\u00c1rea superficial e porosidade. M\u00e9todos de an\u00e1lise t\u00e9rmica. Espectroscopia de ultravioleta e vis\u00edvel espectroscopia de infravermelho. Espectroscopia de Raman. An\u00e1lise qu\u00edmica de superf\u00edcies por espectroscopia de fotoel\u00e9trons (XPS) e de Auger. Resson\u00e2ncia magn\u00e9tica nuclear (RMN).<\/p>\n<p>&nbsp;<\/p>\n<p><strong>M\u00e9todos de Estat\u00edstica Experimental em F\u00edsica Ambiental<\/strong><\/p>\n<p>Carga hor\u00e1ria: 60<\/p>\n<p>Cr\u00e9ditos: 4<\/p>\n<p>Ementa:M\u00e9dia, Vari\u00e2ncia e Desvio Padr\u00e3o. Delineamentos Experimentais Simples. Testes e Provas de Signific\u00e2ncia. Ensaios Fatoriais. Regress\u00e3o Polinomial na An\u00e1lise de Vari\u00e2ncias. Utiliza\u00e7\u00e3o de aplicativos computacionais estat\u00edsticos na an\u00e1lise de dados resultantes de experimentos em F\u00edsica Ambiental.<\/p>\n<p>&nbsp;<\/p>\n<p><strong>M\u00e9todos de F\u00edsica Te\u00f3rica<\/strong><\/p>\n<p>Carga hor\u00e1ria: 90<\/p>\n<p>Cr\u00e9ditos: 6<\/p>\n<p>Ementa:Elementos da Teoria das Fun\u00e7\u00f5es Anal\u00edticas; Fun\u00e7\u00f5es de Green; M\u00e9todos Assin\u00f3ticos para Equa\u00e7\u00f5es Diferenciais; Equa\u00e7\u00f5es Integrais; Elementos de Integra\u00e7\u00e3o Funcional; Din\u00e2mica Estoc\u00e1stica de Sistemas Cl\u00e1ssicos e Qu\u00e2niticos; Elementos de Geometria Diferencials e Aplica\u00e7\u00f5es.<\/p>\n<p>&nbsp;<\/p>\n<p><strong>\u00d3ptica Qu\u00e2ntica<\/strong><\/p>\n<p>Carga hor\u00e1ria: 60<\/p>\n<p>Cr\u00e9ditos: 4<\/p>\n<p>Ementa:Coer\u00eancia Qu\u00e2ntica. Intera\u00e7\u00e3o da Radia\u00e7\u00e3o com Sistemas at\u00f4micos (Modelo de Jaynes-Cummings, Fases Geom\u00e9tricas). Princ\u00edpios do Laser. Eletrodin\u00e2mica Qu\u00e2ntica de Cavidades. Campos Propagantes em Arranjos \u00d3pticos (interferometria). Movimento Quantizado de \u00edons aprisionados. Estados n\u00e3o Cl\u00e1ssicos da Luz (Produ\u00e7\u00e3o, Detec\u00e7\u00e3o e aplica\u00e7\u00f5es em metrologia). Reconstru\u00e7\u00e3o de Estados Qu\u00e2nticos. Paradoxo de EPR e teorema de Bell. Distribui\u00e7\u00f5es de quase-probabilidade no espa\u00e7o de fase. Intera\u00e7\u00e3o de Sistemas Qu\u00e2nticos com o Meio Ambiente. Efeitos Cooperativos. Aplica\u00e7\u00f5es Recentes da \u00d3ptica Qu\u00e2ntica (Resfriamento a Laser, Condensa\u00e7\u00e3o de Bose-Einstein, Processamento de Informa\u00e7\u00e3o Qu\u00e2ntica e Teletransporte Qu\u00e2ntico). Outros t\u00f3picos a crit\u00e9rio do professor.<\/p>\n<p>&nbsp;<\/p>\n<p><strong>Prepara\u00e7\u00e3o e Caracteriza\u00e7\u00e3o de Materiais Supercondutores<\/strong><\/p>\n<p>Carga hor\u00e1ria: 45<\/p>\n<p>Cr\u00e9ditos: 4<\/p>\n<p>Ementa:Materiais supercondutores; Diagrama de fases; Prepara\u00e7\u00e3o de amostras : policristalinas, monocristalinas e texturizadas; Caracteriza\u00e7\u00e3o : propriedades estruturais, el\u00e9tricas, magn\u00e9ticas e t\u00e9rmicas.<\/p>\n<p>&nbsp;<\/p>\n<p><strong>Propriedades Mec\u00e2nicas de Filmes e Superf\u00edcies<\/strong><\/p>\n<p>Carga hor\u00e1ria: 45<\/p>\n<p>Cr\u00e9ditos: 4<\/p>\n<p>Ementa:Introdu\u00e7\u00e3o. Superf\u00edcies e Filmes. Teste de dureza. Teste de desgaste. Atrito. Tens\u00e3o residual. Mec\u00e2nica do contato. Aplica\u00e7\u00f5es. Nanoindenta\u00e7\u00e3o. Propriedades mec\u00e2nicas de filmes finos. Nanotribologia e resist\u00eancia ao risco. Aplica\u00e7\u00f5es.<\/p>\n<p>&nbsp;<\/p>\n<p><strong>Propriedades Mec\u00e2nicas dos S\u00f3lidos<\/strong><\/p>\n<p>Carga hor\u00e1ria: 90<\/p>\n<p>Cr\u00e9ditos: 6<\/p>\n<p>Ementa:Cristais perfeitos. Elasticidade. Plasticidade. Defeitos de ponto e de linha. Intera\u00e7\u00e3o de defeitos. Encruamento e Endurecimento. Flu\u00eancia. Fadiga<\/p>\n<p>&nbsp;<\/p>\n<p><strong>Supercondutividade<\/strong><\/p>\n<p>Carga hor\u00e1ria: 90<\/p>\n<p>Cr\u00e9ditos: 6<\/p>\n<p>Ementa:Supercondutividade e Materiais Supercondutores; Propriedades Gerais dos Supercondutores; Teorias Fenomenol\u00f3gicas da Supercondutividade;Teoria BCS; Supercondutividade do Tipo \u2013 II<\/p>\n<p>&nbsp;<\/p>\n<p><strong>Termodin\u00e2mica Aplicada<\/strong><\/p>\n<p>Carga hor\u00e1ria: 90<\/p>\n<p>Cr\u00e9ditos: 6<\/p>\n<p>&nbsp;<\/p>\n<p><strong>T\u00e9cnicas de Microscopia e Microan\u00e1lise<\/strong><\/p>\n<p>Carga hor\u00e1ria: 90<\/p>\n<p>Cr\u00e9ditos: 6<\/p>\n<p>Ementa:Fundamentos de microscopia \u00f3tica. Natureza ondulat\u00f3ria das part\u00edculas \u2013 f\u00edsica da microscopia eletr\u00f4nica. Microscopia eletr\u00f4nica de varredura. Microscopia eletr\u00f4nica de varredura de emiss\u00e3o de campo. Microscopia eletr\u00f4nica em transmiss\u00e3o. Microan\u00e1lise por emiss\u00e3o de raios X. Microscopia de for\u00e7a at\u00f4mica<\/p>\n<p>&nbsp;<\/p>\n<p><strong>T\u00e9cnicas Nucleares em F\u00edsica Ambiental<\/strong><\/p>\n<p>Carga hor\u00e1ria: 60<\/p>\n<p>Cr\u00e9ditos: 4<\/p>\n<p>Ementa:Fundamentos b\u00e1sicos de radioatividade. Transmiss\u00e3o de raios gama e suas aplica\u00e7\u00f5es em F\u00edsica Ambiental. Tomografia computadorizada de raios gama e X e suas aplica\u00e7\u00f5es em F\u00edsica Ambiental. Espectrometria gama de alta resolu\u00e7\u00e3o e suas aplica\u00e7\u00f5es em F\u00edsica Ambiental. Sonda de n\u00eautrons e n\u00eautrons\/gama e suas aplica\u00e7\u00f5es em F\u00edsica Ambiental. Fluoresc\u00eancia de raios-X e suas aplica\u00e7\u00f5es em F\u00edsica Ambiental. Microscopia eletr\u00f4nica de varredura e suas aplica\u00e7\u00f5es em F\u00edsica Ambiental.<\/p>\n<p>&nbsp;<\/p>\n<p><strong>T\u00f3picos Especiais em Astronomia<\/strong><\/p>\n<p>Carga hor\u00e1ria: 30<\/p>\n<p>Cr\u00e9ditos: 2<\/p>\n<p>Ementa:Esta disciplina comp\u00f5e-se de t\u00f3picos avan\u00e7ados na \u00e1rea de astronomia, em \u00e1rea espec\u00edfica de interesse do estudante visando \u00e0 sua forma\u00e7\u00e3o. O programa da disciplina ser\u00e1 elaborado pelo orientador, utilizando bibliografia atualizada e espec\u00edfica ao assunto.<\/p>\n<p>&nbsp;<\/p>\n<p><strong>T\u00f3picos Especiais em Ci\u00eancia do Solo<\/strong><\/p>\n<p>Carga hor\u00e1ria: 30<\/p>\n<p>Cr\u00e9ditos: 2<\/p>\n<p>Ementa:Esta disciplina comp\u00f5e-se de t\u00f3picos avan\u00e7ados na \u00e1rea de ci\u00eancia dos materiais, em \u00e1rea espec\u00edfica de interesse do estudante visando \u00e0 sua forma\u00e7\u00e3o. O programa da disciplina ser\u00e1 elaborado pelo orientador, utilizando bibliografia atualizada e espec\u00edfica ao assunto.<\/p>\n<p>&nbsp;<\/p>\n<p><strong>T\u00f3picos Especiais em Fibra \u00d3ptica II<\/strong><\/p>\n<p>Carga hor\u00e1ria: 30<\/p>\n<p>Cr\u00e9ditos: 2<\/p>\n<p>Ementa:Conte\u00fado vari\u00e1vel de acordo com os interesses de projetos de pesquisa em andamento.<\/p>\n<p>&nbsp;<\/p>\n<p><strong>T\u00f3picos Especiais em F\u00edsica dos Materiais I<\/strong><\/p>\n<p>Carga hor\u00e1ria: 30<\/p>\n<p>Cr\u00e9ditos: 2<\/p>\n<p>Ementa:Esta disciplina comp\u00f5e-se de t\u00f3picos avan\u00e7ados na \u00e1rea de ci\u00eancia dos materiais, em \u00e1rea espec\u00edfica de interesse do estudante visando \u00e0 sua forma\u00e7\u00e3o. O programa da disciplina ser\u00e1 elaborado pelo orientador, utilizando bibliografia atualizada e espec\u00edfica ao assunto.<\/p>\n<p>&nbsp;<\/p>\n<p><strong>T\u00f3picos Especiais em F\u00edsica dos Materiais II<\/strong><\/p>\n<p>Carga hor\u00e1ria: 30<\/p>\n<p>Cr\u00e9ditos: 2<\/p>\n<p>Ementa:Esta disciplina comp\u00f5e-se de t\u00f3picos avan\u00e7ados na \u00e1rea de ci\u00eancia dos materiais, em \u00e1rea espec\u00edfica de interesse do estudante visando \u00e0 sua forma\u00e7\u00e3o. O programa da disciplina ser\u00e1 elaborado pelo orientador, utilizando bibliografia atualizada e espec\u00edfica ao assunto.<\/p>\n<p>&nbsp;<\/p>\n<p><strong>T\u00f3picos Especiais em F\u00edsica Te\u00f3rica I<\/strong><\/p>\n<p>Carga hor\u00e1ria: 30<\/p>\n<p>Cr\u00e9ditos: 2<\/p>\n<p>Ementa:Esta disciplina comp\u00f5e-se de t\u00f3picos avan\u00e7ados na \u00e1rea de f\u00edsica te\u00f3rica, em \u00e1rea espec\u00edfica de interesse do estudante visando \u00e0 sua forma\u00e7\u00e3o. O programa da disciplina ser\u00e1 elaborado pelo orientador, utilizando bibliografia atualizada e espec\u00edfica ao assunto.<\/p>\n<p>&nbsp;<\/p>\n<p><strong>T\u00f3picos Especiais em F\u00edsica Te\u00f3rica II<\/strong><\/p>\n<p>Carga hor\u00e1ria: 30<\/p>\n<p>Cr\u00e9ditos: 2<\/p>\n<p>Ementa:Esta disciplina comp\u00f5e-se de t\u00f3picos avan\u00e7ados na \u00e1rea de f\u00edsica te\u00f3rica, em \u00e1rea espec\u00edfica de interesse do estudante visando \u00e0 sua forma\u00e7\u00e3o. O programa da disciplina ser\u00e1 elaborado pelo orientador, utilizando bibliografia atualizada e espec\u00edfica ao assunto.<\/p>\n<p>&nbsp;<\/p>\n<p><strong>T\u00f3picos Especiais em Supercondutividade I<\/strong><\/p>\n<p>Carga hor\u00e1ria: 30<\/p>\n<p>Cr\u00e9ditos: 2<\/p>\n<p>Ementa:Esta disciplina comp\u00f5e-se de t\u00f3picos avan\u00e7ados na \u00e1rea de supercondutividade, em \u00e1rea espec\u00edfica de interesse do estudante visando \u00e0 sua forma\u00e7\u00e3o. O programa da disciplina ser\u00e1 elaborado pelo orientador, utilizando bibliografia atualizada e espec\u00edfica ao assunto.<\/p>\n<p>&nbsp;<\/p>\n<p><strong>T\u00f3picos Especiais em Supercondutividade II<\/strong><\/p>\n<p>Carga hor\u00e1ria: 30<\/p>\n<p>Cr\u00e9ditos: 2<\/p>\n<p>Ementa:Esta disciplina comp\u00f5e-se de t\u00f3picos avan\u00e7ados na \u00e1rea de supercondutividade, em \u00e1rea espec\u00edfica de interesse do estudante visando \u00e0 sua forma\u00e7\u00e3o. O programa da disciplina ser\u00e1 elaborado pelo orientador, utilizando bibliografia atualizada e espec\u00edfica ao assunto.<\/p>\n<p>&nbsp;<\/p>\n\t\t\t\t<\/div>\n\t\t\t<\/div>\n\t\t<\/div>\n\t\t<\/div>\n<\/div>\n<\/div><\/div><\/div><\/div><\/div><\/div>","protected":false},"excerpt":{"rendered":"<p>Disciplinas Obrigat\u00f3rias Eletromagnetismo I Carga hor\u00e1ria: 90 Cr\u00e9ditos: 6 Ementa:Introdu\u00e7\u00e3o \u00e0 eletrost\u00e1tica, M\u00e9todo de Imagens, Problemas de valor de fronteira na eletrost\u00e1tica, Multipolos, Eletrost\u00e1tica de meios macrosc\u00f3picos, diel\u00e9tricos. &nbsp; F\u00edsica Estat\u00edstica I Carga hor\u00e1ria: 90 Cr\u00e9ditos: 6 Ementa:Considera\u00e7\u00f5es gerais. Mec\u00e2nica estat\u00edstica cl\u00e1ssica. Mec\u00e2nica estat\u00edstica qu\u00e2ntica. Aplica\u00e7\u00f5es em gases e fluidos qu\u00e2nticos. &nbsp; Mec\u00e2nica Qu\u00e2ntica I&nbsp;&hellip;<\/p>\n","protected":false},"author":24,"featured_media":0,"parent":0,"menu_order":0,"comment_status":"closed","ping_status":"closed","template":"","meta":[],"_links":{"self":[{"href":"https:\/\/www2.uepg.br\/ppgfisica\/wp-json\/wp\/v2\/pages\/142"}],"collection":[{"href":"https:\/\/www2.uepg.br\/ppgfisica\/wp-json\/wp\/v2\/pages"}],"about":[{"href":"https:\/\/www2.uepg.br\/ppgfisica\/wp-json\/wp\/v2\/types\/page"}],"author":[{"embeddable":true,"href":"https:\/\/www2.uepg.br\/ppgfisica\/wp-json\/wp\/v2\/users\/24"}],"replies":[{"embeddable":true,"href":"https:\/\/www2.uepg.br\/ppgfisica\/wp-json\/wp\/v2\/comments?post=142"}],"version-history":[{"count":2,"href":"https:\/\/www2.uepg.br\/ppgfisica\/wp-json\/wp\/v2\/pages\/142\/revisions"}],"predecessor-version":[{"id":144,"href":"https:\/\/www2.uepg.br\/ppgfisica\/wp-json\/wp\/v2\/pages\/142\/revisions\/144"}],"wp:attachment":[{"href":"https:\/\/www2.uepg.br\/ppgfisica\/wp-json\/wp\/v2\/media?parent=142"}],"curies":[{"name":"wp","href":"https:\/\/api.w.org\/{rel}","templated":true}]}}