{"id":148,"date":"2020-10-29T11:01:02","date_gmt":"2020-10-29T14:01:02","guid":{"rendered":"http:\/\/www2.uepg.br\/ppgfisica\/?page_id=148"},"modified":"2024-10-05T14:33:56","modified_gmt":"2024-10-05T17:33:56","slug":"pos-doutorado","status":"publish","type":"page","link":"https:\/\/www2.uepg.br\/ppgfisica\/pos-doutorado\/","title":{"rendered":"P\u00f3s-doutorado"},"content":{"rendered":"<div class=\"discentes\">\n<h3><strong>Em andamento:<\/strong><\/h3>\n<p>&nbsp;<\/p>\n<\/div>\n<p>Dra. Adriane Consuelo Leal Auccaise<\/p>\n<p>Projeto: Estudo da teoria de relaxa\u00e7\u00e3o em diferentes sistemas de \u2018spins\u2019 e suas aplica\u00e7\u00f5es via resson\u00e2ncia magn\u00e9tica nuclear<br \/>\nSupervisor. Prof. Dr. Antonio S\u00e9rgio Magalh\u00e3es de Castro<br \/>\nIn\u00edcio: 10\/2024<\/p>\n<p>Dr. Jo\u00e3o Frederico Haas Leandro Monteiro<\/p>\n<p>Projeto: Evolu\u00e7\u00e3o t\u00e9rmica estrutural da superf\u00edcie de um a\u00e7o austen\u00edtico-ferr\u00edtico modificada por N-PIII<br \/>\nSupervisor: Prof. Dr. Gelson Biscaia de Souza<br \/>\nIn\u00edcio: 02\/2020<\/p>\n<p>Dr. Gefferson Luiz dos Santos<\/p>\n<div class=\"discentes\">\n<div>Projeto: Estudos\u00a0de modelos matem\u00e1ticos para o controle de epidemias<\/div>\n<div>Supervisor: Antonio Marcos Batista<\/div>\n<div>In\u00edcio: 11\/2019<\/div>\n<\/div>\n<p>Dr. Vagner dos Santos<\/p>\n<p>Projeto:\u00a0Forma\u00e7\u00e3o de estados quimera em redes complexas<br \/>\nSupervisor: Prof. Dr.\u00a0Jos\u00e9 Danilo Szezech Junior<br \/>\nIn\u00edcio: 09\/2019<\/p>\n<div class=\"discentes\"><\/div>\n<div class=\"discentes\">\n<div class=\"discentes\"><\/div>\n<div>\n<h3><strong>Conclu\u00eddos:<\/strong><\/h3>\n<div class=\"discentes\">\n<div>\n<div>\n<div class=\"discentes\">\n<div class=\"discentes\">\n<p>17- Dr. Matheus Hansen Francisco<\/p>\n<div class=\"discentes\">\n<div>Projeto:\u00a0Efeito de tempo de atraso e plasticidade em sincroniza\u00e7\u00e3o neuronal<\/div>\n<div>Supervisor: Antonio Marcos Batista<\/div>\n<div>In\u00edcio: 11\/2019<\/div>\n<div>T\u00e9rmino: 07\/2020<\/div>\n<\/div>\n<\/div>\n<\/div>\n<div><\/div>\n<div class=\"discentes\">\n<div class=\"discentes\">16- Dr. Andr\u00e9 Assmann<br \/>\nProjeto: Medidas de tens\u00f5es residuais por espectroscopia de fluoresc\u00eancia ao redor de indenta\u00e7\u00f5es em fun\u00e7\u00e3o da temperatura em comp\u00f3sitos de vidro soda-cal<br \/>\nSupervisor: Prof. Dr. Francisco Carlos Serbena<br \/>\nIn\u00edcio: 03\/2019<\/div>\n<div class=\"discentes\">T\u00e9rmino: 02\/2020<\/div>\n<div class=\"discentes\"><\/div>\n<div class=\"discentes\">\n<p>15- Dr. Diogo Ricardo da Costa<\/p>\n<div class=\"discentes\">\n<div>Projeto: Propriedades Din\u00e2micas de Sistemas N\u00e3o-lineares e um estudo sobre redes<\/div>\n<div>Supervisor: Antonio Marcos Batista<\/div>\n<div>In\u00edcio: 12\/2018<\/div>\n<div>T\u00e9rmino: 06\/2020<\/div>\n<\/div>\n<\/div>\n<p>14- Dr. Aloisi Somer<\/p>\n<p>Projeto: Verifica\u00e7\u00e3o do crit\u00e9rio de Neshpor para prote\u00e7\u00e3o bal\u00edstica em materiais vitrocer\u00e2micos<br \/>\nSupervisor: Prof. Dr. Francisco Carlos Serbena<br \/>\nIn\u00edcio: 08\/2019<br \/>\nT\u00e9rmino: 02\/2020<\/p>\n<p>13- Dr. Ivan Mathias<\/p>\n<p>Projeto: Propriedades Mec\u00e2nicas de Vitrocer\u00e2micas Selantes para C\u00e9lulas Combust\u00edveis e Testes de Fadiga<br \/>\nSupervisor: Prof. Dr. Francisco Carlos Serbena<br \/>\nIn\u00edcio: 02\/2019<br \/>\nT\u00e9rmino: 08\/2019<\/p>\n<p>12- Dr. Fabiano Ferrari<\/p>\n<p>Projeto: Investigations of possible fingerprints to distinguish healthy and unhealthy brain activities using a network\u00a0 of network model<br \/>\nSupervisor: Prof. Dr. Antonio Marcos Batista<br \/>\nIn\u00edcio: 03\/2018<br \/>\nT\u00e9rmino: 03\/2019<\/p>\n<p>11- Dra. Talita Rosas Ferreira<\/p>\n<p>Projeto: Propriedades Mec\u00e2nicas de Vitrocer\u00e2micas Selantes para C\u00e9lulas Combust\u00edveis e para Aplica\u00e7\u00f5es Dent\u00e1rias<br \/>\nSupervisor: Prof. Francisco Carlos Serbena<br \/>\nIn\u00edcio: 05\/2018<br \/>\nT\u00e9rmino: 02\/2019<\/p>\n<p>10- Dr. Laerte Andrade<\/p>\n<div>Projeto:\u00a0Asterosismologia: Sondando o Interior das Estrelas<\/div>\n<div>Supervisor:\u00a0Marcelo Em\u00edlio<\/div>\n<div>Ano in\u00edcio:\u00a02014<\/div>\n<\/div>\n<div>Ano t\u00e9rmino: 2018<\/div>\n<div><\/div>\n<\/div>\n<div id=\"disciplina\">9- Dr. Robson Conrado Bonetti<\/div>\n<div>Projeto: Efeitos da Plasticidade em Rede Integra e Dispara com Adapta\u00e7\u00e3o Exponencial<\/div>\n<div>Supervisor:\u00a0Antonio Marcos Batista<\/div>\n<div>Ano in\u00edcio:\u00a02016<\/div>\n<div>Ano t\u00e9rmino: 2018<\/div>\n<\/div>\n<div><\/div>\n<p>8- Dr. Rafael Ribaski Borges<br \/>\nProjeto:\u00a0Sincroniza\u00e7\u00e3o em redes neuronais com plasticidade nas sinapses excitat\u00f3rias e inibit\u00f3rias.<br \/>\nSupervisor:\u00a0Antonio Marcos Batista<br \/>\nAno in\u00edcio:\u00a02016<br \/>\nAno t\u00e9rmino: 2018<\/p>\n<\/div>\n<div><\/div>\n<p>7- Dr. Luiz Val\u00e9rio Prandel<\/p>\n<p>Projeto: Correla\u00e7\u00e3o de an\u00e1lises elementares, mineral\u00f3gicas e coeficientes de atenua\u00e7\u00e3o de raios \u03b3 de solos coesos e de suas fra\u00e7\u00f5es granulom\u00e9tricas por meio de estat\u00edstica multivariada.<br \/>\nSupervisor: Andr\u00e9 Maur\u00edcio Brinatti<br \/>\nAno in\u00edcio: 2017<br \/>\nAno t\u00e9rmino: 2018<\/p>\n<div><\/div>\n<div>\n<div id=\"disciplina\">6- Dra. Jaqueline Aparecida Ribaski Borges<\/div>\n<p>Projeto:\u00a0Microtomografia de raios X na caracteriza\u00e7\u00e3o do espa\u00e7o poroso de um Latossolo Vermelho distr\u00f3fico submetido a diferentes sistemas de manejo.<br \/>\nSupervisor:\u00a0Luiz Fernando Pires<br \/>\nAno in\u00edcio:\u00a02015<br \/>\nAno t\u00e9rmino: 2016<\/p>\n<div><\/div>\n<\/div>\n<div>\n<div>5- Dr. Robson Conrado Bonetti<\/div>\n<div>Projeto:\u00a0Plasticidade sin\u00e1ptica em rede neuronal<\/div>\n<div>Supervisor:\u00a0Antonio Marcos Batista<\/div>\n<div>Ano in\u00edcio:\u00a02015<\/div>\n<div>Ano t\u00e9rmino: 2016<\/div>\n<\/div>\n<div><\/div>\n<div id=\"disciplina\">4- Dra. Karen Cristina Laurenti<\/div>\n<div>Projeto: Refor\u00e7o e tens\u00f5es para c\u00e9lulas de combust\u00edvel de \u00f3xido s\u00f3lido.<\/div>\n<div>Supervisor: Francisco Carlos Serbena<\/div>\n<div>Ano in\u00edcio: 2015<\/div>\n<div>Ano de t\u00e9rmino: 2016<\/div>\n<\/div>\n<div><\/div>\n<div>\n<div>3- Dr. Maur\u00edcio Aparecido Ribeiro<\/div>\n<div>Projeto: Processos difusivos an\u00f4malos: Desenvolvimentos formais e num\u00e9ricos<\/div>\n<div>Supervisor: Ervin Kaminski Lenzi<\/div>\n<div>Ano in\u00edcio: 2017<\/div>\n<div>Ano t\u00e9rmino: 2018<\/div>\n<\/div>\n<div>\n<div><\/div>\n<div id=\"disciplina\">2- Dr. Leonardo Sant\u2019Ana Gallo<\/div>\n<div>Projeto:\u00a0Tenacidade \u00e0 Fratura\u00a0de Selantes Vitrocer\u00e2micas para C\u00e9lulas Combust\u00edveis.<\/div>\n<div>Supervisor:\u00a0Francisco Carlos Serbena<\/div>\n<div>Ano in\u00edcio:\u00a02016<\/div>\n<div>Ano t\u00e9rmino: 2018<\/div>\n<\/div>\n<div><\/div>\n<div>1- Dr. Raphael Menechini Neto<\/div>\n<div>Supervisor: Ervin Kaminski Lenzi<\/div>\n<div>Ano in\u00edcio: 2015<\/div>\n<div>Ano t\u00e9rmino: 2016<\/div>\n<\/div>\n","protected":false},"excerpt":{"rendered":"<p>Em andamento: &nbsp; Dra. Adriane Consuelo Leal Auccaise Projeto: Estudo da teoria de relaxa\u00e7\u00e3o em diferentes sistemas de \u2018spins\u2019 e suas aplica\u00e7\u00f5es via resson\u00e2ncia magn\u00e9tica nuclear Supervisor. Prof. Dr. Antonio S\u00e9rgio Magalh\u00e3es de Castro In\u00edcio: 10\/2024 Dr. Jo\u00e3o Frederico Haas Leandro Monteiro Projeto: Evolu\u00e7\u00e3o t\u00e9rmica estrutural da superf\u00edcie de um a\u00e7o austen\u00edtico-ferr\u00edtico modificada por N-PIII&nbsp;&hellip;<\/p>\n","protected":false},"author":24,"featured_media":0,"parent":0,"menu_order":0,"comment_status":"closed","ping_status":"closed","template":"","meta":[],"_links":{"self":[{"href":"https:\/\/www2.uepg.br\/ppgfisica\/wp-json\/wp\/v2\/pages\/148"}],"collection":[{"href":"https:\/\/www2.uepg.br\/ppgfisica\/wp-json\/wp\/v2\/pages"}],"about":[{"href":"https:\/\/www2.uepg.br\/ppgfisica\/wp-json\/wp\/v2\/types\/page"}],"author":[{"embeddable":true,"href":"https:\/\/www2.uepg.br\/ppgfisica\/wp-json\/wp\/v2\/users\/24"}],"replies":[{"embeddable":true,"href":"https:\/\/www2.uepg.br\/ppgfisica\/wp-json\/wp\/v2\/comments?post=148"}],"version-history":[{"count":4,"href":"https:\/\/www2.uepg.br\/ppgfisica\/wp-json\/wp\/v2\/pages\/148\/revisions"}],"predecessor-version":[{"id":950,"href":"https:\/\/www2.uepg.br\/ppgfisica\/wp-json\/wp\/v2\/pages\/148\/revisions\/950"}],"wp:attachment":[{"href":"https:\/\/www2.uepg.br\/ppgfisica\/wp-json\/wp\/v2\/media?parent=148"}],"curies":[{"name":"wp","href":"https:\/\/api.w.org\/{rel}","templated":true}]}}