{"id":161,"date":"2020-10-30T09:14:05","date_gmt":"2020-10-30T12:14:05","guid":{"rendered":"http:\/\/www2.uepg.br\/ppgfisica\/?page_id=161"},"modified":"2024-10-05T15:26:31","modified_gmt":"2024-10-05T18:26:31","slug":"coordenacao","status":"publish","type":"page","link":"https:\/\/www2.uepg.br\/ppgfisica\/coordenacao\/","title":{"rendered":"Coordena\u00e7\u00e3o"},"content":{"rendered":"<p style=\"text-align: center\"><span style=\"color: #000000\"><strong>Coordenador<\/strong><\/span><\/p>\n<p style=\"text-align: center\"><span style=\"color: #000000\">Prof. Dr. Ant\u00f4nio Marcos Batista<\/span><\/p>\n<p>&nbsp;<\/p>\n<p style=\"text-align: center\"><span style=\"color: #000000\"><b>Vice Coordenador<\/b><\/span><\/p>\n<p style=\"text-align: center\"><span style=\"color: #000000\">Prof. Dr. Antonio S\u00e9rgio Magalh\u00e3es de Castro<\/span><\/p>\n<p>&nbsp;<\/p>\n<p style=\"text-align: center\"><span style=\"color: #000000\"><strong>Membro Docente do colegiado<\/strong><\/span><\/p>\n<p style=\"text-align: center\"><span style=\"color: #000000\">Profa. Dra. Andressa Novatski<\/span><\/p>\n<p style=\"text-align: center\"><span style=\"color: #000000\">Prof. Dr. Fabiano Manoel de Andrade<\/span><\/p>\n<p style=\"text-align: center\"><span style=\"color: #000000\">Prof. Dr Francisco Carlos Serbena<\/span><\/p>\n<p style=\"text-align: center\"><span style=\"color: #000000\">Prof. Dr. S\u00e9rgio da Costa Saab<\/span><\/p>\n<p>&nbsp;<\/p>\n<p style=\"text-align: center\"><span style=\"color: #000000\"><strong>Membros Discentes do colegiado<\/strong><\/span><\/p>\n<p style=\"text-align: center\"><span style=\"color: #000000\">Msc.\u00a0 Lucas Eduardo Bentivoglio (Doutorado)<\/span><\/p>\n<p style=\"text-align: center\"><span style=\"color: #000000\">Guilherme Teixeira Santos (Mestrado)<\/span><\/p>\n<div><\/div>\n<div><\/div>\n<div style=\"text-align: center\"><span style=\"color: #000000\"><strong>Representante Docente junto \u00e0 CPG<\/strong><\/span><\/div>\n<div><\/div>\n<div style=\"text-align: center\"><span style=\"color: #000000\">Prof. Dr. Ant\u00f4nio Marcos Batista<\/span><\/div>\n","protected":false},"excerpt":{"rendered":"<p>Coordenador Prof. Dr. Ant\u00f4nio Marcos Batista &nbsp; Vice Coordenador Prof. Dr. Antonio S\u00e9rgio Magalh\u00e3es de Castro &nbsp; Membro Docente do colegiado Profa. Dra. Andressa Novatski Prof. Dr. Fabiano Manoel de Andrade Prof. Dr Francisco Carlos Serbena Prof. Dr. S\u00e9rgio da Costa Saab &nbsp; Membros Discentes do colegiado Msc.\u00a0 Lucas Eduardo Bentivoglio (Doutorado) Guilherme Teixeira Santos&nbsp;&hellip;<\/p>\n","protected":false},"author":24,"featured_media":259,"parent":0,"menu_order":0,"comment_status":"closed","ping_status":"closed","template":"","meta":[],"_links":{"self":[{"href":"https:\/\/www2.uepg.br\/ppgfisica\/wp-json\/wp\/v2\/pages\/161"}],"collection":[{"href":"https:\/\/www2.uepg.br\/ppgfisica\/wp-json\/wp\/v2\/pages"}],"about":[{"href":"https:\/\/www2.uepg.br\/ppgfisica\/wp-json\/wp\/v2\/types\/page"}],"author":[{"embeddable":true,"href":"https:\/\/www2.uepg.br\/ppgfisica\/wp-json\/wp\/v2\/users\/24"}],"replies":[{"embeddable":true,"href":"https:\/\/www2.uepg.br\/ppgfisica\/wp-json\/wp\/v2\/comments?post=161"}],"version-history":[{"count":25,"href":"https:\/\/www2.uepg.br\/ppgfisica\/wp-json\/wp\/v2\/pages\/161\/revisions"}],"predecessor-version":[{"id":985,"href":"https:\/\/www2.uepg.br\/ppgfisica\/wp-json\/wp\/v2\/pages\/161\/revisions\/985"}],"wp:featuredmedia":[{"embeddable":true,"href":"https:\/\/www2.uepg.br\/ppgfisica\/wp-json\/wp\/v2\/media\/259"}],"wp:attachment":[{"href":"https:\/\/www2.uepg.br\/ppgfisica\/wp-json\/wp\/v2\/media?parent=161"}],"curies":[{"name":"wp","href":"https:\/\/api.w.org\/{rel}","templated":true}]}}