{"id":164,"date":"2020-10-30T09:15:26","date_gmt":"2020-10-30T12:15:26","guid":{"rendered":"http:\/\/www2.uepg.br\/ppgfisica\/?page_id=164"},"modified":"2020-11-04T11:26:07","modified_gmt":"2020-11-04T14:26:07","slug":"historico","status":"publish","type":"page","link":"https:\/\/www2.uepg.br\/ppgfisica\/historico\/","title":{"rendered":"Hist\u00f3rico"},"content":{"rendered":"<p>A Universidade Estadual de Ponta Grossa (UEPG), localizada no estado do Paran\u00e1, foi criada pela Lei Estadual n\u00ba 6.034 de 06\/11\/1969 e pelo Decreto n\u00ba 18.111 de 28\/01\/1970 e surgiu da incorpora\u00e7\u00e3o das ent\u00e3o Faculdades Estaduais que funcionavam isoladamente. No ato da cria\u00e7\u00e3o da Universidade, a Faculdade Estadual de Filosofia, Ci\u00eancias e Letras de Ponta Grossa, a Faculdade Estadual de Farm\u00e1cia e Bioqu\u00edmica de Ponta Grossa, Faculdade Estadual de Odontologia de Ponta Grossa, Faculdade Estadual de Direito de Ponta Grossa e Faculdade Estadual de Ci\u00eancias Econ\u00f4micas e Administra\u00e7\u00e3o de Ponta Grossa tiveram suas personalidades jur\u00eddicas extintas sob o regime de Funda\u00e7\u00e3o de Direito P\u00fablico. E no ano de 1991, a UEPG tornava-se uma autarquia pela lei estadual n\u00ba 9663\/91.<\/p>\n<p>Definida a organiza\u00e7\u00e3o jur\u00eddica, a universidade expandiu-se e hoje a UEPG oferta 39 cursos de gradua\u00e7\u00e3o, sendo 25 destes em dois campi na cidade, o Central e o de Uvaranas, onde se localiza tamb\u00e9m a Reitoria, e 14 cursos em seus 6 campi avan\u00e7ados. \u00c9 importante ressaltar que nossa institui\u00e7\u00e3o tem atualmente cerca de 900 professores, 1.000 funcion\u00e1rios e 9.000 alunos. S\u00e3o ofertados 10 cursos de p\u00f3s-gradua\u00e7\u00e3o \u201cstrictu-sensu\u201d a nivel de Mestrado, todos credenciados pela CAPES: F\u00edsica, Qu\u00edmica Aplicada, Agronomia, Educa\u00e7\u00e3o, Ci\u00eancia e Tecnologia de Alimentos, Biologia Evolutiva, Geografia em Gest\u00e3o de Territ\u00f3rio, Ci\u00eancias Sociais Aplicadas, Engenharia e Ci\u00eancia dos Materiais e Odontologia. Na p\u00f3s-gradua\u00e7\u00e3o h\u00e1 tamb\u00e9m v\u00e1rios cursos de Especializa\u00e7\u00e3o e Aperfei\u00e7oamento, ofertados anualmente pela institui\u00e7\u00e3o, em diferentes \u00e1reas do conhecimento.<\/p>\n<p>O Departamento de F\u00edsica \u2013 DEFIS \u2013 foi criado atrav\u00e9s da Portaria CA n\u00ba 117 de 21\/08\/87, a partir do desmembramento do Departamento de Matem\u00e1tica e F\u00edsica. Atualmente, o quadro docente do DEFIS \u00e9 composto por 26 professores, sendo 23 doutores (7 com p\u00f3s-doutorado e 2 dois com p\u00f3s-doutorado em andamento), um mestre e mais dois professores colaboradores com contratos tempor\u00e1rios e que normalmente possuem a titula\u00e7\u00e3o de mestre. Tamb\u00e9m, contamos em nossa institui\u00e7\u00e3o com mais 6 doutores\/p\u00f3s-doutores em F\u00edsica, lotados em outros departamentos, que contribuem para o nosso programa de mestrado.<\/p>\n<p>Sob responsabilidade direta do DEFIS temos hoje o curso noturno de Licenciatura em F\u00edsica, que teve sua primeira turma ingressante no ano de 1990, e o curso integral de Bacharelado em F\u00edsica, que iniciou suas atividades no ano seguinte, em 1991. Ambos s\u00e3o reconhecidos pelo Governo Federal atrav\u00e9s da portaria MEC n\u00ba 1022, de 21 de agosto de 1995 e ambos est\u00e3o adaptados \u00e0s novas exig\u00eancias das diretrizes fornecidas pelo MEC. Seguindo a regra em vigor desde 1\u00ba de janeiro de 2005, o acad\u00eamico para completar o curr\u00edculo pleno de Licenciatura em F\u00edsica deve perfazer um total m\u00ednimo de 2.920 (duas mil novecentas e vinte) horas, sendo 2.040 (duas mil e quarenta) horas-aula em disciplinas de Forma\u00e7\u00e3o B\u00e1sica Geral, 544 (quinhentas e quarenta e quatro) horas-aula em disciplinas de Forma\u00e7\u00e3o Espec\u00edfica Profissional, 136 (cento e trinta e seis) horas-aula em disciplinas de Diversifica\u00e7\u00e3o ou Aprofundamento e 200 (duzentas) horas de Atividades Complementares, distribu\u00eddas em, no m\u00ednimo, 04 (quatro) anos e, no m\u00e1ximo, 07 (sete) anos letivos. J\u00e1 para a obten\u00e7\u00e3o do t\u00edtulo de Bacharel em F\u00edsica o acad\u00eamico dever\u00e1 cumprir com um total m\u00ednimo de 2.954 (duas mil novecentas e cinq\u00fcenta e quatro) horas, sendo 1.292 (mil duzentas e noventa e duas) horas-aula em disciplinas de Forma\u00e7\u00e3o B\u00e1sica Geral, 986 (novecentas e oitenta e seis) horas em disciplinas de Forma\u00e7\u00e3o Espec\u00edfica Profissional, 476 (quatrocentas e setenta e seis) horas em disciplinas de Diversifica\u00e7\u00e3o ou Aprofundamento e 200 (duzentas) horas em Atividades Complementares, distribu\u00eddas em, no m\u00ednimo, 04 (quatro) anos e, no m\u00e1ximo, 07(sete) anos letivos. Para o acad\u00eamico do bacharelado, o curr\u00edculo prev\u00ea a elabora\u00e7\u00e3o de um trabalho de conclus\u00e3o de curso sob a forma de monografia e sob a supervis\u00e3o de um docente. Esse trabalho \u00e9 obrigatoriamente apresentado a uma banca examinadora composta por tr\u00eas professores e seguindo regulamento espec\u00edfico aprovado pela Institui\u00e7\u00e3o. Pode-se dizer que muitos destes trabalhos est\u00e3o diretamente vinculados a programas de inicia\u00e7\u00e3o cient\u00edfica realizados nos grupos de pesquisa existentes no DEFIS\/UEPG.<\/p>\n<p>Na gradua\u00e7\u00e3o, o Curso de Bacharelado em F\u00edsica possui, aproximadamente, 100 alunos regularmente matriculados e o Curso de Licenciatura em F\u00edsica, cerca de 130 alunos, dos quais aproximadamente 35 participam de atividades de pesquisa em programas de inicia\u00e7\u00e3o cient\u00edfica regular PIBIC\/CNPq\/UEPG e volunt\u00e1rio da institui\u00e7\u00e3o, todos devidamente registrados junto \u00e0 Pr\u00f3-Reitoria de Pesquisa e P\u00f3s-Gradua\u00e7\u00e3o. Nos anos anteriores \u00e0 implanta\u00e7\u00e3o do programa de Mestrado em Ci\u00eancias\/F\u00edsica, muitos de nossos alunos ingressavam em cursos de p\u00f3s-gradua\u00e7\u00e3o de outras Institui\u00e7\u00f5es do pa\u00eds que possu\u00edam a mesma \u00e1rea de pesquisa do DEFIS. Atualmente, este ingresso em outras Institui\u00e7\u00f5es do pa\u00eds continua acontecendo, mas j\u00e1 percebe-se a op\u00e7\u00e3o pelo ingresso em nosso pr\u00f3prio programa de mestrado. Salientamos que os alunos oriundos das primeiras turmas dos Cursos de Licenciatura e de Bacharelado em F\u00edsica da UEPG, que j\u00e1 s\u00e3o mestres e doutores, est\u00e3o atuando no mercado de trabalho. Tamb\u00e9m, na gradua\u00e7\u00e3o, o DEFIS atende anualmente aos cursos das \u00e1reas de engenharia (Civil, Materiais, Alimentos, Computa\u00e7\u00e3o e Agronomia), Matem\u00e1tica, Qu\u00edmica, Biologia, e Farm\u00e1cia e Bioqu\u00edmica, totalizando atividades de aproximadamente 380 horas\/semanais e com cerca de 900 alunos.<\/p>\n<p>Desde o seu nascimento, o DEFIS tamb\u00e9m atuou fortemente na extens\u00e3o universit\u00e1ria. A populariza\u00e7\u00e3o e divulga\u00e7\u00e3o da ci\u00eancia s\u00e3o feitas desde 1993 com a cria\u00e7\u00e3o da Primeira Semana de F\u00edsica que teve suas palestras e atividades voltadas para a comunidade. De l\u00e1 para c\u00e1, \u00e9 mantida a tradi\u00e7\u00e3o de anualmente se realizar este importante evento cient\u00edfico, com o apoio de ag\u00eancias de fomento. Nesse per\u00edodo, trabalhamos tamb\u00e9m com cursos de forma\u00e7\u00e3o e qualifica\u00e7\u00e3o docente, tanto universit\u00e1rio como do ensino m\u00e9dio. Na \u00e1rea de divulga\u00e7\u00e3o, realizamos feiras interativas nos shopping da cidade, eventos que atenderam a mais de 15.000 pessoas da comunidade em geral. Desde de 1999, o DEFIS mant\u00e9m o Projeto de Extens\u00e3o F\u00edsica da Universidade \u00e0 Comunidade, com v\u00e1rias atividades voltadas para alunos da gradua\u00e7\u00e3o, alunos e professores do ensino m\u00e9dio, e comunidade em geral. Em fun\u00e7\u00e3o desse Projeto de Extens\u00e3o, fomos convidados no ano de 2005 pelo Governo do Estado de Paran\u00e1 a participar do programa Paran\u00e1 em A\u00e7\u00e3o, levando experimentos interativos e de demonstra\u00e7\u00e3o de fen\u00f4menos f\u00edsicos observados no dia-a-dia a mais de 140.000 pessoas das regi\u00f5es de abrang\u00eancia das cidades de Ibaiti, Paranagu\u00e1, Ponta Grossa, Apucarana, Cruzeiro do Oeste, Paranava\u00ed, Laranjeiras do Sul, Guarapuava, Palmas, Pato Branco, Assa\u00ed, Toledo, Palotina, Medianeira, Foz do Igua\u00e7u, Maring\u00e1, Guaratuba, Camb\u00e9, Assis Chateaubriand, Cascavel, Goioer\u00ea, Campo Mour\u00e3o, Matel\u00e2ndia, Castro, Guaira, Londrina, Francisco Beltr\u00e3o, Guaraque\u00e7aba, Cianorte e Curitiba. Some-se a estas atividades extensionistas o projeto de extens\u00e3o \u201cCria\u00e7\u00e3o de Clubes de Ci\u00eancias\u201d aprovado pela Funda\u00e7\u00e3o Arauc\u00e1ria no Programa Universidade Sem Fronteiras. Este projeto se prop\u00f5e a criar Clubes de Ci\u00eancias a partir de escolas p\u00fablicas de educa\u00e7\u00e3o b\u00e1sica, nas cidades de Ipiranga, Teixeira Soares e Imbituva no Paran\u00e1. Estes clubes funcionam como um ambiente n\u00e3o formal de ensino e aprendizagem em ci\u00eancias. As atividades do Clube s\u00e3o desenvolvidas em contra turno, com participa\u00e7\u00e3o de alunos do ensino b\u00e1sico, orientados por acad\u00eamicos de Licenciatura da UEPG, coordenados por professores do departamento de F\u00edsica.<\/p>\n<p>J\u00e1 na terceira vertente universit\u00e1ria, a pesquisa, o DEFIS iniciou suas atividades no ano de 1992. Em 1995 isto se concretizou mais efetivamente, com o retorno de alguns professores que haviam se afastado das atividades did\u00e1ticas para cumprirem seus programas de doutoramento. Deste per\u00edodo em diante, o departamento avan\u00e7ou na consolida\u00e7\u00e3o de tr\u00eas linhas de pesquisa: F\u00edsica de Materiais, F\u00edsica Ambiental e F\u00edsica Te\u00f3rica. Ao longo deste tempo, os professores aprovaram e\/ou participaram de v\u00e1rios projetos aprovados em ag\u00eancia de fomento cient\u00edficas nacionais e internacionais. Por\u00e9m, um grande apoio aos grupos de pesquisa veio com a cria\u00e7\u00e3o do programa de mestrado em Ci\u00eancias\/F\u00edsica no ano de 2002. Isto permitiu ao DEFIS n\u00e3o somente dar manuten\u00e7\u00e3o \u00e0 estrutura que vinha sendo constru\u00edda, como tamb\u00e9m permitiu buscar a amplia\u00e7\u00e3o da mesma. Novos espa\u00e7os f\u00edsicos foram implementados e projetos individuais e institucionais e interinstitucionais foram aprovados. Tamb\u00e9m, com rela\u00e7\u00e3o aos recursos humanos, a cria\u00e7\u00e3o do programa possibilitou a contrata\u00e7\u00e3o de novos docentes\/pesquisadores efetivos, expandindo e refor\u00e7ando o quadro docente do DEFIS. Atualmente, o DEFIS mant\u00e9m sob sua responsabilidade o curso de mestrado em Ci\u00eancias\/F\u00edsica, e mant\u00e9m v\u00e1rios professores do departamento (sendo 1 do programa de Mestrado em Ci\u00eancias\/F\u00edsica) atuando no Mestrado de Qu\u00edmica Aplicada.<\/p>\n<p>Nosso programa de Mestrado em Ci\u00eancias\/F\u00edsica iniciou-se ap\u00f3s a sua aprova\u00e7\u00e3o em 2002. Desde ent\u00e3o, foram defendidas 16 disserta\u00e7\u00f5es e est\u00e3o em curso 14 outras orienta\u00e7\u00f5es. Neste ano de 2008, 20 candidatos solicitaram o ingresso no programa de p\u00f3s-gradua\u00e7\u00e3o. Esse n\u00famero de alunos ingressantes tem se mantido aproximadamente constante ao longo de anos anteriores. Al\u00e9m dos alunos formados nos Cursos de Licenciatura e Bacharelado em F\u00edsica da UEPG, alunos formados em outras institui\u00e7\u00f5es t\u00eam procurado tamb\u00e9m nosso programa. \u00c9 importante salientar neste momento que o n\u00famero de alunos ingressantes em nosso programa est\u00e1 aumentando a cada ano, assim como o n\u00famero de disserta\u00e7\u00f5es defendidas. Tamb\u00e9m, o tempo m\u00e9dio de titula\u00e7\u00e3o est\u00e1 melhorando e aproximando-se do ideal. Assim como a cria\u00e7\u00e3o do curso de Mestrado aumentou a produ\u00e7\u00e3o cient\u00edfica do departamento e tem possibilitado forma\u00e7\u00e3o de recursos humanos em alto n\u00edvel, espera-se que com a institui\u00e7\u00e3o do curso de Doutorado este processo se dinamize ainda mais. O curso de Doutorado, constiui-se em um fato de extrema import\u00e2ncia para o Departamento de F\u00edsica, para a Universidade Estadual de Ponta Grossa e para a regi\u00e3o dos Campos Gerais, pois colocar\u00e1 os n\u00edveis de pesquisa e forma\u00e7\u00e3o de recursos humanos em patamar bem mais elevado que o atual, o que propiciar\u00e1 a perspectiva de uma intera\u00e7\u00e3o maior ainda com o setor produtivo regional.<\/p>\n<p>Conforme apontado, o projeto de Doutorado segue de uma evolu\u00e7\u00e3o natural e consistente do DEFIS e da pr\u00f3pria UEPG. Ressalta-se que o curso de Doutorado em F\u00edsica \u00e9, primordialmente, o resultado de um aprimoramento em pesquisa e ensino dos docentes que comp\u00f5em o quadro de participantes. Nessa perspectiva, seria importante salientar que tal programa de Doutorado agrega apenas os pesquisadores mais produtivos e com experi\u00eancia de orienta\u00e7\u00e3o nos programas de mestrado nos quais j\u00e1 fazem parte.<\/p>\n<\/div>\n<\/div>\n<\/div>\n<\/div>\n","protected":false},"excerpt":{"rendered":"<p>A Universidade Estadual de Ponta Grossa (UEPG), localizada no estado do Paran\u00e1, foi criada pela Lei Estadual n\u00ba 6.034 de 06\/11\/1969 e pelo Decreto n\u00ba 18.111 de 28\/01\/1970 e surgiu da incorpora\u00e7\u00e3o das ent\u00e3o Faculdades Estaduais que funcionavam isoladamente. No ato da cria\u00e7\u00e3o da Universidade, a Faculdade Estadual de Filosofia, Ci\u00eancias e Letras de Ponta&nbsp;&hellip;<\/p>\n","protected":false},"author":24,"featured_media":0,"parent":0,"menu_order":0,"comment_status":"closed","ping_status":"closed","template":"","meta":[],"_links":{"self":[{"href":"https:\/\/www2.uepg.br\/ppgfisica\/wp-json\/wp\/v2\/pages\/164"}],"collection":[{"href":"https:\/\/www2.uepg.br\/ppgfisica\/wp-json\/wp\/v2\/pages"}],"about":[{"href":"https:\/\/www2.uepg.br\/ppgfisica\/wp-json\/wp\/v2\/types\/page"}],"author":[{"embeddable":true,"href":"https:\/\/www2.uepg.br\/ppgfisica\/wp-json\/wp\/v2\/users\/24"}],"replies":[{"embeddable":true,"href":"https:\/\/www2.uepg.br\/ppgfisica\/wp-json\/wp\/v2\/comments?post=164"}],"version-history":[{"count":2,"href":"https:\/\/www2.uepg.br\/ppgfisica\/wp-json\/wp\/v2\/pages\/164\/revisions"}],"predecessor-version":[{"id":239,"href":"https:\/\/www2.uepg.br\/ppgfisica\/wp-json\/wp\/v2\/pages\/164\/revisions\/239"}],"wp:attachment":[{"href":"https:\/\/www2.uepg.br\/ppgfisica\/wp-json\/wp\/v2\/media?parent=164"}],"curies":[{"name":"wp","href":"https:\/\/api.w.org\/{rel}","templated":true}]}}