{"id":166,"date":"2020-10-30T09:16:48","date_gmt":"2020-10-30T12:16:48","guid":{"rendered":"http:\/\/www2.uepg.br\/ppgfisica\/?page_id=166"},"modified":"2025-04-22T16:01:26","modified_gmt":"2025-04-22T19:01:26","slug":"linhas-de-pesquisa","status":"publish","type":"page","link":"https:\/\/www2.uepg.br\/ppgfisica\/linhas-de-pesquisa\/","title":{"rendered":"Linhas de Pesquisa"},"content":{"rendered":"<h4 class=\"area\" style=\"text-align: center\"><strong>F\u00edsica Te\u00f3rica<\/strong><\/h4>\n<div><\/div>\n<div class=\"area\" style=\"text-align: center\"><a title=\"Grupo de Din\u00e2mica N\u00e3o-Linear e Sistemas Complexos \/DEFIS \/DEMAT\" href=\"https:\/\/www.105groupscience.com\" target=\"_blank\" rel=\"noopener noreferrer\">Grupo de Din\u00e2mica N\u00e3o-Linear e Sistemas Complexos \/DEFIS \/DEMAT<\/a><\/div>\n<div class=\"area\" style=\"text-align: center\"><a title=\"Grupo de F\u00edsica Qu\u00e2ntica e Informa\u00e7\u00e3o Qu\u00e2ntica\" href=\"http:\/\/dgp.cnpq.br\/dgp\/espelhogrupo\/38419\" target=\"_BLANK\" rel=\"noopener noreferrer\">Grupo de F\u00edsica Qu\u00e2ntica e Informa\u00e7\u00e3o Qu\u00e2ntica\u00a0<\/a><a title=\"F\u00edsica e Astrometria solar\" href=\"http:\/\/dgp.cnpq.br\/dgp\/espelhogrupo\/43030\" target=\"_BLANK\" rel=\"noopener noreferrer\">F\u00edsica e Astrometria solar<\/a><\/div>\n<div class=\"area\" style=\"text-align: center\"><a href=\"http:\/\/dgp.cnpq.br\/dgp\/espelhogrupo\/261664\">Grupo de F\u00edsica Estat\u00edstica e Termodin\u00e2mica<\/a><\/div>\n<div><\/div>\n<h4><\/h4>\n<h4 class=\"area\" style=\"text-align: center\"><strong>F\u00edsica dos Materiais<\/strong><\/h4>\n<div><\/div>\n<div class=\"area\" style=\"text-align: center\"><a href=\"http:\/\/dgp.cnpq.br\/dgp\/espelhogrupo\/6870284032026488\">Grupo de Propriedades Eletr\u00f4nicas e Vibracionais em Materiais\u00a0\/DEFIS<\/a><\/div>\n<div class=\"area\" style=\"text-align: center\"><a title=\"Grupo de Propriedades Mec\u00e2nicas e de Superf\u00edcies \/DEFIS\" href=\"http:\/\/dgp.cnpq.br\/dgp\/espelhogrupo\/22712\" target=\"_blank\" rel=\"noopener noreferrer\">Grupo de Propriedades Mec\u00e2nicas e de Superf\u00edcies \/DEFIS<\/a>\u00a0\u2013<\/div>\n<div class=\"area\" style=\"text-align: center\"><a title=\"Grupo de Fen\u00f4menos Fotot\u00e9rmicos em Fluidos Complexos \/DEFIS\" href=\"http:\/\/dgp.cnpq.br\/dgp\/espelhogrupo\/31162\" target=\"_blank\" rel=\"noopener noreferrer\">Grupo de Fen\u00f4menos Fotot\u00e9rmicos em Fluidos Complexos \/DEFIS<\/a><\/div>\n<div><\/div>\n<h4><\/h4>\n<h4 class=\"area\" style=\"text-align: center\"><strong>F\u00edsica Ambiental<\/strong><\/h4>\n<div><\/div>\n<div class=\"area\" style=\"text-align: center\"><a title=\"Grupo de F\u00edsica Aplicada a Solos e Ci\u00eancias Ambientais \/DEFIS\" href=\"http:\/\/www2.uepg.br\/fasca\">Grupo de F\u00edsica Aplicada a Solos e Ci\u00eancias Ambientais \/DEFIS<\/a><\/div>\n","protected":false},"excerpt":{"rendered":"<p>F\u00edsica Te\u00f3rica Grupo de Din\u00e2mica N\u00e3o-Linear e Sistemas Complexos \/DEFIS \/DEMAT Grupo de F\u00edsica Qu\u00e2ntica e Informa\u00e7\u00e3o Qu\u00e2ntica\u00a0F\u00edsica e Astrometria solar Grupo de F\u00edsica Estat\u00edstica e Termodin\u00e2mica F\u00edsica dos Materiais Grupo de Propriedades Eletr\u00f4nicas e Vibracionais em Materiais\u00a0\/DEFIS Grupo de Propriedades Mec\u00e2nicas e de Superf\u00edcies \/DEFIS\u00a0\u2013 Grupo de Fen\u00f4menos Fotot\u00e9rmicos em Fluidos Complexos \/DEFIS F\u00edsica&nbsp;&hellip;<\/p>\n","protected":false},"author":24,"featured_media":0,"parent":0,"menu_order":0,"comment_status":"closed","ping_status":"closed","template":"","meta":[],"_links":{"self":[{"href":"https:\/\/www2.uepg.br\/ppgfisica\/wp-json\/wp\/v2\/pages\/166"}],"collection":[{"href":"https:\/\/www2.uepg.br\/ppgfisica\/wp-json\/wp\/v2\/pages"}],"about":[{"href":"https:\/\/www2.uepg.br\/ppgfisica\/wp-json\/wp\/v2\/types\/page"}],"author":[{"embeddable":true,"href":"https:\/\/www2.uepg.br\/ppgfisica\/wp-json\/wp\/v2\/users\/24"}],"replies":[{"embeddable":true,"href":"https:\/\/www2.uepg.br\/ppgfisica\/wp-json\/wp\/v2\/comments?post=166"}],"version-history":[{"count":6,"href":"https:\/\/www2.uepg.br\/ppgfisica\/wp-json\/wp\/v2\/pages\/166\/revisions"}],"predecessor-version":[{"id":1073,"href":"https:\/\/www2.uepg.br\/ppgfisica\/wp-json\/wp\/v2\/pages\/166\/revisions\/1073"}],"wp:attachment":[{"href":"https:\/\/www2.uepg.br\/ppgfisica\/wp-json\/wp\/v2\/media?parent=166"}],"curies":[{"name":"wp","href":"https:\/\/api.w.org\/{rel}","templated":true}]}}