{"id":168,"date":"2020-10-30T09:18:21","date_gmt":"2020-10-30T12:18:21","guid":{"rendered":"http:\/\/www2.uepg.br\/ppgfisica\/?page_id=168"},"modified":"2026-02-11T13:50:13","modified_gmt":"2026-02-11T16:50:13","slug":"orientadores","status":"publish","type":"page","link":"https:\/\/www2.uepg.br\/ppgfisica\/orientadores\/","title":{"rendered":"Orientadores"},"content":{"rendered":"<p>&nbsp;<\/p>\n<table>\n<tbody>\n<tr>\n<td><b>Orientador<\/b><\/td>\n<td><b>Informa\u00e7\u00f5es<\/b><\/td>\n<td><b>Lattes<\/b><\/td>\n<\/tr>\n<tr>\n<td><span style=\"font-weight: 400\">Prof. Dra. Andressa Novatski<\/span><\/td>\n<td><b>Habilitada para orienta\u00e7\u00f5es em 2023<\/b><\/p>\n<p><span style=\"font-weight: 400\">E-mail: anovatski2@gmail.com<\/span><\/p>\n<p><span style=\"font-weight: 400\">Telefone: (42) 3220-3043<\/span><\/p>\n<p><a href=\"http:\/\/dgp.cnpq.br\/dgp\/espelhogrupo\/6870284032026488\"><span style=\"font-weight: 400\">Grupo de Propriedades Eletr\u00f4nicas e Vibracionais em Materiais \/DEFIS<\/span><\/a><\/td>\n<td><a href=\"http:\/\/buscatextual.cnpq.br\/buscatextual\/visualizacv.do?id=K4771897Y9\"><span style=\"font-weight: 400\">Link<\/span><\/a><\/td>\n<\/tr>\n<tr>\n<td><span style=\"font-weight: 400\">Prof. Dr. Andr\u00e9 Maur\u00edcio Brinatti<\/span><\/td>\n<td><b>Habilitado para orienta\u00e7\u00f5es em 2023<\/b><\/p>\n<p><span style=\"font-weight: 400\">E-mail: brinatti@uepg.br<\/span><\/p>\n<p><span style=\"font-weight: 400\">Telefone: (42) 3220-3047<\/span><\/p>\n<p><span style=\"font-weight: 400\">\u00a0<\/span><a href=\"https:\/\/www2.uepg.br\/fasca\/\"><span style=\"font-weight: 400\">Grupo de F\u00edsica Aplicada a Solos e Ci\u00eancias Ambientais \/DEFIS<\/span><\/a><\/td>\n<td><a href=\"http:\/\/buscatextual.cnpq.br\/buscatextual\/visualizacv.do?id=K4721194Y3\"><span style=\"font-weight: 400\">Link<\/span><\/a><\/td>\n<\/tr>\n<tr>\n<td><span style=\"font-weight: 400\">Prof. Dr. Antonio Marcos Batista<\/span><\/td>\n<td><b>Habilitado para orienta\u00e7\u00f5es em 2023<\/b><\/p>\n<p><span style=\"font-weight: 400\">E-mail: antoniomarcosbatista@gmail.com<\/span><\/p>\n<p><span style=\"font-weight: 400\">Telefone: (42) 3220-3289<\/span><\/p>\n<p><span style=\"font-weight: 400\">P\u00e1gina Pessoal: <\/span><a href=\"https:\/\/www.105groupscience.com\/\"><span style=\"font-weight: 400\">https:\/\/www.105groupscience.com\/<\/span><\/a><\/p>\n<p><span style=\"font-weight: 400\">\u00a0<\/span><a href=\"https:\/\/www.105groupscience.com\/\"><span style=\"font-weight: 400\">Grupo de Din\u00e2mica N\u00e3o-Linear e Sistemas Complexos \/DEFIS \/DEMAT<\/span><\/a><\/td>\n<td><a href=\"http:\/\/buscatextual.cnpq.br\/buscatextual\/visualizacv.do?id=K4705323T1\"><span style=\"font-weight: 400\">Link<\/span><\/a><\/td>\n<\/tr>\n<tr>\n<td><span style=\"font-weight: 400\">Prof. Dr. Antonio S\u00e9rgio Magalh\u00e3es de Castro <\/span><\/td>\n<td><b>Habilitado para orienta\u00e7\u00f5es em 2023<\/b><\/p>\n<p><span style=\"font-weight: 400\">E-mail: asmcastro@uepg.br<\/span><\/p>\n<p><span style=\"font-weight: 400\">Telefone: (42) 3220-3044<\/span><\/p>\n<p><a href=\"dgp.cnpq.br\/dgp\/espelhogrupo\/6088277553588877\"><span style=\"font-weight: 400\">Sistemas Qu\u00e2nticos Complexos\/DEFIS<\/span><\/a><\/td>\n<td><a href=\"http:\/\/lattes.cnpq.br\/1552115998113467\"><span style=\"font-weight: 400\">Link<\/span><\/a><\/td>\n<\/tr>\n<tr>\n<td><span style=\"font-weight: 400\">Prof. Dr. Aloisi Somer<\/span><\/td>\n<td><b>Habilitado para orienta\u00e7\u00f5es em 2023<\/b><\/p>\n<p><span style=\"font-weight: 400\">E-mail: asomer@uepg.br<\/span><\/p>\n<p><span style=\"font-weight: 400\">Telefone: (42) 3220-3043<\/span><\/p>\n<p><a href=\"http:\/\/dgp.cnpq.br\/dgp\/espelhogrupo\/6870284032026488\"><span style=\"font-weight: 400\">Grupo de Propriedades Eletr\u00f4nicas e Vibracionais em Materiais \/DEFIS<\/span><\/a><\/td>\n<td><a href=\"http:\/\/lattes.cnpq.br\/1692477472341856\"><span style=\"font-weight: 400\">Link<\/span><\/a><\/td>\n<\/tr>\n<tr>\n<td><span style=\"font-weight: 400\">Prof. Dr. Fabiano Manoel de Andrade<\/span><\/td>\n<td><b>Habilitado para orienta\u00e7\u00f5es em 2023<\/b><\/p>\n<p><span style=\"font-weight: 400\">E-mail: fmandrade@uepg.br<\/span><\/p>\n<p><span style=\"font-weight: 400\">Telefone: (42) 3220-8117<\/span><\/p>\n<p><a href=\"http:\/\/dgp.cnpq.br\/dgp\/espelhogrupo\/38419\"><span style=\"font-weight: 400\">Grupo de F\u00edsica Qu\u00e2ntica e Informa\u00e7\u00e3o Qu\u00e2ntica<\/span><\/a><\/td>\n<td><a href=\"http:\/\/buscatextual.cnpq.br\/buscatextual\/visualizacv.do?id=K4767481P0\"><span style=\"font-weight: 400\">Link<\/span><\/a><\/td>\n<\/tr>\n<tr>\n<td><span style=\"font-weight: 400\">Prof. Dr. Francisco Carlos Serbena<\/span><\/td>\n<td><b>Habilitado para orienta\u00e7\u00f5es em 2023<\/b><\/p>\n<p><span style=\"font-weight: 400\">E-mail: fserbena@uepg.br<\/span><\/p>\n<p><span style=\"font-weight: 400\">Telefone: (42) 3220-8178<\/span><\/p>\n<p><a href=\"http:\/\/dgp.cnpq.br\/dgp\/espelhogrupo\/22712\"><span style=\"font-weight: 400\">Grupo de Propriedades Mec\u00e2nicas e de Superf\u00edcies \/DEFIS<\/span><\/a><\/td>\n<td><a href=\"http:\/\/buscatextual.cnpq.br\/buscatextual\/visualizacv.do?id=K4782578Z3\"><span style=\"font-weight: 400\">Link<\/span><\/a><\/td>\n<\/tr>\n<tr>\n<td><span style=\"font-weight: 400\">Prof. Dr. Gelson Biscaia de Souza<\/span><\/td>\n<td><b>Habilitado para orienta\u00e7\u00f5es em 2023<\/b><\/p>\n<p><span style=\"font-weight: 400\">E-mail: gelsonbs@uepg.br<\/span><\/p>\n<p><span style=\"font-weight: 400\">Telefone: (42) 3220-3067<\/span><\/p>\n<p><a href=\"http:\/\/dgp.cnpq.br\/dgp\/espelhogrupo\/22712\"><span style=\"font-weight: 400\">Grupo de Propriedades Mec\u00e2nicas e de Superf\u00edcies \/DEFIS<\/span><\/a><\/td>\n<td><a href=\"http:\/\/buscatextual.cnpq.br\/buscatextual\/visualizacv.do?id=K4701766P4\"><span style=\"font-weight: 400\">Link<\/span><\/a><\/td>\n<\/tr>\n<tr>\n<td><span style=\"font-weight: 400\">Prof. Dr. Jos\u00e9 Danilo Szezech Junior<\/span><\/td>\n<td><b>Habilitado para orienta\u00e7\u00f5es em 2023<\/b><\/p>\n<p><span style=\"font-weight: 400\">E-mail: jdanilo@gmail.com<\/span><\/p>\n<p><span style=\"font-weight: 400\">Telefone: (42) 3220-3289<\/span><\/p>\n<p><span style=\"font-weight: 400\">P\u00e1gina Pessoal: <\/span><a href=\"https:\/\/www.105groupscience.com\/\"><span style=\"font-weight: 400\">https:\/\/www.105groupscience.com\/<\/span><\/a><\/p>\n<p><a href=\"http:\/\/dgp.cnpq.br\/buscaoperacional\/detalhegrupo.jsp?grupo=0059105KW6DMGP\"><span style=\"font-weight: 400\">Grupo de Din\u00e2mica N\u00e3o-Linear e Sistemas Complexos \/DEFIS \/DEMAT<\/span><\/a><\/td>\n<td><a href=\"http:\/\/buscatextual.cnpq.br\/buscatextual\/visualizacv.do?id=K4733989P1\"><span style=\"font-weight: 400\">Link<\/span><\/a><\/td>\n<\/tr>\n<tr>\n<td><span style=\"font-weight: 400\">Prof. Dr. Luiz Fernando Pires<\/span><\/td>\n<td><b>Habilitado para orienta\u00e7\u00f5es em 2023<\/b><\/p>\n<p><span style=\"font-weight: 400\">E-mail: lfpires@uepg.br<\/span><\/p>\n<p><span style=\"font-weight: 400\">Telefone: (42) 3220-3043<\/span><\/p>\n<p><a href=\"https:\/\/www2.uepg.br\/fasca\/\"><span style=\"font-weight: 400\">Grupo de F\u00edsica Aplicada a Solos e Ci\u00eancias Ambientais \/DEFIS<\/span><\/a><\/td>\n<td><a href=\"http:\/\/buscatextual.cnpq.br\/buscatextual\/visualizacv.do?id=K4767145P7\"><span style=\"font-weight: 400\">Link<\/span><\/a><\/td>\n<\/tr>\n<tr>\n<td><span style=\"font-weight: 400\">Prof. Dr. Marcelo Em\u00edlio<\/span><\/td>\n<td><b>Habilitado para orienta\u00e7\u00f5es em 2023<\/b><\/p>\n<p><span style=\"font-weight: 400\">E-mail: marcelo_emilio@yahoo.com<\/span><\/p>\n<p><span style=\"font-weight: 400\">Telefone: (42) 3220-3198<\/span><\/p>\n<p><a href=\"http:\/\/dgp.cnpq.br\/dgp\/espelhogrupo\/43030\"><span style=\"font-weight: 400\">F\u00edsica e Astrometria solar<\/span><\/a><\/td>\n<td><a href=\"http:\/\/buscatextual.cnpq.br\/buscatextual\/visualizacv.do?id=K4791927Z9\"><span style=\"font-weight: 400\">Link<\/span><\/a><\/td>\n<\/tr>\n<tr>\n<td><span style=\"font-weight: 400\">Prof. Dr. S\u00e9rgio da Costa Saab<\/span><\/td>\n<td><b>Habilitado para orienta\u00e7\u00f5es em 2023<\/b><\/p>\n<p><span style=\"font-weight: 400\">E-mail: scsaab@uepg.br<\/span><\/p>\n<p><span style=\"font-weight: 400\">Telefone: (42) 3220-3043<\/span><\/p>\n<p><a href=\"https:\/\/www2.uepg.br\/fasca\/\"><span style=\"font-weight: 400\">Grupo de F\u00edsica Aplicada a Solos e Ci\u00eancias Ambientais \/DEFIS<\/span><\/a><\/td>\n<td><a href=\"http:\/\/buscatextual.cnpq.br\/buscatextual\/visualizacv.do?id=K4727955P9&amp;tokenCaptchar=03AOLTBLRRwE5EssABYdUucs8qp1JToxMqDki1Rdj33iNT8RCkNuzox7eBVSeRy94Kvit8GSQv7NKrTeL3iS-gXUGp7l8q70OpSiZTigbeUiiNP-tdZGx0YK9XIJNJr_BfaQKEJfMLntXSqzaQta64oQ6mFh1_OSd-8xjlFpz-iUh0K3ZLwyPrMjk30n5oMIeaeevdcPpxPmfNoRohmmNDEM-2nsXT8CPAamrBVpOETD-_2aUL8ymxgRkCZ027xh64Sb6YwyyIVV4VsinjzLaT5Zr-tXd043_7tff93YhEF7aV6DG1Z42OYS50WX76PKe3CcTS-XKdGal2hPjUz-bNc5lp5cbUMvVhyW1w0qwh3lsp3HhLQbAFzFcoB1t6VbvsQmh1HV9fw10Z1Fe3Q0o0gANQeBozeC7_1RutU3KvzyexBML10kEa2zCegNofcyuHYBt26vR8Aa3kQRdTnfTDdYrRv3E3Pt0MGb8_6M6JpHuYVJzHXZls4mNERnSEpenKknwXb5oW4TX-CLgW1gpyixUPWXpShIHqVQ\"><span style=\"font-weight: 400\">Link<\/span><\/a><\/td>\n<\/tr>\n<tr>\n<td><span style=\"font-weight: 400\">Prof. Dr. Sergio Leonardo G\u00f3mez<\/span><\/td>\n<td><b>Habilitado para orienta\u00e7\u00f5es em 2023<\/b><\/p>\n<p><span style=\"font-weight: 400\">E-mail: sgomez@uepg.br<\/span><\/p>\n<p><span style=\"font-weight: 400\">Telefone: (42) 3220-3779<\/span><\/p>\n<p><a href=\"http:\/\/dgp.cnpq.br\/dgp\/espelhogrupo\/31162\"><span style=\"font-weight: 400\">Grupo de Fen\u00f4menos Fotot\u00e9rmicos em Fluidos Complexos \/DEFIS<\/span><\/a><\/td>\n<td><a href=\"http:\/\/buscatextual.cnpq.br\/buscatextual\/visualizacv.do?metodo=apresentar&amp;id=K4763809J6\"><span style=\"font-weight: 400\">Link<\/span><\/a><\/td>\n<\/tr>\n<\/tbody>\n<\/table>\n<p>&nbsp;<\/p>\n","protected":false},"excerpt":{"rendered":"<p>&nbsp; Orientador Informa\u00e7\u00f5es Lattes Prof. Dra. Andressa Novatski Habilitada para orienta\u00e7\u00f5es em 2023 E-mail: anovatski2@gmail.com Telefone: (42) 3220-3043 Grupo de Propriedades Eletr\u00f4nicas e Vibracionais em Materiais \/DEFIS Link Prof. Dr. Andr\u00e9 Maur\u00edcio Brinatti Habilitado para orienta\u00e7\u00f5es em 2023 E-mail: brinatti@uepg.br Telefone: (42) 3220-3047 \u00a0Grupo de F\u00edsica Aplicada a Solos e Ci\u00eancias Ambientais \/DEFIS Link Prof.&nbsp;&hellip;<\/p>\n","protected":false},"author":24,"featured_media":0,"parent":0,"menu_order":0,"comment_status":"closed","ping_status":"closed","template":"","meta":[],"_links":{"self":[{"href":"https:\/\/www2.uepg.br\/ppgfisica\/wp-json\/wp\/v2\/pages\/168"}],"collection":[{"href":"https:\/\/www2.uepg.br\/ppgfisica\/wp-json\/wp\/v2\/pages"}],"about":[{"href":"https:\/\/www2.uepg.br\/ppgfisica\/wp-json\/wp\/v2\/types\/page"}],"author":[{"embeddable":true,"href":"https:\/\/www2.uepg.br\/ppgfisica\/wp-json\/wp\/v2\/users\/24"}],"replies":[{"embeddable":true,"href":"https:\/\/www2.uepg.br\/ppgfisica\/wp-json\/wp\/v2\/comments?post=168"}],"version-history":[{"count":28,"href":"https:\/\/www2.uepg.br\/ppgfisica\/wp-json\/wp\/v2\/pages\/168\/revisions"}],"predecessor-version":[{"id":559,"href":"https:\/\/www2.uepg.br\/ppgfisica\/wp-json\/wp\/v2\/pages\/168\/revisions\/559"}],"wp:attachment":[{"href":"https:\/\/www2.uepg.br\/ppgfisica\/wp-json\/wp\/v2\/media?parent=168"}],"curies":[{"name":"wp","href":"https:\/\/api.w.org\/{rel}","templated":true}]}}