{"id":188,"date":"2020-11-03T09:51:18","date_gmt":"2020-11-03T12:51:18","guid":{"rendered":"http:\/\/www2.uepg.br\/ppgfisica\/?page_id=188"},"modified":"2024-03-31T21:05:16","modified_gmt":"2024-04-01T00:05:16","slug":"documentos","status":"publish","type":"page","link":"https:\/\/www2.uepg.br\/ppgfisica\/documentos\/","title":{"rendered":"Documentos"},"content":{"rendered":"<p><a href=\"http:\/\/ri.uepg.br\/riuepg\/bitstream\/handle\/123456789\/901\/LIVRO_ManualdeNormaliza%c3%a7%c3%a3o%28%204%20ed%29.pdf?sequence=4\" target=\"_blank\" rel=\"noopener noreferrer\">Manual de normas da biblioteca<\/a><\/p>\n<p><a href=\"https:\/\/docs.google.com\/document\/d\/1EvMYTv1-at7-JIlfZDWan-xBTPUgIeS_E9JieZwRwtM\/edit?usp=sharing\" target=\"_blank\" rel=\"noopener noreferrer\">FORMUL\u00c1RIO DE INSCRI\u00c7\u00c3O \u2013 PROGRAMA NACIONAL DE P\u00d3S-DOUTORADO \/ CAPES<\/a><\/p>\n<p><a href=\"https:\/\/drive.google.com\/open?id=16H4cPCtu_d-crq0qlEK8bBm8bIurocDb\">Modelo de relat\u00f3rio final de P\u00f3s-Doutorado<\/a><\/p>\n<p><a href=\"https:\/\/drive.google.com\/file\/d\/0BwcSj4hCEG2LNHZGMEdQRTZYc0E\/view?usp=sharing&amp;resourcekey=0-uvcRk94gvBCc6Kd3fXFVEQ\">Disciplina Isolada<\/a><\/p>\n<p><a href=\"https:\/\/drive.google.com\/open?id=17IQmZtxSTyQ3o4tnFj_9OFYPVX_GmBA-\">Modelo Qualifica\u00e7\u00e3o Doutorado<\/a><\/p>\n<p><a href=\"https:\/\/drive.google.com\/file\/d\/1XP2O7-kJhPn7SKkd75xKEckG8DTWP3D_\/view?usp=share_link\">Modelo Projeto Doutorado<\/a><\/p>\n<p><a href=\"https:\/\/drive.google.com\/open?id=1PE2Go5VJmR82btXuFX1JVtMuWiw9z9Tm\">Carta de recomenda\u00e7\u00e3o PDF<\/a><\/p>\n<p><a href=\"https:\/\/drive.google.com\/open?id=1VzhTC7LvHLjn7EN2pukdc-LvK7pkZo_x\">Carta de recomenda\u00e7\u00e3o DOCX<\/a><\/p>\n<p><a href=\"https:\/\/drive.google.com\/open?id=1-mMCcU_GX4OkfelRWIZ6ktN_SeD289A_\">Requerimento geral<\/a><\/p>\n<p><a href=\"https:\/\/drive.google.com\/open?id=1eKyrMPocTcP9PlbCtl7aSGeNy6zmb6b3\">Solicita\u00e7\u00e3o de recursos<\/a><\/p>\n<div class=\"post-entry\">\n<p><a href=\"https:\/\/docs.google.com\/document\/d\/1ssfTTACXSpKFaq-uoJvjd2_i3yVZkNFD\/edit?usp=sharing&amp;ouid=108996106032614629572&amp;rtpof=true&amp;sd=true\">Relat\u00f3rio de Atividades Semestral<\/a><\/p>\n<p><a href=\"https:\/\/drive.google.com\/open?id=1Iuf7AnpQGI8UVp0UVZAzE11mRbLNAzQL\">Relat\u00f3rio Final de Est\u00e1gio de Doc\u00eancia<\/a><\/p>\n<p><a href=\"https:\/\/drive.google.com\/open?id=1hHHse-FOG3W-RpVAdfhYPD8bX6kUnhFS\">Plano de atividades Est\u00e1gio de Doc\u00eancia<\/a><\/p>\n<p><a href=\"https:\/\/drive.google.com\/open?id=0BwcSj4hCEG2LNHZGMEdQRTZYc0E\">Requerimento de Disciplina Isolada<\/a><\/p>\n<p><a href=\"https:\/\/drive.google.com\/open?id=16jTkhWWoHAS1iMmdyKCUf4DIYBXUHML14i-78--2evI\">Termo de autoriza\u00e7\u00e3o para publica\u00e7\u00e3o na BICEN<\/a><\/p>\n<p><a href=\"https:\/\/drive.google.com\/file\/d\/0BwcSj4hCEG2Lc3hLdndhOWhaY1k\/view?usp=sharing&amp;resourcekey=0--3oMlQMG26puppdFeGB4Rg\">Orienta\u00e7\u00f5es SAPGS<\/a><\/p>\n<p><a href=\"https:\/\/drive.google.com\/file\/d\/0BwcSj4hCEG2LS29lcDlzOTljTlE\/view?usp=sharing&amp;resourcekey=0-vLcnXOcmPt2r1HXUr2hfPA\">Requerimento Qualifica\u00e7\u00e3o Doutorado<\/a><\/p>\n<p><a href=\"https:\/\/drive.google.com\/file\/d\/0BwcSj4hCEG2LQWU5QWE0eXVwQzA\/view?usp=sharing&amp;resourcekey=0-AhkoUTk3kbm7RpDX9yy4xw\">Requerimento Qualifica\u00e7\u00e3o Mestrado<\/a><\/p>\n<p><a href=\"https:\/\/drive.google.com\/file\/d\/1VZpmvnxJLG4bbC20xEqdPkpNOdhoNOr6\/view?usp=sharing\">Requerimento de Defesa de trabalho de conclus\u00e3o<\/a><\/p>\n<p><a href=\"https:\/\/docs.google.com\/document\/d\/1vcOJAMkHFUUG5gs4ArJPczfINp95q8Fz\/edit?usp=drive_link&amp;ouid=108996106032614629572&amp;rtpof=true&amp;sd=true\">Ficha de Inscri\u00e7\u00e3o em proceso de sele\u00e7\u00e3o para Mestrado e Doutorado<\/a><\/p>\n<p>&nbsp;<\/p>\n<\/div>\n","protected":false},"excerpt":{"rendered":"<p>Manual de normas da biblioteca FORMUL\u00c1RIO DE INSCRI\u00c7\u00c3O \u2013 PROGRAMA NACIONAL DE P\u00d3S-DOUTORADO \/ CAPES Modelo de relat\u00f3rio final de P\u00f3s-Doutorado Disciplina Isolada Modelo Qualifica\u00e7\u00e3o Doutorado Modelo Projeto Doutorado Carta de recomenda\u00e7\u00e3o PDF Carta de recomenda\u00e7\u00e3o DOCX Requerimento geral Solicita\u00e7\u00e3o de recursos Relat\u00f3rio de Atividades Semestral Relat\u00f3rio Final de Est\u00e1gio de Doc\u00eancia Plano de atividades&nbsp;&hellip;<\/p>\n","protected":false},"author":24,"featured_media":0,"parent":0,"menu_order":0,"comment_status":"closed","ping_status":"closed","template":"","meta":[],"_links":{"self":[{"href":"https:\/\/www2.uepg.br\/ppgfisica\/wp-json\/wp\/v2\/pages\/188"}],"collection":[{"href":"https:\/\/www2.uepg.br\/ppgfisica\/wp-json\/wp\/v2\/pages"}],"about":[{"href":"https:\/\/www2.uepg.br\/ppgfisica\/wp-json\/wp\/v2\/types\/page"}],"author":[{"embeddable":true,"href":"https:\/\/www2.uepg.br\/ppgfisica\/wp-json\/wp\/v2\/users\/24"}],"replies":[{"embeddable":true,"href":"https:\/\/www2.uepg.br\/ppgfisica\/wp-json\/wp\/v2\/comments?post=188"}],"version-history":[{"count":14,"href":"https:\/\/www2.uepg.br\/ppgfisica\/wp-json\/wp\/v2\/pages\/188\/revisions"}],"predecessor-version":[{"id":855,"href":"https:\/\/www2.uepg.br\/ppgfisica\/wp-json\/wp\/v2\/pages\/188\/revisions\/855"}],"wp:attachment":[{"href":"https:\/\/www2.uepg.br\/ppgfisica\/wp-json\/wp\/v2\/media?parent=188"}],"curies":[{"name":"wp","href":"https:\/\/api.w.org\/{rel}","templated":true}]}}