{"id":782,"date":"2024-02-06T08:59:04","date_gmt":"2024-02-06T11:59:04","guid":{"rendered":"https:\/\/www2.uepg.br\/ppgfisica\/?page_id=782"},"modified":"2024-08-14T13:34:46","modified_gmt":"2024-08-14T16:34:46","slug":"procedimentos","status":"publish","type":"page","link":"https:\/\/www2.uepg.br\/ppgfisica\/procedimentos\/","title":{"rendered":"Procedimentos"},"content":{"rendered":"<h3><strong>Procedimentos para a qualifica\u00e7\u00e3o de Mestrado\/Doutorado<\/strong><\/h3>\n<ol>\n<li>\n<h4>Protocolar processo via SEI, endere\u00e7ado ao colegiado do PPG-CIE, solicita\u00e7\u00e3o de forma\u00e7\u00e3o de banca de qualifica\u00e7\u00e3o.<\/h4>\n<\/li>\n<li>\n<h4>Anexar ao processo hist\u00f3rico escolar para comprova\u00e7\u00e3o dos requisitos para a qualifica\u00e7\u00e3o: a integraliza\u00e7\u00e3o de cr\u00e9ditos em disciplinas obrigat\u00f3rias e optativas e a aprova\u00e7\u00e3o no exame de sufici\u00eancia.<\/h4>\n<\/li>\n<li>\n<h4>Anexar no processo c\u00f3pia em pdf da disserta\u00e7\u00e3o (M) e monografia sobre projeto de tese conforme <strong><a href=\"https:\/\/drive.google.com\/file\/d\/17IQmZtxSTyQ3o4tnFj_9OFYPVX_GmBA-\/view\">Modelo<\/a><\/strong> dispon\u00edvel (D).<\/h4>\n<\/li>\n<\/ol>\n<h3><\/h3>\n<h3><strong>Procedimentos para a defesa de trabalho de conclus\u00e3o de Mestrado (M) e de Doutorado (M)<\/strong><\/h3>\n<ol>\n<li>\n<h4>Solicitar hist\u00f3rico escolar junto \u00e0 secretaria Stricto Sensu (para alunos cuja matr\u00edcula \u00e9 anterior a 2023) ou gerar o hist\u00f3rico no ACAD (alunos cuja matr\u00edcula foi feita apartir de 2023) , para confer\u00eancia do cumprimento da totalidade dos cr\u00e9didos de disciplinas (M,D), profici\u00eancia (M,D) e\u00a0 artigo publicado ou aceito (D).<\/h4>\n<\/li>\n<li>\n<h4>Encaminhar ao colegiado do PPG-CIE, via SEI, processo com a <strong><a href=\"https:\/\/drive.google.com\/file\/d\/1VZpmvnxJLG4bbC20xEqdPkpNOdhoNOr6\/view\">ficha de encaminhamento<\/a><\/strong> e c\u00f3pia dos documentos solicitados.<\/h4>\n<\/li>\n<li>\n<h4>A disserta\u00e7\u00e3o\/tese deve ter no m\u00e1ximo 15MB, para poder ser inserida no processo SEI. Pode ser utilizada a compress\u00e3o de arquivos (www.ilovepdf.com).\u00a0 Outro caminho \u00e9 a convers\u00e3o do pdf ou .doc para arquivo .djv\u00a0 (https:\/\/convertio.co\/pt\/doc-djvu) e a posterior reconvers\u00e3o para pdf. \u00c9 <strong><em>altamente recomendado<\/em><\/strong> o uso do latex para a escrita do trabalho final. Isso evita qualquer demora no aceite do trabalho pela biblioteca, a qual fornece\u00a0 o template em latex. Uma vers\u00e3o dispon\u00edvel no Overleaf se encontra <strong><a href=\"https:\/\/pt.overleaf.com\/latex\/templates\/template-dissertacao-mestrado-uepg\/shgpnghrqftm\">aqui<\/a><\/strong>.<\/h4>\n<\/li>\n<\/ol>\n<h4><\/h4>\n<h3><strong>Procedimentos para solicita\u00e7\u00e3o de aproveitamento de disciplinas<\/strong><\/h3>\n<h4>A) Disciplina cursada no PPG-CIE: encaminhar ao colegiado do PPG-CIE, via SEI, solicita\u00e7\u00e3o junto com hist\u00f3rico escolar atualizado.<\/h4>\n<h4>B) Disciplina cursada fora do PPG-CIE: encaminhar ao colegiado do PPG-CIE, via SEI, solicita\u00e7\u00e3o junto com hist\u00f3rico escolar e programa da disciplina.<\/h4>\n<p>&nbsp;<\/p>\n<h3><strong>Procedimento para valida\u00e7\u00e3o da sufici\u00eancia de idioma estrangeiro<\/strong><\/h3>\n<ul>\n<li>\n<h4>Algumas das institui\u00e7\u00f5es que emitem certificados de sufici\u00eancia aceitas pelo PPG-CIE: Unioeste,\u00a0 CLEC-UEPG e ESLIN-UEPG . Tamb\u00e9m s\u00e3o aceitos comprovantes de Ingl\u00eas Pr\u00e9-Intermedi\u00e1rio 115B do \u201cO Paran\u00e1 Fala Idiomas &#8211; Projeto Paran\u00e1 Fala Ingl\u00eas&#8221;. Tamb\u00e9m s\u00e3o aceitos o Test of English as Foreign Language \u2013 TOEFL e o International English Language Test Service \u2013 IELTS.<\/h4>\n<\/li>\n<\/ul>\n<p>&nbsp;<\/p>\n<ul>\n<li>\n<h4>O certificado de sufi\u00eancia dever\u00e1 ser apresentado em at\u00e9 18 (dezoito) meses ap\u00f3s o in\u00edcio do curso de Mestrado, tendo validade de at\u00e9 4 anos no caso dos certificados emitidos por Institui\u00e7\u00f5es de Ensino Superior, do TOEFL e o IELTS.<\/h4>\n<\/li>\n<\/ul>\n<p>&nbsp;<\/p>\n<h3><strong>Apresenta\u00e7\u00e3o de relat\u00f3rios semestrais de atividades<\/strong><\/h3>\n<ol>\n<li>\n<h4>Preencher o <strong><a href=\"https:\/\/docs.google.com\/document\/d\/1ssfTTACXSpKFaq-uoJvjd2_i3yVZkNFD\/edit\">formul\u00e1rio<\/a><\/strong> do relat\u00f3rio semestral, devidamente assinado pelo aluno e o orientador.<\/h4>\n<\/li>\n<li>\n<h4>Digitalizar e encaminhar via SEI protocolo endere\u00e7ado \u00e0 coordena\u00e7\u00e3o do PPG-CIE. Se no semestre foram apresentados trabalhos em eventos de natureza cient\u00edfica e\/ou publicados trabalhos cient\u00edficos, devem ser anexados os comprovantes no processo SEI.<\/h4>\n<\/li>\n<\/ol>\n<h4><\/h4>\n<h3><strong>Procedimentos ap\u00f3s a defesa de Mestrado\/Doutorado<\/strong><\/h3>\n<ol>\n<li>\n<h4>Solicitar a ficha catalogr\u00e1fica na BICEN acessando o link: <strong><a href=\"http:\/\/www3.uepg.br\/bicen\/ficha-catalografica\/\">http:\/\/www3.uepg.br\/bicen\/ficha-catalografica\/<\/a><\/strong><\/h4>\n<\/li>\n<li>\n<h4>Preencher o <a href=\"https:\/\/docs.google.com\/document\/d\/16jTkhWWoHAS1iMmdyKCUf4DIYBXUHML14i-78--2evI\/edit\"><strong>Termo de Autoriza\u00e7\u00e3o de Publica\u00e7\u00e3o<\/strong><\/a>.<\/h4>\n<\/li>\n<li>\n<h4>Enviar \u00e0 coordena\u00e7\u00e3o do PPG-CIE, via email (pgfisica@uepg.br), vers\u00e3o final da disserta\u00e7\u00e3o\/tese em formato PDF, incluindo o termo de aprova\u00e7\u00e3o de defesa e a ficha catalogr\u00e1fica digitalizados, junto com o termo de autoriza\u00e7\u00e3o para publica\u00e7\u00e3o devidamente datado e assinado pelo aluno e orientador.<\/h4>\n<\/li>\n<li>\n<h4>A coordena\u00e7\u00e3o do PPG Ci\u00eancias\/F\u00edsica encaminhar\u00e1 os documentos do item 3 \u00e0 biblioteca central e l\u00e1 eles aprovar\u00e3o ou n\u00e3o a publica\u00e7\u00e3o. Para evitar atrasos, recomenda-se seguir atentamente todas as normas da ABNT vigentes \u00e0 \u00e9poca no momento de editar a vers\u00e3o final da Disserta\u00e7\u00e3o\/Tese.<\/h4>\n<\/li>\n<li>\n<h4>Caso os documentos do item 3 n\u00e3o sejam aprovados, a biblioteca devolver\u00e1 os documentos para corre\u00e7\u00e3o. A coordena\u00e7\u00e3o do PPG Ci\u00eancias\/F\u00edsica avisar\u00e1 se isso ocorrer, devendo o aluno corrigir e entregar novamente \u00e0 coordena\u00e7\u00e3o a vers\u00e3o corregida para posterior reavalia\u00e7\u00e3o da biblioteca.<\/h4>\n<\/li>\n<li>\n<h4>Caso seja aprovada, a disserta\u00e7\u00e3o\/tese ser\u00e1 publicada no <strong><a href=\"https:\/\/tede2.uepg.br\/jspui\/\">reposit\u00f3rio de teses e disserta\u00e7\u00f5es<\/a><\/strong>\u00a0 da UEPG<strong>.<\/strong>\u00a0 Ap\u00f3s, a coordena\u00e7\u00e3o do PPG Ci\u00eancias\/F\u00edsica protocolizar\u00e1 via SEI c\u00f3pia da ata de defesa junto com of\u00edcio para a Comiss\u00e3o de P\u00f3s-Gradua\u00e7\u00e3o para a mesma aprovar em reuni\u00e3o.<\/h4>\n<\/li>\n<li>\n<h4>Ap\u00f3s todos os itens anteriores estiverem conclu\u00eddos, ser\u00e1 iniciado o procedimento de emiss\u00e3o do diploma pela Secretaria Geral das P\u00f3s-Gradua\u00e7\u00f5es Stricto Sensu.<\/h4>\n<\/li>\n<\/ol>\n<h3><\/h3>\n<h3><strong>Procedimentos para solicita\u00e7\u00e3o de prorroga\u00e7\u00e3o<\/strong><\/h3>\n<h4><\/h4>\n<ol>\n<li>\n<h4>A solicita\u00e7\u00e3o de prorroga\u00e7\u00e3o deve ser encaminhada at\u00e9 3 meses antes do prazo m\u00e1ximo para concluss\u00e3o do Mestrado\/Doutorado.<\/h4>\n<\/li>\n<li>\n<h4>Encaminhar via SEI endere\u00e7ado \u00e0 coordena\u00e7\u00e3o do PPG-CIE processo contendo: i) relat\u00f3rio das atividades realizadas desde a matr\u00edcula no curso, ii) justificativa para a prorroga\u00e7\u00e3o de prazo, devidamente assinada pelo interessado e seu orientador; iii) cronograma de trabalho para o per\u00edodo da prorroga\u00e7\u00e3o solicitada.<\/h4>\n<\/li>\n<\/ol>\n<h3><\/h3>\n<h3><strong>Valida\u00e7\u00e3o de artigo (D)<\/strong><\/h3>\n<h4>Para ir \u00e1 defesa da tese de doutorado \u00e9 obrigat\u00f3rio comprovar a publica\u00e7\u00e3o ou ter o aceite de artigo cient\u00edfico contendo resultados que constem total ou parcialmente na tese. Assim, a valida\u00e7\u00e3o ser\u00e1 feita quando da submiss\u00e3o \u00e0 coordena\u00e7\u00e3o da solicita\u00e7\u00e3o de forma\u00e7\u00e3o de banca de doutorado. No processo SEI dever\u00e1 ser anexado, al\u00e9m da solicita\u00e7\u00e3o, documento descrevendo a rela\u00e7\u00e3o entre o artigo aceito\/publicado e a tese encaminhada.<\/h4>\n","protected":false},"excerpt":{"rendered":"<p>Procedimentos para a qualifica\u00e7\u00e3o de Mestrado\/Doutorado Protocolar processo via SEI, endere\u00e7ado ao colegiado do PPG-CIE, solicita\u00e7\u00e3o de forma\u00e7\u00e3o de banca de qualifica\u00e7\u00e3o. Anexar ao processo hist\u00f3rico escolar para comprova\u00e7\u00e3o dos requisitos para a qualifica\u00e7\u00e3o: a integraliza\u00e7\u00e3o de cr\u00e9ditos em disciplinas obrigat\u00f3rias e optativas e a aprova\u00e7\u00e3o no exame de sufici\u00eancia. Anexar no processo c\u00f3pia em&nbsp;&hellip;<\/p>\n","protected":false},"author":661,"featured_media":0,"parent":0,"menu_order":0,"comment_status":"closed","ping_status":"closed","template":"","meta":[],"_links":{"self":[{"href":"https:\/\/www2.uepg.br\/ppgfisica\/wp-json\/wp\/v2\/pages\/782"}],"collection":[{"href":"https:\/\/www2.uepg.br\/ppgfisica\/wp-json\/wp\/v2\/pages"}],"about":[{"href":"https:\/\/www2.uepg.br\/ppgfisica\/wp-json\/wp\/v2\/types\/page"}],"author":[{"embeddable":true,"href":"https:\/\/www2.uepg.br\/ppgfisica\/wp-json\/wp\/v2\/users\/661"}],"replies":[{"embeddable":true,"href":"https:\/\/www2.uepg.br\/ppgfisica\/wp-json\/wp\/v2\/comments?post=782"}],"version-history":[{"count":71,"href":"https:\/\/www2.uepg.br\/ppgfisica\/wp-json\/wp\/v2\/pages\/782\/revisions"}],"predecessor-version":[{"id":938,"href":"https:\/\/www2.uepg.br\/ppgfisica\/wp-json\/wp\/v2\/pages\/782\/revisions\/938"}],"wp:attachment":[{"href":"https:\/\/www2.uepg.br\/ppgfisica\/wp-json\/wp\/v2\/media?parent=782"}],"curies":[{"name":"wp","href":"https:\/\/api.w.org\/{rel}","templated":true}]}}