{"id":117,"date":"2020-12-10T09:50:39","date_gmt":"2020-12-10T12:50:39","guid":{"rendered":"http:\/\/www2.uepg.br\/ppgeo\/?page_id=117"},"modified":"2024-05-24T13:39:11","modified_gmt":"2024-05-24T16:39:11","slug":"sobre","status":"publish","type":"page","link":"https:\/\/www2.uepg.br\/ppgg\/sobre\/","title":{"rendered":"Sobre"},"content":{"rendered":"<div id=\"pl-117\"  class=\"panel-layout\" ><div id=\"pg-117-0\"  class=\"panel-grid panel-no-style\" ><div id=\"pgc-117-0-0\"  class=\"panel-grid-cell\" ><div id=\"panel-117-0-0-0\" class=\"so-panel widget widget_sow-accordion panel-first-child panel-last-child\" data-index=\"0\" ><div\n\t\t\t\n\t\t\tclass=\"so-widget-sow-accordion so-widget-sow-accordion-default-7f158b849c7f-117\"\n\t\t\t\n\t\t><h3 class=\"widget-title\">Dados Gerais<\/h3><div>\n\t<div class=\"sow-accordion\">\n\t\t\t<div class=\"sow-accordion-panel\"\n\t\t\t data-anchor=\"dados-gerais-do-programa-de-p%c3%b3s-gradua%c3%a7%c3%a3o-em-geografia\">\n\t\t\t\t<div class=\"sow-accordion-panel-header-container\" role=\"heading\" aria-level=\"2\">\n\t\t\t\t\t<div class=\"sow-accordion-panel-header\" tabindex=\"0\" role=\"button\" id=\"accordion-label-dados-gerais-do-programa-de-p%c3%b3s-gradua%c3%a7%c3%a3o-em-geografia\" aria-controls=\"accordion-content-dados-gerais-do-programa-de-p%c3%b3s-gradua%c3%a7%c3%a3o-em-geografia\" aria-expanded=\"false\">\n\t\t\t\t\t\t<div class=\"sow-accordion-title sow-accordion-title-icon-left\">\n\t\t\t\t\t\t\t\t\t\t\t\t\t\tDADOS GERAIS DO PROGRAMA DE P\u00d3S-GRADUA\u00c7\u00c3O EM GEOGRAFIA\t\t\t\t\t\t\t\t\t\t\t\t\t<\/div>\n\t\t\t\t\t\t<div class=\"sow-accordion-open-close-button\">\n\t\t\t\t\t\t\t<div class=\"sow-accordion-open-button\">\n\t\t\t\t\t\t\t\t<span class=\"sow-icon-ionicons\" data-sow-icon=\"&#xf218;\"\n\t\t \n\t\taria-hidden=\"true\"><\/span>\t\t\t\t\t\t\t<\/div>\n\t\t\t\t\t\t\t<div class=\"sow-accordion-close-button\">\n\t\t\t\t\t\t\t\t<span class=\"sow-icon-ionicons\" data-sow-icon=\"&#xf209;\"\n\t\t \n\t\taria-hidden=\"true\"><\/span>\t\t\t\t\t\t\t<\/div>\n\t\t\t\t\t\t<\/div>\n\t\t\t\t\t<\/div>\n\t\t\t\t<\/div>\n\n\t\t\t<div\n\t\t\t\tclass=\"sow-accordion-panel-content\"\n\t\t\t\trole=\"region\"\n\t\t\t\taria-labelledby=\"accordion-label-dados-gerais-do-programa-de-p%c3%b3s-gradua%c3%a7%c3%a3o-em-geografia\"\n\t\t\t\tid=\"accordion-content-dados-gerais-do-programa-de-p%c3%b3s-gradua%c3%a7%c3%a3o-em-geografia\"\n\t\t\t\tstyle=\"display: none;\"\t\t\t>\n\t\t\t\t<div class=\"sow-accordion-panel-border\" tabindex=\"0\">\n\t\t\t\t\t<h4><strong>\u00a0MESTRADO<\/strong><\/h4>\n<p><a href=\"http:\/\/www2.uepg.br\/ppgeo\/wp-content\/uploads\/sites\/161\/2020\/12\/res17.pdf\" target=\"_blank\" rel=\"noopener\">Autorizado pela Resolu\u00e7\u00e3o UNIV. N\u00ba. 17 de 24\/08\/2005.<\/a><\/p>\n<p><a href=\"http:\/\/www2.uepg.br\/ppgeo\/wp-content\/uploads\/sites\/161\/2020\/12\/dro.pdf\" target=\"_blank\" rel=\"noopener\">Homologado pelo CNE (Portaria N\u00ba 1.077 \u2013 DOU 31\/08\/2012).<\/a><\/p>\n<p>Recomendado pela CAPES- Conceito 5<\/p>\n<p>O n\u00edvel de mestrado iniciou seu funcionamento no ano de 2006.<\/p>\n<p>&nbsp;<\/p>\n<h4><strong>DOUTORADO<\/strong><\/h4>\n<p><a href=\"http:\/\/www2.uepg.br\/ppgeo\/wp-content\/uploads\/sites\/161\/2020\/12\/res25.pdf\" target=\"_blank\" rel=\"noopener\">Autorizado pela Resolu\u00e7\u00e3o UNIV. N\u00ba. 25 de 25\/06\/2012.<\/a><\/p>\n<p>O n\u00edvel de doutorado iniciou suas atividades em 2013.<\/p>\n<p>Recomendado pela CAPES- Conceito 5<\/p>\n<p>&nbsp;<\/p>\n<h4><strong>Sec<\/strong><strong>retaria<\/strong><\/h4>\n<p>Michele Machado<\/p>\n<p>&nbsp;<\/p>\n\t\t\t\t<\/div>\n\t\t\t<\/div>\n\t\t<\/div>\n\t\t\t<div class=\"sow-accordion-panel\"\n\t\t\t data-anchor=\"cursos\">\n\t\t\t\t<div class=\"sow-accordion-panel-header-container\" role=\"heading\" aria-level=\"2\">\n\t\t\t\t\t<div class=\"sow-accordion-panel-header\" tabindex=\"0\" role=\"button\" id=\"accordion-label-cursos\" aria-controls=\"accordion-content-cursos\" aria-expanded=\"false\">\n\t\t\t\t\t\t<div class=\"sow-accordion-title sow-accordion-title-icon-left\">\n\t\t\t\t\t\t\t\t\t\t\t\t\t\tCursos\t\t\t\t\t\t\t\t\t\t\t\t\t<\/div>\n\t\t\t\t\t\t<div class=\"sow-accordion-open-close-button\">\n\t\t\t\t\t\t\t<div class=\"sow-accordion-open-button\">\n\t\t\t\t\t\t\t\t<span class=\"sow-icon-ionicons\" data-sow-icon=\"&#xf218;\"\n\t\t \n\t\taria-hidden=\"true\"><\/span>\t\t\t\t\t\t\t<\/div>\n\t\t\t\t\t\t\t<div class=\"sow-accordion-close-button\">\n\t\t\t\t\t\t\t\t<span class=\"sow-icon-ionicons\" data-sow-icon=\"&#xf209;\"\n\t\t \n\t\taria-hidden=\"true\"><\/span>\t\t\t\t\t\t\t<\/div>\n\t\t\t\t\t\t<\/div>\n\t\t\t\t\t<\/div>\n\t\t\t\t<\/div>\n\n\t\t\t<div\n\t\t\t\tclass=\"sow-accordion-panel-content\"\n\t\t\t\trole=\"region\"\n\t\t\t\taria-labelledby=\"accordion-label-cursos\"\n\t\t\t\tid=\"accordion-content-cursos\"\n\t\t\t\tstyle=\"display: none;\"\t\t\t>\n\t\t\t\t<div class=\"sow-accordion-panel-border\" tabindex=\"0\">\n\t\t\t\t\t<ul>\n<li>Mestrado em Gest\u00e3o do Territ\u00f3rio<\/li>\n<li>Doutorado em Geografia<\/li>\n<\/ul>\n\t\t\t\t<\/div>\n\t\t\t<\/div>\n\t\t<\/div>\n\t\t\t<div class=\"sow-accordion-panel\"\n\t\t\t data-anchor=\"%c3%a1rea-de-concentra%c3%a7%c3%a3o\">\n\t\t\t\t<div class=\"sow-accordion-panel-header-container\" role=\"heading\" aria-level=\"2\">\n\t\t\t\t\t<div class=\"sow-accordion-panel-header\" tabindex=\"0\" role=\"button\" id=\"accordion-label-%c3%a1rea-de-concentra%c3%a7%c3%a3o\" aria-controls=\"accordion-content-%c3%a1rea-de-concentra%c3%a7%c3%a3o\" aria-expanded=\"false\">\n\t\t\t\t\t\t<div class=\"sow-accordion-title sow-accordion-title-icon-left\">\n\t\t\t\t\t\t\t\t\t\t\t\t\t\t\u00c1rea de Concentra\u00e7\u00e3o\t\t\t\t\t\t\t\t\t\t\t\t\t<\/div>\n\t\t\t\t\t\t<div class=\"sow-accordion-open-close-button\">\n\t\t\t\t\t\t\t<div class=\"sow-accordion-open-button\">\n\t\t\t\t\t\t\t\t<span class=\"sow-icon-ionicons\" data-sow-icon=\"&#xf218;\"\n\t\t \n\t\taria-hidden=\"true\"><\/span>\t\t\t\t\t\t\t<\/div>\n\t\t\t\t\t\t\t<div class=\"sow-accordion-close-button\">\n\t\t\t\t\t\t\t\t<span class=\"sow-icon-ionicons\" data-sow-icon=\"&#xf209;\"\n\t\t \n\t\taria-hidden=\"true\"><\/span>\t\t\t\t\t\t\t<\/div>\n\t\t\t\t\t\t<\/div>\n\t\t\t\t\t<\/div>\n\t\t\t\t<\/div>\n\n\t\t\t<div\n\t\t\t\tclass=\"sow-accordion-panel-content\"\n\t\t\t\trole=\"region\"\n\t\t\t\taria-labelledby=\"accordion-label-%c3%a1rea-de-concentra%c3%a7%c3%a3o\"\n\t\t\t\tid=\"accordion-content-%c3%a1rea-de-concentra%c3%a7%c3%a3o\"\n\t\t\t\tstyle=\"display: none;\"\t\t\t>\n\t\t\t\t<div class=\"sow-accordion-panel-border\" tabindex=\"0\">\n\t\t\t\t\t<p>Gest\u00e3o do Territ\u00f3rio: Sociedade e Natureza<\/p>\n<p>&nbsp;<\/p>\n\t\t\t\t<\/div>\n\t\t\t<\/div>\n\t\t<\/div>\n\t\t\t<div class=\"sow-accordion-panel\"\n\t\t\t data-anchor=\"linhas-de-pesquisa\">\n\t\t\t\t<div class=\"sow-accordion-panel-header-container\" role=\"heading\" aria-level=\"2\">\n\t\t\t\t\t<div class=\"sow-accordion-panel-header\" tabindex=\"0\" role=\"button\" id=\"accordion-label-linhas-de-pesquisa\" aria-controls=\"accordion-content-linhas-de-pesquisa\" aria-expanded=\"false\">\n\t\t\t\t\t\t<div class=\"sow-accordion-title sow-accordion-title-icon-left\">\n\t\t\t\t\t\t\t\t\t\t\t\t\t\tLinhas de Pesquisa\t\t\t\t\t\t\t\t\t\t\t\t\t<\/div>\n\t\t\t\t\t\t<div class=\"sow-accordion-open-close-button\">\n\t\t\t\t\t\t\t<div class=\"sow-accordion-open-button\">\n\t\t\t\t\t\t\t\t<span class=\"sow-icon-ionicons\" data-sow-icon=\"&#xf218;\"\n\t\t \n\t\taria-hidden=\"true\"><\/span>\t\t\t\t\t\t\t<\/div>\n\t\t\t\t\t\t\t<div class=\"sow-accordion-close-button\">\n\t\t\t\t\t\t\t\t<span class=\"sow-icon-ionicons\" data-sow-icon=\"&#xf209;\"\n\t\t \n\t\taria-hidden=\"true\"><\/span>\t\t\t\t\t\t\t<\/div>\n\t\t\t\t\t\t<\/div>\n\t\t\t\t\t<\/div>\n\t\t\t\t<\/div>\n\n\t\t\t<div\n\t\t\t\tclass=\"sow-accordion-panel-content\"\n\t\t\t\trole=\"region\"\n\t\t\t\taria-labelledby=\"accordion-label-linhas-de-pesquisa\"\n\t\t\t\tid=\"accordion-content-linhas-de-pesquisa\"\n\t\t\t\tstyle=\"display: none;\"\t\t\t>\n\t\t\t\t<div class=\"sow-accordion-panel-border\" tabindex=\"0\">\n\t\t\t\t\t<ul>\n<li>Din\u00e2micas Naturais e An\u00e1lise Socioambiental<\/li>\n<li>An\u00e1lises Socioecon\u00f4micas e Din\u00e2micas Regionais e Urbanas<\/li>\n<\/ul>\n<p>&nbsp;<\/p>\n\t\t\t\t<\/div>\n\t\t\t<\/div>\n\t\t<\/div>\n\t\t\t<div class=\"sow-accordion-panel\"\n\t\t\t data-anchor=\"objetivos-do-programa\">\n\t\t\t\t<div class=\"sow-accordion-panel-header-container\" role=\"heading\" aria-level=\"2\">\n\t\t\t\t\t<div class=\"sow-accordion-panel-header\" tabindex=\"0\" role=\"button\" id=\"accordion-label-objetivos-do-programa\" aria-controls=\"accordion-content-objetivos-do-programa\" aria-expanded=\"false\">\n\t\t\t\t\t\t<div class=\"sow-accordion-title sow-accordion-title-icon-left\">\n\t\t\t\t\t\t\t\t\t\t\t\t\t\tObjetivos do Programa\t\t\t\t\t\t\t\t\t\t\t\t\t<\/div>\n\t\t\t\t\t\t<div class=\"sow-accordion-open-close-button\">\n\t\t\t\t\t\t\t<div class=\"sow-accordion-open-button\">\n\t\t\t\t\t\t\t\t<span class=\"sow-icon-ionicons\" data-sow-icon=\"&#xf218;\"\n\t\t \n\t\taria-hidden=\"true\"><\/span>\t\t\t\t\t\t\t<\/div>\n\t\t\t\t\t\t\t<div class=\"sow-accordion-close-button\">\n\t\t\t\t\t\t\t\t<span class=\"sow-icon-ionicons\" data-sow-icon=\"&#xf209;\"\n\t\t \n\t\taria-hidden=\"true\"><\/span>\t\t\t\t\t\t\t<\/div>\n\t\t\t\t\t\t<\/div>\n\t\t\t\t\t<\/div>\n\t\t\t\t<\/div>\n\n\t\t\t<div\n\t\t\t\tclass=\"sow-accordion-panel-content\"\n\t\t\t\trole=\"region\"\n\t\t\t\taria-labelledby=\"accordion-label-objetivos-do-programa\"\n\t\t\t\tid=\"accordion-content-objetivos-do-programa\"\n\t\t\t\tstyle=\"display: none;\"\t\t\t>\n\t\t\t\t<div class=\"sow-accordion-panel-border\" tabindex=\"0\">\n\t\t\t\t\t<p>- Possibilitar a prepara\u00e7\u00e3o de profissionais de alto n\u00edvel da grande \u00e1rea de Geografia e de \u00e1reas afins, por meio de atividades integradas de ensino e pesquisa, para a carreira docente, para a efetiva\u00e7\u00e3o de pesquisa e para o exerc\u00edcio profissional;<\/p>\n<p>- Capacitar recursos humanos, oriundos dos cursos de gradua\u00e7\u00e3o e mestrado em Geografia e ci\u00eancias afins, para uma pr\u00e1tica cient\u00edfica e social no campo cient\u00edfico geogr\u00e1fico;<\/p>\n<p>- Incentivar o desenvolvimento de mentalidade cient\u00edfica e profissional cr\u00edtica com rela\u00e7\u00e3o \u00e0s tem\u00e1ticas compreendidas na \u00e1rea de concentra\u00e7\u00e3o do Programa;<\/p>\n<p>- Estimular e promover a produ\u00e7\u00e3o acad\u00eamica t\u00e9cnico-cient\u00edfica por meio da realiza\u00e7\u00e3o de encontros, simp\u00f3sios, eventos, cursos e publica\u00e7\u00f5es de resultados de pesquisas em diferentes formas de divulga\u00e7\u00e3o;<\/p>\n<p>- Contribuir para o aprofundamento das reflex\u00f5es cient\u00edficas na \u00e1rea da ci\u00eancia geogr\u00e1fica, em especial no que diz respeito ao acervo te\u00f3rico-metodol\u00f3gico das pr\u00e1ticas de gest\u00e3o do territ\u00f3rio em escala local, regional e nacional;<\/p>\n\t\t\t\t<\/div>\n\t\t\t<\/div>\n\t\t<\/div>\n\t\t\t<div class=\"sow-accordion-panel\"\n\t\t\t data-anchor=\"clientela\">\n\t\t\t\t<div class=\"sow-accordion-panel-header-container\" role=\"heading\" aria-level=\"2\">\n\t\t\t\t\t<div class=\"sow-accordion-panel-header\" tabindex=\"0\" role=\"button\" id=\"accordion-label-clientela\" aria-controls=\"accordion-content-clientela\" aria-expanded=\"false\">\n\t\t\t\t\t\t<div class=\"sow-accordion-title sow-accordion-title-icon-left\">\n\t\t\t\t\t\t\t\t\t\t\t\t\t\tClientela\t\t\t\t\t\t\t\t\t\t\t\t\t<\/div>\n\t\t\t\t\t\t<div class=\"sow-accordion-open-close-button\">\n\t\t\t\t\t\t\t<div class=\"sow-accordion-open-button\">\n\t\t\t\t\t\t\t\t<span class=\"sow-icon-ionicons\" data-sow-icon=\"&#xf218;\"\n\t\t \n\t\taria-hidden=\"true\"><\/span>\t\t\t\t\t\t\t<\/div>\n\t\t\t\t\t\t\t<div class=\"sow-accordion-close-button\">\n\t\t\t\t\t\t\t\t<span class=\"sow-icon-ionicons\" data-sow-icon=\"&#xf209;\"\n\t\t \n\t\taria-hidden=\"true\"><\/span>\t\t\t\t\t\t\t<\/div>\n\t\t\t\t\t\t<\/div>\n\t\t\t\t\t<\/div>\n\t\t\t\t<\/div>\n\n\t\t\t<div\n\t\t\t\tclass=\"sow-accordion-panel-content\"\n\t\t\t\trole=\"region\"\n\t\t\t\taria-labelledby=\"accordion-label-clientela\"\n\t\t\t\tid=\"accordion-content-clientela\"\n\t\t\t\tstyle=\"display: none;\"\t\t\t>\n\t\t\t\t<div class=\"sow-accordion-panel-border\" tabindex=\"0\">\n\t\t\t\t\t<p>Graduados e Mestres em Geografia e \u00e1reas afins.<\/p>\n<p>&nbsp;<\/p>\n\t\t\t\t<\/div>\n\t\t\t<\/div>\n\t\t<\/div>\n\t\t\t<div class=\"sow-accordion-panel\"\n\t\t\t data-anchor=\"estrutura-organizacional\">\n\t\t\t\t<div class=\"sow-accordion-panel-header-container\" role=\"heading\" aria-level=\"2\">\n\t\t\t\t\t<div class=\"sow-accordion-panel-header\" tabindex=\"0\" role=\"button\" id=\"accordion-label-estrutura-organizacional\" aria-controls=\"accordion-content-estrutura-organizacional\" aria-expanded=\"false\">\n\t\t\t\t\t\t<div class=\"sow-accordion-title sow-accordion-title-icon-left\">\n\t\t\t\t\t\t\t\t\t\t\t\t\t\tEstrutura Organizacional\t\t\t\t\t\t\t\t\t\t\t\t\t<\/div>\n\t\t\t\t\t\t<div class=\"sow-accordion-open-close-button\">\n\t\t\t\t\t\t\t<div class=\"sow-accordion-open-button\">\n\t\t\t\t\t\t\t\t<span class=\"sow-icon-ionicons\" data-sow-icon=\"&#xf218;\"\n\t\t \n\t\taria-hidden=\"true\"><\/span>\t\t\t\t\t\t\t<\/div>\n\t\t\t\t\t\t\t<div class=\"sow-accordion-close-button\">\n\t\t\t\t\t\t\t\t<span class=\"sow-icon-ionicons\" data-sow-icon=\"&#xf209;\"\n\t\t \n\t\taria-hidden=\"true\"><\/span>\t\t\t\t\t\t\t<\/div>\n\t\t\t\t\t\t<\/div>\n\t\t\t\t\t<\/div>\n\t\t\t\t<\/div>\n\n\t\t\t<div\n\t\t\t\tclass=\"sow-accordion-panel-content\"\n\t\t\t\trole=\"region\"\n\t\t\t\taria-labelledby=\"accordion-label-estrutura-organizacional\"\n\t\t\t\tid=\"accordion-content-estrutura-organizacional\"\n\t\t\t\tstyle=\"display: none;\"\t\t\t>\n\t\t\t\t<div class=\"sow-accordion-panel-border\" tabindex=\"0\">\n\t\t\t\t\t<ul>\n<li>Coordena\u00e7\u00e3o (2024-26)\n<ul>\n<li>Karin Linete Hornes<\/li>\n<\/ul>\n<\/li>\n<li>Vice-Coordena\u00e7\u00e3o\n<ul>\n<li>Celbo Antonio da Fonseca Rosas<\/li>\n<\/ul>\n<\/li>\n<li>Membros do Colegiado do PPGEO-UEPG\n<ul>\n<li>Antonio Liccardo (Linha 1)<\/li>\n<li>Isonel Sandino Meneguzzo (Linha 1)<\/li>\n<li>Edson Belo Clemente de Souza (Linha 2)<\/li>\n<\/ul>\n<ul>\n<li>Nicolas Floriani (Linha 2)<\/li>\n<\/ul>\n<\/li>\n<li>Representantes Discentes\n<ul>\n<li>Felipe Gabriel Lopes Mendes (Mestrado)<\/li>\n<li>Marcela Cristina Bettega (Titular - Doutorado)<\/li>\n<li>Danilo Henrique Divardin (Suplente - Doutorado)<\/li>\n<\/ul>\n<\/li>\n<\/ul>\n<p>&nbsp;<\/p>\n\t\t\t\t<\/div>\n\t\t\t<\/div>\n\t\t<\/div>\n\t\t\t<div class=\"sow-accordion-panel\"\n\t\t\t data-anchor=\"recursos-financeiros\">\n\t\t\t\t<div class=\"sow-accordion-panel-header-container\" role=\"heading\" aria-level=\"2\">\n\t\t\t\t\t<div class=\"sow-accordion-panel-header\" tabindex=\"0\" role=\"button\" id=\"accordion-label-recursos-financeiros\" aria-controls=\"accordion-content-recursos-financeiros\" aria-expanded=\"false\">\n\t\t\t\t\t\t<div class=\"sow-accordion-title sow-accordion-title-icon-left\">\n\t\t\t\t\t\t\t\t\t\t\t\t\t\tRecursos Financeiros\t\t\t\t\t\t\t\t\t\t\t\t\t<\/div>\n\t\t\t\t\t\t<div class=\"sow-accordion-open-close-button\">\n\t\t\t\t\t\t\t<div class=\"sow-accordion-open-button\">\n\t\t\t\t\t\t\t\t<span class=\"sow-icon-ionicons\" data-sow-icon=\"&#xf218;\"\n\t\t \n\t\taria-hidden=\"true\"><\/span>\t\t\t\t\t\t\t<\/div>\n\t\t\t\t\t\t\t<div class=\"sow-accordion-close-button\">\n\t\t\t\t\t\t\t\t<span class=\"sow-icon-ionicons\" data-sow-icon=\"&#xf209;\"\n\t\t \n\t\taria-hidden=\"true\"><\/span>\t\t\t\t\t\t\t<\/div>\n\t\t\t\t\t\t<\/div>\n\t\t\t\t\t<\/div>\n\t\t\t\t<\/div>\n\n\t\t\t<div\n\t\t\t\tclass=\"sow-accordion-panel-content\"\n\t\t\t\trole=\"region\"\n\t\t\t\taria-labelledby=\"accordion-label-recursos-financeiros\"\n\t\t\t\tid=\"accordion-content-recursos-financeiros\"\n\t\t\t\tstyle=\"display: none;\"\t\t\t>\n\t\t\t\t<div class=\"sow-accordion-panel-border\" tabindex=\"0\">\n\t\t\t\t\t<p>PROAP\/CAPES - 2022: R$ 34.366,62<\/p>\n<p>&nbsp;<\/p>\n<p>&nbsp;<\/p>\n\t\t\t\t<\/div>\n\t\t\t<\/div>\n\t\t<\/div>\n\t\t<\/div>\n<\/div>\n<\/div><\/div><\/div><\/div><\/div>","protected":false},"excerpt":{"rendered":"<p>Dados Gerais DADOS GERAIS DO PROGRAMA DE P\u00d3S-GRADUA\u00c7\u00c3O EM GEOGRAFIA \u00a0MESTRADO Autorizado pela Resolu\u00e7\u00e3o UNIV. N\u00ba. 17 de 24\/08\/2005. Homologado pelo CNE (Portaria N\u00ba 1.077 \u2013 DOU 31\/08\/2012). Recomendado pela CAPES- Conceito 5 O n\u00edvel de mestrado iniciou seu funcionamento no ano de 2006. &nbsp; DOUTORADO Autorizado pela Resolu\u00e7\u00e3o UNIV. N\u00ba. 25 de 25\/06\/2012. O&nbsp;&hellip;<\/p>\n","protected":false},"author":24,"featured_media":0,"parent":0,"menu_order":0,"comment_status":"closed","ping_status":"closed","template":"","meta":[],"_links":{"self":[{"href":"https:\/\/www2.uepg.br\/ppgg\/wp-json\/wp\/v2\/pages\/117"}],"collection":[{"href":"https:\/\/www2.uepg.br\/ppgg\/wp-json\/wp\/v2\/pages"}],"about":[{"href":"https:\/\/www2.uepg.br\/ppgg\/wp-json\/wp\/v2\/types\/page"}],"author":[{"embeddable":true,"href":"https:\/\/www2.uepg.br\/ppgg\/wp-json\/wp\/v2\/users\/24"}],"replies":[{"embeddable":true,"href":"https:\/\/www2.uepg.br\/ppgg\/wp-json\/wp\/v2\/comments?post=117"}],"version-history":[{"count":13,"href":"https:\/\/www2.uepg.br\/ppgg\/wp-json\/wp\/v2\/pages\/117\/revisions"}],"predecessor-version":[{"id":1782,"href":"https:\/\/www2.uepg.br\/ppgg\/wp-json\/wp\/v2\/pages\/117\/revisions\/1782"}],"wp:attachment":[{"href":"https:\/\/www2.uepg.br\/ppgg\/wp-json\/wp\/v2\/media?parent=117"}],"curies":[{"name":"wp","href":"https:\/\/api.w.org\/{rel}","templated":true}]}}