{"id":123,"date":"2020-12-10T09:51:32","date_gmt":"2020-12-10T12:51:32","guid":{"rendered":"http:\/\/www2.uepg.br\/ppgeo\/?page_id=123"},"modified":"2020-12-10T09:51:32","modified_gmt":"2020-12-10T12:51:32","slug":"linhas-de-pesquisa","status":"publish","type":"page","link":"https:\/\/www2.uepg.br\/ppgg\/linhas-de-pesquisa\/","title":{"rendered":"Linhas de Pesquisa"},"content":{"rendered":"<h4 style=\"text-align: center;\"><strong>Din\u00e2micas Naturais e An\u00e1lise Socioambiental<\/strong><\/h4>\n<p>Produ\u00e7\u00e3o de conhecimentos e desenvolvimento de metodologias aplicadas \u00e0 compreens\u00e3o dos processos relacionados \u00e0 interface sociedade-natureza, como: gest\u00e3o de bacias hidrogr\u00e1ficas, ecologia da paisagem, geossistema, sistema de informa\u00e7\u00f5es, processos geomorfol\u00f3gicos, riscos ambientais, estudos de paleoambientes e turismo em \u00e1reas naturais<\/p>\n<p>&nbsp;<\/p>\n<h4 style=\"text-align: center;\"><strong>An\u00e1lises Socioecon\u00f4micas e Din\u00e2micas Regionais e Urbanas<\/strong><\/h4>\n<p>Aborda quest\u00f5es relativas \u00e0s diferentes escalas de poder e das pr\u00e1ticas sociais no que se refere \u00e0 complexidade atual das dimens\u00f5es econ\u00f4mica, pol\u00edtica e cultural do territ\u00f3rio, avaliando quest\u00f5es como: popula\u00e7\u00f5es tradicionais, comunidades \u00e9tnicas, g\u00eanero, patrim\u00f4nio, desenvolvimento territorial, planejamento e pol\u00edticas p\u00fablicas.<\/p>\n<p>&nbsp;<\/p>\n","protected":false},"excerpt":{"rendered":"<p>Din\u00e2micas Naturais e An\u00e1lise Socioambiental Produ\u00e7\u00e3o de conhecimentos e desenvolvimento de metodologias aplicadas \u00e0 compreens\u00e3o dos processos relacionados \u00e0 interface sociedade-natureza, como: gest\u00e3o de bacias hidrogr\u00e1ficas, ecologia da paisagem, geossistema, sistema de informa\u00e7\u00f5es, processos geomorfol\u00f3gicos, riscos ambientais, estudos de paleoambientes e turismo em \u00e1reas naturais &nbsp; An\u00e1lises Socioecon\u00f4micas e Din\u00e2micas Regionais e Urbanas Aborda quest\u00f5es&nbsp;&hellip;<\/p>\n","protected":false},"author":24,"featured_media":0,"parent":0,"menu_order":0,"comment_status":"closed","ping_status":"closed","template":"","meta":[],"_links":{"self":[{"href":"https:\/\/www2.uepg.br\/ppgg\/wp-json\/wp\/v2\/pages\/123"}],"collection":[{"href":"https:\/\/www2.uepg.br\/ppgg\/wp-json\/wp\/v2\/pages"}],"about":[{"href":"https:\/\/www2.uepg.br\/ppgg\/wp-json\/wp\/v2\/types\/page"}],"author":[{"embeddable":true,"href":"https:\/\/www2.uepg.br\/ppgg\/wp-json\/wp\/v2\/users\/24"}],"replies":[{"embeddable":true,"href":"https:\/\/www2.uepg.br\/ppgg\/wp-json\/wp\/v2\/comments?post=123"}],"version-history":[{"count":1,"href":"https:\/\/www2.uepg.br\/ppgg\/wp-json\/wp\/v2\/pages\/123\/revisions"}],"predecessor-version":[{"id":124,"href":"https:\/\/www2.uepg.br\/ppgg\/wp-json\/wp\/v2\/pages\/123\/revisions\/124"}],"wp:attachment":[{"href":"https:\/\/www2.uepg.br\/ppgg\/wp-json\/wp\/v2\/media?parent=123"}],"curies":[{"name":"wp","href":"https:\/\/api.w.org\/{rel}","templated":true}]}}