{"id":162,"date":"2020-12-11T09:29:55","date_gmt":"2020-12-11T12:29:55","guid":{"rendered":"http:\/\/www2.uepg.br\/ppgg\/?page_id=162"},"modified":"2022-04-08T14:54:33","modified_gmt":"2022-04-08T17:54:33","slug":"grupos-de-pesquisa","status":"publish","type":"page","link":"https:\/\/www2.uepg.br\/ppgg\/grupos-de-pesquisa\/","title":{"rendered":"Grupos de Pesquisa"},"content":{"rendered":"<h4 style=\"padding-left: 40px\">Grupos de Pesquisa do Programa<\/h4>\n<ul>\n<li style=\"list-style-type: none\">\n<ul>\n<li><a title=\"Caracteriza\u00e7\u00e3o da biodiversidade da vegeta\u00e7\u00e3o dos Campos Gerais\" href=\"http:\/\/dgp.cnpq.br\/buscaoperacional\/detalhegrupo.jsp?grupo=0059203H2CJT4E\" target=\"_blank\" rel=\"noopener\"> Caracteriza\u00e7\u00e3o da biodiversidade da vegeta\u00e7\u00e3o dos Campos Gerais <\/a>\n<ul>\n<li>Coordenador:\u00a0Rosemeri Segecin Moro<\/li>\n<li>Linha Pesquisa:\u00a0Din\u00e2micas Naturais e An\u00e1lise Socioambiental<\/li>\n<\/ul>\n<\/li>\n<\/ul>\n<\/li>\n<\/ul>\n<p>&nbsp;<\/p>\n<ul>\n<li style=\"list-style-type: none\">\n<ul>\n<li><a title=\"GEGATE - Grupo de estudos de geografia agr\u00e1ria e territ\u00f3rio (UEPG)\" href=\"http:\/\/dgp.cnpq.br\/dgp\/espelhogrupo\/4867338742515946\" target=\"_blank\" rel=\"noopener\"> GEGATE &#8211; Grupo de estudos de geografia agr\u00e1ria e territ\u00f3rio (UEPG) <\/a>\n<ul>\n<li>Coordenador: Celbo Antonio da Fonseca Rosas<\/li>\n<li>Linha Pesquisa:\u00a0An\u00e1lises Socioecon\u00f4micas e Din\u00e2micas Regionais e Urbanas<\/li>\n<\/ul>\n<\/li>\n<\/ul>\n<\/li>\n<\/ul>\n<ul>\n<li style=\"list-style-type: none\">\n<ul>\n<li><a title=\"Geoturismo e Geoparques (UEPG)\" href=\"http:\/\/dgp.cnpq.br\/buscaoperacional\/detalhegrupo.jsp?grupo=0059613BLS2W5D\" target=\"_blank\" rel=\"noopener\"> Geoturismo e Geoparques (UEPG) <\/a>\n<ul>\n<li>Coordenador:\u00a0Jasmine Cardozo Moreira<\/li>\n<li>Linha Pesquisa:\u00a0Din\u00e2micas Naturais e An\u00e1lise Socioambiental<\/li>\n<\/ul>\n<\/li>\n<\/ul>\n<\/li>\n<\/ul>\n<p>&nbsp;<\/p>\n<ul>\n<li style=\"list-style-type: none\">\n<ul>\n<li><a title=\"GETE - Grupo de Estudos Territoriais (UEPG)\" href=\"http:\/\/dgp.cnpq.br\/buscaoperacional\/detalhegrupo.jsp?grupo=00597063EGZTQ7\" target=\"_blank\" rel=\"noopener\"> GETE &#8211; Grupo de Estudos Territoriais (UEPG) <\/a>\n<ul>\n<li>Coordenador:\u00a0Joseli Maria Silva<\/li>\n<li>Linha Pesquisa:\u00a0An\u00e1lises Socioecon\u00f4micas e Din\u00e2micas Regionais e Urbanas<\/li>\n<\/ul>\n<\/li>\n<\/ul>\n<\/li>\n<\/ul>\n<p>&nbsp;<\/p>\n<ul>\n<li style=\"list-style-type: none\">\n<ul>\n<li><a title=\"Grupo de Estudos sobre Geodesenvolvimento-GeoDes\" href=\"http:\/\/dgp.cnpq.br\/buscaoperacional\/detalhegrupo.jsp?grupo=00597066GNW8IP\" target=\"_blank\" rel=\"noopener\"> Grupo de Estudos sobre Geodesenvolvimento-GeoDes <\/a>\n<ul>\n<li>Coordenador:\u00a0Luiz Alexandre Gon\u00e7alves Cunha<\/li>\n<li>Linha Pesquisa:\u00a0An\u00e1lises Socioecon\u00f4micas e Din\u00e2micas Regionais e Urbanas<\/li>\n<\/ul>\n<\/li>\n<\/ul>\n<\/li>\n<\/ul>\n<p>&nbsp;<\/p>\n<ul>\n<li style=\"list-style-type: none\">\n<ul>\n<li><a title=\"Grupo de Estudos Urbanos e Regionais (GEUR)\" href=\"http:\/\/dgp.cnpq.br\/dgp\/espelhogrupo\/320804\" target=\"_blank\" rel=\"noopener\"> Grupo de Estudos Urbanos e Regionais (GEUR) <\/a>\n<ul>\n<li>Coordenador:\u00a0Edson Belo Clemente de Souza<\/li>\n<li>Linha Pesquisa:\u00a0An\u00e1lises Socioecon\u00f4micas e Din\u00e2micas Regionais e Urbanas<\/li>\n<\/ul>\n<\/li>\n<\/ul>\n<\/li>\n<\/ul>\n<p>&nbsp;<\/p>\n<ul>\n<li style=\"list-style-type: none\">\n<ul>\n<li><a title=\"Grupo de Pr\u00e1ticas de Pesquisas Qualitativas em Geografia\" href=\"http:\/\/lattes.cnpq.br\/web\/dgp\" target=\"_blank\" rel=\"noopener\"> Grupo de Pr\u00e1ticas de Pesquisas Qualitativas em Geografia <\/a>\n<ul>\n<li>Coordenador:\u00a0Almir Nabozny<\/li>\n<li>Linha Pesquisa:\u00a0An\u00e1lises Socioecon\u00f4micas e Din\u00e2micas Regionais e Urbanas<\/li>\n<\/ul>\n<\/li>\n<\/ul>\n<\/li>\n<\/ul>\n<p>&nbsp;<\/p>\n<ul>\n<li style=\"list-style-type: none\">\n<ul>\n<li><a title=\"Grupo Palaios - Paleontologia Estratigr\u00e1fica (UEPG)\" href=\"http:\/\/dgp.cnpq.br\/buscaoperacional\/detalhegrupo.jsp?grupo=0059107YLGSVIO\" target=\"_blank\" rel=\"noopener\"> Grupo Palaios &#8211; Paleontologia Estratigr\u00e1fica (UEPG) <\/a>\n<ul>\n<li>Coordenador:\u00a0Elvio Pinto Bosetti<\/li>\n<li>Linha Pesquisa:\u00a0Din\u00e2micas Naturais e An\u00e1lise Socioambiental<\/li>\n<\/ul>\n<\/li>\n<\/ul>\n<\/li>\n<\/ul>\n<p>&nbsp;<\/p>\n<ul>\n<li style=\"list-style-type: none\">\n<ul>\n<li><a title=\"Interconex\u00f5es: Saberes, Pr\u00e1ticas e Pol\u00edticas de Natureza\" href=\"http:\/\/dgp.cnpq.br\/buscaoperacional\/detalhegrupo.jsp?grupo=0059706FMW8HPY\" target=\"_blank\" rel=\"noopener\"> Interconex\u00f5es: Saberes, Pr\u00e1ticas e Pol\u00edticas de Natureza <\/a>\n<ul>\n<li>Coordenador:\u00a0Nicolas Floriani<\/li>\n<li>Linha Pesquisa:\u00a0Din\u00e2micas Naturais e An\u00e1lise Socioambiental<\/li>\n<\/ul>\n<\/li>\n<\/ul>\n<\/li>\n<\/ul>\n<p>&nbsp;<\/p>\n<ul>\n<li style=\"list-style-type: none\">\n<ul>\n<li><a title=\"ROTAGEO (UEPG)\" href=\"http:\/\/dgp.cnpq.br\/buscaoperacional\/detalhegrupo.jsp?grupo=00597063FOW5HR\" target=\"_blank\" rel=\"noopener\"> ROTAGEO (UEPG) <\/a>\n<ul>\n<li>Coordenador:\u00a0Maria Ligia Cassol Pinto<\/li>\n<li>Linha Pesquisa:\u00a0An\u00e1lises Socioecon\u00f4micas e Din\u00e2micas Regionais e Urbanas<\/li>\n<\/ul>\n<\/li>\n<\/ul>\n<\/li>\n<\/ul>\n<p>&nbsp;<\/p>\n<p>&nbsp;<\/p>\n","protected":false},"excerpt":{"rendered":"<p>Grupos de Pesquisa do Programa Caracteriza\u00e7\u00e3o da biodiversidade da vegeta\u00e7\u00e3o dos Campos Gerais Coordenador:\u00a0Rosemeri Segecin Moro Linha Pesquisa:\u00a0Din\u00e2micas Naturais e An\u00e1lise Socioambiental &nbsp; GEGATE &#8211; Grupo de estudos de geografia agr\u00e1ria e territ\u00f3rio (UEPG) Coordenador: Celbo Antonio da Fonseca Rosas Linha Pesquisa:\u00a0An\u00e1lises Socioecon\u00f4micas e Din\u00e2micas Regionais e Urbanas Geoturismo e Geoparques (UEPG) Coordenador:\u00a0Jasmine Cardozo Moreira&nbsp;&hellip;<\/p>\n","protected":false},"author":24,"featured_media":0,"parent":0,"menu_order":0,"comment_status":"closed","ping_status":"closed","template":"","meta":[],"_links":{"self":[{"href":"https:\/\/www2.uepg.br\/ppgg\/wp-json\/wp\/v2\/pages\/162"}],"collection":[{"href":"https:\/\/www2.uepg.br\/ppgg\/wp-json\/wp\/v2\/pages"}],"about":[{"href":"https:\/\/www2.uepg.br\/ppgg\/wp-json\/wp\/v2\/types\/page"}],"author":[{"embeddable":true,"href":"https:\/\/www2.uepg.br\/ppgg\/wp-json\/wp\/v2\/users\/24"}],"replies":[{"embeddable":true,"href":"https:\/\/www2.uepg.br\/ppgg\/wp-json\/wp\/v2\/comments?post=162"}],"version-history":[{"count":3,"href":"https:\/\/www2.uepg.br\/ppgg\/wp-json\/wp\/v2\/pages\/162\/revisions"}],"predecessor-version":[{"id":959,"href":"https:\/\/www2.uepg.br\/ppgg\/wp-json\/wp\/v2\/pages\/162\/revisions\/959"}],"wp:attachment":[{"href":"https:\/\/www2.uepg.br\/ppgg\/wp-json\/wp\/v2\/media?parent=162"}],"curies":[{"name":"wp","href":"https:\/\/api.w.org\/{rel}","templated":true}]}}