{"id":167,"date":"2020-12-11T09:56:32","date_gmt":"2020-12-11T12:56:32","guid":{"rendered":"http:\/\/www2.uepg.br\/ppgg\/?page_id=167"},"modified":"2025-11-03T14:50:23","modified_gmt":"2025-11-03T17:50:23","slug":"legislacao","status":"publish","type":"page","link":"https:\/\/www2.uepg.br\/ppgg\/legislacao\/","title":{"rendered":"Legisla\u00e7\u00e3o"},"content":{"rendered":"<p>&nbsp;<\/p>\n<p><a href=\"http:\/\/www2.uepg.br\/ppgg\/wp-content\/uploads\/sites\/161\/2025\/11\/CONFERENCIAS-INSTITUCIONAIS-DE-PESQUISA-E-POS-GRADUACAO-\u2013.pdf\">CONFER\u00caNCIAS INSTITUCIONAIS DE PESQUISA E P\u00d3S-GRADUA\u00c7\u00c3O \u2013<\/a><\/p>\n<p><a href=\"http:\/\/www2.uepg.br\/ppgg\/wp-content\/uploads\/sites\/161\/2024\/03\/28_-2_RevisA\u0303o_Manual-Discente_PPGEO-UEPG.pdf\">MANUAL DO DISCENTE 2024 -PPGEO-UEPG<\/a><\/p>\n<p>26\/03\/2024 &#8211; <a href=\"http:\/\/www2.uepg.br\/ppgg\/wp-content\/uploads\/sites\/161\/2024\/03\/SEI_UEPG-1921015-Atividades-de-bolsistas-de-DS.pdf\">INSTRU\u00c7\u00c3O NORMATIVA 01\/2024 &#8211; ATIVIDADES DE BOLSISTAS DE DEMANDA SOCIAL<\/a><\/p>\n<p>06\/12\/2020 18:03 &#8211; <a href=\"http:\/\/www2.uepg.br\/ppgg\/wp-content\/uploads\/sites\/161\/2020\/12\/94e56396c6492ec44e41ca06a7635d7c.pdf\" target=\"_blank\" rel=\"noopener\">Plano de Objetivos e Metas PPGG (2018 &#8211; 2022)<\/a><\/p>\n<p>29\/04\/2020 17:04 &#8211; <a href=\"http:\/\/www2.uepg.br\/ppgg\/wp-content\/uploads\/sites\/161\/2020\/12\/39a2f14dd6c18b05b7a8c70f47cd7631.pdf\" target=\"_blank\" rel=\"noopener\">INSTRU\u00c7\u00c3O NORMATIVA N\u00ba 01\/2020 &#8211; DIRETRIZES PARA A ELABORA\u00c7\u00c3O ANUAL DO RELAT\u00d3RIO SUCUPIRA \u2013 CAPES<\/a><\/p>\n<p>29\/04\/2020 17:03 &#8211; <a href=\"http:\/\/www2.uepg.br\/ppgg\/wp-content\/uploads\/sites\/161\/2020\/12\/8aae5dbf9cd3558f1cf67c75e903cf32.pdf\">RESOLU\u00c7\u00c3O CEPE N\u00ba 2020.7 &#8211; APROVA ALTERA\u00c7\u00d5ES NO REGULAMENTO GERAL DOS PROGRAMAS DE P\u00d3S-GRADUA\u00c7\u00c3O STRICTO SENSU DA UEPG<\/a><\/p>\n<p>12\/09\/2019 13:18 &#8211; <a href=\"http:\/\/www2.uepg.br\/ppgg\/wp-content\/uploads\/sites\/161\/2020\/12\/71035e3cebdb0c4ebc73417ff8b05706.pdf\" target=\"_blank\" rel=\"noopener\">INSTRU\u00c7\u00c3O NORMATIVA N\u00ba 04\/2019 &#8211; PRIORIDADE DE DESTINA\u00c7\u00c3O DO RECURSO DO PPGEO PARA OS ANOS DE 2019\/2020<\/a><\/p>\n<p>12\/09\/2019 13:17 &#8211; <a href=\"http:\/\/www2.uepg.br\/ppgg\/wp-content\/uploads\/sites\/161\/2020\/12\/7e5e847fb2094133d5ba9a48c48b5f32.pdf\">INSTRU\u00c7\u00c3O NORMATIVA N\u00ba 03\/2019 &#8211; CONCESS\u00c3O DE CR\u00c9DITOS DE AUDI\u00caNCIA EM DEFESAS DE MESTRADO E DOUTORADO NO PPGEO<\/a><\/p>\n<p>04\/06\/2019 13:50 &#8211; <a href=\"http:\/\/www2.uepg.br\/ppgg\/wp-content\/uploads\/sites\/161\/2020\/12\/a93f98e232709c53e3d4a62709dc9065.pdf\">INSTRU\u00c7\u00c3O NORMATIVA N\u00ba 02\/2019 &#8211; JUSTIFICATIVAS PARA PRORROGA\u00c7\u00c3O DE DEFESA DE DISSERTA\u00c7\u00c3O E TESE<\/a><\/p>\n<p>04\/06\/2019 13:50 &#8211; <a href=\"http:\/\/www2.uepg.br\/ppgg\/wp-content\/uploads\/sites\/161\/2020\/12\/2f1132f79ed25abb683ee7e20f39008d.pdf\" target=\"_blank\" rel=\"noopener\">INSTRU\u00c7\u00c3O NORMATIVA N\u00ba 01\/2019 &#8211; HORAS DE DEDICA\u00c7\u00c3O DOS BOLSISTAS MESTRADO E DOUTORADO AO PPGEO<\/a><\/p>\n<p>21\/05\/2019 10:44 &#8211; <a href=\"http:\/\/www2.uepg.br\/ppgg\/wp-content\/uploads\/sites\/161\/2020\/12\/2c0d6b5f5e5f67ab414b8ad55bdf237b.pdf\">Manual dos Discentes do PPGEO<\/a><\/p>\n<p>07\/12\/2018 09:31 &#8211; <a href=\"http:\/\/www2.uepg.br\/ppgg\/wp-content\/uploads\/sites\/161\/2020\/12\/4d81c9fe7f6f4558e91dfa37670a0d38.pdf\">INSTRU\u00c7\u00c3O NORMATIVA N\u00ba 01\/2018 &#8211; EST\u00c1GIO DE P\u00d3S-DOUTORADO<\/a><\/p>\n<p>02\/10\/2018 16:56 &#8211; )<a href=\"http:\/\/www2.uepg.br\/ppgg\/wp-content\/uploads\/sites\/161\/2020\/12\/8c8665ef3c39509998eb921ce6ce0abd.pdf\">Regulamento do Programa de P\u00f3s-gradua\u00e7\u00e3o em Geografia (Ingressantes a partir de 2019<\/a><\/p>\n<p>27\/06\/2017 14:54 &#8211; <a href=\"http:\/\/www2.uepg.br\/ppgg\/wp-content\/uploads\/sites\/161\/2020\/12\/1b6ac0d6a9514834e302ca5dc7575594.pdf\">Resolu\u00e7\u00e3o CEPE n\u00ba 30\/2016 &#8211; Orienta\u00e7\u00e3o de Dissertacao de Mestrado e Tese de Doutorado<\/a><\/p>\n<p>09\/09\/2016 15:39 &#8211; <a href=\"http:\/\/www2.uepg.br\/ppgg\/wp-content\/uploads\/sites\/161\/2020\/12\/448538a63631073974668ed523d0d1fd.pdf\">Resolu\u00e7\u00e3o CEPE 021\/2016 &#8211; Regulamento do Est\u00e1gio de Doc\u00eancia de Discentes dos Cursos PPG Stricto Sensu<\/a><\/p>\n<p>09\/09\/2016 15:38 &#8211; <a href=\"http:\/\/www2.uepg.br\/ppgg\/wp-content\/uploads\/sites\/161\/2020\/12\/7f112caec6d36bed46b27c1810d2cc4c.pdf\">Resolu\u00e7\u00e3o CEPE 020\/2016 &#8211; Regulamento Geral dos PPG Stricto Sensu da UEPG<\/a><\/p>\n<p>09\/09\/2016 15:37 &#8211; <a href=\"http:\/\/www2.uepg.br\/ppgg\/wp-content\/uploads\/sites\/161\/2020\/12\/26d17b0c2830ba2b8fe262561eda33ba.pdf\">Regulamento de Est\u00e1gio de P\u00f3s-Doutorado nos PPGs\/2016<\/a><\/p>\n<p>07\/04\/2015 14:26 &#8211; <a href=\"http:\/\/www2.uepg.br\/ppgg\/wp-content\/uploads\/sites\/161\/2020\/12\/6f7c9a57de8963942ecf01e6745f7e6b.pdf\">INSTRU\u00c7\u00c3O NORMATIVA N\u00ba 03\/2015 &#8211; ATIVIDADES DE BOLSISTAS DO PROGRAMA DE DOUTORADO SANDU\u00cdCHE NO EXTERIOR \u2013 CAPES (PDSE)<\/a><\/p>\n<p>07\/04\/2015 14:25 &#8211; <a href=\"http:\/\/www2.uepg.br\/ppgg\/wp-content\/uploads\/sites\/161\/2020\/12\/91bf387dd23a09b6fba794aa2ebdb226.pdf\">INSTRU\u00c7\u00c3O NORMATIVA N\u00ba 02\/2015 &#8211; ATIVIDADES DE BOLSISTAS DE DEMANDA SOCIAL<\/a><\/p>\n<p>07\/04\/2015 14:24 &#8211; <a href=\"http:\/\/www2.uepg.br\/ppgg\/wp-content\/uploads\/sites\/161\/2020\/12\/ed838571eef53b81d2eb601576cd179c.pdf\">INSTRU\u00c7\u00c3O NORMATIVA N\u00ba 01\/2015 &#8211; ATIVIDADES DA COMISS\u00c3O DE BOLSAS<\/a><\/p>\n<p>18\/12\/2014 14:04 &#8211; <a href=\"http:\/\/www2.uepg.br\/ppgg\/wp-content\/uploads\/sites\/161\/2020\/12\/885f2c320a7f0a1a21ddb75679603f66.pdf\">Portaria CAPES n\u00ba 144 de 20 de outubro de 2009 &#8211; Programa Pr\u00f3-Multiplicar<\/a><\/p>\n<p>15\/10\/2014 09:30 &#8211; <a href=\"http:\/\/www2.uepg.br\/ppgg\/wp-content\/uploads\/sites\/161\/2020\/12\/2eb402bf4fb32287b0d2805b044556b4.pdf\">Portaria n\u00ba 086, de 03 de julho de 2013 &#8211; Programa Nacional de P\u00f3s Doutorado da CAPES<\/a><\/p>\n<p>03\/07\/2014 11:15 &#8211; <a href=\"http:\/\/www2.uepg.br\/ppgg\/wp-content\/uploads\/sites\/161\/2020\/12\/2da04493e58c55b6cb3a31d155975521.pdf\">Portaria CAPES n\u00ba 69, de 2 de maio de 2013 &#8211; Regulamento do Programa de Doutorado Sandu\u00edche no Exterior \u2013 PDSE<\/a><\/p>\n<p>21\/02\/2014 11:01 &#8211; <a href=\"http:\/\/www2.uepg.br\/ppgg\/wp-content\/uploads\/sites\/161\/2020\/12\/501d7ea8bf267aa1293dcf847f04671a.pdf\" target=\"_blank\" rel=\"noopener\">Resolu\u00e7\u00e3o UNIV n\u00ba 25 de 25\/06\/2012 &#8211; Autoriza\u00e7\u00e3o Curso de Doutorado<\/a><\/p>\n<p>21\/02\/2014 11:01 &#8211; <a href=\"http:\/\/www2.uepg.br\/ppgg\/wp-content\/uploads\/sites\/161\/2020\/12\/cfbe829f4fde05c27b97f501d1390f4c.pdf\">Portaria 1.077 de 31\/09\/2012 &#8211; Homologa\u00e7\u00e3o do Curso de Mestrado<\/a><\/p>\n<p>21\/02\/2014 10:59 &#8211; <a href=\"http:\/\/www2.uepg.br\/ppgg\/wp-content\/uploads\/sites\/161\/2020\/12\/accb4d5390cef3be776e3940c8f374a7.pdf\">Resolu\u00e7\u00e3o UNIV n\u00ba 17 de 24\/08\/2005 &#8211; Autoriza\u00e7\u00e3o do Curso de Mestrado<\/a><\/p>\n<p>03\/10\/2013 12:26 &#8211; <a href=\"http:\/\/www2.uepg.br\/ppgg\/wp-content\/uploads\/sites\/161\/2020\/12\/e017e026b3026ad93b1936a0d6000835.pdf\">Regulamento Geral dos Programas de P\u00f3s-gradua\u00e7\u00e3o da UEPG<\/a><\/p>\n<p>03\/10\/2013 12:26 &#8211; <a href=\"http:\/\/www2.uepg.br\/ppgg\/wp-content\/uploads\/sites\/161\/2020\/12\/c5c55376d5c84139bd000cbd53ec80e3.pdf\">Regulamento do Programa de P\u00f3s-gradua\u00e7\u00e3o em Geografia (Turma 2013)<\/a><\/p>\n<p>27\/09\/2013 16:23 &#8211; <a href=\"http:\/\/www2.uepg.br\/ppgg\/wp-content\/uploads\/sites\/161\/2020\/12\/4584c07b3077944714c0890c1ec68acf.pdf\">Portaria PROAP-CAPES<\/a><\/p>\n<p>27\/09\/2013 16:23 &#8211; <a href=\"http:\/\/www2.uepg.br\/ppgg\/wp-content\/uploads\/sites\/161\/2020\/12\/afe934a7d0a61021e82d235af66f6e85.pdf\">Portaria Demanda Social de Bolsas<\/a><\/p>\n<p>&nbsp;<\/p>\n","protected":false},"excerpt":{"rendered":"<p>&nbsp; CONFER\u00caNCIAS INSTITUCIONAIS DE PESQUISA E P\u00d3S-GRADUA\u00c7\u00c3O \u2013 MANUAL DO DISCENTE 2024 -PPGEO-UEPG 26\/03\/2024 &#8211; INSTRU\u00c7\u00c3O NORMATIVA 01\/2024 &#8211; ATIVIDADES DE BOLSISTAS DE DEMANDA SOCIAL 06\/12\/2020 18:03 &#8211; Plano de Objetivos e Metas PPGG (2018 &#8211; 2022) 29\/04\/2020 17:04 &#8211; INSTRU\u00c7\u00c3O NORMATIVA N\u00ba 01\/2020 &#8211; DIRETRIZES PARA A ELABORA\u00c7\u00c3O ANUAL DO RELAT\u00d3RIO SUCUPIRA \u2013 CAPES&nbsp;&hellip;<\/p>\n","protected":false},"author":24,"featured_media":0,"parent":0,"menu_order":0,"comment_status":"closed","ping_status":"closed","template":"","meta":[],"_links":{"self":[{"href":"https:\/\/www2.uepg.br\/ppgg\/wp-json\/wp\/v2\/pages\/167"}],"collection":[{"href":"https:\/\/www2.uepg.br\/ppgg\/wp-json\/wp\/v2\/pages"}],"about":[{"href":"https:\/\/www2.uepg.br\/ppgg\/wp-json\/wp\/v2\/types\/page"}],"author":[{"embeddable":true,"href":"https:\/\/www2.uepg.br\/ppgg\/wp-json\/wp\/v2\/users\/24"}],"replies":[{"embeddable":true,"href":"https:\/\/www2.uepg.br\/ppgg\/wp-json\/wp\/v2\/comments?post=167"}],"version-history":[{"count":19,"href":"https:\/\/www2.uepg.br\/ppgg\/wp-json\/wp\/v2\/pages\/167\/revisions"}],"predecessor-version":[{"id":2329,"href":"https:\/\/www2.uepg.br\/ppgg\/wp-json\/wp\/v2\/pages\/167\/revisions\/2329"}],"wp:attachment":[{"href":"https:\/\/www2.uepg.br\/ppgg\/wp-json\/wp\/v2\/media?parent=167"}],"curies":[{"name":"wp","href":"https:\/\/api.w.org\/{rel}","templated":true}]}}