{"id":324,"date":"2020-12-14T10:46:12","date_gmt":"2020-12-14T13:46:12","guid":{"rendered":"http:\/\/www2.uepg.br\/ppgg\/?page_id=324"},"modified":"2021-05-14T12:21:22","modified_gmt":"2021-05-14T15:21:22","slug":"credenciamento-de-docentes","status":"publish","type":"page","link":"https:\/\/www2.uepg.br\/ppgg\/credenciamento-de-docentes\/","title":{"rendered":"Credenciamento de Docentes"},"content":{"rendered":"<p><a href=\"http:\/\/www2.uepg.br\/ppgg\/wp-content\/uploads\/sites\/161\/2020\/12\/Edital_29_2020_Credencimento_Docentes_PPGEO_FINAL.pdf\">EDITAL N\u00ba 29\/2020 CREDENCIAMENTO NOVOS DOCENTES PPGEO<\/a><\/p>\n<p>06\/12\/2020 17:44 &#8211; <a href=\"http:\/\/www2.uepg.br\/ppgg\/wp-content\/uploads\/sites\/161\/2020\/12\/dce4fb6a7aebcce798c38169444ccced.pdf\" target=\"_blank\" rel=\"noopener\">INSTRU\u00c7\u00c3O NORMATIVA N\u00ba 02\/2020 &#8211; DIRETRIZES PARA O CREDENCIAMENTO, MANUTEN\u00c7\u00c3O DE CREDENCIAMENTO E REALIZA\u00c7\u00c3O DE DESCREDENCIAMENTO DE DOCENTES NO PPGEO &#8211; UEPG<\/a><\/p>\n<p>&nbsp;<\/p>\n","protected":false},"excerpt":{"rendered":"<p>EDITAL N\u00ba 29\/2020 CREDENCIAMENTO NOVOS DOCENTES PPGEO 06\/12\/2020 17:44 &#8211; INSTRU\u00c7\u00c3O NORMATIVA N\u00ba 02\/2020 &#8211; DIRETRIZES PARA O CREDENCIAMENTO, MANUTEN\u00c7\u00c3O DE CREDENCIAMENTO E REALIZA\u00c7\u00c3O DE DESCREDENCIAMENTO DE DOCENTES NO PPGEO &#8211; UEPG &nbsp;<\/p>\n","protected":false},"author":24,"featured_media":0,"parent":0,"menu_order":0,"comment_status":"closed","ping_status":"closed","template":"","meta":[],"_links":{"self":[{"href":"https:\/\/www2.uepg.br\/ppgg\/wp-json\/wp\/v2\/pages\/324"}],"collection":[{"href":"https:\/\/www2.uepg.br\/ppgg\/wp-json\/wp\/v2\/pages"}],"about":[{"href":"https:\/\/www2.uepg.br\/ppgg\/wp-json\/wp\/v2\/types\/page"}],"author":[{"embeddable":true,"href":"https:\/\/www2.uepg.br\/ppgg\/wp-json\/wp\/v2\/users\/24"}],"replies":[{"embeddable":true,"href":"https:\/\/www2.uepg.br\/ppgg\/wp-json\/wp\/v2\/comments?post=324"}],"version-history":[{"count":3,"href":"https:\/\/www2.uepg.br\/ppgg\/wp-json\/wp\/v2\/pages\/324\/revisions"}],"predecessor-version":[{"id":557,"href":"https:\/\/www2.uepg.br\/ppgg\/wp-json\/wp\/v2\/pages\/324\/revisions\/557"}],"wp:attachment":[{"href":"https:\/\/www2.uepg.br\/ppgg\/wp-json\/wp\/v2\/media?parent=324"}],"curies":[{"name":"wp","href":"https:\/\/api.w.org\/{rel}","templated":true}]}}