{"id":327,"date":"2020-12-14T10:48:02","date_gmt":"2020-12-14T13:48:02","guid":{"rendered":"http:\/\/www2.uepg.br\/ppgg\/?page_id=327"},"modified":"2020-12-17T14:34:56","modified_gmt":"2020-12-17T17:34:56","slug":"alunos-estrangeiros","status":"publish","type":"page","link":"https:\/\/www2.uepg.br\/ppgg\/alunos-estrangeiros\/","title":{"rendered":"Alunos Estrangeiros"},"content":{"rendered":"<h4 style=\"text-align: center;\"><strong>PROCESSO SELETIVO INTERNACIONAL<\/strong><\/h4>\n<p>Diretrizes internas aprovadas em reuni\u00e3o de Colegiado do dia 28 de maio de 2014.<\/p>\n<p>&nbsp;<\/p>\n<ol>\n<li>A inscri\u00e7\u00e3o de candidatos estrangeiros, residentes no exterior, dever\u00e1 ser realizada atrav\u00e9s do site do PPGG, a qualquer tempo, e constar\u00e1 de:<\/li>\n<\/ol>\n<ol>\n<li>Formul\u00e1rio (<a href=\"https:\/\/www2.uepg.br\/ppgg\/formularios-e-modelos\/\">https:\/\/www2.uepg.br\/ppgg\/formularios-e-modelos\/<\/a>) solicitando a inscri\u00e7\u00e3o no Curso de Mestrado ou Doutorado, declarando a linha de pesquisa pretendida dentre as duas oferecidas pelo PPGG, poss\u00edvel orientador e o prazo necess\u00e1rio para recebimento da eventual carta de aceite;<\/li>\n<li>Curriculum Vitae gerado na Plataforma Lattes (<a href=\"http:\/\/lattes.cnpq.br\/\">http:\/\/lattes.cnpq.br\/<\/a>) com a produ\u00e7\u00e3o cient\u00edfica-t\u00e9cnica dos \u00faltimos 05 (cinco) anos;<\/li>\n<li>Anteprojeto de pesquisa (<a href=\"https:\/\/www2.uepg.br\/ppgg\/formularios-e-modelos\/\">https:\/\/www2.uepg.br\/ppgg\/formularios-e-modelos\/<\/a>) &#8211; em portugu\u00eas, ingl\u00eas ou espanhol;<\/li>\n<li>Carta de refer\u00eancia do Coordenador de Curso (ou cargo equivalente) da institui\u00e7\u00e3o em que concluiu a gradua\u00e7\u00e3o (para os candidatos ao Mestrado) ou em que concluiu o mestrado (para candidatos ao Doutorado) &#8211; em portugu\u00eas, ingl\u00eas ou espanhol.<\/li>\n<\/ol>\n<p>&nbsp;<\/p>\n<ol>\n<li value=\"2\">O Curriculum Lattes dever\u00e1 ser salvo no modo .rtf, e os demais documentos no modo .pdf para serem encaminhados como anexo atrav\u00e9s do e-mail do Programa \u2013 <a href=\"mailto:ppgg@uepg.br\">ppgg@uepg.br<\/a>;<\/li>\n<\/ol>\n<p>&nbsp;<\/p>\n<ol>\n<li value=\"3\">O candidato estrangeiro, residentes no exterior, deve atender os seguintes requisitos:<\/li>\n<\/ol>\n<ol>\n<li>Ter conclu\u00eddo curso equivalente aos cursos de gradua\u00e7\u00e3o plena em geografia ou \u00e1reas correlatas (para os candidatos ao Mestrado) e conclu\u00eddo curso equivalente a mestrado em geografia, ou \u00e1reas correlatas (para candidatos ao Doutorado);<\/li>\n<li>Residir em pa\u00eds com o qual o Brasil mantenha rela\u00e7\u00f5es diplom\u00e1ticas;<\/li>\n<li>Possuir profici\u00eancia na l\u00edngua portuguesa. Na impossibilidade de obter um certificado em seu pa\u00eds de origem, dever\u00e1 fazer o exame de profici\u00eancia na UEPG ou em uma ag\u00eancia credenciada em no m\u00e1ximo 06 (seis) meses. No caso de reprova\u00e7\u00e3o, dever\u00e1 repetir o exame em 03 (tr\u00eas) meses. Persistindo a reprova\u00e7\u00e3o, o aluno ser\u00e1 desligado do Programa;<\/li>\n<li>Apresentar profici\u00eancia em espanhol e\/ou ingl\u00eas para os candidatos ao Mestrado, e em ambos os idiomas para candidatos ao Doutorado. Se um destes idiomas for o idioma natal do candidato, apenas o segundo idioma necessitar\u00e1 de certificado de profici\u00eancia.<\/li>\n<\/ol>\n<p>&nbsp;<\/p>\n<ol>\n<li value=\"4\">Ap\u00f3s a an\u00e1lise da documenta\u00e7\u00e3o, a Coordena\u00e7\u00e3o do PPGG dever\u00e1 encaminhar ao corpo docente as propostas de candidatos estrangeiros aos cursos de Mestrado e\/ou Doutorado.<\/li>\n<\/ol>\n<p>&nbsp;<\/p>\n<ol>\n<li value=\"5\">A aprova\u00e7\u00e3o do candidato e designa\u00e7\u00e3o de orientador se dar\u00e1 em reuni\u00e3o de Colegiado, ap\u00f3s consultados os docentes da linha de pesquisa pretendida pelo candidato, ap\u00f3s a qual o PPGG emitir\u00e1 Carta de Aceite do aluno estrangeiro como aluno regular.<\/li>\n<\/ol>\n<p>&nbsp;<\/p>\n<ol>\n<li value=\"6\">O PPGG n\u00e3o disp\u00f5e de Bolsas Especiais para Alunos Estrangeiros, portanto os interessados dever\u00e3o pleitear Bolsas no seu pa\u00eds de origem ou atrav\u00e9s de editais espec\u00edficos das ag\u00eancias de fomento (CAPES, CNPq, outros). O PPGG enviar\u00e1, quando necess\u00e1rio, informa\u00e7\u00f5es \u00e0s ag\u00eancias em portugu\u00eas, ingl\u00eas ou espanhol. A declara\u00e7\u00e3o de idioma oficial, declara\u00e7\u00e3o de custos e informa\u00e7\u00f5es acerca da estrutura curricular constam no site do PPGG, em ingl\u00eas e espanhol.<\/li>\n<\/ol>\n<p>&nbsp;<\/p>\n<ol>\n<li value=\"7\">As matr\u00edculas dever\u00e3o ocorrer no mesmo per\u00edodo designado por edital especifico com as ofertas de disciplinas para os alunos regulares brasileiros.<\/li>\n<\/ol>\n<p>&nbsp;<\/p>\n<ol>\n<li value=\"8\">A matr\u00edcula ser\u00e1 efetuada <em>on line<\/em> ap\u00f3s a libera\u00e7\u00e3o do sistema pela Coordena\u00e7\u00e3o mediante o recebimento por correio dos seguintes documentos:<\/li>\n<\/ol>\n<ol>\n<li>C\u00f3pia autenticada do Hist\u00f3rico Escolar traduzido por tradutor juramentado;<\/li>\n<li>C\u00f3pia autenticada do Diploma de Gradua\u00e7\u00e3o traduzido por tradutor juramentado (para Mestrado) ou c\u00f3pia autenticada do Diploma de Mestrado traduzido por tradutor juramentado (para Doutorado);<\/li>\n<li>C\u00f3pia autenticada da Certid\u00e3o de Nascimento ou Casamento traduzido por tradutor juramentado;<\/li>\n<li>C\u00f3pia autenticada do Documento de identifica\u00e7\u00e3o de Estrangeiro com prazo v\u00e1lido (cada revalida\u00e7\u00e3o trazer documenta\u00e7\u00e3o comprobat\u00f3ria);<\/li>\n<li>Visto de Estudante fornecido pelo Consulado Brasileiro durante o per\u00edodo do Curso;<\/li>\n<li>Autentica\u00e7\u00e3o da Embaixada ou Consulado Brasileiro, no pa\u00eds de origem do aluno, sobre a oficialidade da Institui\u00e7\u00e3o que o aluno se formou e que expediu sua documenta\u00e7\u00e3o (diplomas e hist\u00f3ricos).<\/li>\n<\/ol>\n<p>&nbsp;<\/p>\n<ol>\n<li value=\"9\">A inscri\u00e7\u00e3o de candidatos estrangeiros, residentes no Brasil, seguir\u00e1 as mesmas normas dos candidatos regulares brasileiros, publicadas em editais espec\u00edficos a cada processo seletivo.<\/li>\n<\/ol>\n<p>&nbsp;<\/p>\n","protected":false},"excerpt":{"rendered":"<p>PROCESSO SELETIVO INTERNACIONAL Diretrizes internas aprovadas em reuni\u00e3o de Colegiado do dia 28 de maio de 2014. &nbsp; A inscri\u00e7\u00e3o de candidatos estrangeiros, residentes no exterior, dever\u00e1 ser realizada atrav\u00e9s do site do PPGG, a qualquer tempo, e constar\u00e1 de: Formul\u00e1rio (https:\/\/www2.uepg.br\/ppgg\/formularios-e-modelos\/) solicitando a inscri\u00e7\u00e3o no Curso de Mestrado ou Doutorado, declarando a linha de&nbsp;&hellip;<\/p>\n","protected":false},"author":24,"featured_media":0,"parent":0,"menu_order":0,"comment_status":"closed","ping_status":"closed","template":"","meta":[],"_links":{"self":[{"href":"https:\/\/www2.uepg.br\/ppgg\/wp-json\/wp\/v2\/pages\/327"}],"collection":[{"href":"https:\/\/www2.uepg.br\/ppgg\/wp-json\/wp\/v2\/pages"}],"about":[{"href":"https:\/\/www2.uepg.br\/ppgg\/wp-json\/wp\/v2\/types\/page"}],"author":[{"embeddable":true,"href":"https:\/\/www2.uepg.br\/ppgg\/wp-json\/wp\/v2\/users\/24"}],"replies":[{"embeddable":true,"href":"https:\/\/www2.uepg.br\/ppgg\/wp-json\/wp\/v2\/comments?post=327"}],"version-history":[{"count":5,"href":"https:\/\/www2.uepg.br\/ppgg\/wp-json\/wp\/v2\/pages\/327\/revisions"}],"predecessor-version":[{"id":423,"href":"https:\/\/www2.uepg.br\/ppgg\/wp-json\/wp\/v2\/pages\/327\/revisions\/423"}],"wp:attachment":[{"href":"https:\/\/www2.uepg.br\/ppgg\/wp-json\/wp\/v2\/media?parent=327"}],"curies":[{"name":"wp","href":"https:\/\/api.w.org\/{rel}","templated":true}]}}