{"id":121,"date":"2021-09-10T16:13:04","date_gmt":"2021-09-10T19:13:04","guid":{"rendered":"https:\/\/www2.uepg.br\/ppgh-npmcn\/?page_id=121"},"modified":"2021-09-13T20:09:15","modified_gmt":"2021-09-13T23:09:15","slug":"quem-somos","status":"publish","type":"page","link":"https:\/\/www2.uepg.br\/ppgh-npmcn\/quem-somos\/","title":{"rendered":"Quem somos"},"content":{"rendered":"<p>O<strong> NPMCN<\/strong> \u00e9 um desdobramento do Laborat\u00f3rio de pesquisa Mem\u00f3ria, Cultura e Natureza, o qual funciona desde o ano de 2014 articulando atividades de pesquisa, ensino e extens\u00e3o entre professores e estudantes da gradua\u00e7\u00e3o e p\u00f3s-gradua\u00e7\u00e3o. Por meio de reuni\u00f5es semanais, promove debates te\u00f3ricos atualizados no \u00e2mbito dos temas\/conceitos que se manifestam na discuss\u00e3o sobre as subjetividades constitutivas das realidades, na produ\u00e7\u00e3o social de narrativas e na investiga\u00e7\u00e3o das intera\u00e7\u00f5es hist\u00f3ricas entre sociedades e natureza ao longo do tempo. Al\u00e9m dos docentes permanentes Alessandra Izabel de Carvalho, Robson Laverdi e Christian Brannstrom, o NPMCN conta com a participa\u00e7\u00e3o ativa das p\u00f3s-doutorandas Evelyn Roberta Nimmo (Bolsista PNPD Capes), Lorena Zomer e Maralice Maschio \u2013 as duas \u00faltimas s\u00e3o professoras colaboradoras do DEHIS, orientandos do Mestrado e de Inicia\u00e7\u00e3o Cient\u00edfica e outros interessados. O Grupo est\u00e1 registrado no Diret\u00f3rio do CNPq com o t\u00edtulo Hist\u00f3ria, Cultura e Natureza, sob coordena\u00e7\u00e3o dos professores Alessandra e Robson. As pesquisas coordenadas pelos docentes se voltam para o registro e a interpreta\u00e7\u00e3o de mem\u00f3rias e narrativas orais interessadas na consecu\u00e7\u00e3o metodol\u00f3gica de uma hist\u00f3ria oral ambiental e tamb\u00e9m para a produ\u00e7\u00e3o sociocultural de saberes, de conhecimentos e de sentidos alternativos emergentes de viveres rurais e urbanos em suas din\u00e2micas espec\u00edficas, bem como em suas interseccionalidades.<\/p>\n<p>. Mem\u00f3ria, Cultura e Natureza \u2013 prof.\u00aa Alessandra Izabel de Carvalho<\/p>\n<p>. Mem\u00f3ria, oralidade e cultura ordin\u00e1ria \u2013 prof. Robson Laverdi<\/p>\n<p>. Uso e conserva\u00e7\u00e3o da arauc\u00e1ria na agricultura familiar. Fase 2: o papel da erva-mate e dos sistemas tradicionais de manejo florestal na restaura\u00e7\u00e3o e conserva\u00e7\u00e3o da Floresta com Arauc\u00e1ria \u2013 prof.\u00aa Alessandra (projeto financiado pela EMBRAPA)<\/p>\n","protected":false},"excerpt":{"rendered":"<p>O NPMCN \u00e9 um desdobramento do Laborat\u00f3rio de pesquisa Mem\u00f3ria, Cultura e Natureza, o qual funciona desde o ano de 2014 articulando atividades de pesquisa, ensino e extens\u00e3o entre professores e estudantes da gradua\u00e7\u00e3o e p\u00f3s-gradua\u00e7\u00e3o. Por meio de reuni\u00f5es semanais, promove debates te\u00f3ricos atualizados no \u00e2mbito dos temas\/conceitos que se manifestam na discuss\u00e3o sobre&nbsp;&hellip;<\/p>\n","protected":false},"author":378,"featured_media":168,"parent":0,"menu_order":0,"comment_status":"closed","ping_status":"closed","template":"","meta":[],"_links":{"self":[{"href":"https:\/\/www2.uepg.br\/ppgh-npmcn\/wp-json\/wp\/v2\/pages\/121"}],"collection":[{"href":"https:\/\/www2.uepg.br\/ppgh-npmcn\/wp-json\/wp\/v2\/pages"}],"about":[{"href":"https:\/\/www2.uepg.br\/ppgh-npmcn\/wp-json\/wp\/v2\/types\/page"}],"author":[{"embeddable":true,"href":"https:\/\/www2.uepg.br\/ppgh-npmcn\/wp-json\/wp\/v2\/users\/378"}],"replies":[{"embeddable":true,"href":"https:\/\/www2.uepg.br\/ppgh-npmcn\/wp-json\/wp\/v2\/comments?post=121"}],"version-history":[{"count":5,"href":"https:\/\/www2.uepg.br\/ppgh-npmcn\/wp-json\/wp\/v2\/pages\/121\/revisions"}],"predecessor-version":[{"id":170,"href":"https:\/\/www2.uepg.br\/ppgh-npmcn\/wp-json\/wp\/v2\/pages\/121\/revisions\/170"}],"wp:featuredmedia":[{"embeddable":true,"href":"https:\/\/www2.uepg.br\/ppgh-npmcn\/wp-json\/wp\/v2\/media\/168"}],"wp:attachment":[{"href":"https:\/\/www2.uepg.br\/ppgh-npmcn\/wp-json\/wp\/v2\/media?parent=121"}],"curies":[{"name":"wp","href":"https:\/\/api.w.org\/{rel}","templated":true}]}}