{"id":1004,"date":"2023-10-18T09:13:04","date_gmt":"2023-10-18T12:13:04","guid":{"rendered":"https:\/\/www2.uepg.br\/ppgh\/?page_id=1004"},"modified":"2023-10-18T09:16:11","modified_gmt":"2023-10-18T12:16:11","slug":"edital-ppgh-17-2023","status":"publish","type":"page","link":"https:\/\/www2.uepg.br\/ppgh\/edital-ppgh-17-2023\/","title":{"rendered":"Edital PPGH 17 2023"},"content":{"rendered":"<p><img loading=\"lazy\" class=\"alignright size-full wp-image-278\" src=\"http:\/\/www2.uepg.br\/ppgh\/wp-content\/uploads\/sites\/131\/2021\/02\/imagem_2021-02-17_133847.png\" alt=\"\" width=\"257\" height=\"67\" \/><\/p>\n<p>&nbsp;<\/p>\n<p>&nbsp;<\/p>\n<p>&nbsp;<\/p>\n<hr \/>\n<p><strong>EDITAL PPGH 17\/2023<\/strong><\/p>\n<p><strong>RESULTADO DA CLASSIFICA\u00c7\u00c3O DOS INSCRITOS PARA BOLSAS DE DEMANDA SOCIAL EVENTUALMENTE CONCEDIDAS DE OUTUBRO A MAR\u00c7O DE 2024<\/strong><\/p>\n<div class=\"gmail_default\">1\u00ba lugar: Caroline Dias Rosa<\/div>\n<div class=\"gmail_default\">2\u00ba lugar: Filipe Henrique Mariani<\/div>\n<div class=\"gmail_default\">3\u00ba lugar: Elize Fadel<\/div>\n<div class=\"gmail_default\">4\u00ba lugar: Willian Mateus Lisboa<\/div>\n<div>5\u00ba lugar: Murilo Carlos Siqueira<\/div>\n<div>6\u00ba lugar: Matheus Menarin Moers<\/div>\n<div>7\u00ba lugar: Mauro S\u00e9rgio Souza Pinto<\/div>\n<div>8\u00ba lugar: Arthur Ferreira Pinto<\/div>\n<div><\/div>\n<p style=\"text-align: right\">Ponta Grossa, 17 de outubro de 2023<\/p>\n","protected":false},"excerpt":{"rendered":"<p>&nbsp; &nbsp; &nbsp; EDITAL PPGH 17\/2023 RESULTADO DA CLASSIFICA\u00c7\u00c3O DOS INSCRITOS PARA BOLSAS DE DEMANDA SOCIAL EVENTUALMENTE CONCEDIDAS DE OUTUBRO A MAR\u00c7O DE 2024 1\u00ba lugar: Caroline Dias Rosa 2\u00ba lugar: Filipe Henrique Mariani 3\u00ba lugar: Elize Fadel 4\u00ba lugar: Willian Mateus Lisboa 5\u00ba lugar: Murilo Carlos Siqueira 6\u00ba lugar: Matheus Menarin Moers 7\u00ba lugar:&nbsp;&hellip;<\/p>\n","protected":false},"author":188,"featured_media":0,"parent":0,"menu_order":0,"comment_status":"closed","ping_status":"closed","template":"","meta":[],"_links":{"self":[{"href":"https:\/\/www2.uepg.br\/ppgh\/wp-json\/wp\/v2\/pages\/1004"}],"collection":[{"href":"https:\/\/www2.uepg.br\/ppgh\/wp-json\/wp\/v2\/pages"}],"about":[{"href":"https:\/\/www2.uepg.br\/ppgh\/wp-json\/wp\/v2\/types\/page"}],"author":[{"embeddable":true,"href":"https:\/\/www2.uepg.br\/ppgh\/wp-json\/wp\/v2\/users\/188"}],"replies":[{"embeddable":true,"href":"https:\/\/www2.uepg.br\/ppgh\/wp-json\/wp\/v2\/comments?post=1004"}],"version-history":[{"count":2,"href":"https:\/\/www2.uepg.br\/ppgh\/wp-json\/wp\/v2\/pages\/1004\/revisions"}],"predecessor-version":[{"id":1006,"href":"https:\/\/www2.uepg.br\/ppgh\/wp-json\/wp\/v2\/pages\/1004\/revisions\/1006"}],"wp:attachment":[{"href":"https:\/\/www2.uepg.br\/ppgh\/wp-json\/wp\/v2\/media?parent=1004"}],"curies":[{"name":"wp","href":"https:\/\/api.w.org\/{rel}","templated":true}]}}