{"id":1015,"date":"2023-11-21T10:11:51","date_gmt":"2023-11-21T13:11:51","guid":{"rendered":"https:\/\/www2.uepg.br\/ppgh\/?page_id=1015"},"modified":"2023-11-21T10:16:59","modified_gmt":"2023-11-21T13:16:59","slug":"edital-ppgh-19-2023","status":"publish","type":"page","link":"https:\/\/www2.uepg.br\/ppgh\/edital-ppgh-19-2023\/","title":{"rendered":"EDITAL PPGH 19\/2023"},"content":{"rendered":"<p><img loading=\"lazy\" class=\"alignright size-full wp-image-278\" src=\"http:\/\/www2.uepg.br\/ppgh\/wp-content\/uploads\/sites\/131\/2021\/02\/imagem_2021-02-17_133847.png\" alt=\"\" width=\"257\" height=\"67\" \/><\/p>\n<p>&nbsp;<\/p>\n<p>&nbsp;<\/p>\n<p>&nbsp;<\/p>\n<hr \/>\n<p><strong>EDITAL PPGH 19\/2023<\/strong><br \/>\n<strong>PROCESSO SELETIVO PARA EST\u00c1GIO DE P\u00d3S-DOUTORADO<\/strong><\/p>\n<p>O Programa de Mestrado em Hist\u00f3ria da Universidade Estadual de Ponta Grossa abre inscri\u00e7\u00f5es para estudos\u00a0 supervisionados em n\u00edvel de P\u00f3s-Doutorado, modalidade sem bolsa, com in\u00edcio em fevereiro de 2024.<\/p>\n<p><strong>1. MODALIDADE SEM BOLSA<\/strong><br \/>\nA modalidade sem bolsa implica que n\u00e3o haver\u00e1 recursos ou custeio para o desenvolvimento do projeto de pesquisa. Essa condi\u00e7\u00e3o implica que o candidato (ou candidata) poder\u00e1 recorrer aos \u00f3rg\u00e3os de fomento para o custeio da pesquisa.<\/p>\n<p><strong>2. INSCRI\u00c7\u00d5ES<\/strong><br \/>\nAs inscri\u00e7\u00f5es ser\u00e3o realizadas no per\u00edodo de 21 de novembro a 8 de dezembro de 2023, das 14h \u00e0s 17h, no sistema ACAD (https:\/\/acad.apps.uepg.br\/)a Secretaria do Programa.<\/p>\n<p style=\"padding-left: 40px\">2.1. Das linhas de pesquisas e n\u00fameros de vagas:<br \/>\nLinha de pesquisa: Institui\u00e7\u00f5es e sujeitos: saberes e pr\u00e1ticas:<br \/>\n\u2013 01 (uma) vaga sob supervis\u00e3o do Prof. Dr. Robson Laverdi<br \/>\n\u2013 01 (uma) vaga sob supervis\u00e3o da Profa. Dra. Georgiane G. H. Vazquez<br \/>\n\u2013 01 (uma) vaga sob supervis\u00e3o do Prof. Dr. Luis Fernando Cerri<\/p>\n<p><strong>3. REQUISITOS PARA SE CANDIDATAR<\/strong><\/p>\n<p style=\"padding-left: 40px\">3.1 possuir o t\u00edtulo de doutor, obtido em cursos avaliados pela CAPES e reconhecidos pelo CNE\/MEC. Em caso de diploma obtido em institui\u00e7\u00e3o estrangeira, este dever\u00e1 ser analisado pelo Colegiado do Programa de P\u00f3s-Gradua\u00e7\u00e3o;<br \/>\n3.2 disponibilizar curriculum vitae atualizado na Plataforma Lattes do CNPq ou, se estrangeiro, curriculum com hist\u00f3rico de trabalhos cient\u00edficos;<br \/>\n3.3 O(a) candidato(a) pode se inscrever se:<\/p>\n<p style=\"padding-left: 80px\">a) for brasileiro(a) residente no Brasil, com ou sem v\u00ednculo empregat\u00edcio;<br \/>\nb) for estrangeiro(a)\u00a0 com resid\u00eancia no Brasil e visto de perman\u00eancia,<br \/>\nc) for servidor(a) p\u00fablico vinculado \u00e0 universidade: estadual, federal ou municipal;<br \/>\nc) for docente ou pesquisador(a) no pa\u00eds com v\u00ednculo empregat\u00edcio em institui\u00e7\u00f5es de ensino superior ou institui\u00e7\u00f5es p\u00fablicas de pesquisa.<br \/>\n\u00a71\u00ba O candidato(a) estrangeiro(a) residente no exterior dever\u00e1 comprovar endere\u00e7o residencial no exterior no momento da submiss\u00e3o da candidatura.<\/p>\n<p><strong>4. PROCESSO DE SELE\u00c7\u00c3O<\/strong><br \/>\nO Processo de sele\u00e7\u00e3o ser\u00e1 composto de duas etapas:<\/p>\n<p style=\"padding-left: 40px\">4.1 primeira etapa: proposta de pesquisa\/plano de trabalho (60 pontos);<br \/>\n4.1.1 A Proposta de Pesquisa\/Plano de Trabalho dever\u00e1 ser elaborada de acordo coma a Linha de Pesquisa, as produ\u00e7\u00f5es e projetos do professor supervisor, conforme informa\u00e7\u00f5es dispon\u00edveis na p\u00e1gina do Programa (<a href=\"http:\/\/www2.uepg.br\/ppgh\">www2.uepg.br\/ppgh<\/a>) e no Curriculum Lattes\/CNPq;<br \/>\n4.1.2 A Proposta de Pesquisa\/Plano de Trabalho do candidato\/candidata ser\u00e1 avaliada observando os seguintes crit\u00e9rios:<\/p>\n<p style=\"padding-left: 80px\">a. associa\u00e7\u00e3o da proposta de pesquisa com o objeto de estudo, enfoque e\/ou abordagem te\u00f3rica e\/ou tem\u00e1tica do professor supervisor considerando o grupo de pesquisa cadastrado no CNPq;<br \/>\nb. projeto de pesquisa\/plano de trabalho: objeto de an\u00e1lise, objetivos, metodologia;<\/p>\n<p style=\"padding-left: 40px\">4.1.3 A nota da proposta de pesquisa ser\u00e1 atribu\u00edda em pontua\u00e7\u00e3o de 0(zero) a 60 (sessenta), pela soma dos crit\u00e9rios do item 4.1.2 (a,b).<br \/>\n4.2 Segunda etapa: avalia\u00e7\u00e3o do curriculum vitae (40 pontos)<br \/>\n4.2.1 Curriculum Vitae atualizado conforme documenta\u00e7\u00e3o apresentada, referente aos \u00faltimos 03 (tr\u00eas) anos \u2013 compreendendo 2019 a 2022. A comiss\u00e3o respons\u00e1vel ir\u00e1 analisar a atua\u00e7\u00e3o e produ\u00e7\u00e3o acad\u00eamica do(a) candidato(a) considerando a Linha de Pesquisa e atua\u00e7\u00e3o do supervisor.<\/p>\n<p><strong>5. APROVA\u00c7\u00c3O<\/strong><br \/>\nPara aprova\u00e7\u00e3o o candidato ou candidata dever\u00e1 obter no m\u00ednimo 70 (sessenta) pontos numa pontua\u00e7\u00e3o de 0 (zero) a 100 (cem), soma dos os pontos das duas etapas. No caso de mais de um(a) candidato(a) aprovado(a) por supervisor ser\u00e1 considerada a classifica\u00e7\u00e3o em ordem de maior pontua\u00e7\u00e3o, em caso de empate, ser\u00e1 considerada a maior pontua\u00e7\u00e3o do Projeto de Pesquisa\/Plano de Trabalho.<\/p>\n<p><strong>6. DIVULGA\u00c7\u00c3O DO RESULTADO<\/strong><br \/>\nO resultado ser\u00e1 publicado na p\u00e1gina <a href=\"http:\/\/www2.uepg.br\/ppgh\/editais\">www2.uepg.br\/ppgh\/editais<\/a><\/p>\n<p><strong>7. HOMOLOGA\u00c7\u00c3O<\/strong><br \/>\nA comiss\u00e3o de sele\u00e7\u00e3o publicar\u00e1 o resultado at\u00e9 o dia 15 de dezembro de 2023.<\/p>\n<p><strong>8. RECURSOS<\/strong><br \/>\nO(a) candidato(a) poder\u00e1 solicitar recurso de revis\u00e3o de qualquer uma das etapas do Processo Seletivo at\u00e9 (02) dois dias \u00fateis ap\u00f3s a publica\u00e7\u00e3o do resultado, encaminhando requerimento justificado \u00e0 Coordena\u00e7\u00e3o do Programa por meio do SEI (<a href=\"http:\/\/sei.uepg.br\">sei.uepg.br<\/a>).<\/p>\n<p><strong>9. IN\u00cdCIO DAS ATIVIDADES<\/strong><br \/>\nO est\u00e1gio de p\u00f3s-doutoramento ter\u00e1 in\u00edcio a partir do m\u00eas de fevereiro de 2024.<\/p>\n<p><strong>10. INFORMA\u00c7\u00d5ES ADICIONAIS<\/strong><br \/>\n\u2013 O candidato ou candidata \u00e0 vaga na modalidade deste edital, se aprovado, poder\u00e1 concorrer \u00e0 bolsa de outros \u00f3rg\u00e3os de fomento, bem como participar de conv\u00eanios relacionados ao Programa.<br \/>\n\u2013 Para outras e maiores informa\u00e7\u00f5es pede-se que os candidatos e candidatas leiam tamb\u00e9m a <a href=\"https:\/\/www2.uepg.br\/propesp\/wp-content\/uploads\/sites\/41\/2019\/11\/regulamento-de-Est%C3%A1gio-de-P%C3%B3s-Doutorado-nos-PPGs.pdf\">Resolu\u00e7\u00e3o CEPE N\u00ba 018, de 28 de junho de 2016<\/a> que aprovou o Regulamento de Est\u00e1gio de P\u00f3s-Doutorado nos Programas de P\u00f3s-Gradua\u00e7\u00e3o Stricto sensu da UEPG.<\/p>\n<p style=\"text-align: right\">Ponta Grossa, 21 de novembro de 2023<br \/>\nCoordena\u00e7\u00e3o PPGH<\/p>\n","protected":false},"excerpt":{"rendered":"<p>&nbsp; &nbsp; &nbsp; EDITAL PPGH 19\/2023 PROCESSO SELETIVO PARA EST\u00c1GIO DE P\u00d3S-DOUTORADO O Programa de Mestrado em Hist\u00f3ria da Universidade Estadual de Ponta Grossa abre inscri\u00e7\u00f5es para estudos\u00a0 supervisionados em n\u00edvel de P\u00f3s-Doutorado, modalidade sem bolsa, com in\u00edcio em fevereiro de 2024. 1. MODALIDADE SEM BOLSA A modalidade sem bolsa implica que n\u00e3o haver\u00e1 recursos&nbsp;&hellip;<\/p>\n","protected":false},"author":188,"featured_media":0,"parent":0,"menu_order":0,"comment_status":"closed","ping_status":"closed","template":"","meta":[],"_links":{"self":[{"href":"https:\/\/www2.uepg.br\/ppgh\/wp-json\/wp\/v2\/pages\/1015"}],"collection":[{"href":"https:\/\/www2.uepg.br\/ppgh\/wp-json\/wp\/v2\/pages"}],"about":[{"href":"https:\/\/www2.uepg.br\/ppgh\/wp-json\/wp\/v2\/types\/page"}],"author":[{"embeddable":true,"href":"https:\/\/www2.uepg.br\/ppgh\/wp-json\/wp\/v2\/users\/188"}],"replies":[{"embeddable":true,"href":"https:\/\/www2.uepg.br\/ppgh\/wp-json\/wp\/v2\/comments?post=1015"}],"version-history":[{"count":1,"href":"https:\/\/www2.uepg.br\/ppgh\/wp-json\/wp\/v2\/pages\/1015\/revisions"}],"predecessor-version":[{"id":1016,"href":"https:\/\/www2.uepg.br\/ppgh\/wp-json\/wp\/v2\/pages\/1015\/revisions\/1016"}],"wp:attachment":[{"href":"https:\/\/www2.uepg.br\/ppgh\/wp-json\/wp\/v2\/media?parent=1015"}],"curies":[{"name":"wp","href":"https:\/\/api.w.org\/{rel}","templated":true}]}}