{"id":1021,"date":"2023-11-29T15:34:02","date_gmt":"2023-11-29T18:34:02","guid":{"rendered":"https:\/\/www2.uepg.br\/ppgh\/?page_id=1021"},"modified":"2023-11-29T15:34:11","modified_gmt":"2023-11-29T18:34:11","slug":"edital-ppgh-20-2023","status":"publish","type":"page","link":"https:\/\/www2.uepg.br\/ppgh\/edital-ppgh-20-2023\/","title":{"rendered":"Edital PPGH 20 2023"},"content":{"rendered":"<p><strong>EDITAL PPGH 20\/2023 &#8211; Homologa\u00e7\u00e3o de inscri\u00e7\u00f5es para a sele\u00e7\u00e3o de bolsista de p\u00f3s-doutorado do Programa de Desenvolvimento da P\u00f3s-gradua\u00e7\u00e3o (PDPG) \u2013 P\u00f3s-doutorado estrat\u00e9gico &#8211; CAPES<\/strong><\/p>\n<p>&nbsp;<\/p>\n<p>1. Inscri\u00e7\u00f5es homologadas<\/p>\n<ul>\n<li>Douglas Menezes de Oliveira<\/li>\n<li>Fabio Luciano Iachtechen<\/li>\n<li>Fernando Mendes Coelho<\/li>\n<li>Mateus Gustavo Coelho<\/li>\n<li>Merylin Ricieli dos Santos<\/li>\n<\/ul>\n<p>2. Inscri\u00e7\u00e3o indeferida por documenta\u00e7\u00e3o incompleta:<\/p>\n<ul>\n<li>Maria de F\u00e1tima Pires<\/li>\n<\/ul>\n<p>&nbsp;<\/p>\n<p style=\"text-align: right\">Ponta Grossa, 29 de novembro de 2023<\/p>\n<p style=\"text-align: right\">A coordena\u00e7\u00e3o<\/p>\n","protected":false},"excerpt":{"rendered":"<p>EDITAL PPGH 20\/2023 &#8211; Homologa\u00e7\u00e3o de inscri\u00e7\u00f5es para a sele\u00e7\u00e3o de bolsista de p\u00f3s-doutorado do Programa de Desenvolvimento da P\u00f3s-gradua\u00e7\u00e3o (PDPG) \u2013 P\u00f3s-doutorado estrat\u00e9gico &#8211; CAPES &nbsp; 1. Inscri\u00e7\u00f5es homologadas Douglas Menezes de Oliveira Fabio Luciano Iachtechen Fernando Mendes Coelho Mateus Gustavo Coelho Merylin Ricieli dos Santos 2. Inscri\u00e7\u00e3o indeferida por documenta\u00e7\u00e3o incompleta: Maria de&nbsp;&hellip;<\/p>\n","protected":false},"author":188,"featured_media":0,"parent":0,"menu_order":0,"comment_status":"closed","ping_status":"closed","template":"","meta":[],"_links":{"self":[{"href":"https:\/\/www2.uepg.br\/ppgh\/wp-json\/wp\/v2\/pages\/1021"}],"collection":[{"href":"https:\/\/www2.uepg.br\/ppgh\/wp-json\/wp\/v2\/pages"}],"about":[{"href":"https:\/\/www2.uepg.br\/ppgh\/wp-json\/wp\/v2\/types\/page"}],"author":[{"embeddable":true,"href":"https:\/\/www2.uepg.br\/ppgh\/wp-json\/wp\/v2\/users\/188"}],"replies":[{"embeddable":true,"href":"https:\/\/www2.uepg.br\/ppgh\/wp-json\/wp\/v2\/comments?post=1021"}],"version-history":[{"count":1,"href":"https:\/\/www2.uepg.br\/ppgh\/wp-json\/wp\/v2\/pages\/1021\/revisions"}],"predecessor-version":[{"id":1022,"href":"https:\/\/www2.uepg.br\/ppgh\/wp-json\/wp\/v2\/pages\/1021\/revisions\/1022"}],"wp:attachment":[{"href":"https:\/\/www2.uepg.br\/ppgh\/wp-json\/wp\/v2\/media?parent=1021"}],"curies":[{"name":"wp","href":"https:\/\/api.w.org\/{rel}","templated":true}]}}