{"id":1024,"date":"2023-12-05T14:35:40","date_gmt":"2023-12-05T17:35:40","guid":{"rendered":"https:\/\/www2.uepg.br\/ppgh\/?page_id=1024"},"modified":"2023-12-05T14:47:26","modified_gmt":"2023-12-05T17:47:26","slug":"edital-ppgh-21-3023","status":"publish","type":"page","link":"https:\/\/www2.uepg.br\/ppgh\/edital-ppgh-21-3023\/","title":{"rendered":"EDITAL PPGH 21 3023"},"content":{"rendered":"<p><strong>EDITAL PPGH 21 2023 &#8211; Candidata aprovada para a bolsa de P\u00f3s-doutorado do Programa de Desenvolvimento da P\u00f3s-gradua\u00e7\u00e3o (PDPG) \u2013 P\u00f3s-doutorado estrat\u00e9gico &#8211; CAPES<\/strong><\/p>\n<p>A Coordena\u00e7\u00e3o do Programa de P\u00f3s-Gradua\u00e7\u00e3o em Hist\u00f3ria (PPGH) da Universidade Estadual de Ponta Grossa, no uso de suas atribui\u00e7\u00f5es, considerando o que prev\u00ea o Edital PPGH 18\/2023 e em aten\u00e7\u00e3o \u00e0 delibera\u00e7\u00e3o do Colegiado, torna p\u00fablico os candidatos aprovados no processo seletivo para o est\u00e1gio p\u00f3s-doutoral junto a este Programa, pela ordem de classifica\u00e7\u00e3o,\u00a0 para uma bolsa de p\u00f3s-doutorado:<\/p>\n<p style=\"text-align: center\">1o. lugar: Merylin Ricilei dos Santos<br \/>\n2o. lugar: Fabio Luciano Iachtechen<br \/>\n3o. lugar: Douglas Menezes de Oliveira<br \/>\n4o. lugar: Mateus Gustavo Coelho<br \/>\n5. lugar: Fernando Mendes Coelho<\/p>\n<p>Em caso de desist\u00eancia ou qualquer outro \u00f3bice para receber a bolsa por parte do primeiro colocado, ser\u00e1 convocado o candidato seguinte, pela ordem, at\u00e9 a atribui\u00e7\u00e3o da bolsa e respectiva implementa\u00e7\u00e3o do plano de atividades.<\/p>\n<p style=\"text-align: right\">Ponta Grossa, 05 de dezembro de 2023<\/p>\n<p style=\"text-align: right\">A coordena\u00e7\u00e3o<\/p>\n","protected":false},"excerpt":{"rendered":"<p>EDITAL PPGH 21 2023 &#8211; Candidata aprovada para a bolsa de P\u00f3s-doutorado do Programa de Desenvolvimento da P\u00f3s-gradua\u00e7\u00e3o (PDPG) \u2013 P\u00f3s-doutorado estrat\u00e9gico &#8211; CAPES A Coordena\u00e7\u00e3o do Programa de P\u00f3s-Gradua\u00e7\u00e3o em Hist\u00f3ria (PPGH) da Universidade Estadual de Ponta Grossa, no uso de suas atribui\u00e7\u00f5es, considerando o que prev\u00ea o Edital PPGH 18\/2023 e em aten\u00e7\u00e3o&nbsp;&hellip;<\/p>\n","protected":false},"author":188,"featured_media":0,"parent":0,"menu_order":0,"comment_status":"closed","ping_status":"closed","template":"","meta":[],"_links":{"self":[{"href":"https:\/\/www2.uepg.br\/ppgh\/wp-json\/wp\/v2\/pages\/1024"}],"collection":[{"href":"https:\/\/www2.uepg.br\/ppgh\/wp-json\/wp\/v2\/pages"}],"about":[{"href":"https:\/\/www2.uepg.br\/ppgh\/wp-json\/wp\/v2\/types\/page"}],"author":[{"embeddable":true,"href":"https:\/\/www2.uepg.br\/ppgh\/wp-json\/wp\/v2\/users\/188"}],"replies":[{"embeddable":true,"href":"https:\/\/www2.uepg.br\/ppgh\/wp-json\/wp\/v2\/comments?post=1024"}],"version-history":[{"count":1,"href":"https:\/\/www2.uepg.br\/ppgh\/wp-json\/wp\/v2\/pages\/1024\/revisions"}],"predecessor-version":[{"id":1025,"href":"https:\/\/www2.uepg.br\/ppgh\/wp-json\/wp\/v2\/pages\/1024\/revisions\/1025"}],"wp:attachment":[{"href":"https:\/\/www2.uepg.br\/ppgh\/wp-json\/wp\/v2\/media?parent=1024"}],"curies":[{"name":"wp","href":"https:\/\/api.w.org\/{rel}","templated":true}]}}