{"id":1030,"date":"2023-12-18T12:07:43","date_gmt":"2023-12-18T15:07:43","guid":{"rendered":"https:\/\/www2.uepg.br\/ppgh\/?page_id=1030"},"modified":"2023-12-18T12:24:03","modified_gmt":"2023-12-18T15:24:03","slug":"edital-22-2023","status":"publish","type":"page","link":"https:\/\/www2.uepg.br\/ppgh\/edital-22-2023\/","title":{"rendered":"EDITAL PPGH 22 2023"},"content":{"rendered":"<p><strong>RESULTADO DA SELE\u00c7\u00c3O PARA EST\u00c1GIO DE P\u00d3S-DOUTORADO <\/strong><br \/>\n<strong>(MODALIDADE SEM BOLSA)<\/strong><\/p>\n<p>A Coordena\u00e7\u00e3o do Programa de P\u00f3s-Gradua\u00e7\u00e3o em Hist\u00f3ria (PPGH) da<br \/>\nUniversidade Estadual de Ponta Grossa, no uso de suas atribui\u00e7\u00f5es, considerando o que prev\u00ea o Edital PPGH 19\/2023 e em aten\u00e7\u00e3o \u00e0 delibera\u00e7\u00e3o da Comiss\u00e3o de Sele\u00e7\u00e3o e do Colegiado, torna p\u00fablico o resultado da sele\u00e7\u00e3o para Est\u00e1gio de P\u00f3s-doutorado:<\/p>\n<p>01 vaga sob supervis\u00e3o do prof. Luis Fernando Cerri<br \/>\n<strong>Candidato aprovado:<\/strong> Augusto Ridson de Ara\u00fajo Miranda<br \/>\nPontua\u00e7\u00e3o: 100,0 (cem pontos)<\/p>\n<p>01 uma sob supervis\u00e3o da profa. Georgiane Garabeli Vazquez<br \/>\n<strong>Candidata aprovada:<\/strong> Andrea Mazurok Schactae<br \/>\nPontua\u00e7\u00e3o: 100,0 (cem pontos)<\/p>\n<p>01 vaga sob supervis\u00e3o do prof. Robson Laverdi<br \/>\n<strong>N\u00e3o houve inscri\u00e7\u00e3o<\/strong><\/p>\n<p>&nbsp;<\/p>\n<p>PER\u00cdODO DO EST\u00c1GIO: fevereiro de 2024 a fevereiro de 2025<\/p>\n<p>&nbsp;<\/p>\n<p style=\"text-align: right\">Ponta Grossa, 18 de dezembro de 2023<\/p>\n<p style=\"text-align: right\">Coordena\u00e7\u00e3o do PPGH<\/p>\n","protected":false},"excerpt":{"rendered":"<p>RESULTADO DA SELE\u00c7\u00c3O PARA EST\u00c1GIO DE P\u00d3S-DOUTORADO (MODALIDADE SEM BOLSA) A Coordena\u00e7\u00e3o do Programa de P\u00f3s-Gradua\u00e7\u00e3o em Hist\u00f3ria (PPGH) da Universidade Estadual de Ponta Grossa, no uso de suas atribui\u00e7\u00f5es, considerando o que prev\u00ea o Edital PPGH 19\/2023 e em aten\u00e7\u00e3o \u00e0 delibera\u00e7\u00e3o da Comiss\u00e3o de Sele\u00e7\u00e3o e do Colegiado, torna p\u00fablico o resultado da&nbsp;&hellip;<\/p>\n","protected":false},"author":188,"featured_media":0,"parent":0,"menu_order":0,"comment_status":"closed","ping_status":"closed","template":"","meta":[],"_links":{"self":[{"href":"https:\/\/www2.uepg.br\/ppgh\/wp-json\/wp\/v2\/pages\/1030"}],"collection":[{"href":"https:\/\/www2.uepg.br\/ppgh\/wp-json\/wp\/v2\/pages"}],"about":[{"href":"https:\/\/www2.uepg.br\/ppgh\/wp-json\/wp\/v2\/types\/page"}],"author":[{"embeddable":true,"href":"https:\/\/www2.uepg.br\/ppgh\/wp-json\/wp\/v2\/users\/188"}],"replies":[{"embeddable":true,"href":"https:\/\/www2.uepg.br\/ppgh\/wp-json\/wp\/v2\/comments?post=1030"}],"version-history":[{"count":3,"href":"https:\/\/www2.uepg.br\/ppgh\/wp-json\/wp\/v2\/pages\/1030\/revisions"}],"predecessor-version":[{"id":1043,"href":"https:\/\/www2.uepg.br\/ppgh\/wp-json\/wp\/v2\/pages\/1030\/revisions\/1043"}],"wp:attachment":[{"href":"https:\/\/www2.uepg.br\/ppgh\/wp-json\/wp\/v2\/media?parent=1030"}],"curies":[{"name":"wp","href":"https:\/\/api.w.org\/{rel}","templated":true}]}}