{"id":1098,"date":"2024-06-01T10:52:55","date_gmt":"2024-06-01T13:52:55","guid":{"rendered":"https:\/\/www2.uepg.br\/ppgh\/?page_id=1098"},"modified":"2024-06-01T11:15:21","modified_gmt":"2024-06-01T14:15:21","slug":"3o-coloquio-do-ppgh","status":"publish","type":"page","link":"https:\/\/www2.uepg.br\/ppgh\/3o-coloquio-do-ppgh\/","title":{"rendered":"3o. Col\u00f3quio do PPGH"},"content":{"rendered":"<h2 style=\"text-align: center\"><span style=\"color: #ff6600\">3o. Col\u00f3quio do PPGH<\/span><br \/>\n<span style=\"color: #ff6600\">17a. Primavera dos Museus<\/span><br \/>\n<span style=\"color: #ff6600\">XIV Semin\u00e1rio Nacional de Did\u00e1tica da Hist\u00f3ria &#8211; 20 anos do GEDHI<\/span><img loading=\"lazy\" class=\" wp-image-949 aligncenter\" src=\"http:\/\/www2.uepg.br\/ppgh\/wp-content\/uploads\/sites\/131\/2023\/08\/PPGH-3.png\" alt=\"\" width=\"301\" height=\"425\" \/><\/h2>\n<h2 style=\"text-align: center\"><strong><span style=\"color: #ff6600\"><a style=\"color: #ff6600\" href=\"https:\/\/www2.uepg.br\/ppgh\/3o-coloquio-do-ppgh\/anais-do-3o-coloquio-do-ppgh-ficha\/\" rel=\"attachment wp-att-1105\">Anais do 3o. Coloquio do PPGH\u00a0<\/a><\/span><\/strong><\/h2>\n<p>&nbsp;<\/p>\n<p>O Programa de P\u00f3s-gradua\u00e7\u00e3o em Hist\u00f3ria \u2013 Mestrado acad\u00eamico convoca seu corpo discente e convida os egressos do Programa, participantes em Hist\u00f3ria do PIBIC-UEPG, egressos dos cursos de Hist\u00f3ria da UEPG, corpo docente do PPGH e professores de Hist\u00f3ria do ensino b\u00e1sico e superior para participar do 3\u00ba. Col\u00f3quio do PPGH. O encontro ser\u00e1 realizado de forma h\u00edbrida.<\/p>\n<p>&nbsp;<\/p>\n<p><span style=\"color: #ff6600\">Os simp\u00f3sios tem\u00e1ticos s\u00e3o abertos a estudantes de gradua\u00e7\u00e3o dos cursos de hist\u00f3ria da UEPG participantes da inicia\u00e7\u00e3o cient\u00edfica ou inicia\u00e7\u00e3o \u00e0 doc\u00eancia, alunos em elabora\u00e7\u00e3o do TCC, egressos da gradua\u00e7\u00e3o em Hist\u00f3ria da UEPG (Bach. e Lic.) , alunos do PPGH-UEPG, egressos do PPGH-UEPG e graduados participantes dos N\u00facleos de Pesquisa. Nessa edi\u00e7\u00e3o tamb\u00e9m s\u00e3o convidados os professores e pesquisadores egressos do GEDHI.<\/span><\/p>\n<p>&nbsp;<\/p>\n<p><strong><span style=\"color: #ff6600\">Cronograma:<\/span><\/strong><\/p>\n<p>Inscri\u00e7\u00e3o de trabalhos: 08 de agosto a 11 de setembro de 2023<br \/>\nEnvio dos textos finais para composi\u00e7\u00e3o dos anais: <strong><span style=\"color: #ff6600\">31 de outubro de 2023<\/span><\/strong><\/p>\n<p><span style=\"color: #ff6600\"><strong>Programa\u00e7\u00e3o *<\/strong><\/span><\/p>\n<table>\n<tbody>\n<tr>\n<td width=\"85\"><\/td>\n<td width=\"172\"><span style=\"color: #ff6600\">20\/09\/23 &#8211; qua.<\/span><\/td>\n<td width=\"172\"><span style=\"color: #ff6600\">21\/09\/23 &#8211; qui.<\/span><\/td>\n<td width=\"172\"><span style=\"color: #ff6600\">22\/09\/23 &#8211; sex.<\/span><\/td>\n<\/tr>\n<tr>\n<td width=\"85\"><span style=\"color: #ff6600\">Manh\u00e3<\/span><\/p>\n<p><span style=\"color: #ff6600\">8:30\/ 11:30<\/span><\/td>\n<td width=\"172\">Oficina: &#8220;Conserva\u00e7\u00e3o preventiva de patrim\u00f4nio documental em suporte de papel&#8221; (Marcia Dor\u00e9 &#8211; Unicentro)<\/p>\n<p>&#8212;&#8212;&#8212;&#8212;&#8212;&#8212;&#8212;&#8212;-<\/p>\n<p>Minicurso: &#8220;<span style=\"color: #000000\">Utiliza\u00e7\u00e3o de filmes em sala de aula a partir das perspectivas da Did\u00e1tica da Hist\u00f3ria e das compet\u00eancias do pensamento hist\u00f3rico&#8221; (Alessandro Monteiro &#8211; PPGE UEPG e Rede P\u00fablica Estadual)<\/span><\/td>\n<td width=\"172\">Sess\u00e3o de debate 2 e sess\u00e3o de debate 3 (salas do PPGH)*<\/td>\n<td width=\"172\">Sess\u00f5es de debate 4 e 5 (salas do PPGH) e 7 (Audit\u00f3rio do Museu) *<\/td>\n<\/tr>\n<tr>\n<td width=\"85\"><span style=\"color: #ff6600\">Tarde<\/span><\/p>\n<p><span style=\"color: #ff6600\">13:30\/ 17:30<\/span><\/td>\n<td width=\"172\">Reuni\u00e3o do corpo docente do PPGH-UEPG sobre o projeto de doutorado (audit\u00f3rio do Museu)<\/p>\n<p>&nbsp;<\/p>\n<hr \/>\n<p>Sess\u00e3o de debate 1 (PPGH) *<\/td>\n<td width=\"172\">13:30h. &#8211; <a href=\"https:\/\/www.youtube.com\/live\/bm2pTzcJ6Bo?si=6-Xyja4VuNgjcdwI\"><span style=\"color: #ff0000\">&#8220;Ensinando historia em museus e as representatividades femininas&#8221;<\/span><\/a>. (Jaqueline Zarbato &#8211; UFMS) &#8211; Audit\u00f3rio do Museu<\/p>\n<hr \/>\n<p>16:30h; &#8211; Visita \u00e0s exposi\u00e7\u00f5es &#8220;200 anos enquadrados&#8221; e &#8220;PG Gigante&#8221; &#8211; Galeria da PROEX<\/td>\n<td width=\"172\">Oficina:&#8221;Produ\u00e7\u00e3o de recursos educativos para museus&#8221; (Jezulino L. M. Braga &#8211; UFMG) &#8211; Audit\u00f3rio do Museu<\/p>\n<p>&nbsp;<\/td>\n<\/tr>\n<tr>\n<td width=\"85\"><span style=\"color: #ff6600\">Noite<\/span><\/p>\n<p><span style=\"color: #ff6600\">19:00\/ 22:00<\/span><\/td>\n<td width=\"172\">&nbsp;<\/p>\n<p>Confer\u00eancia de abertura: <span style=\"color: #ff0000\">&#8220;<\/span><a href=\"https:\/\/www.youtube.com\/live\/qUVgnVd3qTc?si=dsFDBYUk0sNYOoGr\"><span style=\"color: #ff0000\">20 anos de ensino de Hist\u00f3ria<\/span><\/a><span style=\"color: #ff0000\">&#8220;<\/span> (Caroline Pacievitch &#8211; UFRGS) &#8211;<\/p>\n<p>&nbsp;<\/td>\n<td width=\"172\">Sess\u00f5es de debate 6 e 8 (online) *<\/td>\n<td width=\"172\">Confer\u00eancia de encerramento: <span style=\"color: #ff0000\"><a style=\"color: #ff0000\" href=\"https:\/\/www.youtube.com\/live\/EKQNRZotlpM?si=c6DDGFyjx-4hkoye\">&#8220;Convites para uma educa\u00e7\u00e3o em museus&#8221;<\/a><\/span> (Jezulino L. M. Braga &#8211; UFMG) &#8211; Audit\u00f3rio do Museu<\/td>\n<\/tr>\n<\/tbody>\n<\/table>\n<p><span style=\"color: #ff6600\"><strong>*<\/strong> <\/span>Para acessar a distribui\u00e7\u00e3o dos trabalhos e apresentadores nas sess\u00f5es de debate,<span style=\"color: #ff6600\"><strong><a style=\"color: #ff6600\" href=\"https:\/\/docs.google.com\/document\/d\/1NlUD_o8DmloZ-QCLfszDc3tLCBjxiW11Ug6tXFty5aY\/edit\"> clique aqui<\/a><\/strong><\/span>. Para acessar os trabalhos provis\u00f3rios, ler antecipadamente e participar dos debates, <a href=\"https:\/\/drive.google.com\/drive\/folders\/1v4hHhWNAhom0Isp5W27_JBWKOb2MwUg4\"><span style=\"color: #ff6600\"><strong>clique aqui<\/strong><\/span><\/a>.<\/p>\n<p><span style=\"color: #ff6600\"><strong>Oficinas<\/strong><\/span><\/p>\n<ul>\n<li>&#8220;Produ\u00e7\u00e3o de recursos educativos para museus&#8221; (Jezulino L. M. Braga &#8211; UFMG)<\/li>\n<li>&#8220;Conserva\u00e7\u00e3o preventiva de patrim\u00f4nio documental em suporte de papel&#8221; (Marcia Dor\u00e9 &#8211; Unicentro)<\/li>\n<li>&#8220;<span style=\"color: #000000\">Utiliza\u00e7\u00e3o de filmes em sala de aula a partir das perspectivas da Did\u00e1tica da Hist\u00f3ria e das compet\u00eancias do pensamento hist\u00f3rico&#8221; (Alessandro Monteiro &#8211; PPGE UEPG e Rede P\u00fablica Estadual)<\/span><\/li>\n<\/ul>\n<p>&nbsp;<\/p>\n<p><span style=\"color: #ff6600\"><strong>Objetivos Gerais<\/strong><\/span><\/p>\n<p>\u2013 Proporcionar a interlocu\u00e7\u00e3o cient\u00edfica entre pesquisadores das diferentes \u00e1reas do PPGH-UEPG<\/p>\n<p>\u2013 Oportunizar a avalia\u00e7\u00e3o cont\u00ednua do programa por seus diferentes agentes<\/p>\n<p><span style=\"color: #ff6600\"><strong>Objetivos Espec\u00edficos<\/strong><\/span><\/p>\n<p>\u2013 Promover a integra\u00e7\u00e3o entre as linhas e n\u00facleos de pesquisa, por meio de sess\u00f5es de debate de trabalhos diferentes em termos de n\u00facleo, tema, metodologia, referenciais etc.<\/p>\n<p>\u2013 Promover a integra\u00e7\u00e3o vertical entre os agentes do PPGH, por meio do encontro dial\u00f3gico entre graduandos, mestrandos, egressos e pesquisadores do PPGH.<\/p>\n<p>\u2013 Gerar oportunidades de trabalhos t\u00e9cnicos (organiza\u00e7\u00e3o de eventos, emiss\u00e3o de parecer, coordena\u00e7\u00e3o de sess\u00f5es) e apresenta\u00e7\u00e3o de trabalhos cient\u00edficos para todos os integrantes do programa.<\/p>\n<p>\u2013 Promover sess\u00f5es de reflex\u00e3o aprofundada entre corpo docente, discente e egressos para avalia\u00e7\u00e3o coletiva e planejamento estrat\u00e9gico do Programa.<\/p>\n<p>&nbsp;<\/p>\n<p><span style=\"color: #ff6600\"><strong>Atividades:<\/strong><\/span><\/p>\n<p>\u2013 Confer\u00eancias e palestras.<\/p>\n<p>\u2013 Simp\u00f3sios tem\u00e1ticos: trata-se de sess\u00f5es mistas (diferentes linhas e grupos de pesquisa) de debate de trabalhos de pesquisa em andamento e conclu\u00eddos com mestrandos e mestrandas, egressos e egressas do Programa.<\/p>\n<p>\u2013 Publica\u00e7\u00e3o de textos completos nos anais eletr\u00f4nicos do evento.<\/p>\n<p>\u2013 Minicursos e Oficinas ministrados pelas\/os mestrandas\/os e convidados tendo por p\u00fablico-alvo os estudantes de gradua\u00e7\u00e3o dos diversos cursos da UEPG.<\/p>\n<p>&#8211; Sess\u00f5es especiais de apresenta\u00e7\u00e3o de trabalhos cient\u00edficos produzidos no GEDHI ao longo dos \u00faltimos 20 anos.<\/p>\n<p>&nbsp;<\/p>\n<p><span style=\"color: #ff6600\"><strong>Metodologia das sess\u00f5es de debates<\/strong>:<\/span><\/p>\n<p>Podem se inscrever para as sess\u00f5es de debates os alunos atuais do mestrado, egressos do Programa, participantes em Hist\u00f3ria do PIBIC-UEPG, egressos dos cursos de Hist\u00f3ria da UEPG, corpo docente do PPGH e professores de Hist\u00f3ria do ensino b\u00e1sico e superior. Nessa edi\u00e7\u00e3o comemorativa dos 20 anos do GEDHI, tamb\u00e9m podem se inscrever pessoas que participaram do grupo em todos os n\u00edveis. A inscri\u00e7\u00e3o \u00e9 feita apresentando um texto de 8 a 12 p\u00e1ginas. O texto ser\u00e1 lido antecipadamente pelo comit\u00ea cient\u00edfico e por todos os participantes da sess\u00e3o de debates. O participante anotar\u00e1 as corre\u00e7\u00f5es, cr\u00edticas e sugest\u00f5es durante a sess\u00e3o e, ap\u00f3s o evento, deve incorpor\u00e1-las e enviar o texto definitivo para publica\u00e7\u00e3o nos anais eletr\u00f4nicos do evento at\u00e9 31\/10\/2023.<\/p>\n<p><strong><span style=\"color: #ff6600\">Cronograma:<\/span><br \/>\n<\/strong>Local: Museu Campos Gerais, R. Eng. Schamber, 686 &#8211; Centro, Ponta Grossa<\/p>\n<p>Inscri\u00e7\u00e3o de propostas de minicursos ou oficinas: at\u00e9 30\/09\/2022.<br \/>\nInscri\u00e7\u00e3o de trabalhos (obrigat\u00f3ria para os mestrandos do PPGH): 01\/08\/2023 at\u00e9 06\/09\/2023.<br \/>\nDivulga\u00e7\u00e3o dos trabalhos aprovados e distribui\u00e7\u00e3o dos simp\u00f3sios: 13\/09\/2023.<br \/>\nInscri\u00e7\u00e3o de graduandos para participa\u00e7\u00e3o em oficinas e minicursos: de 1 a 14 de outubro.<br \/>\nInscri\u00e7\u00e3o de ouvintes: de 1 a 18 de setembro.<\/p>\n<p>Realiza\u00e7\u00e3o do evento: 19 a 21 de setembro de 2023.<\/p>\n<p>&nbsp;<\/p>\n<p><span style=\"color: #ff6600\"><strong>Comiss\u00e3o organizadora:<\/strong><\/span><\/p>\n<p>Alessandra Izabel de Carvalho<br \/>\nLuis Fernando Cerri<br \/>\nEdson Armando Silva<br \/>\nErivan Cassiano Karvat<br \/>\nRobson Laverdi<br \/>\nBrenda Caroline Busato Rotter<br \/>\nFrederico Renan Hilgenberg Gomes<br \/>\nThiago de Paula<br \/>\nBruno dos Santos Grube<br \/>\nFernanda Mauda<br \/>\nRicardo Enguel Gon\u00e7alves<br \/>\nMirielen Machado Rodrigues<\/p>\n<p><span style=\"color: #ff6600\"><strong>Comit\u00ea Cient\u00edfico <\/strong><\/span><\/p>\n<p>Edson Armando Silva (PPGH)<br \/>\nGeorgiane Garabely Heil V\u00e1zquez (PPGH)<br \/>\nLuis Fernando Cerri (PPGH)<br \/>\nMaria Paula Costa (PPGH\/ Unicentro)<br \/>\nRobson Laverdi (PPGH)<br \/>\nRos\u00e2ngela Wosiack Zulian (PPGH)<br \/>\nAlessandra Izabel de Carvalho (PPGH)<br \/>\nJana\u00edna de Paula do Esp\u00edrito Santo (PPGH)<br \/>\nClaudio Luiz Denipoti (PPGH\/ UEL)<br \/>\nErivan Cassiano Karvat (PPGH)<br \/>\nMaria Julieta Weber Cordova (PPGH)<br \/>\nNiltonci Batista Chaves (PPGH)<br \/>\nPatr\u00edcia Camera Varella (PPGH)<br \/>\nEvelyn Roberta Nimmo (PPGH)<br \/>\nN\u00e9vio de Campos (PPGH\/ PPGE UEPG)<\/p>\n<p>&nbsp;<\/p>\n<p style=\"text-align: right\">Acesse os col\u00f3quios anteriores:<\/p>\n<p style=\"text-align: right\"><a href=\"https:\/\/www2.uepg.br\/ppgh\/?page_id=638&amp;preview=true\">\u00a0<img loading=\"lazy\" class=\"alignnone size-medium wp-image-411\" src=\"http:\/\/www2.uepg.br\/ppgh\/wp-content\/uploads\/sites\/131\/2021\/08\/banner-300x67.jpg\" alt=\"\" width=\"300\" height=\"67\" srcset=\"https:\/\/www2.uepg.br\/ppgh\/wp-content\/uploads\/sites\/131\/2021\/08\/banner-300x67.jpg 300w, https:\/\/www2.uepg.br\/ppgh\/wp-content\/uploads\/sites\/131\/2021\/08\/banner-768x171.jpg 768w, https:\/\/www2.uepg.br\/ppgh\/wp-content\/uploads\/sites\/131\/2021\/08\/banner.jpg 793w\" sizes=\"(max-width: 300px) 100vw, 300px\" \/><\/a><\/p>\n<p><a href=\"https:\/\/www2.uepg.br\/ppgh\/2o-coloquio-do-ppgh\/ \u200e\"><img loading=\"lazy\" class=\"alignright wp-image-657\" src=\"http:\/\/www2.uepg.br\/ppgh\/wp-content\/uploads\/sites\/131\/2022\/08\/banner-2022.png\" alt=\"Banner do 2o. Col\u00f3quio do PPGH\" width=\"297\" height=\"67\" srcset=\"https:\/\/www2.uepg.br\/ppgh\/wp-content\/uploads\/sites\/131\/2022\/08\/banner-2022.png 1110w, https:\/\/www2.uepg.br\/ppgh\/wp-content\/uploads\/sites\/131\/2022\/08\/banner-2022-300x68.png 300w, https:\/\/www2.uepg.br\/ppgh\/wp-content\/uploads\/sites\/131\/2022\/08\/banner-2022-1024x231.png 1024w, https:\/\/www2.uepg.br\/ppgh\/wp-content\/uploads\/sites\/131\/2022\/08\/banner-2022-768x173.png 768w\" sizes=\"(max-width: 297px) 100vw, 297px\" \/><\/a><\/p>\n","protected":false},"excerpt":{"rendered":"<p>3o. Col\u00f3quio do PPGH 17a. Primavera dos Museus XIV Semin\u00e1rio Nacional de Did\u00e1tica da Hist\u00f3ria &#8211; 20 anos do GEDHI Anais do 3o. Coloquio do PPGH\u00a0 &nbsp; O Programa de P\u00f3s-gradua\u00e7\u00e3o em Hist\u00f3ria \u2013 Mestrado acad\u00eamico convoca seu corpo discente e convida os egressos do Programa, participantes em Hist\u00f3ria do PIBIC-UEPG, egressos dos cursos de&nbsp;&hellip;<\/p>\n","protected":false},"author":188,"featured_media":0,"parent":0,"menu_order":0,"comment_status":"closed","ping_status":"closed","template":"","meta":[],"_links":{"self":[{"href":"https:\/\/www2.uepg.br\/ppgh\/wp-json\/wp\/v2\/pages\/1098"}],"collection":[{"href":"https:\/\/www2.uepg.br\/ppgh\/wp-json\/wp\/v2\/pages"}],"about":[{"href":"https:\/\/www2.uepg.br\/ppgh\/wp-json\/wp\/v2\/types\/page"}],"author":[{"embeddable":true,"href":"https:\/\/www2.uepg.br\/ppgh\/wp-json\/wp\/v2\/users\/188"}],"replies":[{"embeddable":true,"href":"https:\/\/www2.uepg.br\/ppgh\/wp-json\/wp\/v2\/comments?post=1098"}],"version-history":[{"count":3,"href":"https:\/\/www2.uepg.br\/ppgh\/wp-json\/wp\/v2\/pages\/1098\/revisions"}],"predecessor-version":[{"id":1106,"href":"https:\/\/www2.uepg.br\/ppgh\/wp-json\/wp\/v2\/pages\/1098\/revisions\/1106"}],"wp:attachment":[{"href":"https:\/\/www2.uepg.br\/ppgh\/wp-json\/wp\/v2\/media?parent=1098"}],"curies":[{"name":"wp","href":"https:\/\/api.w.org\/{rel}","templated":true}]}}