{"id":1110,"date":"2024-06-03T21:10:45","date_gmt":"2024-06-04T00:10:45","guid":{"rendered":"https:\/\/www2.uepg.br\/ppgh\/?page_id=1110"},"modified":"2025-06-03T21:41:00","modified_gmt":"2025-06-04T00:41:00","slug":"edital-ppgh-09-2024","status":"publish","type":"page","link":"https:\/\/www2.uepg.br\/ppgh\/edital-ppgh-09-2024\/","title":{"rendered":"EDITAL PPGH 09 2024"},"content":{"rendered":"<p><img loading=\"lazy\" class=\"alignright size-full wp-image-278\" src=\"http:\/\/www2.uepg.br\/ppgh\/wp-content\/uploads\/sites\/131\/2021\/02\/imagem_2021-02-17_133847.png\" alt=\"\" width=\"257\" height=\"67\" \/><\/p>\n<p>&nbsp;<\/p>\n<p>&nbsp;<\/p>\n<p>&nbsp;<\/p>\n<hr \/>\n<p><strong>EDITAL PPGH 09\/2025 \u2013 PROJETOS SELECIONADOS NO PROCESSO SELETIVO DE 2025 E CONVOCA\u00c7\u00c3O PARA AVALIA\u00c7\u00c3O REMOTA<\/strong><\/p>\n<p>A Coordena\u00e7\u00e3o do Programa de P\u00f3s-Gradua\u00e7\u00e3o em Hist\u00f3ria (PPGH) da Universidade Estadual de Ponta Grossa, no uso de suas atribui\u00e7\u00f5es, considerando o que prev\u00ea o Edital PPGH 07\/2025 e 08\/2025 e em aten\u00e7\u00e3o \u00e0 delibera\u00e7\u00e3o da Comiss\u00e3o de Sele\u00e7\u00e3o e do Colegiado, convoca os\/as CANDIDATOS\/AS SELECIONADOS\/AS na primeira etapa do processo seletivo para realiza\u00e7\u00e3o da avalia\u00e7\u00e3o remota (argui\u00e7\u00e3o on-line) sobre os respectivos projetos de pesquisa e trajet\u00f3ria acad\u00eamica e profissional. A avalia\u00e7\u00e3o se dar\u00e1 via plataforma <em>Google Meet<\/em> e o link ser\u00e1 enviado diretamente para o e-mail dos(as) candidatos(as) selecionados(as).<\/p>\n<p>1. Candidatos(as) selecionados\/as:<\/p>\n<p>1a. Mem\u00f3ria, acervos e patrim\u00f4nio<\/p>\n<p>Ana Clara Jacopetti<br \/>\nHemerson Oliveira Jr.<br \/>\nIsabela de F\u00e1tima Barboza de Melo<br \/>\nJulia Machado<br \/>\nPatricia Bida<br \/>\nVit\u00f3ria Oliveira<\/p>\n<p>1b.\u00a0Sujeitos, discursos e identidades<\/p>\n<p>Ana L\u00facia Silva<br \/>\nDenise de Cassia Baumann<br \/>\nGabriel Cesar Brun\u00f3rio<br \/>\nLuana de Almeida Santos<br \/>\nNayara N. Carneiro Roberto<br \/>\nPaola Cesca Fauro<br \/>\nReinaldo Glusczka<br \/>\nSteli Furtado Cabral<\/p>\n<p>1c. Ensino de Hist\u00f3ria<\/p>\n<p>N\u00e3o houve candidatos(as) selecionados<\/p>\n<p>2. Fica aberto o prazo at\u00e9 6\/06\/2025 para interposi\u00e7\u00e3o de recursos no sei.uepg.br.<\/p>\n<p>&nbsp;<\/p>\n<p style=\"text-align: right\">Ponta Grossa, 03 de junho de 2025<\/p>\n<p style=\"text-align: right\">Coordena\u00e7\u00e3o do PPGH<\/p>\n","protected":false},"excerpt":{"rendered":"<p>&nbsp; &nbsp; &nbsp; EDITAL PPGH 09\/2025 \u2013 PROJETOS SELECIONADOS NO PROCESSO SELETIVO DE 2025 E CONVOCA\u00c7\u00c3O PARA AVALIA\u00c7\u00c3O REMOTA A Coordena\u00e7\u00e3o do Programa de P\u00f3s-Gradua\u00e7\u00e3o em Hist\u00f3ria (PPGH) da Universidade Estadual de Ponta Grossa, no uso de suas atribui\u00e7\u00f5es, considerando o que prev\u00ea o Edital PPGH 07\/2025 e 08\/2025 e em aten\u00e7\u00e3o \u00e0 delibera\u00e7\u00e3o da&nbsp;&hellip;<\/p>\n","protected":false},"author":188,"featured_media":0,"parent":0,"menu_order":0,"comment_status":"closed","ping_status":"closed","template":"","meta":[],"_links":{"self":[{"href":"https:\/\/www2.uepg.br\/ppgh\/wp-json\/wp\/v2\/pages\/1110"}],"collection":[{"href":"https:\/\/www2.uepg.br\/ppgh\/wp-json\/wp\/v2\/pages"}],"about":[{"href":"https:\/\/www2.uepg.br\/ppgh\/wp-json\/wp\/v2\/types\/page"}],"author":[{"embeddable":true,"href":"https:\/\/www2.uepg.br\/ppgh\/wp-json\/wp\/v2\/users\/188"}],"replies":[{"embeddable":true,"href":"https:\/\/www2.uepg.br\/ppgh\/wp-json\/wp\/v2\/comments?post=1110"}],"version-history":[{"count":6,"href":"https:\/\/www2.uepg.br\/ppgh\/wp-json\/wp\/v2\/pages\/1110\/revisions"}],"predecessor-version":[{"id":1306,"href":"https:\/\/www2.uepg.br\/ppgh\/wp-json\/wp\/v2\/pages\/1110\/revisions\/1306"}],"wp:attachment":[{"href":"https:\/\/www2.uepg.br\/ppgh\/wp-json\/wp\/v2\/media?parent=1110"}],"curies":[{"name":"wp","href":"https:\/\/api.w.org\/{rel}","templated":true}]}}