{"id":1114,"date":"2024-06-14T08:32:38","date_gmt":"2024-06-14T11:32:38","guid":{"rendered":"https:\/\/www2.uepg.br\/ppgh\/?page_id=1114"},"modified":"2024-06-14T08:32:57","modified_gmt":"2024-06-14T11:32:57","slug":"edital-ppgh-10-2024","status":"publish","type":"page","link":"https:\/\/www2.uepg.br\/ppgh\/edital-ppgh-10-2024\/","title":{"rendered":"EDITAL PPGH 10\/2024"},"content":{"rendered":"<p><img loading=\"lazy\" class=\"alignright size-full wp-image-278\" src=\"http:\/\/www2.uepg.br\/ppgh\/wp-content\/uploads\/sites\/131\/2021\/02\/imagem_2021-02-17_133847.png\" alt=\"\" width=\"257\" height=\"67\" \/><\/p>\n<p>&nbsp;<\/p>\n<p>&nbsp;<\/p>\n<p>&nbsp;<\/p>\n<hr \/>\n<p><strong>EDITAL PPGH UEPG 10\/2024<\/strong><\/p>\n<p><strong>RELA\u00c7\u00c3O DOS(AS) CANDIDATOS(AS) APROVADOS(AS) NO PROCESSO SELETIVO DE 2024<\/strong><\/p>\n<p>&nbsp;<\/p>\n<p>A Coordena\u00e7\u00e3o do Programa de P\u00f3s-Gradua\u00e7\u00e3o em Hist\u00f3ria (PPGH) da Universidade Estadual de Ponta Grossa, no uso de suas atribui\u00e7\u00f5es, considerando o que prev\u00eaem os Editais PPGH 02\/2024 e 06\/2024 e em aten\u00e7\u00e3o \u00e0 delibera\u00e7\u00e3o da Comiss\u00e3o de Sele\u00e7\u00e3o e do Colegiado, torna p\u00fablico a rela\u00e7\u00e3o dos candidatos e candidatas aprovados(as) no processo seletivo com ingresso em agosto de 2024:<\/p>\n<table width=\"576\">\n<tbody>\n<tr>\n<td width=\"283\">\n<p style=\"text-align: center\"><strong>Candidato(a)<\/strong><\/p>\n<\/td>\n<td width=\"293\">\n<p style=\"text-align: center\"><strong>Orientador(a)<\/strong><\/p>\n<p style=\"text-align: center\"><strong>Coorientador(a)<\/strong><\/p>\n<\/td>\n<\/tr>\n<tr>\n<td width=\"283\">1.\u00a0\u00a0\u00a0\u00a0\u00a0\u00a0 Amanda T. R. Santos Rodrigues<\/td>\n<td width=\"293\">Robson Laverdi<\/td>\n<\/tr>\n<tr>\n<td width=\"283\">2.\u00a0\u00a0\u00a0\u00a0\u00a0\u00a0 Barbara Bombasar Faria<\/td>\n<td width=\"293\">Georgiane Garabely Heil V\u00e1zquez<\/td>\n<\/tr>\n<tr>\n<td width=\"283\">3.\u00a0\u00a0\u00a0\u00a0\u00a0\u00a0 Claudio S. Pereira de Oliveira<\/td>\n<td width=\"293\">Jana\u00edna de Paula do E. Santo<br \/>\nLuis Fernando Cerri<\/td>\n<\/tr>\n<tr>\n<td width=\"283\">4.\u00a0\u00a0\u00a0\u00a0\u00a0\u00a0 Daniele Pereira da Silva<\/td>\n<td width=\"293\">Maria Paula Costa<\/p>\n<p>Georgiane Garabely Heil V\u00e1zquez<\/td>\n<\/tr>\n<tr>\n<td width=\"283\">5.\u00a0\u00a0\u00a0\u00a0\u00a0\u00a0 Felipe Lomba<\/td>\n<td width=\"293\">Jana\u00edna de Paula do Esp\u00edrito Santo<\/td>\n<\/tr>\n<tr>\n<td width=\"283\">6.\u00a0\u00a0\u00a0\u00a0\u00a0\u00a0 Gabriel Lacerda de Souza<\/td>\n<td width=\"293\">Alessandra Izabel de Carvalho<\/p>\n<p>Erivan Cassiano Karvat<\/td>\n<\/tr>\n<tr>\n<td width=\"283\">7.\u00a0\u00a0\u00a0\u00a0\u00a0\u00a0 Giovana Paganini<\/td>\n<td width=\"293\">Patr\u00edcia Camera Varella<\/td>\n<\/tr>\n<tr>\n<td width=\"283\">8.\u00a0\u00a0\u00a0\u00a0\u00a0\u00a0 Jacqueline A. Bueno Machado<\/td>\n<td width=\"293\">Maria Julieta Weber<\/td>\n<\/tr>\n<tr>\n<td width=\"283\">9.\u00a0\u00a0\u00a0\u00a0\u00a0\u00a0 Karen Barros<\/td>\n<td width=\"293\">Patr\u00edcia Camera Varella<\/td>\n<\/tr>\n<tr>\n<td width=\"283\">10.\u00a0 Karine de F\u00e1tima Almeida<\/td>\n<td width=\"293\">Jana\u00edna de Paula do E. Santo<br \/>\nLuis Fernando Cerri<\/td>\n<\/tr>\n<tr>\n<td width=\"283\">11.\u00a0 Let\u00edcia Marques Almeida<\/td>\n<td width=\"293\">Luis Fernando Cerri<\/td>\n<\/tr>\n<tr>\n<td width=\"283\">12.\u00a0 Milena Borcoski<\/td>\n<td width=\"293\">N\u00e9vio de Campos<\/p>\n<p>Erivan Cassiano Karvat<\/td>\n<\/tr>\n<tr>\n<td width=\"283\">13.\u00a0 Rafaela Laurino Carvalho<\/td>\n<td width=\"293\">Georgiane Garabely Heil V\u00e1zquez<\/td>\n<\/tr>\n<tr>\n<td width=\"283\">14.\u00a0 Uende N. Silva Nascimento<\/td>\n<td width=\"293\">Georgiane Garabely Heil V\u00e1zquez<\/td>\n<\/tr>\n<tr>\n<td width=\"283\">15.\u00a0 Vinicius Mendes Batista<\/td>\n<td width=\"293\">Ilton Cesar Martins<\/td>\n<\/tr>\n<\/tbody>\n<\/table>\n<ol>\n<li>As matr\u00edculas dever\u00e3o ser realizadas em datas a serem comunicadas pela coordena\u00e7\u00e3o via sistema ACAD, on-line na p\u00e1gina da UEPG.<\/li>\n<li>O in\u00edcio das aulas ser\u00e1 no dia 5 de agosto de 2024.<\/li>\n<li>A coordena\u00e7\u00e3o do PPGH entrar\u00e1 em contato antecipadamente com os\/as candidatos(as) aprovados(as) para instru\u00e7\u00f5es sobre as disciplinas a serem cursadas.<\/li>\n<\/ol>\n<p>&nbsp;<\/p>\n<p style=\"text-align: right\">Ponta Grossa, 13 de junho de 2024.<\/p>\n<p style=\"text-align: right\">Coordena\u00e7\u00e3o do PPGH<\/p>\n","protected":false},"excerpt":{"rendered":"<p>&nbsp; &nbsp; &nbsp; EDITAL PPGH UEPG 10\/2024 RELA\u00c7\u00c3O DOS(AS) CANDIDATOS(AS) APROVADOS(AS) NO PROCESSO SELETIVO DE 2024 &nbsp; A Coordena\u00e7\u00e3o do Programa de P\u00f3s-Gradua\u00e7\u00e3o em Hist\u00f3ria (PPGH) da Universidade Estadual de Ponta Grossa, no uso de suas atribui\u00e7\u00f5es, considerando o que prev\u00eaem os Editais PPGH 02\/2024 e 06\/2024 e em aten\u00e7\u00e3o \u00e0 delibera\u00e7\u00e3o da Comiss\u00e3o de&nbsp;&hellip;<\/p>\n","protected":false},"author":188,"featured_media":0,"parent":0,"menu_order":0,"comment_status":"closed","ping_status":"closed","template":"","meta":[],"_links":{"self":[{"href":"https:\/\/www2.uepg.br\/ppgh\/wp-json\/wp\/v2\/pages\/1114"}],"collection":[{"href":"https:\/\/www2.uepg.br\/ppgh\/wp-json\/wp\/v2\/pages"}],"about":[{"href":"https:\/\/www2.uepg.br\/ppgh\/wp-json\/wp\/v2\/types\/page"}],"author":[{"embeddable":true,"href":"https:\/\/www2.uepg.br\/ppgh\/wp-json\/wp\/v2\/users\/188"}],"replies":[{"embeddable":true,"href":"https:\/\/www2.uepg.br\/ppgh\/wp-json\/wp\/v2\/comments?post=1114"}],"version-history":[{"count":2,"href":"https:\/\/www2.uepg.br\/ppgh\/wp-json\/wp\/v2\/pages\/1114\/revisions"}],"predecessor-version":[{"id":1116,"href":"https:\/\/www2.uepg.br\/ppgh\/wp-json\/wp\/v2\/pages\/1114\/revisions\/1116"}],"wp:attachment":[{"href":"https:\/\/www2.uepg.br\/ppgh\/wp-json\/wp\/v2\/media?parent=1114"}],"curies":[{"name":"wp","href":"https:\/\/api.w.org\/{rel}","templated":true}]}}