{"id":1137,"date":"2024-07-22T19:05:09","date_gmt":"2024-07-22T22:05:09","guid":{"rendered":"https:\/\/www2.uepg.br\/ppgh\/?page_id=1137"},"modified":"2026-02-13T17:05:48","modified_gmt":"2026-02-13T20:05:48","slug":"1137-2","status":"publish","type":"page","link":"https:\/\/www2.uepg.br\/ppgh\/1137-2\/","title":{"rendered":"Edital PPGH 01\/2026"},"content":{"rendered":"<p><img loading=\"lazy\" class=\"alignright size-full wp-image-278\" src=\"http:\/\/www2.uepg.br\/ppgh\/wp-content\/uploads\/sites\/131\/2021\/02\/imagem_2021-02-17_133847.png\" alt=\"\" width=\"257\" height=\"67\" \/><\/p>\n<p>&nbsp;<\/p>\n<p>&nbsp;<\/p>\n<p>&nbsp;<\/p>\n<hr \/>\n<p><strong>EDITAL PPGH UEPG 01\/2026 &#8211; <\/strong><strong>SELE\u00c7\u00c3O DE ALUNOS REGULARES PARA BOLSAS DE DOUTORADO A SEREM CONCEDIDAS EM 2026<\/strong><\/p>\n<p><strong>\u00a0<\/strong><\/p>\n<p>O Programa de Mestrado em Hist\u00f3ria, Cultura e Regionalidades realizar\u00e1 sele\u00e7\u00e3o de alunos para Bolsas eventualmente concedidas at\u00e9 janeiro de 2027.<\/p>\n<p>O Processo de Sele\u00e7\u00e3o \u00e9 destinado aos alunos regulares do Programa, com prefer\u00eancia para os que possam se\u00a0 \u00a0dedicar\u00a0\u00a0 integralmente\u00a0 \u00a0\u00e0s\u00a0 \u00a0atividades\u00a0\u00a0 do\u00a0 \u00a0Programa, ou seja, que n\u00e3o mantenham v\u00ednculo empregat\u00edcio ou que estejam liberados de suas atividades profissionais \u00a0sem \u00a0recebimento \u00a0de \u00a0vencimentos \u00a0(excluem-se \u00a0neste \u00a0\u00faltimo \u00a0os integrantes do quadro funcional da UEPG).<\/p>\n<p>A concess\u00e3o da bolsa implica, al\u00e9m do acompanhamento dos cr\u00e9ditos, o compromisso de 20 horas semanais de perman\u00eancia nas depend\u00eancias do PPGH UEPG e espa\u00e7os relacionados, distribu\u00eddas entre atividades de laborat\u00f3rio, de campo, de est\u00e1gio de doc\u00eancia e outras, atribu\u00eddas e supervisionadas pelo orientador.<\/p>\n<p>Os candidatos \u00e0 bolsa ser\u00e3o selecionados mediante inscri\u00e7\u00e3o junto ao PPGH \u2013 atrav\u00e9s, exclusivamente, do envio por e-mail (ppgh.uepg@gmail.com) \u2013\u00a0<strong>entre 13 e 20\/02\/2026<\/strong>, enviando na mensagem de inscri\u00e7\u00e3o os documentos e informa\u00e7\u00f5es informados no item 1 do documento \u201cCrit\u00e9rios para solicita\u00e7\u00e3o e concess\u00e3o de bolsas de estudo no Programa de P\u00f3s-gradua\u00e7\u00e3o em Hist\u00f3ria da UEPG\u201d, dispon\u00edvel no <a href=\"http:\/\/www2.uepg.br\/ppgh\/wp-content\/uploads\/sites\/131\/2023\/10\/Anexo-I-criterios-para-selecao-de-bolsistas-2023.pdf\">Anexo I<\/a> do presente edital, juntamente com\u00a0documenta\u00e7\u00e3o comprobat\u00f3ria, se for o caso, de participa\u00e7\u00e3o do(a) interessado(o) ou de sua fam\u00edlia em programas sociais p\u00fablicos de distribui\u00e7\u00e3o de renda e\/ou de haver sido admitido(a) na gradua\u00e7\u00e3o como cotista social ou racial.<\/p>\n<p>Os crit\u00e9rios de sele\u00e7\u00e3o est\u00e3o dispon\u00edveis no mesmo documento cujo link segue abaixo.<\/p>\n<p><strong>Obrigatoriamente o e-mail de inscri\u00e7\u00e3o dever\u00e1 apresentar no campo ASSUNTO o\u00a0<\/strong><strong>se<\/strong><strong>guinte texto: INSCRI\u00c7\u00c3O BOLSA<\/strong><\/p>\n<p>&nbsp;<\/p>\n<p style=\"text-align: right\">Ponta Grossa, 13 de fevereiro de 2026<\/p>\n<p style=\"text-align: right\">Colegiado do PPGH<\/p>\n<p><a href=\"http:\/\/www2.uepg.br\/ppgh\/wp-content\/uploads\/sites\/131\/2023\/10\/Anexo-I-criterios-para-selecao-de-bolsistas-2023.pdf\">Anexo I &#8211; criterios para selecao de bolsistas<\/a><\/p>\n","protected":false},"excerpt":{"rendered":"<p>&nbsp; &nbsp; &nbsp; EDITAL PPGH UEPG 01\/2026 &#8211; SELE\u00c7\u00c3O DE ALUNOS REGULARES PARA BOLSAS DE DOUTORADO A SEREM CONCEDIDAS EM 2026 \u00a0 O Programa de Mestrado em Hist\u00f3ria, Cultura e Regionalidades realizar\u00e1 sele\u00e7\u00e3o de alunos para Bolsas eventualmente concedidas at\u00e9 janeiro de 2027. O Processo de Sele\u00e7\u00e3o \u00e9 destinado aos alunos regulares do Programa, com&nbsp;&hellip;<\/p>\n","protected":false},"author":188,"featured_media":0,"parent":0,"menu_order":0,"comment_status":"closed","ping_status":"closed","template":"","meta":[],"_links":{"self":[{"href":"https:\/\/www2.uepg.br\/ppgh\/wp-json\/wp\/v2\/pages\/1137"}],"collection":[{"href":"https:\/\/www2.uepg.br\/ppgh\/wp-json\/wp\/v2\/pages"}],"about":[{"href":"https:\/\/www2.uepg.br\/ppgh\/wp-json\/wp\/v2\/types\/page"}],"author":[{"embeddable":true,"href":"https:\/\/www2.uepg.br\/ppgh\/wp-json\/wp\/v2\/users\/188"}],"replies":[{"embeddable":true,"href":"https:\/\/www2.uepg.br\/ppgh\/wp-json\/wp\/v2\/comments?post=1137"}],"version-history":[{"count":3,"href":"https:\/\/www2.uepg.br\/ppgh\/wp-json\/wp\/v2\/pages\/1137\/revisions"}],"predecessor-version":[{"id":1486,"href":"https:\/\/www2.uepg.br\/ppgh\/wp-json\/wp\/v2\/pages\/1137\/revisions\/1486"}],"wp:attachment":[{"href":"https:\/\/www2.uepg.br\/ppgh\/wp-json\/wp\/v2\/media?parent=1137"}],"curies":[{"name":"wp","href":"https:\/\/api.w.org\/{rel}","templated":true}]}}