{"id":1169,"date":"2024-10-07T14:45:55","date_gmt":"2024-10-07T17:45:55","guid":{"rendered":"https:\/\/www2.uepg.br\/ppgh\/?page_id=1169"},"modified":"2024-10-07T14:51:01","modified_gmt":"2024-10-07T17:51:01","slug":"edital-ppgh-17-2024","status":"publish","type":"page","link":"https:\/\/www2.uepg.br\/ppgh\/edital-ppgh-17-2024\/","title":{"rendered":"EDITAL PPGH 17\/2024"},"content":{"rendered":"<p><strong>RESULTADO DA SELE\u00c7\u00c3O PARA EST\u00c1GIO DE P\u00d3S-DOUTORADO <\/strong><strong>(MODALIDADE SEM BOLSA)<\/strong><\/p>\n<p>A Coordena\u00e7\u00e3o do Programa de P\u00f3s-Gradua\u00e7\u00e3o em Hist\u00f3ria (PPGH) da Universidade Estadual de Ponta Grossa, no uso de suas atribui\u00e7\u00f5es, considerando o que prev\u00ea o Edital PPGH 15\/2024 e em aten\u00e7\u00e3o \u00e0 delibera\u00e7\u00e3o da Comiss\u00e3o de Sele\u00e7\u00e3o e do Colegiado, torna p\u00fablico o resultado da sele\u00e7\u00e3o para Est\u00e1gio de P\u00f3s-doutorado:<\/p>\n<p>01 vaga sob supervis\u00e3o do prof. Luis Fernando Cerri<br \/>\n<strong>Candidata aprovada:<\/strong> Val\u00e9ria Filgueiras Dapper<br \/>\nPontua\u00e7\u00e3o: 100,0 (cem pontos)<\/p>\n<p>01 vaga sob supervis\u00e3o do prof. Robson Laverdi<br \/>\n<strong>N\u00e3o houve inscri\u00e7\u00e3o<\/strong><\/p>\n<p>&nbsp;<\/p>\n<p>PER\u00cdODO DO EST\u00c1GIO: fevereiro de 2025 a fevereiro de 2026<\/p>\n<p>&nbsp;<\/p>\n<p style=\"text-align: right\">Ponta Grossa, 07 de outubro de 2024<\/p>\n<p style=\"text-align: right\">Coordena\u00e7\u00e3o do PPGH-UEPG<\/p>\n","protected":false},"excerpt":{"rendered":"<p>RESULTADO DA SELE\u00c7\u00c3O PARA EST\u00c1GIO DE P\u00d3S-DOUTORADO (MODALIDADE SEM BOLSA) A Coordena\u00e7\u00e3o do Programa de P\u00f3s-Gradua\u00e7\u00e3o em Hist\u00f3ria (PPGH) da Universidade Estadual de Ponta Grossa, no uso de suas atribui\u00e7\u00f5es, considerando o que prev\u00ea o Edital PPGH 15\/2024 e em aten\u00e7\u00e3o \u00e0 delibera\u00e7\u00e3o da Comiss\u00e3o de Sele\u00e7\u00e3o e do Colegiado, torna p\u00fablico o resultado da&nbsp;&hellip;<\/p>\n","protected":false},"author":188,"featured_media":0,"parent":0,"menu_order":0,"comment_status":"closed","ping_status":"closed","template":"","meta":[],"_links":{"self":[{"href":"https:\/\/www2.uepg.br\/ppgh\/wp-json\/wp\/v2\/pages\/1169"}],"collection":[{"href":"https:\/\/www2.uepg.br\/ppgh\/wp-json\/wp\/v2\/pages"}],"about":[{"href":"https:\/\/www2.uepg.br\/ppgh\/wp-json\/wp\/v2\/types\/page"}],"author":[{"embeddable":true,"href":"https:\/\/www2.uepg.br\/ppgh\/wp-json\/wp\/v2\/users\/188"}],"replies":[{"embeddable":true,"href":"https:\/\/www2.uepg.br\/ppgh\/wp-json\/wp\/v2\/comments?post=1169"}],"version-history":[{"count":1,"href":"https:\/\/www2.uepg.br\/ppgh\/wp-json\/wp\/v2\/pages\/1169\/revisions"}],"predecessor-version":[{"id":1170,"href":"https:\/\/www2.uepg.br\/ppgh\/wp-json\/wp\/v2\/pages\/1169\/revisions\/1170"}],"wp:attachment":[{"href":"https:\/\/www2.uepg.br\/ppgh\/wp-json\/wp\/v2\/media?parent=1169"}],"curies":[{"name":"wp","href":"https:\/\/api.w.org\/{rel}","templated":true}]}}