{"id":1196,"date":"2025-02-27T19:07:29","date_gmt":"2025-02-27T22:07:29","guid":{"rendered":"https:\/\/www2.uepg.br\/ppgh\/?page_id=1196"},"modified":"2025-02-27T19:11:03","modified_gmt":"2025-02-27T22:11:03","slug":"edital-ppgh-03-2025","status":"publish","type":"page","link":"https:\/\/www2.uepg.br\/ppgh\/edital-ppgh-03-2025\/","title":{"rendered":"Edital PPGH 03\/2025"},"content":{"rendered":"<p><img class=\"alignright\" src=\"http:\/\/www2.uepg.br\/ppgh\/wp-content\/uploads\/sites\/131\/2021\/02\/imagem_2021-02-17_133847.png\" \/><\/p>\n<p>&nbsp;<\/p>\n<p>&nbsp;<\/p>\n<p>&nbsp;<\/p>\n<hr \/>\n<h3><strong>Candidatos selecionados para cursar disciplinas isoladas no mestrado em Hist\u00f3ria, Cultura e Identidades como alunos especiais no 1\u00ba. Semestre de 2025<\/strong><\/h3>\n<p><strong>T\u00f3picos Especiais em Mem\u00f3ria, Narrativas e Hist\u00f3ria Oral<\/strong><\/p>\n<p>Inscri\u00e7\u00f5es aprovadas:<\/p>\n<p>Camille Machado Bahri<br \/>\nGabriela Sgarbossa<br \/>\nGuilherme Felipe Silva de Castro<br \/>\nJulia Graciela Machado<br \/>\nJulia Pereira de Souza<br \/>\nLayane de Souza Onofre<br \/>\nLuciano Justino<br \/>\nMarcela Cristina Bettega<br \/>\nMaur\u00edcio Luis Tomaselli<br \/>\nMiriam Narok<br \/>\nPatricia de Campos Bida<\/p>\n<p>&nbsp;<\/p>\n<p><strong>T\u00f3picos Especiais em Hist\u00f3ria Recente<\/strong><\/p>\n<p>Inscri\u00e7\u00f5es aprovadas:<\/p>\n<p>Ana L\u00facia da Silva<br \/>\nAndrieli Gmach<br \/>\nBruno dos Santos Grube<br \/>\nEdson Willian da Costa<br \/>\nGabrielle Cristine Santos<br \/>\nMaria Luiza Viana Pereira<br \/>\nMaria Vict\u00f3ria Klosienski<br \/>\nMateus Przybyloviecz<br \/>\nMayara Ap. de Paula Gomes<br \/>\nOsmara do Perpetuo Zadvorne<br \/>\nRog\u00e9rio Martins<br \/>\nS\u00e9rgio Luis Kosturehko<\/p>\n<p>&nbsp;<\/p>\n<p><strong>N\u00facleo de Pesquisas em Hist\u00f3ria Intelectual II<\/strong><\/p>\n<p>Inscri\u00e7\u00f5es aprovadas:<\/p>\n<p>Gabriel Henrique Divardim de Oliveira<br \/>\nJeanine Mafra Migliorini<br \/>\nNayara N. Carneiro Roberto<br \/>\nRafael Schier Granado<br \/>\nZenaide Aparecida da Silva<\/p>\n<p>Os aprovados devem acessar suas respectivas \u00e1reas no sistema ACAD (https:\/\/acad.apps.uepg.br) e, no item &#8220;oferta de disciplinas), selecionar e completar os procedimentos para a disciplina em que foram aprovados.<\/p>\n<p>&nbsp;<\/p>\n<p style=\"text-align: right\">Ponta Grossa, 27 de fevereiro de 2025.<br \/>\nCoordena\u00e7\u00e3o do PPGH<\/p>\n","protected":false},"excerpt":{"rendered":"<p>&nbsp; &nbsp; &nbsp; Candidatos selecionados para cursar disciplinas isoladas no mestrado em Hist\u00f3ria, Cultura e Identidades como alunos especiais no 1\u00ba. Semestre de 2025 T\u00f3picos Especiais em Mem\u00f3ria, Narrativas e Hist\u00f3ria Oral Inscri\u00e7\u00f5es aprovadas: Camille Machado Bahri Gabriela Sgarbossa Guilherme Felipe Silva de Castro Julia Graciela Machado Julia Pereira de Souza Layane de Souza Onofre&nbsp;&hellip;<\/p>\n","protected":false},"author":188,"featured_media":0,"parent":0,"menu_order":0,"comment_status":"closed","ping_status":"closed","template":"","meta":[],"_links":{"self":[{"href":"https:\/\/www2.uepg.br\/ppgh\/wp-json\/wp\/v2\/pages\/1196"}],"collection":[{"href":"https:\/\/www2.uepg.br\/ppgh\/wp-json\/wp\/v2\/pages"}],"about":[{"href":"https:\/\/www2.uepg.br\/ppgh\/wp-json\/wp\/v2\/types\/page"}],"author":[{"embeddable":true,"href":"https:\/\/www2.uepg.br\/ppgh\/wp-json\/wp\/v2\/users\/188"}],"replies":[{"embeddable":true,"href":"https:\/\/www2.uepg.br\/ppgh\/wp-json\/wp\/v2\/comments?post=1196"}],"version-history":[{"count":3,"href":"https:\/\/www2.uepg.br\/ppgh\/wp-json\/wp\/v2\/pages\/1196\/revisions"}],"predecessor-version":[{"id":1199,"href":"https:\/\/www2.uepg.br\/ppgh\/wp-json\/wp\/v2\/pages\/1196\/revisions\/1199"}],"wp:attachment":[{"href":"https:\/\/www2.uepg.br\/ppgh\/wp-json\/wp\/v2\/media?parent=1196"}],"curies":[{"name":"wp","href":"https:\/\/api.w.org\/{rel}","templated":true}]}}