{"id":1216,"date":"2025-04-14T19:57:02","date_gmt":"2025-04-14T22:57:02","guid":{"rendered":"https:\/\/www2.uepg.br\/ppgh\/?page_id=1216"},"modified":"2025-04-14T19:57:02","modified_gmt":"2025-04-14T22:57:02","slug":"edital-ppgh-uepg-06-2025","status":"publish","type":"page","link":"https:\/\/www2.uepg.br\/ppgh\/edital-ppgh-uepg-06-2025\/","title":{"rendered":"Edital PPGH UEPG 06\/2025"},"content":{"rendered":"<p><img loading=\"lazy\" class=\"alignright size-full wp-image-278\" src=\"http:\/\/www2.uepg.br\/ppgh\/wp-content\/uploads\/sites\/131\/2021\/02\/imagem_2021-02-17_133847.png\" alt=\"\" width=\"257\" height=\"67\" \/><\/p>\n<p>&nbsp;<\/p>\n<p>&nbsp;<\/p>\n<p>&nbsp;<\/p>\n<hr \/>\n<h3><strong>RESULTADO DA CLASSIFICA\u00c7\u00c3O DOS INSCRITOS PARA BOLSAS DE DEMANDA SOCIAL EVENTUALMENTE CONCEDIDAS DE AT\u00c9 JULHO DE 2025<\/strong><\/h3>\n<div class=\"gmail_default\">1\u00ba lugar: Karine de Fa\u0301tima Almeida<\/div>\n<div>2\u00ba lugar: Daniele Pereira da Silva<\/div>\n<div>3\u00ba lugar: Rafaela Laurino Carvalho<\/div>\n<div><\/div>\n<div>Os demais candidatos n\u00e3o foram classificados por n\u00e3o terem enviado a documenta\u00e7\u00e3o completa exigida no edital PPGH UEPG 05\/2025.<\/div>\n<p style=\"text-align: right\">Ponta Grossa, 14 de abril de 2025<\/p>\n","protected":false},"excerpt":{"rendered":"<p>&nbsp; &nbsp; &nbsp; RESULTADO DA CLASSIFICA\u00c7\u00c3O DOS INSCRITOS PARA BOLSAS DE DEMANDA SOCIAL EVENTUALMENTE CONCEDIDAS DE AT\u00c9 JULHO DE 2025 1\u00ba lugar: Karine de Fa\u0301tima Almeida 2\u00ba lugar: Daniele Pereira da Silva 3\u00ba lugar: Rafaela Laurino Carvalho Os demais candidatos n\u00e3o foram classificados por n\u00e3o terem enviado a documenta\u00e7\u00e3o completa exigida no edital PPGH UEPG&nbsp;&hellip;<\/p>\n","protected":false},"author":188,"featured_media":0,"parent":0,"menu_order":0,"comment_status":"closed","ping_status":"closed","template":"","meta":[],"_links":{"self":[{"href":"https:\/\/www2.uepg.br\/ppgh\/wp-json\/wp\/v2\/pages\/1216"}],"collection":[{"href":"https:\/\/www2.uepg.br\/ppgh\/wp-json\/wp\/v2\/pages"}],"about":[{"href":"https:\/\/www2.uepg.br\/ppgh\/wp-json\/wp\/v2\/types\/page"}],"author":[{"embeddable":true,"href":"https:\/\/www2.uepg.br\/ppgh\/wp-json\/wp\/v2\/users\/188"}],"replies":[{"embeddable":true,"href":"https:\/\/www2.uepg.br\/ppgh\/wp-json\/wp\/v2\/comments?post=1216"}],"version-history":[{"count":1,"href":"https:\/\/www2.uepg.br\/ppgh\/wp-json\/wp\/v2\/pages\/1216\/revisions"}],"predecessor-version":[{"id":1217,"href":"https:\/\/www2.uepg.br\/ppgh\/wp-json\/wp\/v2\/pages\/1216\/revisions\/1217"}],"wp:attachment":[{"href":"https:\/\/www2.uepg.br\/ppgh\/wp-json\/wp\/v2\/media?parent=1216"}],"curies":[{"name":"wp","href":"https:\/\/api.w.org\/{rel}","templated":true}]}}