{"id":1220,"date":"2025-05-06T16:09:01","date_gmt":"2025-05-06T19:09:01","guid":{"rendered":"https:\/\/www2.uepg.br\/ppgh\/?page_id=1220"},"modified":"2025-05-12T16:38:39","modified_gmt":"2025-05-12T19:38:39","slug":"edital-ppgh-07-2025","status":"publish","type":"page","link":"https:\/\/www2.uepg.br\/ppgh\/edital-ppgh-07-2025\/","title":{"rendered":"Edital PPGH 07 2025"},"content":{"rendered":"<p><img loading=\"lazy\" class=\"size-full wp-image-278 alignright\" src=\"http:\/\/www2.uepg.br\/ppgh\/wp-content\/uploads\/sites\/131\/2021\/02\/imagem_2021-02-17_133847.png\" alt=\"\" width=\"257\" height=\"67\" \/><\/p>\n<p>&nbsp;<\/p>\n<p>&nbsp;<\/p>\n<p>&nbsp;<\/p>\n<hr \/>\n<p><strong>EDITAL PPGH 07\/2025<\/strong><\/p>\n<p><strong>EDITAL DE INSCRI\u00c7\u00c3O, SELE\u00c7\u00c3O E MATR\u00cdCULA PARA O MESTRADO E DOUTORADO <\/strong><strong>ACAD\u00caMICO EM HIST\u00d3RIA<\/strong><\/p>\n<p>A coordena\u00e7\u00e3o do Programa de P\u00f3s-Gradua\u00e7\u00e3o em Hist\u00f3ria da Universidade Estadual de Ponta Grossa, no uso de suas atribui\u00e7\u00f5es, comunica a abertura de inscri\u00e7\u00f5es para a sele\u00e7\u00e3o ao Mestrado e Doutorado Acad\u00eamico em Hist\u00f3ria, com ingresso em agosto de 2025 e mar\u00e7o de 2026, respectivamente.<\/p>\n<p><strong>I. Objetivos<\/strong><\/p>\n<p>S\u00e3o objetivos do cursos do PPGH-UEPG:<\/p>\n<ol>\n<li>Formar pessoal de alta qualifica\u00e7\u00e3o e capacidade criadora para intervir, com compet\u00eancia te\u00f3rica, pol\u00edtica e t\u00e9cnico metodol\u00f3gica, nos m\u00faltiplos campos de atua\u00e7\u00e3o da hist\u00f3ria;<\/li>\n<li>consolidar a capacidade te\u00f3rica, metodol\u00f3gica e did\u00e1tica dos profissionais ingressantes, da hist\u00f3ria e de outras \u00e1reas, para a doc\u00eancia em geral e no ensino superior em particular, favorecendo a dissemina\u00e7\u00e3o do conhecimento e de uma atitude cr\u00edtica e construtiva em rela\u00e7\u00e3o ao conhecimento hist\u00f3rico;<\/li>\n<li>produzir conhecimento sobre a constru\u00e7\u00e3o dos sentidos, a constitui\u00e7\u00e3o de sujeitos e as conex\u00f5es entre processos hist\u00f3ricos, culturais e de regionalidade;<\/li>\n<li>propiciar a dissemina\u00e7\u00e3o, o debate e a integra\u00e7\u00e3o do conhecimento hist\u00f3rico entre a p\u00f3s-gradua\u00e7\u00e3o, a gradua\u00e7\u00e3o e outros sujeitos e institui\u00e7\u00f5es da sociedade civil.<\/li>\n<\/ol>\n<p><strong>II. Das Inscri\u00e7\u00f5es<\/strong><br \/>\n1) As inscri\u00e7\u00f5es compreendem: preenchimento de ficha online no sistema eletr\u00f4nico da UEPG e envio de documentos. A n\u00e3o integraliza\u00e7\u00e3o dessas etapas invalidar\u00e1 a inscri\u00e7\u00e3o.<\/p>\n<ul>\n<li>Observa\u00e7\u00e3o: <i>Ao efetivar sua inscri\u00e7\u00e3o o(a) candidato(a) fica ciente que declara aceitar que os seus dados pessoais, sens\u00edveis ou n\u00e3o, sejam tratados e processados de forma a possibilitar a efetiva execu\u00e7\u00e3o do processo seletivo, com a aplica\u00e7\u00e3o dos crit\u00e9rios de avalia\u00e7\u00e3o e sele\u00e7\u00e3o, autorizando expressamente a divulga\u00e7\u00e3o de seu nome, n\u00famero de inscri\u00e7\u00e3o e pontua\u00e7\u00e3o, em observ\u00e2ncia aos princ\u00edpios da publicidade e da transpar\u00eancia que regem a Administra\u00e7\u00e3o P\u00fablica, nos termos da Lei Federal n\u00ba 13.709, de 14 de agosto de 2018.<\/i><\/li>\n<\/ul>\n<p>2) As inscri\u00e7\u00f5es dever\u00e3o ser realizadas online, exclusivamente no endere\u00e7o eletr\u00f4nico <a href=\"https:\/\/acad.apps.uepg.br\/inicio\">https:\/\/acad.apps.uepg.br\/inicio<\/a>\u00a0 at\u00e9 as 23h59min (vinte e tr\u00eas horas e cinquenta e nove minutos), da data limite conforme o cronograma do item III.4 deste edital. O preenchimento de todos os campos da ficha de inscri\u00e7\u00e3o online \u00e9 obrigat\u00f3rio.<\/p>\n<p>3) Ao inscrever-se, o candidato aceita, de forma irrestrita, as condi\u00e7\u00f5es contidas neste edital, n\u00e3o podendo alegar desconhecimento de seu conte\u00fado.<\/p>\n<p>4) \u00c9 de responsabilidade do candidato manter-se atento \u00e0 divulga\u00e7\u00e3o da lista de deferimento da inscri\u00e7\u00e3o, da lista de candidatos selecionados bem como ao prazo de efetiva\u00e7\u00e3o da matr\u00edcula.<\/p>\n<p>5) O candidato dever\u00e1 enviar at\u00e9 dia 23 de maio de 2025, para o sistema acima os seguintes documentos anexados, em arquivo formato PDF (exceto a foto, em formato JPG):<br \/>\na) c\u00f3pia do projeto de pesquisa indicando na primeira p\u00e1gina a linha de pesquisa para a an\u00e1lise da proposta e dois poss\u00edveis orientadores por ordem de prefer\u00eancia.<br \/>\nb) Curr\u00edculo Lattes atualizado.<br \/>\nc) c\u00f3pia do hist\u00f3rico escolar do curso de gradua\u00e7\u00e3o;<br \/>\nd) c\u00f3pia do diploma do curso de gradua\u00e7\u00e3o ou atestado ou certificado de que concluir\u00e1 o curso at\u00e9 a data da matr\u00edcula;<br \/>\ne) c\u00f3pia do RG e do CPF;<br \/>\nf) termo de autodeclara\u00e7\u00e3o ou documenta\u00e7\u00e3o pertinente ao caso, se o requerente solicitar reserva de vagas ou vagas adicionais pelas a\u00e7\u00f5es afirmativas, conforme os itens III 3.5 a III 3.8;<br \/>\ng) uma foto de rosto recente.<\/p>\n<p>6) N\u00e3o ser\u00e3o aceitos documentos enviados por correio ou entregues em qualquer \u00f3rg\u00e3o da UEPG.<\/p>\n<p>7) Em nenhuma hip\u00f3tese ser\u00e3o homologadas inscri\u00e7\u00f5es que n\u00e3o apresentem a documenta\u00e7\u00e3o conforme explicitado neste edital.<\/p>\n<p>8) Os eventuais recursos referentes a todas as fases do processo de sele\u00e7\u00e3o dever\u00e3o ser protocolados exclusivamente via SEI (https:\/\/sei.uepg.br\/), tendo o PPGH como destinat\u00e1rio, at\u00e9 as 23h59 de cada data-limite, conforme o cronograma constante no item III.4 deste edital.<\/p>\n<p><strong>III. Da sele\u00e7\u00e3o<\/strong><br \/>\n1. Primeira etapa \u2013 An\u00e1lise dos projetos pelos N\u00facleos de Pesquisa<\/p>\n<p>Ser\u00e1 considerado aprovado o candidato que obtiver, na Avalia\u00e7\u00e3o do Projeto de Pesquisa, nota igual, ou superior, a sete inteiros (7,0), conforme os crit\u00e9rios da ficha no Anexo I. A an\u00e1lise de projetos de pesquisa tem car\u00e1ter eliminat\u00f3rio.<\/p>\n<p>2. Segunda etapa &#8211; Argui\u00e7\u00e3o<\/p>\n<p>Argui\u00e7\u00e3o on-line s\u00edncrona referente ao Projeto de Pesquisa e \u00e0 trajet\u00f3ria acad\u00eamica e profissional, de acordo com o projeto, o Curr\u00edculo Lattes e a documenta\u00e7\u00e3o apresentados no ato da inscri\u00e7\u00e3o. A argui\u00e7\u00e3o tem car\u00e1ter classificat\u00f3rio e eliminat\u00f3rio.<\/p>\n<p>3. Dos crit\u00e9rios de sele\u00e7\u00e3o e do resultado final<\/p>\n<p>3.1 Todos os projetos inscritos ser\u00e3o analisados pelas linhas e n\u00facleos de pesquisa e ser\u00e3o selecionados para as etapas seguintes somente os projetos que atenderem aos crit\u00e9rios de exequibilidade, pertin\u00eancia \u00e0 \u00e1rea de concentra\u00e7\u00e3o, \u00e0 linha de pesquisa, e aos projetos de pesquisa em andamento no PPGH, conforme detalhado no Anexo 3.<\/p>\n<p>3.2 A argui\u00e7\u00e3o do projeto de pesquisa e trajet\u00f3ria acad\u00eamica levar\u00e1 em considera\u00e7\u00e3o a clareza na exposi\u00e7\u00e3o autobiogr\u00e1fica e suas articula\u00e7\u00f5es com o projeto, na apresenta\u00e7\u00e3o do projeto, na justificativa de escolha do PPGH-UEPG, na demonstra\u00e7\u00e3o de pertin\u00eancia do projeto, dom\u00ednio do(s) campo(s) de pesquisa articulado(s) pelo projeto, da bibliografia, fontes, aspectos \u00e9ticos, cronograma e resultados esperados do projeto, conforme detalhado no Anexo 4.<\/p>\n<p>3.3 A classifica\u00e7\u00e3o dos candidatos dar-se-\u00e1 pela m\u00e9dia aritm\u00e9tica das notas da Avalia\u00e7\u00e3o do Projeto de Pesquisa e da Argui\u00e7\u00e3o.<\/p>\n<p>3.4 Em caso de empate, prevalecer\u00e1 o crit\u00e9rio de melhor curr\u00edculo e, em caso de persist\u00eancia no empate, o crit\u00e9rio de maior idade.<\/p>\n<p>3.5 Ser\u00e3o reservadas 25% das vagas para candidatos autodeclarados negros.<\/p>\n<p>3.6 Ser\u00e1 ofertada uma vaga adicional para candidatos autodeclarados deficientes, caso haja candidato(a) aprovado(a) nesta condi\u00e7\u00e3o, nos termos da legisla\u00e7\u00e3o vigente e normas da UEPG.<\/p>\n<p>3.7 Ser\u00e1 ofertada uma vaga adicional para candidatos autodeclarados ind\u00edgenas, caso haja candidato(a) aprovado(a) nesta condi\u00e7\u00e3o, nos termos da legisla\u00e7\u00e3o vigente e normas da UEPG.<\/p>\n<p>3.8 Ser\u00e1 ofertada uma vaga adicional para candidatos autodeclarados transg\u00eaneros, caso haja candidato(a) aprovado(a) nesta condi\u00e7\u00e3o, nos termos da legisla\u00e7\u00e3o vigente e normas da UEPG.<\/p>\n<p>3.9 &#8211; As autodeclara\u00e7\u00f5es est\u00e3o sujeitas \u00e0 valida\u00e7\u00e3o, de acordo com a <a href=\"https:\/\/legislacao.apps.uepg.br\/documentosPublico\/1102021-08-0524.pdf\" target=\"_blank\" rel=\"noopener\">Resolu\u00e7\u00e3o UNIV N\u00ba 10, de 05\/08\/2021<\/a>, que o PPGH acompanha.<\/p>\n<p><strong>IV. Cronograma do processo de sele\u00e7\u00e3o do curso de mestrado<\/strong><\/p>\n<table>\n<tbody>\n<tr>\n<td width=\"161\"><strong>ATIVIDADE<\/strong><\/td>\n<td width=\"256\"><strong>LOCAL<\/strong><\/td>\n<td width=\"149\"><strong>DATA<\/strong><\/td>\n<\/tr>\n<tr>\n<td width=\"161\">Per\u00edodo de inscri\u00e7\u00f5es <em>on-line<\/em><\/p>\n<p>&nbsp;<\/td>\n<td style=\"text-align: center\" width=\"256\"><a href=\"https:\/\/acad.apps.uepg.br\/inicio\">Sistema Acad &#8211; UEPG<\/a><\/td>\n<td width=\"149\">06\/05\/25 a 23\/05\/25<\/td>\n<\/tr>\n<tr>\n<td width=\"161\">Divulga\u00e7\u00e3o das inscri\u00e7\u00f5es homologadas<\/p>\n<p>&nbsp;<\/td>\n<td width=\"256\"><a href=\"http:\/\/www2.uepg.br\/ppgh\/editais\">http:\/\/www2.uepg.br\/ppgh\/editais<\/a><\/p>\n<p>&nbsp;<\/td>\n<td width=\"149\">28\/05\/25<\/td>\n<\/tr>\n<tr>\n<td width=\"161\">Prazo para apresenta\u00e7\u00e3o de recurso para candidatos que tiveram inscri\u00e7\u00f5es indeferidas<\/p>\n<p>&nbsp;<\/td>\n<td width=\"256\">\n<p style=\"text-align: center\"><a href=\"https:\/\/sei.uepg.br\/\">https:\/\/sei.uepg.br\/<\/a><\/p>\n<p>&nbsp;<\/td>\n<td width=\"149\">29 e 30\/05\/25<\/td>\n<\/tr>\n<tr>\n<td width=\"161\">Divulga\u00e7\u00e3o de candidatos selecionados para argui\u00e7\u00e3o<\/p>\n<p>&nbsp;<\/td>\n<td width=\"256\">\n<p style=\"text-align: center\"><a href=\"http:\/\/www2.uepg.br\/ppgh\/editais\">http:\/\/www2.uepg.br\/ppgh\/editais<\/a><\/p>\n<p>&nbsp;<\/td>\n<td width=\"149\">at\u00e9 04\/06\/25<\/td>\n<\/tr>\n<tr>\n<td width=\"161\">Prazo para apresenta\u00e7\u00e3o de recurso<\/td>\n<td width=\"256\">\n<p style=\"text-align: center\"><a href=\"https:\/\/sei.uepg.br\/\">https:\/\/sei.uepg.br\/<\/a><\/p>\n<p>&nbsp;<\/td>\n<td width=\"149\">05 e 06\/06\/25<\/td>\n<\/tr>\n<tr>\n<td width=\"161\">Argui\u00e7\u00e3o de curr\u00edculo e projeto<\/td>\n<td width=\"256\">Argui\u00e7\u00f5es on-line (Google Meet) agendadas por e-mail<\/td>\n<td width=\"149\">11 a 18\/06\/25<\/td>\n<\/tr>\n<tr>\n<td width=\"161\">Divulga\u00e7\u00e3o do resultado final<\/td>\n<td width=\"256\"><a href=\"http:\/\/www2.uepg.br\/ppgh\/editais\">http:\/\/www2.uepg.br\/ppgh\/editais<\/a><\/p>\n<p>&nbsp;<\/td>\n<td width=\"149\">27\/06\/25<\/td>\n<\/tr>\n<tr>\n<td width=\"161\">Prazo para apresenta\u00e7\u00e3o de recurso ao resultado final<\/td>\n<td style=\"text-align: center\" width=\"256\"><a href=\"https:\/\/sei.uepg.br\/\">https:\/\/sei.uepg.br\/<\/a><\/td>\n<td width=\"149\">\u00a030\/06 a 1\/07\/25<\/td>\n<\/tr>\n<tr>\n<td width=\"161\">Matriculas<\/td>\n<td style=\"text-align: center\" width=\"256\"><a href=\"https:\/\/acad.apps.uepg.br\/inicio\">Sistema Acad &#8211; UEPG<\/a><\/td>\n<td width=\"149\">21 a 28\/07 \/25<\/td>\n<\/tr>\n<tr>\n<td width=\"161\">In\u00edcio das aulas<\/td>\n<td width=\"256\">PPGH \u2013 Museu Campos Gerais (sede Banestado), 3\u00ba. Piso. Rua XV de Novembro com Engenheiro Schamber, Centro \u2013 Ponta Grossa &#8211; PR<\/td>\n<td width=\"149\">04\/08\/25<\/td>\n<\/tr>\n<\/tbody>\n<\/table>\n<p><strong>V. Cronograma do processo de sele\u00e7\u00e3o do curso de doutorado<\/strong><\/p>\n<table>\n<tbody>\n<tr>\n<td width=\"161\"><strong>ATIVIDADE<\/strong><\/td>\n<td width=\"256\"><strong>LOCAL<\/strong><\/td>\n<td width=\"149\"><strong>DATA<\/strong><\/td>\n<\/tr>\n<tr>\n<td width=\"161\">Per\u00edodo de inscri\u00e7\u00f5es <em>on-line<\/em><\/p>\n<p>&nbsp;<\/td>\n<td style=\"text-align: center\" width=\"256\"><a href=\"https:\/\/acad.apps.uepg.br\/inicio\">Sistema Acad &#8211; UEPG<\/a><\/td>\n<td width=\"149\">01\/09\/25 a 10\/10\/25<\/td>\n<\/tr>\n<tr>\n<td width=\"161\">Divulga\u00e7\u00e3o das inscri\u00e7\u00f5es homologadas<\/p>\n<p>&nbsp;<\/td>\n<td width=\"256\"><a href=\"http:\/\/www2.uepg.br\/ppgh\/editais\">http:\/\/www2.uepg.br\/ppgh\/editais<\/a><\/p>\n<p>&nbsp;<\/td>\n<td width=\"149\">22\/10\/25<\/td>\n<\/tr>\n<tr>\n<td width=\"161\">Prazo para apresenta\u00e7\u00e3o de recurso para candidatos que tiveram inscri\u00e7\u00f5es indeferidas<\/p>\n<p>&nbsp;<\/td>\n<td width=\"256\">\n<p style=\"text-align: center\"><a href=\"https:\/\/sei.uepg.br\/\">https:\/\/sei.uepg.br\/<\/a><\/p>\n<p>&nbsp;<\/td>\n<td width=\"149\">23 e 24\/10\/25<\/td>\n<\/tr>\n<tr>\n<td width=\"161\">Divulga\u00e7\u00e3o dos candidatos selecionados para argui\u00e7\u00e3o<\/p>\n<p>&nbsp;<\/td>\n<td width=\"256\">\n<p style=\"text-align: center\"><a href=\"http:\/\/www2.uepg.br\/ppgh\/editais\">http:\/\/www2.uepg.br\/ppgh\/editais<\/a><\/p>\n<p>&nbsp;<\/td>\n<td width=\"149\">at\u00e9 14\/11\/25<\/td>\n<\/tr>\n<tr>\n<td width=\"161\">Prazo para apresenta\u00e7\u00e3o de recurso<\/td>\n<td width=\"256\">\n<p style=\"text-align: center\"><a href=\"https:\/\/sei.uepg.br\/\">https:\/\/sei.uepg.br\/<\/a><\/p>\n<p>&nbsp;<\/td>\n<td width=\"149\">18 e 19\/11\/25<\/td>\n<\/tr>\n<tr>\n<td width=\"161\">Argui\u00e7\u00e3o de curr\u00edculo e projeto<\/td>\n<td width=\"256\">Argui\u00e7\u00f5es on-line (Google Meet) agendadas por e-mail<\/td>\n<td width=\"149\">01 a 05\/12\/25<\/td>\n<\/tr>\n<tr>\n<td width=\"161\">Divulga\u00e7\u00e3o do resultado final<\/td>\n<td width=\"256\">\n<p style=\"text-align: center\"><a href=\"http:\/\/www2.uepg.br\/ppgh\/editais\">http:\/\/www2.uepg.br\/ppgh\/editais<\/a><\/p>\n<p>&nbsp;<\/td>\n<td width=\"149\">10\/12\/25<\/td>\n<\/tr>\n<tr>\n<td width=\"161\">Prazo para apresenta\u00e7\u00e3o de recurso ao resultado final<\/td>\n<td style=\"text-align: center\" width=\"256\"><a href=\"https:\/\/sei.uepg.br\/\">https:\/\/sei.uepg.br\/<\/a><\/td>\n<td width=\"149\">11 e 12\/12\/25<\/td>\n<\/tr>\n<tr>\n<td width=\"161\">Matriculas<\/td>\n<td style=\"text-align: center\" width=\"256\"><a href=\"https:\/\/acad.apps.uepg.br\/inicio\">Sistema Acad &#8211; UEPG<\/a><\/td>\n<td width=\"149\">09 a 13\/02 de 2026<\/td>\n<\/tr>\n<tr>\n<td width=\"161\">In\u00edcio das aulas<\/td>\n<td width=\"256\">PPGH \u2013 Museu Campos Gerais (sede Banestado), 3\u00ba. Piso. Rua XV de Novembro com Engenheiro Schamber, Centro \u2013 Ponta Grossa &#8211; PR<\/td>\n<td width=\"149\">mar\u00e7o de 2026<\/td>\n<\/tr>\n<\/tbody>\n<\/table>\n<p>&nbsp;<\/p>\n<p><strong>VI. Disposi\u00e7\u00f5es gerais<\/strong><br \/>\n1. Informa\u00e7\u00f5es sobre o Programa, seus Cursos, Linhas de Pesquisa, N\u00facleos de Pesquisa e corpo docente podem ser obtidas na p\u00e1gina da internet http:\/\/www2.uepg.br\/ppgh.<\/p>\n<p>2. Os candidatos aprovados dever\u00e3o realizar exame de profici\u00eancia em l\u00edngua estrangeira ou protocolar comprovante de profici\u00eancia em l\u00edngua estrangeira ao longo do curso.<\/p>\n<p>3. Para a turma de mestrado que se iniciar\u00e1 em agosto de 2025, ser\u00e3o ofertadas at\u00e9 20 vagas.<\/p>\n<p>4. Para a turma de doutorado que se iniciar\u00e1 em mar\u00e7o de 2026 ser\u00e3o ofertadas at\u00e9 15 vagas.<\/p>\n<p>&nbsp;<\/p>\n<p style=\"text-align: right\">Ponta Grossa, 06 de maio de 2025<\/p>\n<p><a href=\"http:\/\/www2.uepg.br\/ppgh\/wp-content\/uploads\/sites\/131\/2025\/05\/ANEXOS-EDITAL-PPGH-Processo-seletivo-M-e-D.pdf\">EDITAL PPGH UEPG 07 2025 &#8211; ANEXOS<\/a><\/p>\n","protected":false},"excerpt":{"rendered":"<p>&nbsp; &nbsp; &nbsp; EDITAL PPGH 07\/2025 EDITAL DE INSCRI\u00c7\u00c3O, SELE\u00c7\u00c3O E MATR\u00cdCULA PARA O MESTRADO E DOUTORADO ACAD\u00caMICO EM HIST\u00d3RIA A coordena\u00e7\u00e3o do Programa de P\u00f3s-Gradua\u00e7\u00e3o em Hist\u00f3ria da Universidade Estadual de Ponta Grossa, no uso de suas atribui\u00e7\u00f5es, comunica a abertura de inscri\u00e7\u00f5es para a sele\u00e7\u00e3o ao Mestrado e Doutorado Acad\u00eamico em Hist\u00f3ria, com&nbsp;&hellip;<\/p>\n","protected":false},"author":188,"featured_media":0,"parent":0,"menu_order":0,"comment_status":"closed","ping_status":"closed","template":"","meta":[],"_links":{"self":[{"href":"https:\/\/www2.uepg.br\/ppgh\/wp-json\/wp\/v2\/pages\/1220"}],"collection":[{"href":"https:\/\/www2.uepg.br\/ppgh\/wp-json\/wp\/v2\/pages"}],"about":[{"href":"https:\/\/www2.uepg.br\/ppgh\/wp-json\/wp\/v2\/types\/page"}],"author":[{"embeddable":true,"href":"https:\/\/www2.uepg.br\/ppgh\/wp-json\/wp\/v2\/users\/188"}],"replies":[{"embeddable":true,"href":"https:\/\/www2.uepg.br\/ppgh\/wp-json\/wp\/v2\/comments?post=1220"}],"version-history":[{"count":8,"href":"https:\/\/www2.uepg.br\/ppgh\/wp-json\/wp\/v2\/pages\/1220\/revisions"}],"predecessor-version":[{"id":1250,"href":"https:\/\/www2.uepg.br\/ppgh\/wp-json\/wp\/v2\/pages\/1220\/revisions\/1250"}],"wp:attachment":[{"href":"https:\/\/www2.uepg.br\/ppgh\/wp-json\/wp\/v2\/media?parent=1220"}],"curies":[{"name":"wp","href":"https:\/\/api.w.org\/{rel}","templated":true}]}}