{"id":1235,"date":"2025-05-08T14:08:38","date_gmt":"2025-05-08T17:08:38","guid":{"rendered":"https:\/\/www2.uepg.br\/ppgh\/?page_id=1235"},"modified":"2025-05-30T15:04:57","modified_gmt":"2025-05-30T18:04:57","slug":"area-de-concentracao-2012-2024","status":"publish","type":"page","link":"https:\/\/www2.uepg.br\/ppgh\/area-de-concentracao-2012-2024\/","title":{"rendered":"\u00c1rea de concentra\u00e7\u00e3o 2012-2024"},"content":{"rendered":"<p><a href=\"https:\/\/www2.uepg.br\/ppgh\/area-de-concentracion\/\"><img loading=\"lazy\" class=\"wp-image-664 alignright\" src=\"http:\/\/www2.uepg.br\/ppgh\/wp-content\/uploads\/sites\/131\/2022\/08\/espanha.png\" alt=\"\" width=\"63\" height=\"42\" \/><\/a><\/p>\n<p><a href=\"https:\/\/www2.uepg.br\/ppgh\/concentration-area\"><img loading=\"lazy\" class=\"alignright wp-image-665\" src=\"http:\/\/www2.uepg.br\/ppgh\/wp-content\/uploads\/sites\/131\/2022\/08\/inglaterra.png\" alt=\"\" width=\"73\" height=\"37\" \/><\/a><\/p>\n<p>&nbsp;<\/p>\n<p>&nbsp;<\/p>\n<h2 style=\"text-align: center\"><strong>HIST\u00d3RIA, CULTURA &amp; IDENTIDADES<br \/>\n<\/strong><\/h2>\n<p>As possibilidades abertas pela articula\u00e7\u00e3o entre cultura e identidades constituem uma chave de compreens\u00e3o das perspectivas historiogr\u00e1ficas hodiernas. Tribut\u00e1rias do contexto hist\u00f3rico presente, essas perspectivas abrem-se para quest\u00f5es cruciais que tocam a contemporaneidade, definindo seus contornos e ritmos. Em outros termos, vive-se uma \u00e9poca em que dilemas de ordem cultural e identit\u00e1ria tornam-se fundamentais, posto que se configuram como problemas mas, tamb\u00e9m, como poss\u00edveis problem\u00e1ticas para o entendimento do tempo presente. Da\u00ed sua inevit\u00e1vel vincula\u00e7\u00e3o com as quest\u00f5es e pr\u00e1ticas historiogr\u00e1ficas de nossa \u00e9poca.<\/p>\n<p>A opera\u00e7\u00e3o historiogr\u00e1fica confronta-se com a exig\u00eancia de responder \u00e0s indaga\u00e7\u00f5es do universo cultural, principalmente aquelas relacionadas \u00e0s quest\u00f5es de etnicidade, religiosidade, g\u00eanero, educa\u00e7\u00e3o, comportamento, etc. \u2013, donde sobressaem inten\u00e7\u00f5es e interesses v\u00e1rios de pesquisa; mas, como lembra o antrop\u00f3logo Roberto Cardoso de Oliveira, \u201cse as quest\u00f5es identit\u00e1ria e cultural andam juntas, nem por isso devemos ver na rela\u00e7\u00e3o entre ambas um nexo causal.\u201d Por conseguinte, a \u00e1rea de concentra\u00e7\u00e3o do curso &#8211; HIST\u00d3RIA, CULTURA &amp; IDENTIDADES &#8211; ,coloca-se como um elemento problematizador da pr\u00f3pria rela\u00e7\u00e3o entre esses termos, al\u00e9m de concep\u00e7\u00e3o referencial para as Linhas de Pesquisa\u00a0<em>Institui\u00e7\u00f5es\u00a0<\/em><em>e <\/em><em>sujeitos: <\/em><em>saberes <\/em><em>e <\/em><em>pr\u00e1ticas<\/em>\u00a0e\u00a0<em>Discursos,\u00a0<\/em><em>representa\u00e7\u00f5es: <\/em><em>produ\u00e7\u00e3o <\/em><em>de <\/em><em>sentidos<\/em>. Entende-se, assim, que Cultura &amp; Identidades, ainda que conceitos din\u00e2micos e dinamizadores, devem ser problematizados adequadamente, vale dizer, segundo temporalidades espec\u00edficas, preocupa\u00e7\u00e3o que historiograficamente se efetiva nos diferentes projetos de pesquisa que integram as Linhas acima referidas.<\/p>\n<p>Ressalte-se que a conex\u00e3o entre Cultura e Identidades, al\u00e9m de propiciar diversificadas abordagens conceituais, possibilita, em termos emp\u00edricos, um amplo question\u00e1rio investigativo.\u00a0 Recentemente, a no\u00e7\u00e3o de identidade tem estado em quest\u00e3o: imersa em um contexto turbulento de quebra ou fragmenta\u00e7\u00e3o dos sistemas culturais, a identidade, continuamente reelaborada em rela\u00e7\u00e3o \u00e0s maneiras pelas quais somos representados e nos representamos nos sistemas culturais circundantes, se apresenta ainda mais aberta e provis\u00f3ria. Proliferam mesclas e g\u00eaneros comp\u00f3sitos resultantes da hibrida\u00e7\u00e3o de tradi\u00e7\u00f5es \u00e9tnicas, de classe, geracionais, nacionais, etc.<\/p>\n<p>Se n\u00e3o \u00e9 poss\u00edvel conceber que as culturas nacionais, em qualquer tempo, tenham se apresentado enquanto entidades homog\u00eaneas e absolutamente distintas, hoje seu car\u00e1ter h\u00edbrido e segmentado fica mais evidente, dados os fluxos cada vez mais intensos e c\u00e9leres de mensagens, mercadorias e pessoas. Neste sentido, tal articula\u00e7\u00e3o implica em pesquisas de diferentes sistemas de valores, cren\u00e7as, h\u00e1bitos, usos e costumes, modos de vida, experi\u00eancias sociais, pr\u00e1ticas, discursos, representa\u00e7\u00f5es, apreendidos em rela\u00e7\u00e3o com processos identit\u00e1rios plurais, por vezes amb\u00edguos e quase sempre contradit\u00f3rios. Entende-se por processos identit\u00e1rios a constru\u00e7\u00e3o s\u00f3cio-cultural das identidades de classe, de g\u00eanero, de etnia, profissionais, institucionais, pol\u00edticas, ideol\u00f3gicas, religiosas, et\u00e1rias, entre outras; processos esses inscritos, material e simbolicamente, em diferentes espacialidades e territorialidades: globais, nacionais, regionais, locais.<\/p>\n<p>Assim, a \u00e1rea de concentra\u00e7\u00e3o HIST\u00d3RIA, CULTURA &amp; IDENTIDADES torna-se um campo de possibilidades: uma via de acesso fornecedora de instrumentos de investiga\u00e7\u00e3o e an\u00e1lise, ao mesmo tempo em que se constitui como objeto de investiga\u00e7\u00e3o, sugerindo diferentes quest\u00f5es e problemas. A articula\u00e7\u00e3o aponta para a constru\u00e7\u00e3o de objetos de investiga\u00e7\u00e3o bastante elaborados, incorporando ao material o ide\u00e1rio e o imagin\u00e1rio, o simb\u00f3lico e o cotidiano, numa palavra, a cultura de diferentes estratos e segmentos sociais situados no tempo e no espa\u00e7o. Finalmente, a articula\u00e7\u00e3o n\u00e3o desconsidera os componentes pol\u00edticos dos processos, afirmando o entendimento de que a cultura e a identidade, seja em n\u00edvel individual ou coletivo, constroem-se na rela\u00e7\u00e3o constante de alteridade e s\u00e3o insepar\u00e1veis das rela\u00e7\u00f5es de poder que atravessam e constituem as sociedades humanas.<\/p>\n","protected":false},"excerpt":{"rendered":"<p>&nbsp; &nbsp; HIST\u00d3RIA, CULTURA &amp; IDENTIDADES As possibilidades abertas pela articula\u00e7\u00e3o entre cultura e identidades constituem uma chave de compreens\u00e3o das perspectivas historiogr\u00e1ficas hodiernas. Tribut\u00e1rias do contexto hist\u00f3rico presente, essas perspectivas abrem-se para quest\u00f5es cruciais que tocam a contemporaneidade, definindo seus contornos e ritmos. Em outros termos, vive-se uma \u00e9poca em que dilemas de ordem&nbsp;&hellip;<\/p>\n","protected":false},"author":188,"featured_media":0,"parent":0,"menu_order":0,"comment_status":"closed","ping_status":"closed","template":"","meta":[],"_links":{"self":[{"href":"https:\/\/www2.uepg.br\/ppgh\/wp-json\/wp\/v2\/pages\/1235"}],"collection":[{"href":"https:\/\/www2.uepg.br\/ppgh\/wp-json\/wp\/v2\/pages"}],"about":[{"href":"https:\/\/www2.uepg.br\/ppgh\/wp-json\/wp\/v2\/types\/page"}],"author":[{"embeddable":true,"href":"https:\/\/www2.uepg.br\/ppgh\/wp-json\/wp\/v2\/users\/188"}],"replies":[{"embeddable":true,"href":"https:\/\/www2.uepg.br\/ppgh\/wp-json\/wp\/v2\/comments?post=1235"}],"version-history":[{"count":2,"href":"https:\/\/www2.uepg.br\/ppgh\/wp-json\/wp\/v2\/pages\/1235\/revisions"}],"predecessor-version":[{"id":1272,"href":"https:\/\/www2.uepg.br\/ppgh\/wp-json\/wp\/v2\/pages\/1235\/revisions\/1272"}],"wp:attachment":[{"href":"https:\/\/www2.uepg.br\/ppgh\/wp-json\/wp\/v2\/media?parent=1235"}],"curies":[{"name":"wp","href":"https:\/\/api.w.org\/{rel}","templated":true}]}}