{"id":1311,"date":"2025-06-26T09:39:49","date_gmt":"2025-06-26T12:39:49","guid":{"rendered":"https:\/\/www2.uepg.br\/ppgh\/?page_id=1311"},"modified":"2025-06-26T13:32:43","modified_gmt":"2025-06-26T16:32:43","slug":"edital-ppgh-10-2025","status":"publish","type":"page","link":"https:\/\/www2.uepg.br\/ppgh\/edital-ppgh-10-2025\/","title":{"rendered":"Edital PPGH 10\/2025"},"content":{"rendered":"<hr \/>\n<p><strong>RELA\u00c7\u00c3O DOS(AS) CANDIDATOS(AS) APROVADOS(AS) NO PROCESSO SELETIVO DE 2025<\/strong><\/p>\n<p>&nbsp;<\/p>\n<p>A Coordena\u00e7\u00e3o do Programa de P\u00f3s-Gradua\u00e7\u00e3o em Hist\u00f3ria (PPGH) da Universidade Estadual de Ponta Grossa, no uso de suas atribui\u00e7\u00f5es, considerando o que prev\u00eaem os Editais PPGH 07\/2025 e 08\/2025 e em aten\u00e7\u00e3o \u00e0 delibera\u00e7\u00e3o da Comiss\u00e3o de Sele\u00e7\u00e3o e do Colegiado, torna p\u00fablico a rela\u00e7\u00e3o dos candidatos e candidatas aprovados(as) no processo seletivo com ingresso em agosto de 2025:<\/p>\n<table width=\"604\">\n<tbody>\n<tr>\n<td width=\"308\">\n<p style=\"text-align: center\"><strong>Candidato(a)<\/strong><\/p>\n<\/td>\n<td width=\"290\">\n<p style=\"text-align: center\"><strong>Orientador(a)\/<br \/>\n<\/strong><strong>Coorientador(a)<\/strong><\/p>\n<\/td>\n<\/tr>\n<tr>\n<td width=\"308\">Ana Clara Jacopetti<\/td>\n<td width=\"290\">Alessandra Izabel de Carvalho<br \/>\nEvelyn Roberta Nimmo<\/td>\n<\/tr>\n<tr>\n<td width=\"308\">Ana L\u00facia Silva<\/td>\n<td width=\"290\">Ros\u00e2ngela M. S. Petuba<\/td>\n<\/tr>\n<tr>\n<td width=\"308\">Gabriel Cesar Brun\u00f3rio<\/td>\n<td width=\"290\">Luis Fernando Cerri<br \/>\nRos\u00e2ngela M. S. Petuba<\/td>\n<\/tr>\n<tr>\n<td width=\"308\">Hemerson Oliveira Jr.<\/td>\n<td width=\"290\">Edson Armando Silva<\/td>\n<\/tr>\n<tr>\n<td width=\"308\">Isabela de F\u00e1tima Barbosa de Melo<\/td>\n<td width=\"290\">Luis Fernando Cerri<\/td>\n<\/tr>\n<tr>\n<td width=\"308\">Julia Graciela Machado<\/td>\n<td width=\"290\">Robson Laverdi<br \/>\nIlton Cesar Martins<\/td>\n<\/tr>\n<tr>\n<td width=\"308\">Luana de Almeida Santos<\/td>\n<td width=\"290\">Erivan C. Karvat<\/p>\n<p>Maria Julieta B. de A. Weber<\/td>\n<\/tr>\n<tr>\n<td width=\"308\">Nayara N. Carneiro Roberto<\/td>\n<td width=\"290\">Maria Julieta B. de A. Weber<br \/>\nErivan C. Karvat)<\/td>\n<\/tr>\n<tr>\n<td width=\"308\">Paola Cesca Fauro<\/td>\n<td width=\"290\">Georgiane G. H. V\u00e1zquez<\/td>\n<\/tr>\n<tr>\n<td width=\"308\">Patr\u00edcia dos Campos Bida<\/td>\n<td width=\"290\">Ilton Cesar Martins<\/td>\n<\/tr>\n<tr>\n<td width=\"308\">Reinaldo Glusczka<\/td>\n<td width=\"290\">Georgiane G. H. V\u00e1zquez<\/p>\n<p>Ros\u00e2ngela M. S. Petuba<\/td>\n<\/tr>\n<tr>\n<td width=\"308\">Steli Furtado Cabral<\/td>\n<td width=\"290\">Maria Julieta B. de A. Weber<\/td>\n<\/tr>\n<tr>\n<td width=\"308\">Vitoria Gabriela de Oliveira<\/td>\n<td width=\"290\">Patr\u00edcia C\u00e2mera Varela<\/td>\n<\/tr>\n<\/tbody>\n<\/table>\n<ol>\n<li>As matr\u00edculas dever\u00e3o ser realizadas em datas a serem comunicadas pela coordena\u00e7\u00e3o, via sistema ACAD, on-line na p\u00e1gina da UEPG.<\/li>\n<li>O in\u00edcio das aulas ser\u00e1 no dia 4 de agosto de 2025.<\/li>\n<li>A coordena\u00e7\u00e3o do PPGH entrar\u00e1 em contato antecipadamente com os\/as candidatos(as) aprovados(as) para instru\u00e7\u00f5es sobre as disciplinas a serem cursadas.<\/li>\n<\/ol>\n<p>&nbsp;<\/p>\n<p style=\"text-align: right\">Ponta Grossa, 26 de junho de 2024.<\/p>\n<p style=\"text-align: right\">Coordena\u00e7\u00e3o do PPGH<\/p>\n","protected":false},"excerpt":{"rendered":"<p>RELA\u00c7\u00c3O DOS(AS) CANDIDATOS(AS) APROVADOS(AS) NO PROCESSO SELETIVO DE 2025 &nbsp; A Coordena\u00e7\u00e3o do Programa de P\u00f3s-Gradua\u00e7\u00e3o em Hist\u00f3ria (PPGH) da Universidade Estadual de Ponta Grossa, no uso de suas atribui\u00e7\u00f5es, considerando o que prev\u00eaem os Editais PPGH 07\/2025 e 08\/2025 e em aten\u00e7\u00e3o \u00e0 delibera\u00e7\u00e3o da Comiss\u00e3o de Sele\u00e7\u00e3o e do Colegiado, torna p\u00fablico a&nbsp;&hellip;<\/p>\n","protected":false},"author":188,"featured_media":0,"parent":0,"menu_order":0,"comment_status":"closed","ping_status":"closed","template":"","meta":[],"_links":{"self":[{"href":"https:\/\/www2.uepg.br\/ppgh\/wp-json\/wp\/v2\/pages\/1311"}],"collection":[{"href":"https:\/\/www2.uepg.br\/ppgh\/wp-json\/wp\/v2\/pages"}],"about":[{"href":"https:\/\/www2.uepg.br\/ppgh\/wp-json\/wp\/v2\/types\/page"}],"author":[{"embeddable":true,"href":"https:\/\/www2.uepg.br\/ppgh\/wp-json\/wp\/v2\/users\/188"}],"replies":[{"embeddable":true,"href":"https:\/\/www2.uepg.br\/ppgh\/wp-json\/wp\/v2\/comments?post=1311"}],"version-history":[{"count":3,"href":"https:\/\/www2.uepg.br\/ppgh\/wp-json\/wp\/v2\/pages\/1311\/revisions"}],"predecessor-version":[{"id":1315,"href":"https:\/\/www2.uepg.br\/ppgh\/wp-json\/wp\/v2\/pages\/1311\/revisions\/1315"}],"wp:attachment":[{"href":"https:\/\/www2.uepg.br\/ppgh\/wp-json\/wp\/v2\/media?parent=1311"}],"curies":[{"name":"wp","href":"https:\/\/api.w.org\/{rel}","templated":true}]}}