{"id":1317,"date":"2025-07-04T08:49:51","date_gmt":"2025-07-04T11:49:51","guid":{"rendered":"https:\/\/www2.uepg.br\/ppgh\/?page_id=1317"},"modified":"2025-07-04T08:50:13","modified_gmt":"2025-07-04T11:50:13","slug":"4o-coloquio-do-ppgh","status":"publish","type":"page","link":"https:\/\/www2.uepg.br\/ppgh\/4o-coloquio-do-ppgh\/","title":{"rendered":"4o. Col\u00f3quio do PPGH"},"content":{"rendered":"<p><a href=\"http:\/\/www2.uepg.br\/ppgh\/wp-content\/uploads\/sites\/131\/2024\/09\/Imagem-do-WhatsApp-de-2024-08-27-as-19.11.22_ae50efcb.jpg\"><img loading=\"lazy\" class=\"alignright size-full wp-image-1153\" src=\"http:\/\/www2.uepg.br\/ppgh\/wp-content\/uploads\/sites\/131\/2024\/09\/Imagem-do-WhatsApp-de-2024-08-27-as-19.11.22_ae50efcb.jpg\" alt=\"\" width=\"1080\" height=\"1080\" \/><\/a><\/p>\n<h1 style=\"text-align: center\"><\/h1>\n<p>&nbsp;<\/p>\n<p>&nbsp;<\/p>\n<p>&nbsp;<\/p>\n<p>&nbsp;<\/p>\n<p>&nbsp;<\/p>\n<p>&nbsp;<\/p>\n<p>&nbsp;<\/p>\n<p>&nbsp;<\/p>\n<p>&nbsp;<\/p>\n<p>&nbsp;<\/p>\n<p>&nbsp;<\/p>\n<p>&nbsp;<\/p>\n<p><a href=\"http:\/\/www2.uepg.br\/ppgh\/wp-content\/uploads\/sites\/131\/2025\/03\/Anais-IV-Coloquio-PPGH-UEPG-capa-ISBN.pdf\">ANAIS DO IV Col\u00f3quio<\/a><\/p>\n<p>Cronograma:<br \/>\nInscri\u00e7\u00e3o de trabalhos: 01\/08 a 9\/09\/24<br \/>\nInscri\u00e7\u00e3o de ouvintes e inscri\u00e7\u00e3o em minicursos: 7\/09 a 8\/10\/24<\/p>\n<p>Taxas<br \/>\nOuvinte &#8211; 10,00<br \/>\nApresentador(a) de trabalho: 20,00<br \/>\n(a inscri\u00e7\u00e3o em qualquer categoria d\u00e1 direito a assistir at\u00e9 dois minicursos ou oficinas em hor\u00e1rios n\u00e3o coincidentes)<\/p>\n<p>Plataforma de inscri\u00e7\u00f5es: <a href=\"https:\/\/www.even3.com.br\/4o-coloquio-do-ppgh-uepg-468493\">Even3<\/a><\/p>\n<p><a href=\"http:\/\/www2.uepg.br\/ppgh\/wp-content\/uploads\/sites\/131\/2024\/09\/Imagem-do-WhatsApp-de-2024-08-27-as-19.11.21_2d435724.jpg\"><img loading=\"lazy\" class=\"alignright size-full wp-image-1155\" src=\"http:\/\/www2.uepg.br\/ppgh\/wp-content\/uploads\/sites\/131\/2024\/09\/Imagem-do-WhatsApp-de-2024-08-27-as-19.11.21_2d435724.jpg\" alt=\"\" width=\"1080\" height=\"1080\" \/><\/a><\/p>\n<hr \/>\n<h5 style=\"text-align: right\">Col\u00f3quios anteriores:<\/h5>\n<h5 style=\"text-align: right\"><a href=\"https:\/\/www2.uepg.br\/ppgh\/?page_id=638&amp;preview=true\">\u00a0<img loading=\"lazy\" class=\"alignnone size-medium wp-image-411\" src=\"http:\/\/www2.uepg.br\/ppgh\/wp-content\/uploads\/sites\/131\/2021\/08\/banner-300x67.jpg\" alt=\"\" width=\"300\" height=\"67\" srcset=\"https:\/\/www2.uepg.br\/ppgh\/wp-content\/uploads\/sites\/131\/2021\/08\/banner-300x67.jpg 300w, https:\/\/www2.uepg.br\/ppgh\/wp-content\/uploads\/sites\/131\/2021\/08\/banner-768x171.jpg 768w, https:\/\/www2.uepg.br\/ppgh\/wp-content\/uploads\/sites\/131\/2021\/08\/banner.jpg 793w\" sizes=\"(max-width: 300px) 100vw, 300px\" \/><\/a><\/h5>\n<h5 style=\"text-align: right\"><span style=\"color: #800080\"><a style=\"color: #800080\" href=\"http:\/\/www2.uepg.br\/ppgh\/wp-content\/uploads\/sites\/131\/2022\/08\/Anais-Coloquio-PPGH-UEPG-final-2.pdf\">Anais 1o. Coloquio PPGH-UEPG<\/a><\/span><\/h5>\n<h5 style=\"text-align: right\"><\/h5>\n<hr \/>\n<h5><a href=\"https:\/\/www2.uepg.br\/ppgh\/2o-coloquio-do-ppgh\/ \u200e\"><img loading=\"lazy\" class=\"alignright wp-image-657\" src=\"http:\/\/www2.uepg.br\/ppgh\/wp-content\/uploads\/sites\/131\/2022\/08\/banner-2022.png\" alt=\"Banner do 2o. Col\u00f3quio do PPGH\" width=\"297\" height=\"67\" srcset=\"https:\/\/www2.uepg.br\/ppgh\/wp-content\/uploads\/sites\/131\/2022\/08\/banner-2022.png 1110w, https:\/\/www2.uepg.br\/ppgh\/wp-content\/uploads\/sites\/131\/2022\/08\/banner-2022-300x68.png 300w, https:\/\/www2.uepg.br\/ppgh\/wp-content\/uploads\/sites\/131\/2022\/08\/banner-2022-1024x231.png 1024w, https:\/\/www2.uepg.br\/ppgh\/wp-content\/uploads\/sites\/131\/2022\/08\/banner-2022-768x173.png 768w\" sizes=\"(max-width: 297px) 100vw, 297px\" \/><\/a><\/h5>\n<h5><\/h5>\n<h5><\/h5>\n<h5><\/h5>\n<h5 style=\"text-align: right\"><span style=\"color: #339966\"><strong>\u00a0<\/strong><a style=\"color: #339966\" href=\"http:\/\/www2.uepg.br\/ppgh\/wp-content\/uploads\/sites\/131\/2023\/05\/Anais-II-Coloquio-rev.pdf\" target=\"_blank\" rel=\"noopener\">Anais 2o. Col\u00f3quio PPGH-UEPG<\/a><\/span><\/h5>\n<p>&nbsp;<\/p>\n<p>&nbsp;<\/p>\n<hr \/>\n<h5><a href=\"https:\/\/www2.uepg.br\/ppgh\/3o-coloquio-do-ppgh\/\" rel=\"attachment wp-att-943\"><img loading=\"lazy\" class=\"alignright wp-image-943\" src=\"http:\/\/www2.uepg.br\/ppgh\/wp-content\/uploads\/sites\/131\/2023\/08\/PPGH-1.png\" alt=\"\" width=\"299\" height=\"67\" \/><\/a><\/h5>\n<h5><\/h5>\n<h5><\/h5>\n<h5 style=\"text-align: right\"><span style=\"color: #ff6600\"><a style=\"color: #ff6600\" href=\"https:\/\/www2.uepg.br\/ppgh\/3o-coloquio-do-ppgh\/anais-do-3o-coloquio-do-ppgh-ficha\/\" rel=\"attachment wp-att-1105\">Anais do 3o. Coloquio do PPGH<\/a><\/span><\/h5>\n","protected":false},"excerpt":{"rendered":"<p>&nbsp; &nbsp; &nbsp; &nbsp; &nbsp; &nbsp; &nbsp; &nbsp; &nbsp; &nbsp; &nbsp; &nbsp; ANAIS DO IV Col\u00f3quio Cronograma: Inscri\u00e7\u00e3o de trabalhos: 01\/08 a 9\/09\/24 Inscri\u00e7\u00e3o de ouvintes e inscri\u00e7\u00e3o em minicursos: 7\/09 a 8\/10\/24 Taxas Ouvinte &#8211; 10,00 Apresentador(a) de trabalho: 20,00 (a inscri\u00e7\u00e3o em qualquer categoria d\u00e1 direito a assistir at\u00e9 dois minicursos ou oficinas&nbsp;&hellip;<\/p>\n","protected":false},"author":188,"featured_media":0,"parent":0,"menu_order":0,"comment_status":"closed","ping_status":"closed","template":"","meta":[],"_links":{"self":[{"href":"https:\/\/www2.uepg.br\/ppgh\/wp-json\/wp\/v2\/pages\/1317"}],"collection":[{"href":"https:\/\/www2.uepg.br\/ppgh\/wp-json\/wp\/v2\/pages"}],"about":[{"href":"https:\/\/www2.uepg.br\/ppgh\/wp-json\/wp\/v2\/types\/page"}],"author":[{"embeddable":true,"href":"https:\/\/www2.uepg.br\/ppgh\/wp-json\/wp\/v2\/users\/188"}],"replies":[{"embeddable":true,"href":"https:\/\/www2.uepg.br\/ppgh\/wp-json\/wp\/v2\/comments?post=1317"}],"version-history":[{"count":1,"href":"https:\/\/www2.uepg.br\/ppgh\/wp-json\/wp\/v2\/pages\/1317\/revisions"}],"predecessor-version":[{"id":1318,"href":"https:\/\/www2.uepg.br\/ppgh\/wp-json\/wp\/v2\/pages\/1317\/revisions\/1318"}],"wp:attachment":[{"href":"https:\/\/www2.uepg.br\/ppgh\/wp-json\/wp\/v2\/media?parent=1317"}],"curies":[{"name":"wp","href":"https:\/\/api.w.org\/{rel}","templated":true}]}}