{"id":1329,"date":"2025-07-24T17:15:58","date_gmt":"2025-07-24T20:15:58","guid":{"rendered":"https:\/\/www2.uepg.br\/ppgh\/?page_id=1329"},"modified":"2025-07-25T08:17:16","modified_gmt":"2025-07-25T11:17:16","slug":"edital-ppgh-11-2025","status":"publish","type":"page","link":"https:\/\/www2.uepg.br\/ppgh\/edital-ppgh-11-2025\/","title":{"rendered":"Edital PPGH 11\/ 2025"},"content":{"rendered":"<div id=\"page-content\" class=\"page-content\">\n<div class=\"gridContainer content\">\n<div id=\"post-277\" class=\"post-277 page type-page status-publish hentry\">\n<h3><img loading=\"lazy\" class=\"alignright size-full wp-image-278\" src=\"http:\/\/www2.uepg.br\/ppgh\/wp-content\/uploads\/sites\/131\/2021\/02\/imagem_2021-02-17_133847.png\" alt=\"\" width=\"257\" height=\"67\" \/><\/h3>\n<\/div>\n<\/div>\n<\/div>\n<p>&nbsp;<\/p>\n<p>&nbsp;<\/p>\n<p>&nbsp;<\/p>\n<hr \/>\n<div id=\"page-content\" class=\"page-content\">\n<div class=\"gridContainer content\">\n<div id=\"post-277\" class=\"post-277 page type-page status-publish hentry\">\n<h3><strong style=\"font-size: 16px\">ABERTURA DE INSCRI\u00c7\u00d5ES PARA ALUNOS ESPECIAIS EM DISCIPLINAS ISOLADAS <\/strong><strong style=\"font-size: 16px\">NO MESTRADO EM HIST\u00d3RIA, CULTURA E IDENTIDADES\u00a0<\/strong><strong style=\"font-size: 16px\">PARA O SEGUNDO SEMESTRE DE 2025<\/strong><\/h3>\n<\/div>\n<\/div>\n<\/div>\n<div id=\"page-content\" class=\"page-content\">\n<div class=\"gridContainer content\">\n<div id=\"post-277\" class=\"post-277 page type-page status-publish hentry\">\n<p>&nbsp;<\/p>\n<p>A Coordena\u00e7\u00e3o do Programa de P\u00f3s-Gradua\u00e7\u00e3o em Hist\u00f3ria da Universidade Estadual de Ponta Grossa, no uso de suas atribui\u00e7\u00f5es e, em aten\u00e7\u00e3o \u00e0 delibera\u00e7\u00e3o do Colegiado e de acordo com o artigo 23 e ss. II do Regulamento do PPGH, faz saber que estar\u00e3o abertas de 24\/07\/2025 a 31\/07\/2025 as inscri\u00e7\u00f5es para o processo de inscri\u00e7\u00e3o de alunos especiais em disciplina isolada, conforme o que disp\u00f5e o presente Edital:<\/p>\n<ol>\n<li>Poder\u00e3o se inscrever todos os alunos que conclu\u00edram curso superior em Hist\u00f3ria ou \u00e1reas afins.<\/li>\n<\/ol>\n<p style=\"padding-left: 40px\">1.1 Ser\u00e3o priorizados candidatos j\u00e1 matriculados em Programas de P\u00f3s-Gradua\u00e7\u00e3o, preferencialmente na \u00e1rea de Ci\u00eancias Humanas.<\/p>\n<ol start=\"2\">\n<li>A inscri\u00e7\u00e3o do candidato implicar\u00e1 o conhecimento e a t\u00e1cita aceita\u00e7\u00e3o das normas e condi\u00e7\u00f5es estabelecidas neste Edital, das quais n\u00e3o poder\u00e1 alegar desconhecimento. Dentre as normas gerais, destacados os itens a seguir:<\/li>\n<\/ol>\n<p style=\"padding-left: 40px\">2.1 \u00c9 vedada mais de uma inscri\u00e7\u00e3o por candidato.<\/p>\n<p style=\"padding-left: 40px\">2.2 A aprova\u00e7\u00e3o na sele\u00e7\u00e3o para aluno especial n\u00e3o garante a aprova\u00e7\u00e3o do candidato como aluno regular do Programa.<\/p>\n<p style=\"padding-left: 40px\">2.3 A admiss\u00e3o do aluno especial ter\u00e1 validade de um semestre letivo.<\/p>\n<p style=\"padding-left: 40px\">2.4 \u00c9 vedado o trancamento de matr\u00edcula ao aluno especial.<\/p>\n<ol start=\"3\">\n<li>Disciplina que aceitar\u00e1 alunos especiais, docentes respons\u00e1veis, hor\u00e1rio, ementa, carga hor\u00e1ria e vagas:<\/li>\n<\/ol>\n<p>&nbsp;<\/p>\n<p style=\"text-align: center\"><strong>Teoria da Hist\u00f3ria<\/strong><\/p>\n<p><strong>Ementa:<\/strong>Estudo acerca das perspectivas e tend\u00eancias historiogr\u00e1ficas contempor\u00e2neas a partir da an\u00e1lise de constitui\u00e7\u00e3o de um \u201cmodelo moderno de hist\u00f3ria\u201d e de sua historicidade, apontando para suas quest\u00f5es, problemas e desdobramentos: suas principais matrizes, suas concep\u00e7\u00f5es de hist\u00f3ria e representa\u00e7\u00f5es de tempo, as formas de discurso, bem como sua rela\u00e7\u00e3o com chamados princ\u00edpios de cientificidade (rela\u00e7\u00e3o sujeito x objeto, di\u00e1logos interdisciplinares, concep\u00e7\u00f5es de ci\u00eancia).<br \/>\n<strong>Docente: Erivan Karvat<br \/>\nHor\u00e1rio:<\/strong>\u00a0Quintas-feiras, das 13:30 \u00e0s 17:30<br \/>\n60 horas\/ 4 cr\u00e9ditos<br \/>\n10 vagas<\/p>\n<\/div>\n<\/div>\n<p>&nbsp;<\/p>\n<\/div>\n<div id=\"page-content\" class=\"page-content\">\n<div class=\"gridContainer content\">\n<ol start=\"4\">\n<li>Per\u00edodo e orienta\u00e7\u00e3o para as inscri\u00e7\u00f5es:<br \/>\na) Per\u00edodo: de 24 a 31\/07\/2025<br \/>\nb) As inscri\u00e7\u00f5es dever\u00e3o ser feitas pelo sistema ACAD (<a href=\"https:\/\/acad.apps.uepg.br\/inicio\">https:\/\/acad.apps.uepg.br\/inicio<\/a>)<\/li>\n<li>Documentos necess\u00e1rios \u00e0 inscri\u00e7\u00e3o:<\/li>\n<\/ol>\n<p style=\"padding-left: 80px\">5.1 Formul\u00e1rio de inscri\u00e7\u00e3o devidamente preenchido.<\/p>\n<p style=\"padding-left: 80px\">5.2 Carta de inten\u00e7\u00e3o.<\/p>\n<p style=\"padding-left: 80px\">5.4 Arquivo de imagem com uma foto de rosto recente.<\/p>\n<p style=\"padding-left: 80px\">5.5 Arquivo .pdf com c\u00f3pia do diploma de curso de gradua\u00e7\u00e3o (frente e verso).<\/p>\n<p style=\"padding-left: 80px\">5.6 Arquivo .pdf com c\u00f3pia dos documentos pessoais (RG em que conste o CPF ou CNH).<\/p>\n<ol start=\"6\">\n<li>N\u00e3o ser\u00e1 aceita a inscri\u00e7\u00e3o do candidato que n\u00e3o enviar a documenta\u00e7\u00e3o completa.<\/li>\n<li>O processo de sele\u00e7\u00e3o \u00e9 composto por uma (01) etapa: avalia\u00e7\u00e3o da carta de inten\u00e7\u00e3o.<\/li>\n<\/ol>\n<p>7.1 A avalia\u00e7\u00e3o da carta de inten\u00e7\u00e3o exigir\u00e1 que o candidato enfatize os seguintes itens:<\/p>\n<p style=\"padding-left: 40px\">a) Motivos pelos quais deseja frequentar a disciplina;<\/p>\n<p style=\"padding-left: 40px\">b) Experi\u00eancia acad\u00eamica (est\u00e1gio, monitoria, inicia\u00e7\u00e3o cient\u00edfica, TCC) ou profissional do candidato na \u00e1rea da disciplina ou \u00e1reas afins;<\/p>\n<p style=\"padding-left: 40px\">c) Benef\u00edcios que a realiza\u00e7\u00e3o da disciplina trar\u00e1 para o seu desempenho acad\u00eamico e profissional.<\/p>\n<p>8) Divulga\u00e7\u00e3o do resultado final ser\u00e1 feita em edital at\u00e9 o dia 05 de agosto de 2024 na p\u00e1gina do Programa: <a href=\"https:\/\/www2.uepg.br\/ppgh\/editais\/\">https:\/\/www2.uepg.br\/ppgh\/editais<\/a><\/p>\n<p>As aulas ter\u00e3o in\u00edcio no dia 7 de agosto de 2025.<\/p>\n<p>&nbsp;<\/p>\n<p style=\"text-align: right\">Ponta Grossa, 24 de julho de 2025.<\/p>\n<p style=\"text-align: right\">Coordena\u00e7\u00e3o do PPGH<\/p>\n<p>&nbsp;<\/p>\n<p>ANEXO I \u2013 <a href=\"https:\/\/www2.uepg.br\/ppgh\/edital-ppgh-01-2025\/ficha-de-inscricao-de-alunos-especiais-2025_1-2\/\" rel=\"attachment wp-att-1186\">Ficha de Inscricao &#8211; alunos especiais 2025\/2<\/a>\u00a0(baixar, preencher e anexar na plataforma ACAD)<\/p>\n<\/div>\n<\/div>\n<div id=\"page-content\" class=\"page-content\">\n<div class=\"gridContainer content\">\n<div id=\"post-277\" class=\"post-277 page type-page status-publish hentry\">\n<p>&nbsp;<\/p>\n<\/div>\n<\/div>\n<\/div>\n","protected":false},"excerpt":{"rendered":"<p>&nbsp; &nbsp; &nbsp; ABERTURA DE INSCRI\u00c7\u00d5ES PARA ALUNOS ESPECIAIS EM DISCIPLINAS ISOLADAS NO MESTRADO EM HIST\u00d3RIA, CULTURA E IDENTIDADES\u00a0PARA O SEGUNDO SEMESTRE DE 2025 &nbsp; A Coordena\u00e7\u00e3o do Programa de P\u00f3s-Gradua\u00e7\u00e3o em Hist\u00f3ria da Universidade Estadual de Ponta Grossa, no uso de suas atribui\u00e7\u00f5es e, em aten\u00e7\u00e3o \u00e0 delibera\u00e7\u00e3o do Colegiado e de acordo com&nbsp;&hellip;<\/p>\n","protected":false},"author":188,"featured_media":0,"parent":0,"menu_order":0,"comment_status":"closed","ping_status":"closed","template":"","meta":[],"_links":{"self":[{"href":"https:\/\/www2.uepg.br\/ppgh\/wp-json\/wp\/v2\/pages\/1329"}],"collection":[{"href":"https:\/\/www2.uepg.br\/ppgh\/wp-json\/wp\/v2\/pages"}],"about":[{"href":"https:\/\/www2.uepg.br\/ppgh\/wp-json\/wp\/v2\/types\/page"}],"author":[{"embeddable":true,"href":"https:\/\/www2.uepg.br\/ppgh\/wp-json\/wp\/v2\/users\/188"}],"replies":[{"embeddable":true,"href":"https:\/\/www2.uepg.br\/ppgh\/wp-json\/wp\/v2\/comments?post=1329"}],"version-history":[{"count":4,"href":"https:\/\/www2.uepg.br\/ppgh\/wp-json\/wp\/v2\/pages\/1329\/revisions"}],"predecessor-version":[{"id":1337,"href":"https:\/\/www2.uepg.br\/ppgh\/wp-json\/wp\/v2\/pages\/1329\/revisions\/1337"}],"wp:attachment":[{"href":"https:\/\/www2.uepg.br\/ppgh\/wp-json\/wp\/v2\/media?parent=1329"}],"curies":[{"name":"wp","href":"https:\/\/api.w.org\/{rel}","templated":true}]}}