{"id":1339,"date":"2025-07-31T16:14:23","date_gmt":"2025-07-31T19:14:23","guid":{"rendered":"https:\/\/www2.uepg.br\/ppgh\/?page_id=1339"},"modified":"2025-07-31T16:14:23","modified_gmt":"2025-07-31T19:14:23","slug":"edital-ppgh-12-2025","status":"publish","type":"page","link":"https:\/\/www2.uepg.br\/ppgh\/edital-ppgh-12-2025\/","title":{"rendered":"Edital PPGH 12\/2025"},"content":{"rendered":"<p><img loading=\"lazy\" class=\"alignright size-full wp-image-278\" src=\"http:\/\/www2.uepg.br\/ppgh\/wp-content\/uploads\/sites\/131\/2021\/02\/imagem_2021-02-17_133847.png\" alt=\"\" width=\"257\" height=\"67\" \/><\/p>\n<p>&nbsp;<\/p>\n<p>&nbsp;<\/p>\n<p>&nbsp;<\/p>\n<hr \/>\n<p>&nbsp;<\/p>\n<p><strong>PRORROGA O PRAZO DE INSCRI\u00c7\u00c3O PARA ALUNOS ESPECIAIS PARA DISCIPLINA DO 2o. SEMESTRE DE 2025<\/strong><\/p>\n<p>&nbsp;<\/p>\n<p>A Coordena\u00e7\u00e3o do Programa de P\u00f3s-Gradua\u00e7\u00e3o em Hist\u00f3ria (PPGH) da Universidade Estadual de Ponta Grossa, no uso de suas atribui\u00e7\u00f5es, prorroga o prazo de inscri\u00e7\u00e3o de candidatos a alunos especiais na disciplina ofertada no Edital PPGH 11\/2025 at\u00e9 o dia <strong>04 de agosto de 2025<\/strong>.<\/p>\n<p>&nbsp;<\/p>\n<p style=\"text-align: right\">Ponta Grossa, 31 de julho de 2025.<\/p>\n<p style=\"text-align: right\">Coordena\u00e7\u00e3o do PPGH<\/p>\n","protected":false},"excerpt":{"rendered":"<p>&nbsp; &nbsp; &nbsp; &nbsp; PRORROGA O PRAZO DE INSCRI\u00c7\u00c3O PARA ALUNOS ESPECIAIS PARA DISCIPLINA DO 2o. SEMESTRE DE 2025 &nbsp; A Coordena\u00e7\u00e3o do Programa de P\u00f3s-Gradua\u00e7\u00e3o em Hist\u00f3ria (PPGH) da Universidade Estadual de Ponta Grossa, no uso de suas atribui\u00e7\u00f5es, prorroga o prazo de inscri\u00e7\u00e3o de candidatos a alunos especiais na disciplina ofertada no Edital&nbsp;&hellip;<\/p>\n","protected":false},"author":188,"featured_media":0,"parent":0,"menu_order":0,"comment_status":"closed","ping_status":"closed","template":"","meta":[],"_links":{"self":[{"href":"https:\/\/www2.uepg.br\/ppgh\/wp-json\/wp\/v2\/pages\/1339"}],"collection":[{"href":"https:\/\/www2.uepg.br\/ppgh\/wp-json\/wp\/v2\/pages"}],"about":[{"href":"https:\/\/www2.uepg.br\/ppgh\/wp-json\/wp\/v2\/types\/page"}],"author":[{"embeddable":true,"href":"https:\/\/www2.uepg.br\/ppgh\/wp-json\/wp\/v2\/users\/188"}],"replies":[{"embeddable":true,"href":"https:\/\/www2.uepg.br\/ppgh\/wp-json\/wp\/v2\/comments?post=1339"}],"version-history":[{"count":1,"href":"https:\/\/www2.uepg.br\/ppgh\/wp-json\/wp\/v2\/pages\/1339\/revisions"}],"predecessor-version":[{"id":1340,"href":"https:\/\/www2.uepg.br\/ppgh\/wp-json\/wp\/v2\/pages\/1339\/revisions\/1340"}],"wp:attachment":[{"href":"https:\/\/www2.uepg.br\/ppgh\/wp-json\/wp\/v2\/media?parent=1339"}],"curies":[{"name":"wp","href":"https:\/\/api.w.org\/{rel}","templated":true}]}}