{"id":1350,"date":"2025-08-15T12:22:59","date_gmt":"2025-08-15T15:22:59","guid":{"rendered":"https:\/\/www2.uepg.br\/ppgh\/?page_id=1350"},"modified":"2025-08-15T12:23:36","modified_gmt":"2025-08-15T15:23:36","slug":"edital-ppgh-14-2025","status":"publish","type":"page","link":"https:\/\/www2.uepg.br\/ppgh\/edital-ppgh-14-2025\/","title":{"rendered":"Edital PPGH 14\/2025"},"content":{"rendered":"<p><img loading=\"lazy\" class=\"alignright size-full wp-image-278\" src=\"http:\/\/www2.uepg.br\/ppgh\/wp-content\/uploads\/sites\/131\/2021\/02\/imagem_2021-02-17_133847.png\" alt=\"\" width=\"257\" height=\"67\" \/><\/p>\n<p>&nbsp;<\/p>\n<p>&nbsp;<\/p>\n<p>&nbsp;<\/p>\n<hr \/>\n<h3><strong>RESULTADO DA CLASSIFICA\u00c7\u00c3O DOS INSCRITOS PARA BOLSAS\u00a0 QUE VENHAM A SER CONCEDIDAS NO SEGUNDO SEMESTRE DE 2025<\/strong><\/h3>\n<div>\n<p>O Colegiado do Programa de P\u00f3s-gradua\u00e7\u00e3o em Hist\u00f3ria da UEPG, nos termos do Edital PPGH 13\/2025, informa a ordem de classifica\u00e7\u00e3o dos candidatos inscritos para a concess\u00e3o de bolsas para o segundo semestre de 2025.<\/p>\n<ol>\n<li>Ana L\u00facia da Silva<\/li>\n<li>Ana Clara Imianoski Jacopetti<\/li>\n<li>Gabriel Cesar Brun\u00f3rio<\/li>\n<li>Luana de Almeida Santos<\/li>\n<li>Isabela de F\u00e1tima Barboza de Melo<\/li>\n<li>Vit\u00f3ria Gabriela de Oliveira<\/li>\n<li>Reinaldo Glusczka<\/li>\n<li>Jaqueline Aparecida Bueno Machado<\/li>\n<li>Rafaela Laurino Carvalho<\/li>\n<li>Nayara Nattialy Carneiro Roberto<\/li>\n<li>Uende Natane Nascimento<\/li>\n<li>Hemerson Luiz de Oliveira Jr.<\/li>\n<\/ol>\n<\/div>\n<div><\/div>\n<p style=\"text-align: right\">Ponta Grossa, 15 de agosto de 2025<\/p>\n<p style=\"text-align: right\">A Coordena\u00e7\u00e3o<\/p>\n","protected":false},"excerpt":{"rendered":"<p>&nbsp; &nbsp; &nbsp; RESULTADO DA CLASSIFICA\u00c7\u00c3O DOS INSCRITOS PARA BOLSAS\u00a0 QUE VENHAM A SER CONCEDIDAS NO SEGUNDO SEMESTRE DE 2025 O Colegiado do Programa de P\u00f3s-gradua\u00e7\u00e3o em Hist\u00f3ria da UEPG, nos termos do Edital PPGH 13\/2025, informa a ordem de classifica\u00e7\u00e3o dos candidatos inscritos para a concess\u00e3o de bolsas para o segundo semestre de 2025.&nbsp;&hellip;<\/p>\n","protected":false},"author":188,"featured_media":0,"parent":0,"menu_order":0,"comment_status":"closed","ping_status":"closed","template":"","meta":[],"_links":{"self":[{"href":"https:\/\/www2.uepg.br\/ppgh\/wp-json\/wp\/v2\/pages\/1350"}],"collection":[{"href":"https:\/\/www2.uepg.br\/ppgh\/wp-json\/wp\/v2\/pages"}],"about":[{"href":"https:\/\/www2.uepg.br\/ppgh\/wp-json\/wp\/v2\/types\/page"}],"author":[{"embeddable":true,"href":"https:\/\/www2.uepg.br\/ppgh\/wp-json\/wp\/v2\/users\/188"}],"replies":[{"embeddable":true,"href":"https:\/\/www2.uepg.br\/ppgh\/wp-json\/wp\/v2\/comments?post=1350"}],"version-history":[{"count":1,"href":"https:\/\/www2.uepg.br\/ppgh\/wp-json\/wp\/v2\/pages\/1350\/revisions"}],"predecessor-version":[{"id":1351,"href":"https:\/\/www2.uepg.br\/ppgh\/wp-json\/wp\/v2\/pages\/1350\/revisions\/1351"}],"wp:attachment":[{"href":"https:\/\/www2.uepg.br\/ppgh\/wp-json\/wp\/v2\/media?parent=1350"}],"curies":[{"name":"wp","href":"https:\/\/api.w.org\/{rel}","templated":true}]}}