{"id":1430,"date":"2025-10-20T11:19:35","date_gmt":"2025-10-20T14:19:35","guid":{"rendered":"https:\/\/www2.uepg.br\/ppgh\/?page_id=1430"},"modified":"2025-10-20T20:09:26","modified_gmt":"2025-10-20T23:09:26","slug":"edital-ppgh-17-2025","status":"publish","type":"page","link":"https:\/\/www2.uepg.br\/ppgh\/edital-ppgh-17-2025\/","title":{"rendered":"EDITAL PPGH 17\/2025"},"content":{"rendered":"<p><img loading=\"lazy\" class=\"alignright size-full wp-image-278\" src=\"http:\/\/www2.uepg.br\/ppgh\/wp-content\/uploads\/sites\/131\/2021\/02\/imagem_2021-02-17_133847.png\" alt=\"\" width=\"257\" height=\"67\" \/><\/p>\n<p>&nbsp;<\/p>\n<p>&nbsp;<\/p>\n<p>&nbsp;<\/p>\n<hr \/>\n<p><strong>EDITAL PPGH 17\/2025 \u2013 HOMOLOGA AS INCRI\u00c7\u00d5ES PARA O PROCESSO SELETIVO DE DOUTORADO DE 2025 PARA AVALIA\u00c7\u00c3O DAS LINHAS<\/strong><\/p>\n<p>1. A Coordena\u00e7\u00e3o do Programa de P\u00f3s-Gradua\u00e7\u00e3o em Hist\u00f3ria (PPGH) da Universidade Estadual de Ponta Grossa, no uso de suas atribui\u00e7\u00f5es, considerando o que prev\u00eaem oo Editais PPGH 07\/2025 e 17\/2025 e em aten\u00e7\u00e3o \u00e0 delibera\u00e7\u00e3o da Comiss\u00e3o de Sele\u00e7\u00e3o e do Colegiado, comunica a HOMOLOGA\u00c7AO das seguintes candidaturas na primeira etapa do processo seletivo para avalia\u00e7\u00e3o pelas lonhas de pesquisa:<\/p>\n<p>1a. Mem\u00f3ria, acervos e patrim\u00f4nio<\/p>\n<p>Dener Cristi dos Santos<br \/>\nElter Taets Garcia<br \/>\nGuilherme Traiano<br \/>\nJamile Siliane da Silva<br \/>\nMariana Fernandes Siqueira<br \/>\nMurilo Carlos Siqueira<br \/>\nRodrigo Demarchi<br \/>\nTain\u00e1 Lang da Silva<\/p>\n<p>1b.\u00a0Sujeitos, discursos e identidades<\/p>\n<p>Alana Carolina Kopczynski<br \/>\nCleonice de Fatima de Souza<br \/>\nDaniela Marton<br \/>\nEduardo Augusto de Mello<br \/>\nEduardo Prates Bordinh\u00e3o<br \/>\nEliana Barros Pedroza<br \/>\nFrederico Renan Hilgenberg Gomes<br \/>\nLuana de Paula Santos<br \/>\nLucas Otavio Boamorte<br \/>\nNayamin Moscal<br \/>\nRafael Meira de Oliveira<br \/>\nRafael Schier Granado<br \/>\nWilliam de Matos Jesus<\/p>\n<p>1c. Ensino de Hist\u00f3ria<\/p>\n<p>Bruna Alves Lopes<br \/>\nBruna dos Santos<br \/>\nCarlos Eduardo de Souza<br \/>\nGiuvane de Souza Kluppel<br \/>\nGustavo Anzuategui<br \/>\nLuis ALberto de Souza Santos<br \/>\nMarilia Kaczmarek<br \/>\nMirielen Machado Rodrigues<br \/>\nTiago da Silva Souza<\/p>\n<p>&nbsp;<\/p>\n<p>2. Fica aberto o prazo at\u00e9 24\/10\/2025 para interposi\u00e7\u00e3o de recursos no <a href=\"http:\/\/sei.uepg.br\">sei.uepg.br<\/a>.<\/p>\n<p>&nbsp;<\/p>\n<p>3. Os candidatos que desejarem concorrer dentro das condi\u00e7\u00f5es dos itens 3.5 a 3.8 do Edital PPGH UEPG 16\/2025 (autodeclarados negros,\u00a0 ind\u00edgenas, deficientes e transg\u00eaneros) devem encaminhar a autodeclara\u00e7\u00e3o correspondente via <a href=\"http:\/\/sei.uepg.br\">sei.uepg.br<\/a> at\u00e9 14\/11\/2025.<\/p>\n<p>&nbsp;<\/p>\n<p style=\"text-align: right\">Ponta Grossa, 20 de outubro de 2025<\/p>\n<p style=\"text-align: right\">Coordena\u00e7\u00e3o do PPGH<\/p>\n<p>&nbsp;<\/p>\n<p>ANEXOS<\/p>\n<p><a href=\"http:\/\/www2.uepg.br\/ppgh\/wp-content\/uploads\/sites\/131\/2025\/10\/TERMO-DE-AUTODECLARACAO-DE-PESSOAS-NEGRAS-E-INDIGENAS-Ppgh.pdf\">TERMO-DE-AUTODECLARACAO-DE-PESSOAS-NEGRAS-E-INDIGENAS-Ppgh<\/a><\/p>\n<p><a href=\"http:\/\/www2.uepg.br\/ppgh\/wp-content\/uploads\/sites\/131\/2025\/10\/TERMO-DE-AUTODECLARACAO-DE-PESSOA-COM-DEFICIENCIA-Ppgh.pdf\">TERMO-DE-AUTODECLARACAO-DE-PESSOA-COM-DEFICIENCIA-Ppgh<\/a><\/p>\n<p><a href=\"http:\/\/www2.uepg.br\/ppgh\/wp-content\/uploads\/sites\/131\/2025\/10\/TERMO-DE-AUTODECLARACAO-DE-PESSOA-TRAVESTI-OU-TRANSGENERO-Ppgh.pdf\">TERMO-DE-AUTODECLARACAO-DE-PESSOA-TRAVESTI-OU-TRANSGENERO-Ppgh<\/a><\/p>\n","protected":false},"excerpt":{"rendered":"<p>&nbsp; &nbsp; &nbsp; EDITAL PPGH 17\/2025 \u2013 HOMOLOGA AS INCRI\u00c7\u00d5ES PARA O PROCESSO SELETIVO DE DOUTORADO DE 2025 PARA AVALIA\u00c7\u00c3O DAS LINHAS 1. A Coordena\u00e7\u00e3o do Programa de P\u00f3s-Gradua\u00e7\u00e3o em Hist\u00f3ria (PPGH) da Universidade Estadual de Ponta Grossa, no uso de suas atribui\u00e7\u00f5es, considerando o que prev\u00eaem oo Editais PPGH 07\/2025 e 17\/2025 e em&nbsp;&hellip;<\/p>\n","protected":false},"author":188,"featured_media":0,"parent":0,"menu_order":0,"comment_status":"closed","ping_status":"closed","template":"","meta":[],"_links":{"self":[{"href":"https:\/\/www2.uepg.br\/ppgh\/wp-json\/wp\/v2\/pages\/1430"}],"collection":[{"href":"https:\/\/www2.uepg.br\/ppgh\/wp-json\/wp\/v2\/pages"}],"about":[{"href":"https:\/\/www2.uepg.br\/ppgh\/wp-json\/wp\/v2\/types\/page"}],"author":[{"embeddable":true,"href":"https:\/\/www2.uepg.br\/ppgh\/wp-json\/wp\/v2\/users\/188"}],"replies":[{"embeddable":true,"href":"https:\/\/www2.uepg.br\/ppgh\/wp-json\/wp\/v2\/comments?post=1430"}],"version-history":[{"count":5,"href":"https:\/\/www2.uepg.br\/ppgh\/wp-json\/wp\/v2\/pages\/1430\/revisions"}],"predecessor-version":[{"id":1440,"href":"https:\/\/www2.uepg.br\/ppgh\/wp-json\/wp\/v2\/pages\/1430\/revisions\/1440"}],"wp:attachment":[{"href":"https:\/\/www2.uepg.br\/ppgh\/wp-json\/wp\/v2\/media?parent=1430"}],"curies":[{"name":"wp","href":"https:\/\/api.w.org\/{rel}","templated":true}]}}