{"id":1452,"date":"2025-11-03T11:49:10","date_gmt":"2025-11-03T14:49:10","guid":{"rendered":"https:\/\/www2.uepg.br\/ppgh\/?page_id=1452"},"modified":"2025-11-03T11:49:10","modified_gmt":"2025-11-03T14:49:10","slug":"edital-ppgh-19-2025","status":"publish","type":"page","link":"https:\/\/www2.uepg.br\/ppgh\/edital-ppgh-19-2025\/","title":{"rendered":"Edital PPGH 19\/2025"},"content":{"rendered":"<p><img loading=\"lazy\" class=\"alignright size-full wp-image-278\" src=\"http:\/\/www2.uepg.br\/ppgh\/wp-content\/uploads\/sites\/131\/2021\/02\/imagem_2021-02-17_133847.png\" alt=\"\" width=\"257\" height=\"67\" \/><\/p>\n<p>&nbsp;<\/p>\n<p>&nbsp;<\/p>\n<p>&nbsp;<\/p>\n<hr \/>\n<p><strong>EDITAL PPGH 19\/2025 \u2013 Quadro final de homologa\u00e7\u00e3o de candidaturas para o processo seletivo de doutorado de 2025 ap\u00f3s recursos e manifesta\u00e7\u00f5es quanto a cotas<\/strong><\/p>\n<p>1. A Coordena\u00e7\u00e3o do Programa de P\u00f3s-Gradua\u00e7\u00e3o em Hist\u00f3ria (PPGH) da Universidade Estadual de Ponta Grossa, no uso de suas atribui\u00e7\u00f5es, considerando o que prev\u00eaem oS Editais PPGH 07\/2025, 16\/2025 e 17\/2025 e em aten\u00e7\u00e3o \u00e0 delibera\u00e7\u00e3o da Comiss\u00e3o de Sele\u00e7\u00e3o e do Colegiado, comunica o resultado final de HOMOLOGA\u00c7AO das candidaturas na primeira etapa do processo seletivo para avalia\u00e7\u00e3o pelas linhas de pesquisa ap\u00f3s considera\u00e7\u00e3o dos recursos e op\u00e7\u00f5es por cotas:<\/p>\n<p>1a. Mem\u00f3ria, acervos e patrim\u00f4nio<\/p>\n<p>Dener Cristi dos Santos<br \/>\nElter Taets Garcia<br \/>\nGuilherme Traiano<br \/>\nJamile Siliane da Silva<br \/>\nMariana Fernandes Siqueira<br \/>\nMurilo Carlos Siqueira<br \/>\nRodrigo Demarchi<br \/>\nTain\u00e1 Lang da Silva<\/p>\n<p>1b.\u00a0Sujeitos, discursos e identidades<\/p>\n<p>Alana Carolina Kopczynski<br \/>\nBruna dos Santos<br \/>\nCleonice de Fatima de Souza<br \/>\nDaniela Marton<br \/>\nEduardo Augusto de Mello<br \/>\nEduardo Prates Bordinh\u00e3o<br \/>\nEliana Barros Pedroza<br \/>\nFrederico Renan Hilgenberg Gomes<br \/>\nLuana de Paula Santos &#8211; cota PCD<br \/>\nLucas Otavio Boamorte<br \/>\nNayamin Moscal<br \/>\nRafael Meira de Oliveira &#8211; cota de negros<br \/>\nRafael Schier Granado<br \/>\nWilliam de Matos Jesus<\/p>\n<p>1c. Ensino de Hist\u00f3ria<\/p>\n<p>Bruna Alves Lopes<br \/>\nCarlos Eduardo de Souza<br \/>\nEdson Willian da Costa<br \/>\nGiuvane de Souza Kluppel<br \/>\nGustavo Anzuategui<br \/>\nLuis Alberto de Souza Santos<br \/>\nMarilia Kaczmarek<br \/>\nMirielen Machado Rodrigues<br \/>\nTiago da Silva Souza<\/p>\n<p>&nbsp;<\/p>\n<p style=\"text-align: right\">Ponta Grossa, 03 de novembro de 2025<\/p>\n<p style=\"text-align: right\">Coordena\u00e7\u00e3o do PPGH<\/p>\n","protected":false},"excerpt":{"rendered":"<p>&nbsp; &nbsp; &nbsp; EDITAL PPGH 19\/2025 \u2013 Quadro final de homologa\u00e7\u00e3o de candidaturas para o processo seletivo de doutorado de 2025 ap\u00f3s recursos e manifesta\u00e7\u00f5es quanto a cotas 1. A Coordena\u00e7\u00e3o do Programa de P\u00f3s-Gradua\u00e7\u00e3o em Hist\u00f3ria (PPGH) da Universidade Estadual de Ponta Grossa, no uso de suas atribui\u00e7\u00f5es, considerando o que prev\u00eaem oS Editais&nbsp;&hellip;<\/p>\n","protected":false},"author":188,"featured_media":0,"parent":0,"menu_order":0,"comment_status":"closed","ping_status":"closed","template":"","meta":[],"_links":{"self":[{"href":"https:\/\/www2.uepg.br\/ppgh\/wp-json\/wp\/v2\/pages\/1452"}],"collection":[{"href":"https:\/\/www2.uepg.br\/ppgh\/wp-json\/wp\/v2\/pages"}],"about":[{"href":"https:\/\/www2.uepg.br\/ppgh\/wp-json\/wp\/v2\/types\/page"}],"author":[{"embeddable":true,"href":"https:\/\/www2.uepg.br\/ppgh\/wp-json\/wp\/v2\/users\/188"}],"replies":[{"embeddable":true,"href":"https:\/\/www2.uepg.br\/ppgh\/wp-json\/wp\/v2\/comments?post=1452"}],"version-history":[{"count":1,"href":"https:\/\/www2.uepg.br\/ppgh\/wp-json\/wp\/v2\/pages\/1452\/revisions"}],"predecessor-version":[{"id":1453,"href":"https:\/\/www2.uepg.br\/ppgh\/wp-json\/wp\/v2\/pages\/1452\/revisions\/1453"}],"wp:attachment":[{"href":"https:\/\/www2.uepg.br\/ppgh\/wp-json\/wp\/v2\/media?parent=1452"}],"curies":[{"name":"wp","href":"https:\/\/api.w.org\/{rel}","templated":true}]}}