{"id":1456,"date":"2025-11-14T21:43:37","date_gmt":"2025-11-15T00:43:37","guid":{"rendered":"https:\/\/www2.uepg.br\/ppgh\/?page_id=1456"},"modified":"2025-11-14T21:47:00","modified_gmt":"2025-11-15T00:47:00","slug":"edital-ppgh-20-2025","status":"publish","type":"page","link":"https:\/\/www2.uepg.br\/ppgh\/edital-ppgh-20-2025\/","title":{"rendered":"Edital PPGH 20\/2025"},"content":{"rendered":"<p><img loading=\"lazy\" class=\"alignright size-full wp-image-278\" src=\"http:\/\/www2.uepg.br\/ppgh\/wp-content\/uploads\/sites\/131\/2021\/02\/imagem_2021-02-17_133847.png\" alt=\"\" width=\"257\" height=\"67\" \/><\/p>\n<p>&nbsp;<\/p>\n<p>&nbsp;<\/p>\n<hr \/>\n<p><strong>EDITAL PPGH 09\/2025 \u2013 PROJETOS SELECIONADOS NO PROCESSO SELETIVO DE 2025 E CONVOCA\u00c7\u00c3O PARA AVALIA\u00c7\u00c3O REMOTA<\/strong><\/p>\n<p>A Coordena\u00e7\u00e3o do Programa de P\u00f3s-Gradua\u00e7\u00e3o em Hist\u00f3ria (PPGH) da Universidade Estadual de Ponta Grossa, no uso de suas atribui\u00e7\u00f5es, considerando o que preveem os Editais PPGH 07\/2025 e 16\/2025 e em aten\u00e7\u00e3o \u00e0 delibera\u00e7\u00e3o da Comiss\u00e3o de Sele\u00e7\u00e3o e do Colegiado, convoca os\/as CANDIDATOS\/AS SELECIONADOS\/AS na primeira etapa do processo seletivo para realiza\u00e7\u00e3o da avalia\u00e7\u00e3o remota (argui\u00e7\u00e3o on-line) sobre os respectivos projetos de pesquisa e trajet\u00f3ria acad\u00eamica e profissional. A avalia\u00e7\u00e3o se dar\u00e1 via plataforma <em>Google Meet<\/em> e o link ser\u00e1 enviado diretamente para o e-mail dos(as) candidatos(as) selecionados(as).<\/p>\n<p>1. Candidatos(as) selecionados\/as:<\/p>\n<p>1a. Mem\u00f3ria, acervos e patrim\u00f4nio<\/p>\n<p>Daniela Marton<br \/>\nDener Cristi dos Santos<br \/>\nElter Taets Garcia<br \/>\nMariana Fernandes Siqueira<br \/>\nMurilo Carlos Siqueira<\/p>\n<p>1b.\u00a0Sujeitos, discursos e identidades<\/p>\n<p>Alana Carolina Kopczynski<br \/>\nEduardo Augusto de Mello<br \/>\nFrederico Renan Hilgenberg Gomes<br \/>\nLuana de Paula Santos<br \/>\nLucas Otavio Boamorte<br \/>\nNayamin Moscal<br \/>\nRafael Schier Granado<br \/>\nRafael Meira de Oliveira<br \/>\nTain\u00e1 Lang da Silva<br \/>\nWilliam de Matos Jesus<\/p>\n<p>1c. Ensino de Hist\u00f3ria<\/p>\n<p>Bruna Alves Lopes<br \/>\nCarlos Eduardo de Souza<br \/>\nEdson Willian da Costa<br \/>\nGiuvane de Souza Kluppel<br \/>\nGustavo Anzuategui<br \/>\nLuis ALberto de Souza Santos<br \/>\nMarilia Kaczmarek<br \/>\nMirielen Machado Rodrigues<\/p>\n<p>&nbsp;<\/p>\n<p>2. Fica aberto o prazo at\u00e9 19\/11\/2025 para interposi\u00e7\u00e3o de recursos no sei.uepg.br.<\/p>\n<p>&nbsp;<\/p>\n<p style=\"text-align: right\">Ponta Grossa, 14 de novembro de 2025<\/p>\n<p style=\"text-align: right\">Coordena\u00e7\u00e3o do PPGH<\/p>\n","protected":false},"excerpt":{"rendered":"<p>&nbsp; &nbsp; EDITAL PPGH 09\/2025 \u2013 PROJETOS SELECIONADOS NO PROCESSO SELETIVO DE 2025 E CONVOCA\u00c7\u00c3O PARA AVALIA\u00c7\u00c3O REMOTA A Coordena\u00e7\u00e3o do Programa de P\u00f3s-Gradua\u00e7\u00e3o em Hist\u00f3ria (PPGH) da Universidade Estadual de Ponta Grossa, no uso de suas atribui\u00e7\u00f5es, considerando o que preveem os Editais PPGH 07\/2025 e 16\/2025 e em aten\u00e7\u00e3o \u00e0 delibera\u00e7\u00e3o da Comiss\u00e3o&nbsp;&hellip;<\/p>\n","protected":false},"author":188,"featured_media":0,"parent":0,"menu_order":0,"comment_status":"closed","ping_status":"closed","template":"","meta":[],"_links":{"self":[{"href":"https:\/\/www2.uepg.br\/ppgh\/wp-json\/wp\/v2\/pages\/1456"}],"collection":[{"href":"https:\/\/www2.uepg.br\/ppgh\/wp-json\/wp\/v2\/pages"}],"about":[{"href":"https:\/\/www2.uepg.br\/ppgh\/wp-json\/wp\/v2\/types\/page"}],"author":[{"embeddable":true,"href":"https:\/\/www2.uepg.br\/ppgh\/wp-json\/wp\/v2\/users\/188"}],"replies":[{"embeddable":true,"href":"https:\/\/www2.uepg.br\/ppgh\/wp-json\/wp\/v2\/comments?post=1456"}],"version-history":[{"count":3,"href":"https:\/\/www2.uepg.br\/ppgh\/wp-json\/wp\/v2\/pages\/1456\/revisions"}],"predecessor-version":[{"id":1460,"href":"https:\/\/www2.uepg.br\/ppgh\/wp-json\/wp\/v2\/pages\/1456\/revisions\/1460"}],"wp:attachment":[{"href":"https:\/\/www2.uepg.br\/ppgh\/wp-json\/wp\/v2\/media?parent=1456"}],"curies":[{"name":"wp","href":"https:\/\/api.w.org\/{rel}","templated":true}]}}