{"id":1462,"date":"2025-11-24T20:30:17","date_gmt":"2025-11-24T23:30:17","guid":{"rendered":"https:\/\/www2.uepg.br\/ppgh\/?page_id=1462"},"modified":"2025-11-24T20:37:25","modified_gmt":"2025-11-24T23:37:25","slug":"edital-ppgh-21-2025","status":"publish","type":"page","link":"https:\/\/www2.uepg.br\/ppgh\/edital-ppgh-21-2025\/","title":{"rendered":"Edital PPGH 21\/2025"},"content":{"rendered":"<p><strong>RESULTADO DA SELE\u00c7\u00c3O PARA EST\u00c1GIO DE P\u00d3S-DOUTORADO <\/strong><strong>(MODALIDADE SEM BOLSA)<\/strong><\/p>\n<p>A Coordena\u00e7\u00e3o do Programa de P\u00f3s-Gradua\u00e7\u00e3o em Hist\u00f3ria (PPGH) da Universidade Estadual de Ponta Grossa, no uso de suas atribui\u00e7\u00f5es, considerando o que prev\u00ea o Edital PPGH 18\/2025 e em aten\u00e7\u00e3o \u00e0 delibera\u00e7\u00e3o da Comiss\u00e3o de Sele\u00e7\u00e3o e do Colegiado, torna p\u00fablico o resultado da sele\u00e7\u00e3o para Est\u00e1gio de P\u00f3s-doutorado<\/p>\n<ol>\n<li>Candidatos aprovados<\/li>\n<\/ol>\n<p>Linha Ensino de Hist\u00f3ria<\/p>\n<p>\u2013 01 (uma) vaga sob supervis\u00e3o do Prof. Dr. Luis Fernando Cerri<br \/>\n<strong>Candidato aprovado:<\/strong><br \/>\nJonathan de Oliveira Molar<\/p>\n<p>Linha Sujeitos, discursos e Identidades<\/p>\n<p>\u2013 02 (duas) vagas sob supervis\u00e3o do Prof. Dr. Erivan Cassiano Karvat<br \/>\n<strong>Candidatos aprovados:<\/strong><br \/>\nLeonildo Jos\u00e9 Figueira<br \/>\nR\u00e9gis Clemente da Costa<\/p>\n<p>Linha Mem\u00f3ria, Acervos e Patrim\u00f4nio<\/p>\n<p>\u2013 01 (uma) vaga sob supervis\u00e3o do Prof. Dr. Edson Armando Silva<br \/>\n<strong>Candidata aprovada:<\/strong><br \/>\nPaloma Machado Graf Vochikovski<\/p>\n<p>2.\u00a0N\u00e3o houve candidatos inscritos para as demais vagas elencadas no Edital 18\/2025.<\/p>\n<p>&nbsp;<\/p>\n<p>3. Per\u00edodo do Est\u00e1gio: fevereiro de 2026 a fevereiro de 2027.<\/p>\n<p>&nbsp;<\/p>\n<p style=\"text-align: right\">Ponta Grossa, 24 de novembro de 2025<\/p>\n<p style=\"text-align: right\">Coordena\u00e7\u00e3o do PPGH-UEPG<\/p>\n","protected":false},"excerpt":{"rendered":"<p>RESULTADO DA SELE\u00c7\u00c3O PARA EST\u00c1GIO DE P\u00d3S-DOUTORADO (MODALIDADE SEM BOLSA) A Coordena\u00e7\u00e3o do Programa de P\u00f3s-Gradua\u00e7\u00e3o em Hist\u00f3ria (PPGH) da Universidade Estadual de Ponta Grossa, no uso de suas atribui\u00e7\u00f5es, considerando o que prev\u00ea o Edital PPGH 18\/2025 e em aten\u00e7\u00e3o \u00e0 delibera\u00e7\u00e3o da Comiss\u00e3o de Sele\u00e7\u00e3o e do Colegiado, torna p\u00fablico o resultado da&nbsp;&hellip;<\/p>\n","protected":false},"author":188,"featured_media":0,"parent":0,"menu_order":0,"comment_status":"closed","ping_status":"closed","template":"","meta":[],"_links":{"self":[{"href":"https:\/\/www2.uepg.br\/ppgh\/wp-json\/wp\/v2\/pages\/1462"}],"collection":[{"href":"https:\/\/www2.uepg.br\/ppgh\/wp-json\/wp\/v2\/pages"}],"about":[{"href":"https:\/\/www2.uepg.br\/ppgh\/wp-json\/wp\/v2\/types\/page"}],"author":[{"embeddable":true,"href":"https:\/\/www2.uepg.br\/ppgh\/wp-json\/wp\/v2\/users\/188"}],"replies":[{"embeddable":true,"href":"https:\/\/www2.uepg.br\/ppgh\/wp-json\/wp\/v2\/comments?post=1462"}],"version-history":[{"count":1,"href":"https:\/\/www2.uepg.br\/ppgh\/wp-json\/wp\/v2\/pages\/1462\/revisions"}],"predecessor-version":[{"id":1463,"href":"https:\/\/www2.uepg.br\/ppgh\/wp-json\/wp\/v2\/pages\/1462\/revisions\/1463"}],"wp:attachment":[{"href":"https:\/\/www2.uepg.br\/ppgh\/wp-json\/wp\/v2\/media?parent=1462"}],"curies":[{"name":"wp","href":"https:\/\/api.w.org\/{rel}","templated":true}]}}