{"id":1469,"date":"2025-12-04T10:50:04","date_gmt":"2025-12-04T13:50:04","guid":{"rendered":"https:\/\/www2.uepg.br\/ppgh\/?page_id=1469"},"modified":"2025-12-04T10:53:07","modified_gmt":"2025-12-04T13:53:07","slug":"edital-ppgh-22-2025","status":"publish","type":"page","link":"https:\/\/www2.uepg.br\/ppgh\/edital-ppgh-22-2025\/","title":{"rendered":"Edital PPGH 22\/2025"},"content":{"rendered":"<p><img loading=\"lazy\" class=\"alignright size-full wp-image-278\" src=\"http:\/\/www2.uepg.br\/ppgh\/wp-content\/uploads\/sites\/131\/2021\/02\/imagem_2021-02-17_133847.png\" alt=\"\" width=\"257\" height=\"67\" \/><\/p>\n<p>&nbsp;<\/p>\n<p>&nbsp;<\/p>\n<p>&nbsp;<\/p>\n<hr \/>\n<p><strong>EDITAL PPGH UEPG 22\/2025<\/strong><\/p>\n<p><strong>RELA\u00c7\u00c3O DOS(AS) CANDIDATOS(AS) APROVADOS(AS) NO PROCESSO SELETIVO DE DOUTORADO DE 2025<\/strong><\/p>\n<p>&nbsp;<\/p>\n<p>A Coordena\u00e7\u00e3o do Programa de P\u00f3s-Gradua\u00e7\u00e3o em Hist\u00f3ria (PPGH) da Universidade Estadual de Ponta Grossa, no uso de suas atribui\u00e7\u00f5es, considerando o que prev\u00eaem os Editais PPGH 07\/2025 e 16\/2025 e em aten\u00e7\u00e3o \u00e0 delibera\u00e7\u00e3o da Comiss\u00e3o de Sele\u00e7\u00e3o e do Colegiado, torna p\u00fablico a rela\u00e7\u00e3o dos candidatos e candidatas aprovados(as) no processo seletivo para o doutorado, com ingresso em fevereiro de 2026:<\/p>\n<p>Linha Ensino de Hist\u00f3ria<\/p>\n<table>\n<tbody>\n<tr>\n<td width=\"208\">Candidata\/o<\/td>\n<td width=\"340\">Orienta\u00e7\u00e3o\/ Coorienta\u00e7\u00e3o<\/td>\n<\/tr>\n<tr>\n<td width=\"208\">Bruna Alves Lopes<\/td>\n<td width=\"340\">Jana\u00edna de Paula do Esp\u00edrito Santo<\/td>\n<\/tr>\n<tr>\n<td width=\"208\">Edson Willian da Costa<\/td>\n<td width=\"340\">Maria Paula Costa<\/td>\n<\/tr>\n<tr>\n<td width=\"208\">Giuvane de Souza Kluppel<\/td>\n<td width=\"340\">Luis Fernando Cerri<\/td>\n<\/tr>\n<tr>\n<td width=\"208\">Gustavo Fardin Anzuategui<\/td>\n<td width=\"340\">Luis Fernando Cerri<\/td>\n<\/tr>\n<tr>\n<td width=\"208\">Mirielen Machado Rodrigues<\/td>\n<td width=\"340\">Jana\u00edna de Paula do Esp\u00edrito Santo<\/td>\n<\/tr>\n<\/tbody>\n<\/table>\n<p>&nbsp;<\/p>\n<p>Linha Sujeitos, Discursos e Identidades<\/p>\n<table>\n<tbody>\n<tr>\n<td width=\"208\">Candidata\/o<\/td>\n<td width=\"340\">Orienta\u00e7\u00e3o\/ Coorienta\u00e7\u00e3o<\/td>\n<\/tr>\n<tr>\n<td width=\"208\">Alana Carolina Kopczynski<\/td>\n<td width=\"340\">\u00a0Georgiane Garabely Heil V\u00e1zquez<\/td>\n<\/tr>\n<tr>\n<td width=\"208\">Eduardo Augusto de Mello<\/td>\n<td width=\"340\">\u00a0N\u00e9vio de Campos<\/td>\n<\/tr>\n<tr>\n<td width=\"208\">Frederico Renan Hilgenberg Gomes<\/td>\n<td width=\"340\">\u00a0Georgiane Garabely Heil V\u00e1zquez<\/td>\n<\/tr>\n<tr>\n<td width=\"208\">Luana de Paula Santos<\/td>\n<td width=\"340\">Maria Julieta Batista de Almeida Weber \/ Georgiane Garabely Heil V\u00e1zquez<\/td>\n<\/tr>\n<tr>\n<td width=\"208\">Rafael Schier Granado<\/td>\n<td width=\"340\">Erivan Cassiano Karvat<\/td>\n<\/tr>\n<tr>\n<td width=\"208\">Tain\u00e1 Lang da Silva<\/td>\n<td width=\"340\">Maria Julieta Batista de Almeida Weber<\/td>\n<\/tr>\n<tr>\n<td width=\"208\">William de Matos Jesus<\/td>\n<td width=\"340\">Claudio Luiz Denipoti<\/td>\n<\/tr>\n<\/tbody>\n<\/table>\n<p>&nbsp;<\/p>\n<p>Linha Mem\u00f3ria, Acervos e Patrim\u00f4nio<\/p>\n<table>\n<tbody>\n<tr>\n<td width=\"208\">Candidata\/o<\/td>\n<td width=\"340\">Orienta\u00e7\u00e3o\/ Coorienta\u00e7\u00e3o<\/td>\n<\/tr>\n<tr>\n<td width=\"208\">Dener Cristi dos Santos<\/td>\n<td width=\"340\">Robson Laverdi\/ Alessandra Izabel de Carvalho<\/td>\n<\/tr>\n<tr>\n<td width=\"208\">Elter Taets Garcia<\/td>\n<td width=\"340\">Edson Armando Silva<\/td>\n<\/tr>\n<tr>\n<td width=\"208\">Mariana Fernandes Siqueira<\/td>\n<td width=\"340\">Robson Laverdi\/ Alessandra Izabel de Carvalho<\/td>\n<\/tr>\n<tr>\n<td width=\"208\">Murilo Carlos Siqueira<\/td>\n<td width=\"340\">Alessandra Izabel de Carvalho\/ Evelyn R. Nimmo<\/td>\n<\/tr>\n<\/tbody>\n<\/table>\n<ol>\n<li>As matr\u00edculas dever\u00e3o ser realizadas em fevereiro, em datas a serem comunicadas pela coordena\u00e7\u00e3o via sistema ACAD.<\/li>\n<li>O in\u00edcio das aulas ser\u00e1 na primeira semana de mar\u00e7o de 2026.<\/li>\n<li>A coordena\u00e7\u00e3o do PPGH entrar\u00e1 em contato antecipadamente com os\/as candidatos(as) aprovados(as) para instru\u00e7\u00f5es sobre as disciplinas a serem cursadas.<\/li>\n<li>O resultado traz uma vaga al\u00e9m das 15 que foram estabelecidas anteriormente, porque um dos candidatos aprovados concorreu na condi\u00e7\u00e3o de PCD, o que gerou uma vaga adicional no certame.<\/li>\n<\/ol>\n<p>&nbsp;<\/p>\n<p style=\"text-align: right\">Ponta Grossa, 05 de dezembro de 2025.<\/p>\n<p style=\"text-align: right\">Coordena\u00e7\u00e3o do PPGH<\/p>\n","protected":false},"excerpt":{"rendered":"<p>&nbsp; &nbsp; &nbsp; EDITAL PPGH UEPG 22\/2025 RELA\u00c7\u00c3O DOS(AS) CANDIDATOS(AS) APROVADOS(AS) NO PROCESSO SELETIVO DE DOUTORADO DE 2025 &nbsp; A Coordena\u00e7\u00e3o do Programa de P\u00f3s-Gradua\u00e7\u00e3o em Hist\u00f3ria (PPGH) da Universidade Estadual de Ponta Grossa, no uso de suas atribui\u00e7\u00f5es, considerando o que prev\u00eaem os Editais PPGH 07\/2025 e 16\/2025 e em aten\u00e7\u00e3o \u00e0 delibera\u00e7\u00e3o da&nbsp;&hellip;<\/p>\n","protected":false},"author":188,"featured_media":0,"parent":0,"menu_order":0,"comment_status":"closed","ping_status":"closed","template":"","meta":[],"_links":{"self":[{"href":"https:\/\/www2.uepg.br\/ppgh\/wp-json\/wp\/v2\/pages\/1469"}],"collection":[{"href":"https:\/\/www2.uepg.br\/ppgh\/wp-json\/wp\/v2\/pages"}],"about":[{"href":"https:\/\/www2.uepg.br\/ppgh\/wp-json\/wp\/v2\/types\/page"}],"author":[{"embeddable":true,"href":"https:\/\/www2.uepg.br\/ppgh\/wp-json\/wp\/v2\/users\/188"}],"replies":[{"embeddable":true,"href":"https:\/\/www2.uepg.br\/ppgh\/wp-json\/wp\/v2\/comments?post=1469"}],"version-history":[{"count":1,"href":"https:\/\/www2.uepg.br\/ppgh\/wp-json\/wp\/v2\/pages\/1469\/revisions"}],"predecessor-version":[{"id":1470,"href":"https:\/\/www2.uepg.br\/ppgh\/wp-json\/wp\/v2\/pages\/1469\/revisions\/1470"}],"wp:attachment":[{"href":"https:\/\/www2.uepg.br\/ppgh\/wp-json\/wp\/v2\/media?parent=1469"}],"curies":[{"name":"wp","href":"https:\/\/api.w.org\/{rel}","templated":true}]}}