{"id":1494,"date":"2026-02-26T19:16:52","date_gmt":"2026-02-26T22:16:52","guid":{"rendered":"https:\/\/www2.uepg.br\/ppgh\/?page_id=1494"},"modified":"2026-02-26T19:17:19","modified_gmt":"2026-02-26T22:17:19","slug":"edital-03-2026","status":"publish","type":"page","link":"https:\/\/www2.uepg.br\/ppgh\/edital-03-2026\/","title":{"rendered":"Edital 03\/2026"},"content":{"rendered":"<p>&nbsp;<\/p>\n<p><img loading=\"lazy\" class=\"alignright size-full wp-image-278\" src=\"http:\/\/www2.uepg.br\/ppgh\/wp-content\/uploads\/sites\/131\/2021\/02\/imagem_2021-02-17_133847.png\" alt=\"\" width=\"257\" height=\"67\" \/><\/p>\n<p>&nbsp;<\/p>\n<p>&nbsp;<\/p>\n<p>&nbsp;<\/p>\n<hr \/>\n<h3><strong>RESULTADO DA CLASSIFICA\u00c7\u00c3O PARA BOLSAS DE DOUTORADO\u00a0<\/strong><\/h3>\n<div>\n<p>O Colegiado do Programa de P\u00f3s-gradua\u00e7\u00e3o em Hist\u00f3ria da UEPG, nos termos do Edital PPGH 01\/2026, informa a ordem de classifica\u00e7\u00e3o dos candidatos inscritos para a concess\u00e3o de bolsas para 2026.<\/p>\n<ol>\n<li>Giuvane de Souza Kl\u00fcppel<\/li>\n<li>Murilo Carlos Siqueira<\/li>\n<li>Frederico Renan Hilgenberg Gomes<\/li>\n<li>Mirielen Machado Rodrigues<\/li>\n<li>Tain\u00e1 Lang da Silva<\/li>\n<\/ol>\n<p>A candidatura de Alana Carolina Kopczynski foi indeferida por ter sido encaminhada fora do prazo estabelecido em edital.<\/p>\n<\/div>\n<div><\/div>\n<p style=\"text-align: right\">Ponta Grossa, 26 de Fevereiro de 2026<\/p>\n<p style=\"text-align: right\">A Coordena\u00e7\u00e3o<\/p>\n","protected":false},"excerpt":{"rendered":"<p>&nbsp; &nbsp; &nbsp; &nbsp; RESULTADO DA CLASSIFICA\u00c7\u00c3O PARA BOLSAS DE DOUTORADO\u00a0 O Colegiado do Programa de P\u00f3s-gradua\u00e7\u00e3o em Hist\u00f3ria da UEPG, nos termos do Edital PPGH 01\/2026, informa a ordem de classifica\u00e7\u00e3o dos candidatos inscritos para a concess\u00e3o de bolsas para 2026. Giuvane de Souza Kl\u00fcppel Murilo Carlos Siqueira Frederico Renan Hilgenberg Gomes Mirielen Machado&nbsp;&hellip;<\/p>\n","protected":false},"author":188,"featured_media":0,"parent":0,"menu_order":0,"comment_status":"closed","ping_status":"closed","template":"","meta":[],"_links":{"self":[{"href":"https:\/\/www2.uepg.br\/ppgh\/wp-json\/wp\/v2\/pages\/1494"}],"collection":[{"href":"https:\/\/www2.uepg.br\/ppgh\/wp-json\/wp\/v2\/pages"}],"about":[{"href":"https:\/\/www2.uepg.br\/ppgh\/wp-json\/wp\/v2\/types\/page"}],"author":[{"embeddable":true,"href":"https:\/\/www2.uepg.br\/ppgh\/wp-json\/wp\/v2\/users\/188"}],"replies":[{"embeddable":true,"href":"https:\/\/www2.uepg.br\/ppgh\/wp-json\/wp\/v2\/comments?post=1494"}],"version-history":[{"count":2,"href":"https:\/\/www2.uepg.br\/ppgh\/wp-json\/wp\/v2\/pages\/1494\/revisions"}],"predecessor-version":[{"id":1496,"href":"https:\/\/www2.uepg.br\/ppgh\/wp-json\/wp\/v2\/pages\/1494\/revisions\/1496"}],"wp:attachment":[{"href":"https:\/\/www2.uepg.br\/ppgh\/wp-json\/wp\/v2\/media?parent=1494"}],"curies":[{"name":"wp","href":"https:\/\/api.w.org\/{rel}","templated":true}]}}