{"id":1503,"date":"2026-03-10T20:12:54","date_gmt":"2026-03-10T23:12:54","guid":{"rendered":"https:\/\/www2.uepg.br\/ppgh\/?page_id=1503"},"modified":"2026-03-10T20:18:35","modified_gmt":"2026-03-10T23:18:35","slug":"edital-ppgh-05-2026","status":"publish","type":"page","link":"https:\/\/www2.uepg.br\/ppgh\/edital-ppgh-05-2026\/","title":{"rendered":"Edital PPGH 05\/2026"},"content":{"rendered":"<p><img loading=\"lazy\" class=\"alignnone size-full wp-image-278 alignright\" src=\"http:\/\/www2.uepg.br\/ppgh\/wp-content\/uploads\/sites\/131\/2021\/02\/imagem_2021-02-17_133847.png\" alt=\"\" width=\"257\" height=\"67\" \/><\/p>\n<p>&nbsp;<\/p>\n<p>&nbsp;<\/p>\n<p>&nbsp;<\/p>\n<hr \/>\n<p><strong>EDITAL PPGH 05\/2026<\/strong><\/p>\n<p><strong>ELEI\u00c7\u00c3O DE REPRESENTANTES DISCENTES DO COLEGIADO DO PROGRAMA DE P\u00d3S-GRADUA\u00c7\u00c3O EM HIST\u00d3RIA DA UEPG<\/strong><\/p>\n<p>&nbsp;<\/p>\n<p>A Coordena\u00e7\u00e3o do PPGH no uso de suas atribui\u00e7\u00f5es legais, convoca os discentes do Programa de P\u00f3s-gradua\u00e7\u00e3o em Hist\u00f3ria da UEPG para participarem da elei\u00e7\u00e3o de chapa de representantes discentes para compor o Colegiado do referido Programa, a se realizar em 9 de abril de 2026 das 9:00h \u00e0s 16:00h, por meio de vota\u00e7\u00e3o direta e secreta na sede do PPGH, 3\u00ba. Piso do Museu Campos Gerais.<\/p>\n<p>&nbsp;<\/p>\n<ol>\n<li>\u00a0DOS CRIT\u00c9RIOS PARA CANDIDATURA<\/li>\n<\/ol>\n<p>&nbsp;<\/p>\n<p>1.1 O colegiado do Programa de P\u00f3s-gradua\u00e7\u00e3o Stricto Sensu \u00e9 composto, al\u00e9m dos professores, por quatro discentes dos quais dois s\u00e3o titulares e outros dois suplentes, sendo uma chapa de titular e suplente representante dos discentes do curso de mestrado e outra chapa de titular e suplente representante dos discentes do curso de doutorado.<\/p>\n<p>&nbsp;<\/p>\n<p>1.2 Poder\u00e3o concorrer \u00e0s vagas da representa\u00e7\u00e3o discente, por meio de chapa com um nome para titular e outro para suplente, para o mandato de um (01) ano, permitida a recondu\u00e7\u00e3o, todos\/as os estudantes regularmente matriculados\/as no Programa de P\u00f3s-Gradua\u00e7\u00e3o em Hist\u00f3ria.<\/p>\n<p>&nbsp;<\/p>\n<p>1.3 Considera-se estudante regularmente matriculado\/a aquele\/a que tenha devidamente realizado sua matr\u00edcula para o semestre correspondente \u00e0 data de abertura das inscri\u00e7\u00f5es e conste como \u201cAtivo\u201d no Sistema de P\u00f3s-Gradua\u00e7\u00e3o Stricto Sensu da UEPG.<\/p>\n<p>&nbsp;<\/p>\n<p>1.4 Os\/as candidatos\/as dever\u00e3o concorrer ao cargo de representantes discentes ao Colegiado do Programa de P\u00f3s-Gradua\u00e7\u00e3o em Hist\u00f3ria da UEPG, por meio de inscri\u00e7\u00e3o.<\/p>\n<p>&nbsp;<\/p>\n<ol start=\"2\">\n<li>DA INSCRI\u00c7\u00c3O<\/li>\n<\/ol>\n<p>&nbsp;<\/p>\n<p>2.1 As inscri\u00e7\u00f5es ocorrer\u00e3o at\u00e9 o dia 18 de mar\u00e7o de 2026.<\/p>\n<p>&nbsp;<\/p>\n<p>2.2 As inscri\u00e7\u00f5es ser\u00e3o realizadas pelo sistema SEI, constando o nome completo dos\/as candidatos\/as, n\u00famero de inscri\u00e7\u00e3o no Cadastro de Pessoas F\u00edsicas (CPF), n\u00famero do Registro Geral (RG), e n\u00famero do Registro Acad\u00eamico (RA), indicando claramente qual \u00e9 o nome do candidato\/a a titular e qual \u00e9 o nome do candidato\/a a suplente.<\/p>\n<p>&nbsp;<\/p>\n<p>2.3 \u00a0No dia 20 de mar\u00e7o de 2026 (sexta-feira) ser\u00e3o divulgadas as inscri\u00e7\u00f5es dos discentes interessados que atenderem aos requisitos. Tamb\u00e9m ser\u00e3o divulgadas as listas de discentes aptos a votarem, por meio de redes sociais e e-mail institucional.<\/p>\n<p>&nbsp;<\/p>\n<p>2.5 Os\/as candidatos que houverem realizado devidamente a sua inscri\u00e7\u00e3o na forma prevista neste Edital, e, todavia, n\u00e3o tiverem seus nomes relacionados na listagem de que trata o caput deste artigo, poder\u00e3o impetrar recurso ao Colegiado mediante requerimento enviado pelo SEI para o PPGH at\u00e9 48 horas ap\u00f3s a divulga\u00e7\u00e3o do resultado.<\/p>\n<p>&nbsp;<\/p>\n<p>&nbsp;<\/p>\n<ol start=\"3\">\n<li>\u00a0DA VOTA\u00c7\u00c3O<\/li>\n<\/ol>\n<p>&nbsp;<\/p>\n<p>3.1 A elei\u00e7\u00e3o ser\u00e1 realizada presencialmente no dia 9 de abril de 2026 das 9:00h \u00e0s 16:00h.<\/p>\n<p>&nbsp;<\/p>\n<p>3.2 Cada eleitor poder\u00e1 votar em uma chapa concorrente \u00e0 representa\u00e7\u00e3o do curso em que est\u00e1 matriculado.<\/p>\n<p>&nbsp;<\/p>\n<p>3.3 As chapas mais votada de cada curso ser\u00e3o eleitas como membros do Colegiado.<\/p>\n<p>&nbsp;<\/p>\n<p>4.\u00a0 DA APURA\u00c7\u00c3O E DO RESULTADO<\/p>\n<p>&nbsp;<\/p>\n<p>a) A apura\u00e7\u00e3o ser\u00e1 realizada presencialmente logo ap\u00f3s o fim da vota\u00e7\u00e3o.<\/p>\n<p>&nbsp;<\/p>\n<p>b) O resultado ser\u00e1 divulgado ap\u00f3s a apura\u00e7\u00e3o, por meio das redes sociais e-mail institucional.<\/p>\n<p>&nbsp;<\/p>\n<ol start=\"5\">\n<li>DOS CASOS OMISSOS<\/li>\n<\/ol>\n<p>&nbsp;<\/p>\n<p>5.1 Casos omissos ser\u00e3o julgados pelo Colegiado de Curso do PPGH.<\/p>\n<p>&nbsp;<\/p>\n<p style=\"text-align: right\">Ponta Grossa, 10 de Mar\u00e7o de 2026.<\/p>\n<p>&nbsp;<\/p>\n<p style=\"text-align: right\">Prof. Dr. Luis Fernando Cerri (Coordenador)<\/p>\n<p style=\"text-align: right\">Coordena\u00e7\u00e3o do PPGH<\/p>\n","protected":false},"excerpt":{"rendered":"<p>&nbsp; &nbsp; &nbsp; EDITAL PPGH 05\/2026 ELEI\u00c7\u00c3O DE REPRESENTANTES DISCENTES DO COLEGIADO DO PROGRAMA DE P\u00d3S-GRADUA\u00c7\u00c3O EM HIST\u00d3RIA DA UEPG &nbsp; A Coordena\u00e7\u00e3o do PPGH no uso de suas atribui\u00e7\u00f5es legais, convoca os discentes do Programa de P\u00f3s-gradua\u00e7\u00e3o em Hist\u00f3ria da UEPG para participarem da elei\u00e7\u00e3o de chapa de representantes discentes para compor o Colegiado&nbsp;&hellip;<\/p>\n","protected":false},"author":188,"featured_media":0,"parent":0,"menu_order":0,"comment_status":"closed","ping_status":"closed","template":"","meta":[],"_links":{"self":[{"href":"https:\/\/www2.uepg.br\/ppgh\/wp-json\/wp\/v2\/pages\/1503"}],"collection":[{"href":"https:\/\/www2.uepg.br\/ppgh\/wp-json\/wp\/v2\/pages"}],"about":[{"href":"https:\/\/www2.uepg.br\/ppgh\/wp-json\/wp\/v2\/types\/page"}],"author":[{"embeddable":true,"href":"https:\/\/www2.uepg.br\/ppgh\/wp-json\/wp\/v2\/users\/188"}],"replies":[{"embeddable":true,"href":"https:\/\/www2.uepg.br\/ppgh\/wp-json\/wp\/v2\/comments?post=1503"}],"version-history":[{"count":3,"href":"https:\/\/www2.uepg.br\/ppgh\/wp-json\/wp\/v2\/pages\/1503\/revisions"}],"predecessor-version":[{"id":1507,"href":"https:\/\/www2.uepg.br\/ppgh\/wp-json\/wp\/v2\/pages\/1503\/revisions\/1507"}],"wp:attachment":[{"href":"https:\/\/www2.uepg.br\/ppgh\/wp-json\/wp\/v2\/media?parent=1503"}],"curies":[{"name":"wp","href":"https:\/\/api.w.org\/{rel}","templated":true}]}}