{"id":277,"date":"2021-02-17T13:41:20","date_gmt":"2021-02-17T16:41:20","guid":{"rendered":"http:\/\/www2.uepg.br\/ppgh\/?page_id=277"},"modified":"2022-02-17T11:38:44","modified_gmt":"2022-02-17T14:38:44","slug":"edital-ppgh-01-2022","status":"publish","type":"page","link":"https:\/\/www2.uepg.br\/ppgh\/edital-ppgh-01-2022\/","title":{"rendered":"EDITAL PPGH 01\/2022"},"content":{"rendered":"<p style=\"text-align: right\">\u00a0<img loading=\"lazy\" class=\"alignnone size-full wp-image-278\" src=\"http:\/\/www2.uepg.br\/ppgh\/wp-content\/uploads\/sites\/131\/2021\/02\/imagem_2021-02-17_133847.png\" alt=\"\" width=\"257\" height=\"67\" \/><\/p>\n<hr \/>\n<h3><strong>EDITAL PPGH 01\/2022<\/strong><\/h3>\n<p><strong>\u00a0<\/strong><\/p>\n<h3 style=\"text-align: center\"><strong>ABERTURA DE INSCRI\u00c7\u00d5ES PARA ALUNOS ESPECIAIS EM DISCIPLINAS ISOLADAS\u00a0<\/strong><strong>NO MESTRADO EM HIST\u00d3RIA, CULTURA E IDENTIDADES\u00a0<\/strong><strong>PARA O PRIMEIRO SEMESTRE DE 2022<\/strong><\/h3>\n<p>&nbsp;<\/p>\n<p>A Coordena\u00e7\u00e3o do Programa de P\u00f3s-Gradua\u00e7\u00e3o em Hist\u00f3ria, da Universidade Estadual de Ponta Grossa, no uso de suas atribui\u00e7\u00f5es e, em aten\u00e7\u00e3o \u00e0 delibera\u00e7\u00e3o do Colegiado e de acordo com o artigo 21. II do Regulamento do PPGH, faz saber que estar\u00e3o abertas as inscri\u00e7\u00f5es para o processo de inscri\u00e7\u00e3o de alunos especiais em disciplina isolada, conforme o que disp\u00f5e o presente Edital:<\/p>\n<ol>\n<li style=\"text-align: left\">Poder\u00e3o se inscrever todos os alunos que conclu\u00edram curso superior em Hist\u00f3ria ou \u00e1reas afins.<\/li>\n<\/ol>\n<p>1.1 Observa\u00e7\u00e3o: ser\u00e3o priorizados candidatos j\u00e1 matriculados em Programas de P\u00f3s-Gradua\u00e7\u00e3o, preferencialmente na \u00e1rea de Ci\u00eancias Humanas.<\/p>\n<ol start=\"2\">\n<li>A inscri\u00e7\u00e3o do candidato implicar\u00e1 o conhecimento e a t\u00e1cita aceita\u00e7\u00e3o das normas e condi\u00e7\u00f5es estabelecidas neste Edital, das quais n\u00e3o poder\u00e1 alegar desconhecimento. Dentre as normas gerais, destacados os itens a seguir:<\/li>\n<\/ol>\n<p>2.1 \u00c9 vedada mais de uma inscri\u00e7\u00e3o por candidato.<\/p>\n<p>2.2 A aprova\u00e7\u00e3o na sele\u00e7\u00e3o para aluno especial n\u00e3o garante a aprova\u00e7\u00e3o do candidato como aluno regular do Programa.<\/p>\n<p>2.3 A admiss\u00e3o do aluno especial ter\u00e1 validade de um semestre letivo.<\/p>\n<p>2.4 \u00c9 vedado o trancamento de matr\u00edcula ao aluno especial.<\/p>\n<ol start=\"3\">\n<li>Disciplinas que aceitar\u00e3o alunos especiais, seu respectivo docente respons\u00e1vel, hor\u00e1rio, ementa, carga hor\u00e1ria e vagas:<\/li>\n<\/ol>\n<p>&nbsp;<\/p>\n<p><strong>T\u00f3picos especiais em Mem\u00f3ria, Narrativa e Hist\u00f3ria Oral<\/strong><\/p>\n<p>Prof. Dr. Robson Laverdi<\/p>\n<p><strong>Hor\u00e1rio:<\/strong> Quintas-feiras, das 8h \u00e0s 12h<\/p>\n<p><strong>Ementa:<\/strong> Estudos te\u00f3ricos e metodol\u00f3gicos de usos da hist\u00f3ria oral ao conhecimento hist\u00f3rico, com \u00eanfase na compreens\u00e3o das dimens\u00f5es relacionais entre mem\u00f3ria e narrativa utilizadas em seu emprego.<\/p>\n<p>60 horas \/ 4 cr\u00e9ditos<\/p>\n<p>10 vagas<\/p>\n<p>&nbsp;<\/p>\n<p><strong>T\u00f3picos especiais em Hist\u00f3ria, Cultura e Natureza <\/strong><\/p>\n<p>Profas. Dras. Alessandra Carvalho e Evelyn Nimmo<\/p>\n<p><strong>Hor\u00e1rio:<\/strong> Quartas-feiras, das 13:30 \u00e0s 17:30h<\/p>\n<p><strong>Ementa<\/strong>: Discuss\u00f5es anal\u00edticas sobre como as sociedades humanas t\u00eam transformado o mundo natural, como o mundo natural tem transformado as sociedades humanas e como as ideias e os sentimentos sobre natureza t\u00eam sido criados, pleiteados e modificados ao longo do tempo na cultura ocidental.<\/p>\n<p>60 horas \/ 4 cr\u00e9ditos<\/p>\n<p>10 vagas<\/p>\n<p>&nbsp;<\/p>\n<p><strong>N\u00facleo de Pesquisas em Hist\u00f3ria e Religi\u00e3o II<\/strong><\/p>\n<p>Profs. Drs. Ros\u00e2ngela Zulian e Edson Armando Silva<\/p>\n<p><strong>Hor\u00e1rio<\/strong>: Quartas-feiras, das 8 \u00e0s 12h.<\/p>\n<p><strong>Ementa<\/strong>: Religiosidade, religiosidade popular e catolicismo popular. Devo\u00e7\u00f5es populares e suas express\u00f5es. Religiosidades de matriz africana. Religi\u00f5es medi\u00fanicas. Complexidade do campo religioso brasileiro: pentecostalismo e neopentecostalismos.<\/p>\n<p>2 vagas<\/p>\n<p>&nbsp;<\/p>\n<ol start=\"4\">\n<li>Per\u00edodo e orienta\u00e7\u00e3o para as inscri\u00e7\u00f5es:<br \/>\na) Per\u00edodo: de 17 a 24 de fevereiro de 2022<br \/>\nb) As inscri\u00e7\u00f5es dever\u00e3o ser feitas enviando, exclusivamente, por e-mail (<a href=\"mailto:inscricaoppgh@gmail.com\">inscricaoppgh@gmail.com<\/a>) a documenta\u00e7\u00e3o descrita no item 5 deste Edital.<\/li>\n<li>Documentos necess\u00e1rios \u00e0 inscri\u00e7\u00e3o:<\/li>\n<\/ol>\n<p>5.1 Formul\u00e1rio de inscri\u00e7\u00e3o (em anexo) devidamente preenchido e assinado.<\/p>\n<p>5.2 Curr\u00edculo Lates atualizado.<\/p>\n<p>5.3 Carta de inten\u00e7\u00e3o (ver abaixo item 7).<\/p>\n<p>5.4 Uma foto 3&#215;4 recente.<\/p>\n<p>5.5 C\u00f3pia do diploma de curso de gradua\u00e7\u00e3o (frente e verso).<\/p>\n<p>5.6 Documentos pessoais: c\u00f3pias de RG e CPF.<\/p>\n<ol start=\"6\">\n<li>N\u00e3o ser\u00e1 aceita a inscri\u00e7\u00e3o do candidato que n\u00e3o enviar a documenta\u00e7\u00e3o completa.<\/li>\n<li>O processo de sele\u00e7\u00e3o \u00e9 composto por uma (01) etapa: avalia\u00e7\u00e3o da carta de inten\u00e7\u00e3o.<\/li>\n<\/ol>\n<p>7.1 A avalia\u00e7\u00e3o da carta de inten\u00e7\u00e3o exigir\u00e1 que o candidato enfatize os seguintes itens:<\/p>\n<ol>\n<li>a) Motivos pelos quais deseja frequentar a disciplina;<\/li>\n<li>b) Experi\u00eancia acad\u00eamica (est\u00e1gio, monitoria, inicia\u00e7\u00e3o cient\u00edfica, TCC) ou profissional do candidato na \u00e1rea da disciplina ou \u00e1reas afins;<\/li>\n<li>c) Benef\u00edcios que a realiza\u00e7\u00e3o da disciplina trar\u00e1 para o seu desempenho acad\u00eamico e profissional.<\/li>\n<\/ol>\n<p>8) Divulga\u00e7\u00e3o do resultado final ser\u00e1 feita em edital at\u00e9 o dia 04 de mar\u00e7o de 2022 na p\u00e1gina do Programa: https:\/\/www2.uepg.br\/ppgh\/<\/p>\n<p>&nbsp;<\/p>\n<p>As aulas ter\u00e3o in\u00edcio no dia 07 de mar\u00e7o de 2022.<\/p>\n<p>&nbsp;<\/p>\n<p>Ponta Grossa, 17 de fevereiro de 2022.<\/p>\n<p>Coordena\u00e7\u00e3o do PPGH<\/p>\n","protected":false},"excerpt":{"rendered":"<p>\u00a0 EDITAL PPGH 01\/2022 \u00a0 ABERTURA DE INSCRI\u00c7\u00d5ES PARA ALUNOS ESPECIAIS EM DISCIPLINAS ISOLADAS\u00a0NO MESTRADO EM HIST\u00d3RIA, CULTURA E IDENTIDADES\u00a0PARA O PRIMEIRO SEMESTRE DE 2022 &nbsp; A Coordena\u00e7\u00e3o do Programa de P\u00f3s-Gradua\u00e7\u00e3o em Hist\u00f3ria, da Universidade Estadual de Ponta Grossa, no uso de suas atribui\u00e7\u00f5es e, em aten\u00e7\u00e3o \u00e0 delibera\u00e7\u00e3o do Colegiado e de acordo&nbsp;&hellip;<\/p>\n","protected":false},"author":188,"featured_media":0,"parent":0,"menu_order":0,"comment_status":"closed","ping_status":"closed","template":"","meta":[],"_links":{"self":[{"href":"https:\/\/www2.uepg.br\/ppgh\/wp-json\/wp\/v2\/pages\/277"}],"collection":[{"href":"https:\/\/www2.uepg.br\/ppgh\/wp-json\/wp\/v2\/pages"}],"about":[{"href":"https:\/\/www2.uepg.br\/ppgh\/wp-json\/wp\/v2\/types\/page"}],"author":[{"embeddable":true,"href":"https:\/\/www2.uepg.br\/ppgh\/wp-json\/wp\/v2\/users\/188"}],"replies":[{"embeddable":true,"href":"https:\/\/www2.uepg.br\/ppgh\/wp-json\/wp\/v2\/comments?post=277"}],"version-history":[{"count":6,"href":"https:\/\/www2.uepg.br\/ppgh\/wp-json\/wp\/v2\/pages\/277\/revisions"}],"predecessor-version":[{"id":480,"href":"https:\/\/www2.uepg.br\/ppgh\/wp-json\/wp\/v2\/pages\/277\/revisions\/480"}],"wp:attachment":[{"href":"https:\/\/www2.uepg.br\/ppgh\/wp-json\/wp\/v2\/media?parent=277"}],"curies":[{"name":"wp","href":"https:\/\/api.w.org\/{rel}","templated":true}]}}