{"id":284,"date":"2021-03-03T15:30:25","date_gmt":"2021-03-03T18:30:25","guid":{"rendered":"http:\/\/www2.uepg.br\/ppgh\/?page_id=284"},"modified":"2021-03-03T15:31:24","modified_gmt":"2021-03-03T18:31:24","slug":"edital-ppgh-02-2021","status":"publish","type":"page","link":"https:\/\/www2.uepg.br\/ppgh\/edital-ppgh-02-2021\/","title":{"rendered":"EDITAL PPGH 02\/2021"},"content":{"rendered":"<p><img class=\"alignright\" src=\"http:\/\/www2.uepg.br\/ppgh\/wp-content\/uploads\/sites\/131\/2021\/02\/imagem_2021-02-17_133847.png\" \/><\/p>\n<p>&nbsp;<\/p>\n<p>&nbsp;<\/p>\n<p>&nbsp;<\/p>\n<hr \/>\n<h3>EDITAL PPGH 02\/2021<\/h3>\n<h3>APROVA\u00c7\u00c3O DE INSCRI\u00c7\u00d5ES DE ALUNOS ESPECIAIS EM DISCIPLINAS ISOLADAS NO MESTRADO EM HIST\u00d3RIA, CULTURA &amp; IDENTIDADES<br \/>\nNO PRIMEIRO SEMESTRE DE 2021<\/h3>\n<p><strong>T\u00f3picos especiais em Mem\u00f3ria, Narrativa e Hist\u00f3ria Oral<\/strong><br \/>\nInscri\u00e7\u00f5es aprovadas:<br \/>\nAndr\u00e9ia Luciane dos Santos Neves<br \/>\nC\u00e9res Cristine Fran\u00e7a<br \/>\nClaudia Talochinski Cordeiro<br \/>\nEli\u00e9der Doni Vieira Fortes<br \/>\nGuilherme Felipe Silva de Castro<br \/>\nGuilhermo Silveira Braga Vilas Boas<br \/>\nIsabella Ferreira Viana Ribeiro<br \/>\nJorge Nei Neves<br \/>\nLuiz Ricardo Pauluk<br \/>\nMarcos Aur\u00e9lio dos Santos Vertelo<br \/>\nMayara Freire Costa<br \/>\nSimone Lacorte Rec\u00f4va<br \/>\nTiago Vinicius Sanches<br \/>\nVanessa Aparecida Oliveira<br \/>\nWaldece Wagner Alexandre de Sousa<\/p>\n<p><strong>T\u00f3picos especiais em Ensino de Hist\u00f3ria: debate e perspectivas<\/strong><br \/>\nInscri\u00e7\u00f5es aprovadas:<br \/>\nEliana Holz<br \/>\nJo\u00e3o Pedro Pereira Rocha<br \/>\nJoares de Paula Aires<br \/>\nJos\u00e9 Roberto Manrique<\/p>\n<p><strong>T\u00f3picos especiais em Estudos de G\u00eanero<\/strong><br \/>\nInscri\u00e7\u00f5es aprovadas:<br \/>\nAna Regina Praxades Fernandes<br \/>\nRenata Sayuri Sato Nakamine<\/p>\n<p><strong>N\u00facleo de Pesquisas em Did\u00e1tica da Hist\u00f3ria II<\/strong><br \/>\nInscri\u00e7\u00f5es aprovadas:<br \/>\nAugusto Ridson de Ara\u00fajo Miranda<br \/>\nGiuvane de Souza Kl\u00fcppel<br \/>\nMarcos Phelipe Makoski Trancoso<\/p>\n<p>As aulas iniciam no dia 16 de mar\u00e7o (ter\u00e7a-feira) e 17 de mar\u00e7o (quarta-feira).<br \/>\nOs professores das disciplinas entrar\u00e3o em contato com os candidatos aprovados para<br \/>\norienta\u00e7\u00e3o em rela\u00e7\u00e3o ao acesso \u00e0 plataforma Google Meet.<\/p>\n<p>Ponta Grossa, 03 de mar\u00e7o de 2021.<br \/>\nCoordena\u00e7\u00e3o do PPGH<\/p>\n","protected":false},"excerpt":{"rendered":"<p>&nbsp; &nbsp; &nbsp; EDITAL PPGH 02\/2021 APROVA\u00c7\u00c3O DE INSCRI\u00c7\u00d5ES DE ALUNOS ESPECIAIS EM DISCIPLINAS ISOLADAS NO MESTRADO EM HIST\u00d3RIA, CULTURA &amp; IDENTIDADES NO PRIMEIRO SEMESTRE DE 2021 T\u00f3picos especiais em Mem\u00f3ria, Narrativa e Hist\u00f3ria Oral Inscri\u00e7\u00f5es aprovadas: Andr\u00e9ia Luciane dos Santos Neves C\u00e9res Cristine Fran\u00e7a Claudia Talochinski Cordeiro Eli\u00e9der Doni Vieira Fortes Guilherme Felipe Silva&nbsp;&hellip;<\/p>\n","protected":false},"author":188,"featured_media":0,"parent":0,"menu_order":0,"comment_status":"closed","ping_status":"closed","template":"","meta":[],"_links":{"self":[{"href":"https:\/\/www2.uepg.br\/ppgh\/wp-json\/wp\/v2\/pages\/284"}],"collection":[{"href":"https:\/\/www2.uepg.br\/ppgh\/wp-json\/wp\/v2\/pages"}],"about":[{"href":"https:\/\/www2.uepg.br\/ppgh\/wp-json\/wp\/v2\/types\/page"}],"author":[{"embeddable":true,"href":"https:\/\/www2.uepg.br\/ppgh\/wp-json\/wp\/v2\/users\/188"}],"replies":[{"embeddable":true,"href":"https:\/\/www2.uepg.br\/ppgh\/wp-json\/wp\/v2\/comments?post=284"}],"version-history":[{"count":2,"href":"https:\/\/www2.uepg.br\/ppgh\/wp-json\/wp\/v2\/pages\/284\/revisions"}],"predecessor-version":[{"id":286,"href":"https:\/\/www2.uepg.br\/ppgh\/wp-json\/wp\/v2\/pages\/284\/revisions\/286"}],"wp:attachment":[{"href":"https:\/\/www2.uepg.br\/ppgh\/wp-json\/wp\/v2\/media?parent=284"}],"curies":[{"name":"wp","href":"https:\/\/api.w.org\/{rel}","templated":true}]}}