{"id":304,"date":"2021-03-15T16:55:33","date_gmt":"2021-03-15T19:55:33","guid":{"rendered":"https:\/\/www2.uepg.br\/ppgh\/?page_id=304"},"modified":"2021-03-15T16:55:33","modified_gmt":"2021-03-15T19:55:33","slug":"edital-ppgh-03-2021","status":"publish","type":"page","link":"https:\/\/www2.uepg.br\/ppgh\/edital-ppgh-03-2021\/","title":{"rendered":"Edital PPGH 03\/2021"},"content":{"rendered":"<p><img class=\"alignright\" src=\"http:\/\/www2.uepg.br\/ppgh\/wp-content\/uploads\/sites\/131\/2021\/02\/imagem_2021-02-17_133847.png\" \/><\/p>\n<p>&nbsp;<\/p>\n<p>&nbsp;<\/p>\n<p>&nbsp;<\/p>\n<hr \/>\n<p><strong>EDITAL PPGH 03\/2021<\/strong><\/p>\n<p>&nbsp;<\/p>\n<p><strong>SELE\u00c7\u00c3O PARA BOLSAS DE DEMANDA SOCIAL<\/strong><\/p>\n<p><strong>\u00a0<\/strong><\/p>\n<p>O Programa de Mestrado em Hist\u00f3ria, Cultura e Identidades realizar\u00e1 sele\u00e7\u00e3o de alunos para Bolsas eventualmente concedidas.<\/p>\n<p>&nbsp;<\/p>\n<p>Tem direito a concorrer no Processo de Sele\u00e7\u00e3o os alunos regulares que possam se dedicar integralmente \u00e0s atividades do Programa, ou seja, que n\u00e3o mantenham v\u00ednculo empregat\u00edcio ou que estejam liberados de suas atividades profissionais sem recebimento de vencimentos (excluem-se neste \u00faltimo os integrantes do quadro funcional da UEPG).<\/p>\n<p>&nbsp;<\/p>\n<p>Apenas em caso de bolsa CAPES, ser\u00e1 permitido o v\u00ednculo empregat\u00edcio comprovado de at\u00e9 20 horas em atividade de doc\u00eancia (Hist\u00f3ria) ou de atividade profissional diretamente relacionada a tem\u00e1tica de pesquisa, ap\u00f3s aprova\u00e7\u00e3o do orientador e do Colegiado do PPGH.<\/p>\n<p>&nbsp;<\/p>\n<p>A dedica\u00e7\u00e3o integral implica, al\u00e9m do acompanhamento dos cr\u00e9ditos, 20 horas semanais de perman\u00eancia nas depend\u00eancias da UEPG, sendo obrigatoriamente 8 horas na Sala do Laborat\u00f3rio de Inform\u00e1tica de Hist\u00f3ria e as demais distribu\u00eddas entre atividades de laborat\u00f3rio, de campo, de est\u00e1gio de doc\u00eancia e outras, atribu\u00eddas e supervisionadas pelo orientador \u2013 t\u00e3o logo sejam retomadas as atividades presenciais.<\/p>\n<p>&nbsp;<\/p>\n<p>Os candidatos a bolsa ser\u00e3o selecionados a partir de crit\u00e9rios e pontua\u00e7\u00e3o apresentados no quadro anexo, mediante inscri\u00e7\u00e3o junto ao PPGH \u2013 atrav\u00e9s, exclusivamente, do envio por e-mail (ppgh@uepg.br) \u2013 <strong>entre os dias 15 a 19\/03\/2021<\/strong>, enviando na mensagem de inscri\u00e7\u00e3o o <strong>link de seu Curr\u00edculo Lattes atualizado <\/strong>e, se houver, documenta\u00e7\u00e3o comprobat\u00f3ria de participa\u00e7\u00e3o do(a) interessado(o) ou sua fam\u00edlia em programas sociais p\u00fablicos de distribui\u00e7\u00e3o de renda e\/ou de haver sido admitido(a) na gradua\u00e7\u00e3o como cotista social ou racial.<\/p>\n<p>&nbsp;<\/p>\n<p><strong>Obrigatoriamente o e-mail de inscri\u00e7\u00e3o dever\u00e1 apresentar em ASSUNTO o seguinte texto: INSCRI\u00c7\u00c3O BOLSA<\/strong><\/p>\n<p><strong>\u00a0<\/strong><\/p>\n<p>A somat\u00f3ria da pontua\u00e7\u00e3o no Curr\u00edculo Lattes referente aos \u00faltimos 5 anos (de 2016 a 2021), conforme a tabela abaixo, \u00e9 o crit\u00e9rio para a classifica\u00e7\u00e3o de bolsas. Os candidatos contemplados dever\u00e3o apresentar, quando solicitado, os documentos originais \u00e0 Comiss\u00e3o de Bolsas.<\/p>\n<p>&nbsp;<\/p>\n<p>&nbsp;<\/p>\n<p>&nbsp;<\/p>\n<p>&nbsp;<\/p>\n<p>ANEXO\u00a0 CRIT\u00c9RIOS DE AVALIA\u00c7\u00c3O<\/p>\n<p>&nbsp;<\/p>\n<table>\n<tbody>\n<tr>\n<td style=\"text-align: left\" width=\"366\">Discrimina\u00e7\u00e3o<\/td>\n<td style=\"text-align: left\" width=\"66\">Pontos<\/td>\n<td style=\"text-align: left\" width=\"66\">Quant.<\/td>\n<td style=\"text-align: left\" width=\"69\">Total<\/td>\n<\/tr>\n<tr>\n<td width=\"366\"><strong>1. ARTIGOS PUBLICADOS EM PERI\u00d3DICOS CIENT\u00cdFICOS COM CORPO EDITORIAL *<\/strong><\/td>\n<td width=\"66\"><\/td>\n<td width=\"66\"><\/td>\n<td width=\"69\"><\/td>\n<\/tr>\n<tr>\n<td width=\"366\">1.1 Peri\u00f3dicos cient\u00edficos indexados QUALIS A<\/td>\n<td width=\"66\">30<\/td>\n<td width=\"66\"><\/td>\n<td width=\"69\"><\/td>\n<\/tr>\n<tr>\n<td width=\"366\">1.2 Peri\u00f3dicos cient\u00edficos indexados QUALIS B<\/td>\n<td width=\"66\">20<\/td>\n<td width=\"66\"><\/td>\n<td width=\"69\"><\/td>\n<\/tr>\n<tr>\n<td width=\"366\">1.3 Peri\u00f3dicos cient\u00edficos indexados QUALIS C<\/td>\n<td width=\"66\">10<\/td>\n<td width=\"66\"><\/td>\n<td width=\"69\"><\/td>\n<\/tr>\n<tr>\n<td width=\"366\">1.4 Peri\u00f3dicos cient\u00edficos n\u00e3o indexados<\/td>\n<td width=\"66\">5<\/td>\n<td width=\"66\"><\/td>\n<td width=\"69\"><\/td>\n<\/tr>\n<tr>\n<td width=\"366\"><strong>2. LIVROS<\/strong><\/td>\n<td width=\"66\"><\/td>\n<td width=\"66\"><\/td>\n<td width=\"69\"><\/td>\n<\/tr>\n<tr>\n<td width=\"366\">2.1 Livros especializados editados por editora com corpo editorial<\/td>\n<td width=\"66\">30<\/td>\n<td width=\"66\"><\/td>\n<td width=\"69\"><\/td>\n<\/tr>\n<tr>\n<td width=\"366\">2.2 Cap\u00edtulos em livro especializado editado por editora com corpo editorial<\/td>\n<td width=\"66\">20<\/td>\n<td width=\"66\"><\/td>\n<td width=\"69\"><\/td>\n<\/tr>\n<tr>\n<td width=\"366\">2.3 Organizador de livro editado por editora com corpo editorial<\/td>\n<td width=\"66\">10<\/td>\n<td width=\"66\"><\/td>\n<td width=\"69\"><\/td>\n<\/tr>\n<tr>\n<td width=\"366\">2.4 Livro especializado e\/ou did\u00e1tico publicado sem avalia\u00e7\u00e3o de corpo editorial<\/td>\n<td width=\"66\">5<\/td>\n<td width=\"66\"><\/td>\n<td width=\"69\"><\/td>\n<\/tr>\n<tr>\n<td width=\"366\"><strong>3. INICIA\u00c7\u00c3O CIENT\u00cdFICA (por ano)<\/strong><\/td>\n<td width=\"66\">15<\/td>\n<td width=\"66\"><\/td>\n<td width=\"69\"><\/td>\n<\/tr>\n<tr>\n<td width=\"366\"><strong>4. MONITORIA<\/strong><\/td>\n<td width=\"66\">5<\/td>\n<td width=\"66\"><\/td>\n<td width=\"69\"><\/td>\n<\/tr>\n<tr>\n<td width=\"366\"><strong>5. ESPECIALIZA\u00c7\u00c3O CONCLU\u00cdDA<\/strong><\/td>\n<td width=\"66\">15<\/td>\n<td width=\"66\"><\/td>\n<td width=\"69\"><\/td>\n<\/tr>\n<tr>\n<td width=\"366\"><strong>6. ORGANIZA\u00c7\u00c3O DE EVENTO CIENT\u00cdFICO<\/strong><\/td>\n<td width=\"66\">10<\/td>\n<td width=\"66\"><\/td>\n<td width=\"69\"><\/td>\n<\/tr>\n<tr>\n<td width=\"366\"><strong>7. COMUNICA\u00c7\u00c3O EM EVENTOS CIENT\u00cdFICOS \u2013 COM PUBLICA\u00c7\u00c3O DE RESUMO (inclusive resumo expandido)<\/strong><\/td>\n<td width=\"66\"><\/td>\n<td width=\"66\"><\/td>\n<td width=\"69\"><\/td>\n<\/tr>\n<tr>\n<td width=\"366\">7.1 Evento internacional<\/td>\n<td width=\"66\">7<\/td>\n<td width=\"66\"><\/td>\n<td width=\"69\"><\/td>\n<\/tr>\n<tr>\n<td width=\"366\">7.2 Evento nacional<\/td>\n<td width=\"66\">5<\/td>\n<td width=\"66\"><\/td>\n<td width=\"69\"><\/td>\n<\/tr>\n<tr>\n<td width=\"366\">7.3 Evento regional\/local<\/td>\n<td width=\"66\">3<\/td>\n<td width=\"66\"><\/td>\n<td width=\"69\"><\/td>\n<\/tr>\n<tr>\n<td width=\"366\"><strong>8. TRABALHOS COMPLETOS EM ANAIS COM CORPO EDITORIAL, DIVULGA\u00c7\u00c3O CIENT\u00cdFICA, TECNOL\u00d3GICA, INDUSTRIAL E ART\u00cdSTICA<\/strong><\/td>\n<td width=\"66\"><\/td>\n<td width=\"66\"><\/td>\n<td width=\"69\"><\/td>\n<\/tr>\n<tr>\n<td width=\"366\">8.1 Evento internacional<\/td>\n<td width=\"66\">10<\/td>\n<td width=\"66\"><\/td>\n<td width=\"69\"><\/td>\n<\/tr>\n<tr>\n<td width=\"366\">8.2 Evento nacional<\/td>\n<td width=\"66\">7<\/td>\n<td width=\"66\"><\/td>\n<td width=\"69\"><\/td>\n<\/tr>\n<tr>\n<td width=\"366\">8.3 Evento regional\/local<\/td>\n<td width=\"66\">5<\/td>\n<td width=\"66\"><\/td>\n<td width=\"69\"><\/td>\n<\/tr>\n<tr>\n<td width=\"366\"><strong>9. CR\u00c9DITOS CONCLU\u00cdDOS NO PROGRAMA DE MESTRADO EM HIST\u00d3RIA (INCLU\u00cdDO EST\u00c1GIO DE DOC\u00caNCIA COM RELAT\u00d3RIO ENTREGUE E CR\u00c9DITOS EXTERNOS COM PEDIDO DE EQUIVAL\u00caNCIA ENTREGUE (por cr\u00e9dito)<\/strong><\/td>\n<td width=\"66\">1<\/td>\n<td width=\"66\"><\/td>\n<td width=\"69\"><\/td>\n<\/tr>\n<tr>\n<td width=\"366\"><strong>10. FAM\u00cdLIA INSCRITA NO CAD\u00daNICO DE DISTRIBUI\u00c7\u00c3O DE RENDA (com comprovante)<\/strong><\/td>\n<td width=\"66\">15<\/td>\n<td width=\"66\"><\/td>\n<td width=\"69\"><\/td>\n<\/tr>\n<tr>\n<td style=\"text-align: left\" width=\"366\"><strong>11. TER REALIZADO A GRADUA\u00c7\u00c3O COMO COTISTA SOCIAL OU RACIAL<\/strong><\/td>\n<td style=\"text-align: left\" width=\"66\">15<\/td>\n<td style=\"text-align: left\" width=\"66\"><\/td>\n<td style=\"text-align: left\" width=\"69\"><\/td>\n<\/tr>\n<\/tbody>\n<\/table>\n<p>&nbsp;<\/p>\n<p>* Ser\u00e1 utilizada a Classifica\u00e7\u00e3o de Peri\u00f3dicos Quadri\u00eanio 2013-2016 da CAPES<\/p>\n<p>&nbsp;<\/p>\n<p>** Artigos aceitos para publica\u00e7\u00e3o ser\u00e3o considerados mediante apresenta\u00e7\u00e3o da carta de aceite do peri\u00f3dico (anexada ao e-mail de inscri\u00e7\u00e3o)<\/p>\n<p>*** Devem ser enviadas c\u00f3pias da ficha catalogr\u00e1fica e do sum\u00e1rio em caso de livros e cap\u00edtulos de livro publicados (anexadas ao e-mail da inscri\u00e7\u00e3o)<\/p>\n<p>&nbsp;<\/p>\n<p>&nbsp;<\/p>\n<p>Ponta Grossa, 15 de mar\u00e7o de 2021<\/p>\n<p>Comiss\u00e3o de Bolsas do PPGH<\/p>\n<p>&nbsp;<\/p>\n<p>&nbsp;<\/p>\n<p>Prof.\u00aa Dr.\u00aa Alessandra Izabel de Carvalho<\/p>\n<p>Prof. Dr. Erivan Cassiano Karvat<\/p>\n<p>Prof.\u00aa Dr.\u00aa Georgiane Garabely Heil V\u00e1zquez<\/p>\n","protected":false},"excerpt":{"rendered":"<p>&nbsp; &nbsp; &nbsp; EDITAL PPGH 03\/2021 &nbsp; SELE\u00c7\u00c3O PARA BOLSAS DE DEMANDA SOCIAL \u00a0 O Programa de Mestrado em Hist\u00f3ria, Cultura e Identidades realizar\u00e1 sele\u00e7\u00e3o de alunos para Bolsas eventualmente concedidas. &nbsp; Tem direito a concorrer no Processo de Sele\u00e7\u00e3o os alunos regulares que possam se dedicar integralmente \u00e0s atividades do Programa, ou seja, que&nbsp;&hellip;<\/p>\n","protected":false},"author":188,"featured_media":0,"parent":0,"menu_order":0,"comment_status":"closed","ping_status":"closed","template":"","meta":[],"_links":{"self":[{"href":"https:\/\/www2.uepg.br\/ppgh\/wp-json\/wp\/v2\/pages\/304"}],"collection":[{"href":"https:\/\/www2.uepg.br\/ppgh\/wp-json\/wp\/v2\/pages"}],"about":[{"href":"https:\/\/www2.uepg.br\/ppgh\/wp-json\/wp\/v2\/types\/page"}],"author":[{"embeddable":true,"href":"https:\/\/www2.uepg.br\/ppgh\/wp-json\/wp\/v2\/users\/188"}],"replies":[{"embeddable":true,"href":"https:\/\/www2.uepg.br\/ppgh\/wp-json\/wp\/v2\/comments?post=304"}],"version-history":[{"count":5,"href":"https:\/\/www2.uepg.br\/ppgh\/wp-json\/wp\/v2\/pages\/304\/revisions"}],"predecessor-version":[{"id":309,"href":"https:\/\/www2.uepg.br\/ppgh\/wp-json\/wp\/v2\/pages\/304\/revisions\/309"}],"wp:attachment":[{"href":"https:\/\/www2.uepg.br\/ppgh\/wp-json\/wp\/v2\/media?parent=304"}],"curies":[{"name":"wp","href":"https:\/\/api.w.org\/{rel}","templated":true}]}}