{"id":326,"date":"2021-03-22T16:34:33","date_gmt":"2021-03-22T19:34:33","guid":{"rendered":"https:\/\/www2.uepg.br\/ppgh\/?page_id=326"},"modified":"2021-03-22T16:34:33","modified_gmt":"2021-03-22T19:34:33","slug":"edital-ppgh-04-2021","status":"publish","type":"page","link":"https:\/\/www2.uepg.br\/ppgh\/edital-ppgh-04-2021\/","title":{"rendered":"Edital PPGH 04\/2021"},"content":{"rendered":"<p><img class=\"alignright\" src=\"http:\/\/www2.uepg.br\/ppgh\/wp-content\/uploads\/sites\/131\/2021\/02\/imagem_2021-02-17_133847.png\" \/><\/p>\n<p>&nbsp;<\/p>\n<p>&nbsp;<\/p>\n<p>&nbsp;<\/p>\n<hr \/>\n<p><strong>EDITAL PPGH 04\/2021<\/strong><\/p>\n<p><strong>RESULTADO DA CLASSIFICA\u00c7\u00c3O DOS INSCRITOS PARA BOLSAS DE DEMANDA SOCIAL EVENTUALMENTE CONCEDIDAS NO ANO DE 2021<\/strong><\/p>\n<p><strong>\u00a0<\/strong><\/p>\n<table>\n<tbody>\n<tr>\n<td width=\"283\"><strong>NOME<\/strong><\/td>\n<td width=\"283\"><strong>PONTUA\u00c7\u00c3O<\/strong><\/td>\n<\/tr>\n<tr>\n<td width=\"283\">Micheli Rosa<\/td>\n<td width=\"283\">277<\/td>\n<\/tr>\n<tr>\n<td width=\"283\">Mariana de S\u00e1 Gaspar<\/td>\n<td width=\"283\">245<\/td>\n<\/tr>\n<tr>\n<td width=\"283\">Eduardo Lisboa<\/td>\n<td width=\"283\">217<\/td>\n<\/tr>\n<tr>\n<td width=\"283\">Tha\u00eds da Silva Osga<\/td>\n<td width=\"283\">159<\/td>\n<\/tr>\n<tr>\n<td width=\"283\">Henrique Schlumberger Vitchmichen<\/td>\n<td width=\"283\">133<\/td>\n<\/tr>\n<tr>\n<td width=\"283\">Priscila Mocelin Lara<\/td>\n<td width=\"283\">128<\/td>\n<\/tr>\n<tr>\n<td width=\"283\">Murillo Henrique Lima da Costa<\/td>\n<td width=\"283\">103<\/td>\n<\/tr>\n<tr>\n<td width=\"283\">Gustavo Fardin Anzuategui<\/td>\n<td width=\"283\">74<\/td>\n<\/tr>\n<tr>\n<td width=\"283\">Renato Ricardo Schnell Junior<\/td>\n<td width=\"283\">69<\/td>\n<\/tr>\n<tr>\n<td width=\"283\">Ana Fl\u00e1via Barboza Garcia<\/td>\n<td width=\"283\">58<\/td>\n<\/tr>\n<tr>\n<td width=\"283\">Rog\u00e9rio Anderson da Silva<\/td>\n<td width=\"283\">51<\/td>\n<\/tr>\n<\/tbody>\n<\/table>\n<p>&nbsp;<\/p>\n<p>Ponta Grossa, 22 de mar\u00e7o de 2021<\/p>\n<p>Comiss\u00e3o de Bolsas do PPGH<\/p>\n<p>&nbsp;<\/p>\n<p>&nbsp;<\/p>\n<p>Prof.\u00aa Dr.\u00aa Alessandra Izabel de Carvalho<\/p>\n<p>Prof. Dr. Erivan Cassiano Karvat<\/p>\n<p>Prof.\u00aa Dr.\u00aa Georgiane Garabely Heil V\u00e1zquez<\/p>\n<p>&nbsp;<\/p>\n","protected":false},"excerpt":{"rendered":"<p>&nbsp; &nbsp; &nbsp; EDITAL PPGH 04\/2021 RESULTADO DA CLASSIFICA\u00c7\u00c3O DOS INSCRITOS PARA BOLSAS DE DEMANDA SOCIAL EVENTUALMENTE CONCEDIDAS NO ANO DE 2021 \u00a0 NOME PONTUA\u00c7\u00c3O Micheli Rosa 277 Mariana de S\u00e1 Gaspar 245 Eduardo Lisboa 217 Tha\u00eds da Silva Osga 159 Henrique Schlumberger Vitchmichen 133 Priscila Mocelin Lara 128 Murillo Henrique Lima da Costa 103&nbsp;&hellip;<\/p>\n","protected":false},"author":188,"featured_media":0,"parent":0,"menu_order":0,"comment_status":"closed","ping_status":"closed","template":"","meta":[],"_links":{"self":[{"href":"https:\/\/www2.uepg.br\/ppgh\/wp-json\/wp\/v2\/pages\/326"}],"collection":[{"href":"https:\/\/www2.uepg.br\/ppgh\/wp-json\/wp\/v2\/pages"}],"about":[{"href":"https:\/\/www2.uepg.br\/ppgh\/wp-json\/wp\/v2\/types\/page"}],"author":[{"embeddable":true,"href":"https:\/\/www2.uepg.br\/ppgh\/wp-json\/wp\/v2\/users\/188"}],"replies":[{"embeddable":true,"href":"https:\/\/www2.uepg.br\/ppgh\/wp-json\/wp\/v2\/comments?post=326"}],"version-history":[{"count":1,"href":"https:\/\/www2.uepg.br\/ppgh\/wp-json\/wp\/v2\/pages\/326\/revisions"}],"predecessor-version":[{"id":331,"href":"https:\/\/www2.uepg.br\/ppgh\/wp-json\/wp\/v2\/pages\/326\/revisions\/331"}],"wp:attachment":[{"href":"https:\/\/www2.uepg.br\/ppgh\/wp-json\/wp\/v2\/media?parent=326"}],"curies":[{"name":"wp","href":"https:\/\/api.w.org\/{rel}","templated":true}]}}