{"id":342,"date":"2021-05-10T18:02:15","date_gmt":"2021-05-10T21:02:15","guid":{"rendered":"https:\/\/www2.uepg.br\/ppgh\/?page_id=342"},"modified":"2021-05-17T16:30:06","modified_gmt":"2021-05-17T19:30:06","slug":"edital-ppgh-05-2021","status":"publish","type":"page","link":"https:\/\/www2.uepg.br\/ppgh\/edital-ppgh-05-2021\/","title":{"rendered":"EDITAL PPGH 05\/2021"},"content":{"rendered":"<p><img class=\"alignright\" src=\"http:\/\/www2.uepg.br\/ppgh\/wp-content\/uploads\/sites\/131\/2021\/02\/imagem_2021-02-17_133847.png\" \/><\/p>\n<p>&nbsp;<\/p>\n<p>&nbsp;<\/p>\n<p>&nbsp;<\/p>\n<hr \/>\n<p><strong>EDITA<\/strong><strong>L PPGH 05\/2021 &#8211; EDITAL DE INSCRI\u00c7\u00c3O, SELE\u00c7\u00c3O E MATR\u00cdCULA PARA O MESTRADO ACAD\u00caMICO EM HIST\u00d3RIA \u2013 \u00a0INGRESSO EM AGOSTO DE 2021- <a href=\"http:\/\/www2.uepg.br\/ppgh\/wp-content\/uploads\/sites\/131\/2021\/05\/Edital-PPGH-2021-05.pdf\">Edital PPGH 2021 05<\/a><\/strong><\/p>\n<p>&nbsp;<\/p>\n","protected":false},"excerpt":{"rendered":"<p>&nbsp; &nbsp; &nbsp; EDITAL PPGH 05\/2021 &#8211; EDITAL DE INSCRI\u00c7\u00c3O, SELE\u00c7\u00c3O E MATR\u00cdCULA PARA O MESTRADO ACAD\u00caMICO EM HIST\u00d3RIA \u2013 \u00a0INGRESSO EM AGOSTO DE 2021- Edital PPGH 2021 05 &nbsp;<\/p>\n","protected":false},"author":188,"featured_media":0,"parent":0,"menu_order":0,"comment_status":"closed","ping_status":"closed","template":"","meta":[],"_links":{"self":[{"href":"https:\/\/www2.uepg.br\/ppgh\/wp-json\/wp\/v2\/pages\/342"}],"collection":[{"href":"https:\/\/www2.uepg.br\/ppgh\/wp-json\/wp\/v2\/pages"}],"about":[{"href":"https:\/\/www2.uepg.br\/ppgh\/wp-json\/wp\/v2\/types\/page"}],"author":[{"embeddable":true,"href":"https:\/\/www2.uepg.br\/ppgh\/wp-json\/wp\/v2\/users\/188"}],"replies":[{"embeddable":true,"href":"https:\/\/www2.uepg.br\/ppgh\/wp-json\/wp\/v2\/comments?post=342"}],"version-history":[{"count":3,"href":"https:\/\/www2.uepg.br\/ppgh\/wp-json\/wp\/v2\/pages\/342\/revisions"}],"predecessor-version":[{"id":353,"href":"https:\/\/www2.uepg.br\/ppgh\/wp-json\/wp\/v2\/pages\/342\/revisions\/353"}],"wp:attachment":[{"href":"https:\/\/www2.uepg.br\/ppgh\/wp-json\/wp\/v2\/media?parent=342"}],"curies":[{"name":"wp","href":"https:\/\/api.w.org\/{rel}","templated":true}]}}