{"id":369,"date":"2021-06-25T15:00:57","date_gmt":"2021-06-25T18:00:57","guid":{"rendered":"https:\/\/www2.uepg.br\/ppgh\/?page_id=369"},"modified":"2021-06-25T15:16:38","modified_gmt":"2021-06-25T18:16:38","slug":"edital-ppgh-06-2021","status":"publish","type":"page","link":"https:\/\/www2.uepg.br\/ppgh\/edital-ppgh-06-2021\/","title":{"rendered":"EDITAL PPGH 06\/2021"},"content":{"rendered":"<p><img loading=\"lazy\" class=\"size-full wp-image-278 alignright\" src=\"http:\/\/www2.uepg.br\/ppgh\/wp-content\/uploads\/sites\/131\/2021\/02\/imagem_2021-02-17_133847.png\" alt=\"\" width=\"257\" height=\"67\" \/><\/p>\n<p>&nbsp;<\/p>\n<p>&nbsp;<\/p>\n<p>&nbsp;<\/p>\n<hr \/>\n<p><strong>EDITAL PPGH 06\/2021<\/strong><\/p>\n<p>&nbsp;<\/p>\n<p><strong>PRORROGA\u00c7\u00c3O DAS INSCRI\u00c7\u00d5ES DO PROCESSO SELETIVO PARA O MESTRADO ACAD\u00caMICO EM HIST\u00d3RIA DA UEPG<\/strong><\/p>\n<p><strong>\u00a0<\/strong><strong>\u00a0<\/strong><\/p>\n<p>I \u2013 Ficam prorrogados os prazos para inscri\u00e7\u00f5es no processo seletivo para o mestrado acad\u00eamico em Hist\u00f3ria da UEPG estabelecidos no Edital PPGH-UEPG 05\/2021, item 4, conforme tabela abaixo:<\/p>\n<p>&nbsp;<\/p>\n<table>\n<tbody>\n<tr>\n<td style=\"text-align: center\" width=\"283\"><strong>ATIVIDADE<\/strong><\/td>\n<td style=\"text-align: center\" width=\"283\"><strong>DATA<\/strong><\/td>\n<\/tr>\n<tr>\n<td style=\"text-align: left\" width=\"283\">Per\u00edodo de inscri\u00e7\u00f5es online<\/td>\n<td width=\"283\">At\u00e9 6 de julho de 2021<\/td>\n<\/tr>\n<tr>\n<td style=\"text-align: left\" width=\"283\">Envio de documentos para o e-mail<\/td>\n<td width=\"283\">At\u00e9 6 de julho de 2021<\/td>\n<\/tr>\n<tr>\n<td style=\"text-align: left\" width=\"283\">Divulga\u00e7\u00e3o das inscri\u00e7\u00f5es homologadas<\/td>\n<td width=\"283\">7 de julho de 2021<\/td>\n<\/tr>\n<tr>\n<td width=\"283\">\n<p style=\"text-align: left\">Prazo para apresenta\u00e7\u00e3o de recurso para\u00a0candidatos que tiveram inscri\u00e7\u00f5es indeferidas<\/p>\n<\/td>\n<td width=\"283\">8 a 9 de julho de 2021<\/td>\n<\/tr>\n<\/tbody>\n<\/table>\n<p>&nbsp;<\/p>\n<p>II \u2013 As demais datas e prazos estabelecidos no Edital PPGH-UEPG 05\/2021, item 4 seguem inalteradas<\/p>\n<p>&nbsp;<\/p>\n<p>Ponta Grossa, 25 de junho de 2021<\/p>\n<p>&nbsp;<\/p>\n<p>&nbsp;<\/p>\n<p>Prof. Dr. Luis Fernando Cerri<\/p>\n<p>Coordenador do PPGH-UEPG<\/p>\n","protected":false},"excerpt":{"rendered":"<p>&nbsp; &nbsp; &nbsp; EDITAL PPGH 06\/2021 &nbsp; PRORROGA\u00c7\u00c3O DAS INSCRI\u00c7\u00d5ES DO PROCESSO SELETIVO PARA O MESTRADO ACAD\u00caMICO EM HIST\u00d3RIA DA UEPG \u00a0\u00a0 I \u2013 Ficam prorrogados os prazos para inscri\u00e7\u00f5es no processo seletivo para o mestrado acad\u00eamico em Hist\u00f3ria da UEPG estabelecidos no Edital PPGH-UEPG 05\/2021, item 4, conforme tabela abaixo: &nbsp; ATIVIDADE DATA Per\u00edodo&nbsp;&hellip;<\/p>\n","protected":false},"author":188,"featured_media":0,"parent":0,"menu_order":0,"comment_status":"closed","ping_status":"closed","template":"","meta":[],"_links":{"self":[{"href":"https:\/\/www2.uepg.br\/ppgh\/wp-json\/wp\/v2\/pages\/369"}],"collection":[{"href":"https:\/\/www2.uepg.br\/ppgh\/wp-json\/wp\/v2\/pages"}],"about":[{"href":"https:\/\/www2.uepg.br\/ppgh\/wp-json\/wp\/v2\/types\/page"}],"author":[{"embeddable":true,"href":"https:\/\/www2.uepg.br\/ppgh\/wp-json\/wp\/v2\/users\/188"}],"replies":[{"embeddable":true,"href":"https:\/\/www2.uepg.br\/ppgh\/wp-json\/wp\/v2\/comments?post=369"}],"version-history":[{"count":9,"href":"https:\/\/www2.uepg.br\/ppgh\/wp-json\/wp\/v2\/pages\/369\/revisions"}],"predecessor-version":[{"id":376,"href":"https:\/\/www2.uepg.br\/ppgh\/wp-json\/wp\/v2\/pages\/369\/revisions\/376"}],"wp:attachment":[{"href":"https:\/\/www2.uepg.br\/ppgh\/wp-json\/wp\/v2\/media?parent=369"}],"curies":[{"name":"wp","href":"https:\/\/api.w.org\/{rel}","templated":true}]}}