{"id":38,"date":"2020-08-04T10:10:38","date_gmt":"2020-08-04T13:10:38","guid":{"rendered":"http:\/\/www2.uepg.br\/ppgh\/?page_id=38"},"modified":"2025-05-29T15:12:57","modified_gmt":"2025-05-29T18:12:57","slug":"apresentacao","status":"publish","type":"page","link":"https:\/\/www2.uepg.br\/ppgh\/apresentacao\/","title":{"rendered":"Apresenta\u00e7\u00e3o"},"content":{"rendered":"<p>O Programa de P\u00f3s-Gradua\u00e7\u00e3o\u00a0<em>stricto sensu\u00a0<\/em>em Hist\u00f3ria (PPGH), com \u00e1rea de concentra\u00e7\u00e3o em CULTURA E REGIONALIDADES, busca responder \u00e0 demanda regional por ensino e pesquisa na \u00e1rea. O seu p\u00fablico-alvo priorit\u00e1rio \u00e9 composto por profissionais em Hist\u00f3ria. Essa prioridade n\u00e3o obsta a participa\u00e7\u00e3o de formandos em outros cursos e \u00e1reas, mormente nas ci\u00eancias humanas e sociais.<\/p>\n<p>O impacto regional do PPGH visa \u00e0 forma\u00e7\u00e3o continuada de profissionais atuantes no ensino de Hist\u00f3ria, em seus tr\u00eas n\u00edveis, na pesquisa e gest\u00e3o documental em arquivos hist\u00f3ricos e centros de documenta\u00e7\u00e3o, \u00f3rg\u00e3os de patrim\u00f4nio e mem\u00f3ria, bem como em projetos de pol\u00edticas culturais nas regi\u00f5es Centro-Sul e dos Campos Gerais.<\/p>\n<p>&nbsp;<\/p>\n<p><strong>Coordenador:\u00a0<\/strong>Luis Fernando Cerri<\/p>\n<p><strong>Colegiado:\u00a0<\/strong><br \/>\nMaria Julieta W|eber<br \/>\nEdson Armando Silva<br \/>\nJana\u00edna de Paula do Esp\u00edrito Santo<\/p>\n<p>&nbsp;<\/p>\n<hr \/>\n<p><img loading=\"lazy\" class=\"alignright size-full wp-image-664\" src=\"http:\/\/www2.uepg.br\/ppgh\/wp-content\/uploads\/sites\/131\/2022\/08\/espanha.png\" alt=\"\" width=\"126\" height=\"84\" \/><br \/>\nEl Programa de Postgrado stricto sensu en Historia (PPGH), con un \u00e1rea de concentraci\u00f3n en CULTURA E REGIONALIDADES, busca atender la demanda regional de docencia e investigaci\u00f3n en el \u00e1rea. Su p\u00fablico objetivo prioritario est\u00e1 compuesto por profesionales de la Historia. Esta prioridad no impide la participaci\u00f3n de los licenciados en otros cursos y \u00e1reas, especialmente en las humanidades y las ciencias sociales.<\/p>\n<p>El impacto regional del PPGH tiene como objetivo la formaci\u00f3n continua de los profesionales que trabajan en la ense\u00f1anza de la Historia, en sus tres niveles, en la investigaci\u00f3n y la gesti\u00f3n documental en los archivos hist\u00f3ricos y centros de documentaci\u00f3n, organismos de patrimonio y memoria, as\u00ed como en los proyectos de pol\u00edtica cultural en las regiones Centro-Sur y Campos Gerais.<\/p>\n<p>De este modo, el PPGH se caracteriza por su enfoque espec\u00edfico, articulando dos conceptos interconectados que sustentan la propia \u00e1rea: cultura y regionalidades. El primero como matriz perceptiva de fen\u00f3menos tejidos entre valores y significados que organizan la vida social a lo largo del tiempo, y el segundo derivado de la noci\u00f3n de regi\u00f3n, problematiz\u00e1ndola, entendida como procedimiento y perspectiva que percibe los objetos de an\u00e1lisis en sus m\u00faltiples relaciones.<\/p>\n<p>Coordinador: Luis Fernando Cerri<br \/>\nVicecoordinadora: Alessandra Izabel de Carvalho<\/p>\n<p>C\u00e1tedra colegial:<br \/>\nMaria Julieta W|eber<br \/>\nEdson Armando Silva<br \/>\nJana\u00edna de Paula do Esp\u00edrito Santo<\/p>\n<p>&nbsp;<\/p>\n<hr \/>\n<p><img loading=\"lazy\" class=\"alignright size-full wp-image-665\" src=\"http:\/\/www2.uepg.br\/ppgh\/wp-content\/uploads\/sites\/131\/2022\/08\/inglaterra.png\" alt=\"\" width=\"126\" height=\"63\" \/><br \/>\nThe stricto sensu post-graduate program in History (PPGH), with an area of concentration in CULTURE and REGIONALIDADES, seeks to meet the regional demand for teaching and research in the area. Its priority target public is composed of professionals in History. This priority does not prevent the participation of graduates in other courses and areas, especially in the humanities and social sciences.<\/p>\n<p>The regional impact of the PPGH aims at the continued formation of professionals active in the teaching of history, at its three levels, in research and documentary management in historical archives and documentation centers, heritage and memory organizations, as well as in cultural policy projects in the Center-South and Campos Gerais regions.<\/p>\n<p>Thus, the PPGH is characterized by its specific approach, articulating two interconnected concepts that underpin the area itself: culture and regionalities, the first as a perceptive matrix of phenomena woven between values and meanings that organize social life over time, and the second derived from the notion of region, problematizing it, understood as a procedure and perspective that perceives the objects of analysis in their multiple relationships.<\/p>\n<p>Coordinator: Luis Fernando Cerri<\/p>\n<p>Collegiate:<br \/>\nMaria Julieta W|eber<br \/>\nEdson Armando Silva<br \/>\nJana\u00edna de Paula do Esp\u00edrito Santo<\/p>\n<p>&nbsp;<\/p>\n","protected":false},"excerpt":{"rendered":"<p>O Programa de P\u00f3s-Gradua\u00e7\u00e3o\u00a0stricto sensu\u00a0em Hist\u00f3ria (PPGH), com \u00e1rea de concentra\u00e7\u00e3o em CULTURA E REGIONALIDADES, busca responder \u00e0 demanda regional por ensino e pesquisa na \u00e1rea. O seu p\u00fablico-alvo priorit\u00e1rio \u00e9 composto por profissionais em Hist\u00f3ria. Essa prioridade n\u00e3o obsta a participa\u00e7\u00e3o de formandos em outros cursos e \u00e1reas, mormente nas ci\u00eancias humanas e sociais.&nbsp;&hellip;<\/p>\n","protected":false},"author":24,"featured_media":0,"parent":0,"menu_order":0,"comment_status":"closed","ping_status":"closed","template":"","meta":[],"_links":{"self":[{"href":"https:\/\/www2.uepg.br\/ppgh\/wp-json\/wp\/v2\/pages\/38"}],"collection":[{"href":"https:\/\/www2.uepg.br\/ppgh\/wp-json\/wp\/v2\/pages"}],"about":[{"href":"https:\/\/www2.uepg.br\/ppgh\/wp-json\/wp\/v2\/types\/page"}],"author":[{"embeddable":true,"href":"https:\/\/www2.uepg.br\/ppgh\/wp-json\/wp\/v2\/users\/24"}],"replies":[{"embeddable":true,"href":"https:\/\/www2.uepg.br\/ppgh\/wp-json\/wp\/v2\/comments?post=38"}],"version-history":[{"count":8,"href":"https:\/\/www2.uepg.br\/ppgh\/wp-json\/wp\/v2\/pages\/38\/revisions"}],"predecessor-version":[{"id":1262,"href":"https:\/\/www2.uepg.br\/ppgh\/wp-json\/wp\/v2\/pages\/38\/revisions\/1262"}],"wp:attachment":[{"href":"https:\/\/www2.uepg.br\/ppgh\/wp-json\/wp\/v2\/media?parent=38"}],"curies":[{"name":"wp","href":"https:\/\/api.w.org\/{rel}","templated":true}]}}