{"id":383,"date":"2021-07-07T23:10:31","date_gmt":"2021-07-08T02:10:31","guid":{"rendered":"https:\/\/www2.uepg.br\/ppgh\/?page_id=383"},"modified":"2021-07-07T23:10:31","modified_gmt":"2021-07-08T02:10:31","slug":"edital-ppgh-07-2021","status":"publish","type":"page","link":"https:\/\/www2.uepg.br\/ppgh\/edital-ppgh-07-2021\/","title":{"rendered":"EDITAL PPGH 07\/2021"},"content":{"rendered":"<p><img loading=\"lazy\" class=\"alignnone size-full wp-image-278 alignright\" src=\"http:\/\/www2.uepg.br\/ppgh\/wp-content\/uploads\/sites\/131\/2021\/02\/imagem_2021-02-17_133847.png\" alt=\"\" width=\"257\" height=\"67\" \/><\/p>\n<p>&nbsp;<\/p>\n<p>&nbsp;<\/p>\n<p>&nbsp;<\/p>\n<hr \/>\n<p>HOMOLOGA\u00c7\u00c3O DE INSCRI\u00c7\u00d5ES NO PROCESSO SELETIVO DE 2020, DE ACORDO COM OS EDITAIS PPGH-UEPG 05 e 06\/2021<\/p>\n<table>\n<tbody>\n<tr>\n<td width=\"283\">Nome<\/td>\n<td width=\"283\">Resultado da inscri\u00e7\u00e3o<\/td>\n<\/tr>\n<tr>\n<td width=\"283\">1. Alana Maria de Lima Barros<\/td>\n<td width=\"283\">Homologada<\/td>\n<\/tr>\n<tr>\n<td width=\"283\">2. Aline Silva de Camargo<\/td>\n<td width=\"283\">Homologada<\/td>\n<\/tr>\n<tr>\n<td width=\"283\">3. Alessandra Moreira Alo\u00edsio<\/td>\n<td width=\"283\">N\u00e3o homologada. N\u00e3o cumpriu item II.5 do Edital.<\/td>\n<\/tr>\n<tr>\n<td width=\"283\">4. Ana Regina Praxedes Fernandes<\/td>\n<td width=\"283\">Homologada<\/td>\n<\/tr>\n<tr>\n<td width=\"283\">5. Anderson dos Santos<\/td>\n<td width=\"283\">Homologada<\/td>\n<\/tr>\n<tr>\n<td width=\"283\">6. Andrey Tironi da Silva<\/td>\n<td width=\"283\">Homologada<\/td>\n<\/tr>\n<tr>\n<td width=\"283\">7. B\u00e1rbara do Carmo Noviski Gon\u00e7alves<\/td>\n<td width=\"283\">N\u00e3o homologada. N\u00e3o cumpriu item II.5.a do Edital.<\/td>\n<\/tr>\n<tr>\n<td width=\"283\">8. Brenda Carolina Busato Rotter<\/td>\n<td width=\"283\">Homologada<\/td>\n<\/tr>\n<tr>\n<td width=\"283\">9. Bruna Maria Batista Pereira<\/td>\n<td width=\"283\">Homologada<\/td>\n<\/tr>\n<tr>\n<td width=\"283\">10. Bruno dos Santos Grube<\/td>\n<td width=\"283\">Homologada<\/td>\n<\/tr>\n<tr>\n<td width=\"283\">11. Carmelinda Conti dos Santos Giacomel de Souza<\/td>\n<td width=\"283\">Homologada<\/td>\n<\/tr>\n<tr>\n<td width=\"283\">12. C\u00e9lio Ribeiro da Silva<\/td>\n<td width=\"283\">Homologada<\/td>\n<\/tr>\n<tr>\n<td width=\"283\">13. Claudiane Antunes<\/td>\n<td width=\"283\">Homologada<\/td>\n<\/tr>\n<tr>\n<td width=\"283\">14. Cristiane Aparecida Mika<\/td>\n<td width=\"283\">Homologada<\/td>\n<\/tr>\n<tr>\n<td width=\"283\">15. Danielle de Oliveira Santos Teixeira<\/td>\n<td width=\"283\">Homologada<\/td>\n<\/tr>\n<tr>\n<td width=\"283\">16. D\u00e9bora do Rocio Pacheco da Silva<\/td>\n<td width=\"283\">Homologada<\/td>\n<\/tr>\n<tr>\n<td width=\"283\">17. D\u00e9bora Zai Potulski<\/td>\n<td width=\"283\">Homologada<\/td>\n<\/tr>\n<tr>\n<td width=\"283\">18. Diandra Regina Ferreira<\/td>\n<td width=\"283\">Homologada<\/td>\n<\/tr>\n<tr>\n<td width=\"283\">19. Djuliano Maichak<\/td>\n<td width=\"283\">N\u00e3o homologada. N\u00e3o cumpriu item II.5 do Edital.<\/td>\n<\/tr>\n<tr>\n<td width=\"283\">20. Edson Willian da Costa<\/td>\n<td width=\"283\">Homologada<\/td>\n<\/tr>\n<tr>\n<td width=\"283\">21. Elaine Cristina Itner Voidelo<\/td>\n<td width=\"283\">Homologada<\/td>\n<\/tr>\n<tr>\n<td width=\"283\">22. Eliana Holz<\/td>\n<td width=\"283\">Homologada<\/td>\n<\/tr>\n<tr>\n<td width=\"283\">23. Elsa da Silva Sott<\/td>\n<td width=\"283\">Homologada<\/td>\n<\/tr>\n<tr>\n<td width=\"283\">24. Elter Taets Garcia<\/td>\n<td width=\"283\">Homologada<\/td>\n<\/tr>\n<tr>\n<td width=\"283\">25. Erickson Adriano Nunes Alves Batista<\/td>\n<td width=\"283\">Homologada<\/td>\n<\/tr>\n<tr>\n<td width=\"283\">26. Everlene de Oliveira Silvestre Edin dos Santos<\/td>\n<td width=\"283\">Homologada<\/td>\n<\/tr>\n<tr>\n<td width=\"283\">27. Everton Carneiro Cipriano<\/td>\n<td width=\"283\">Homologada<\/td>\n<\/tr>\n<tr>\n<td width=\"283\">28. Felipe Zainedin<\/td>\n<td width=\"283\">N\u00e3o homologada. N\u00e3o cumpriu item II.5 do Edital.<\/td>\n<\/tr>\n<tr>\n<td width=\"283\">29. Frederico Renan Hilgenberg Gomes<\/td>\n<td width=\"283\">Homologada<\/td>\n<\/tr>\n<tr>\n<td width=\"283\">30. Gabriela Martins de Azevedo<\/td>\n<td width=\"283\">Homologada<\/td>\n<\/tr>\n<tr>\n<td width=\"283\">31. Gerson Brezola da Silva<\/td>\n<td width=\"283\">Homologada<\/td>\n<\/tr>\n<tr>\n<td width=\"283\">32. Gessica Lucif<\/td>\n<td width=\"283\">Homologada<\/td>\n<\/tr>\n<tr>\n<td width=\"283\">33. Giovane Rodrigues dos Santos<\/td>\n<td width=\"283\">N\u00e3o homologada. N\u00e3o cumpriu item II.5 do Edital.<\/td>\n<\/tr>\n<tr>\n<td width=\"283\">34. Gleivando Magno de Lima<\/td>\n<td width=\"283\">Homologada<\/td>\n<\/tr>\n<tr>\n<td width=\"283\">35. Heder Ribeiro Guimar\u00e3es<\/td>\n<td width=\"283\">Homologada<\/td>\n<\/tr>\n<tr>\n<td width=\"283\">36. Helionilto Gomes J\u00fanior<\/td>\n<td width=\"283\">Homologada<\/td>\n<\/tr>\n<tr>\n<td width=\"283\">37. Igor Calimam Sampaio<\/td>\n<td width=\"283\">Homologada<\/td>\n<\/tr>\n<tr>\n<td width=\"283\">38. Irio Junior Bernich<\/td>\n<td width=\"283\">Homologada<\/td>\n<\/tr>\n<tr>\n<td width=\"283\">39. Isis Gon\u00e7alves Botelho<\/td>\n<td width=\"283\">N\u00e3o homologada. N\u00e3o cumpriu item II.5 do Edital.<\/td>\n<\/tr>\n<tr>\n<td width=\"283\">40. Janaina Novaes Mello<\/td>\n<td width=\"283\">N\u00e3o homologada. N\u00e3o cumpriu item II.5 do Edital.<\/td>\n<\/tr>\n<tr>\n<td width=\"283\">41. Jean Carlo de Carvalho<\/td>\n<td width=\"283\">Homologada<\/td>\n<\/tr>\n<tr>\n<td width=\"283\">42. Jo\u00e3o Alexandre de Castro<\/td>\n<td width=\"283\">Homologada<\/td>\n<\/tr>\n<tr>\n<td width=\"283\">43. Jo\u00e3o Paulo de Souza Freitas<\/td>\n<td width=\"283\">Homologada<\/td>\n<\/tr>\n<tr>\n<td width=\"283\">44. Jonathan S\u00e9rgio de Freitas<\/td>\n<td width=\"283\">Homologada<\/td>\n<\/tr>\n<tr>\n<td width=\"283\">45. Josmar da Silva Soares<\/td>\n<td width=\"283\">N\u00e3o homologada. N\u00e3o cumpriu item II.5 do Edital.<\/td>\n<\/tr>\n<tr>\n<td width=\"283\">46. Keli Grazieli dos Santos<\/td>\n<td width=\"283\">Homologada<\/td>\n<\/tr>\n<tr>\n<td width=\"283\">47. Ketlyn Caroline de Souza<\/td>\n<td width=\"283\">Homologada<\/td>\n<\/tr>\n<tr>\n<td width=\"283\">48. Let\u00edcia Marques Almeida<\/td>\n<td width=\"283\">Homologada<\/td>\n<\/tr>\n<tr>\n<td width=\"283\">49. Lilia Maria da Silva Santos<\/td>\n<td width=\"283\">Homologada<\/td>\n<\/tr>\n<tr>\n<td width=\"283\">50. Liriane Val\u00e9ria Pereira Soares<\/td>\n<td width=\"283\">Homologada<\/td>\n<\/tr>\n<tr>\n<td width=\"283\">51. Luana Dias dos Santos<\/td>\n<td width=\"283\">Homologada<\/td>\n<\/tr>\n<tr>\n<td width=\"283\">52. Luiz Eduardo Ferreira Palma<\/td>\n<td width=\"283\">Homologada<\/td>\n<\/tr>\n<tr>\n<td width=\"283\">53. Luiz Ricardo Pauluk<\/td>\n<td width=\"283\">Homologada<\/td>\n<\/tr>\n<tr>\n<td width=\"283\">54. Marcus Andr\u00e9 de Oliveira<\/td>\n<td width=\"283\">N\u00e3o homologada. N\u00e3o cumpriu item II.5 do Edital.<\/td>\n<\/tr>\n<tr>\n<td width=\"283\">55. Mariana Prates de Oliveira Campos<\/td>\n<td width=\"283\">Homologada<\/td>\n<\/tr>\n<tr>\n<td width=\"283\">56. Mauro S\u00e9rgio Souza Pinto<\/td>\n<td width=\"283\">Homologada<\/td>\n<\/tr>\n<tr>\n<td width=\"283\">57. Osmara do Perp\u00e9tuo Zadvorne<\/td>\n<td width=\"283\">Homologada<\/td>\n<\/tr>\n<tr>\n<td width=\"283\">58. Paulo Henrique Taufer<\/td>\n<td width=\"283\">Homologada<\/td>\n<\/tr>\n<tr>\n<td width=\"283\">59. Raiane Quirino Bento<\/td>\n<td width=\"283\">N\u00e3o homologada. N\u00e3o cumpriu item II.5 do Edital.<\/td>\n<\/tr>\n<tr>\n<td width=\"283\">60. Ramone Aparecida Rom\u00e3o<\/td>\n<td width=\"283\">Homologada<\/td>\n<\/tr>\n<tr>\n<td width=\"283\">61. Rejane Concei\u00e7\u00e3o de Ara\u00fajo<\/td>\n<td width=\"283\">N\u00e3o homologada. N\u00e3o cumpriu item II.5 do Edital.<\/td>\n<\/tr>\n<tr>\n<td width=\"283\">62. Rogerio Pupo de Goveia<\/td>\n<td width=\"283\">N\u00e3o homologada. N\u00e3o cumpriu item II.5 do Edital.<\/td>\n<\/tr>\n<tr>\n<td width=\"283\">63. Rhuda Azzolini Castro<\/td>\n<td width=\"283\">N\u00e3o homologada. N\u00e3o cumpriu item II.5 do Edital.<\/td>\n<\/tr>\n<tr>\n<td width=\"283\">64. Ricardo Enguel Gon\u00e7alves<\/td>\n<td width=\"283\">Homologada<\/td>\n<\/tr>\n<tr>\n<td width=\"283\">65. Rogerio Pupo de Goveia<\/td>\n<td width=\"283\">N\u00e3o homologada. N\u00e3o cumpriu item II.5 do Edital.<\/td>\n<\/tr>\n<tr>\n<td width=\"283\">40. Rosana de Fatima Berton Bauer<\/td>\n<td width=\"283\">Homologada<\/td>\n<\/tr>\n<tr>\n<td width=\"283\">66. Simone Cristina Campos Fontoura<\/td>\n<td width=\"283\">N\u00e3o homologada. N\u00e3o cumpriu item II.2 do Edital.<\/td>\n<\/tr>\n<tr>\n<td width=\"283\">67. Thalia Edvirgens de Almeida<\/td>\n<td width=\"283\">Homologada<\/td>\n<\/tr>\n<tr>\n<td width=\"283\">68. Thayn\u00e1 Guedes Assun\u00e7\u00e3o Martins<\/td>\n<td width=\"283\">Homologada<\/td>\n<\/tr>\n<tr>\n<td width=\"283\">69. Thiago de Paula<\/td>\n<td width=\"283\">Homologada<\/td>\n<\/tr>\n<tr>\n<td width=\"283\">70. Viviana Szcymcszyn<\/td>\n<td width=\"283\">Homologada<\/td>\n<\/tr>\n<tr>\n<td width=\"283\">71. Willian do Prado Perolis<\/td>\n<td width=\"283\">Homologada<\/td>\n<\/tr>\n<\/tbody>\n<\/table>\n<p>&nbsp;<\/p>\n<p>Ponta Grossa, 7 de julho de 2021<\/p>\n<p>Coordena\u00e7\u00e3o do PPGH-UEPG<\/p>\n","protected":false},"excerpt":{"rendered":"<p>&nbsp; &nbsp; &nbsp; HOMOLOGA\u00c7\u00c3O DE INSCRI\u00c7\u00d5ES NO PROCESSO SELETIVO DE 2020, DE ACORDO COM OS EDITAIS PPGH-UEPG 05 e 06\/2021 Nome Resultado da inscri\u00e7\u00e3o 1. Alana Maria de Lima Barros Homologada 2. Aline Silva de Camargo Homologada 3. Alessandra Moreira Alo\u00edsio N\u00e3o homologada. N\u00e3o cumpriu item II.5 do Edital. 4. Ana Regina Praxedes Fernandes Homologada&nbsp;&hellip;<\/p>\n","protected":false},"author":188,"featured_media":0,"parent":0,"menu_order":0,"comment_status":"closed","ping_status":"closed","template":"","meta":[],"_links":{"self":[{"href":"https:\/\/www2.uepg.br\/ppgh\/wp-json\/wp\/v2\/pages\/383"}],"collection":[{"href":"https:\/\/www2.uepg.br\/ppgh\/wp-json\/wp\/v2\/pages"}],"about":[{"href":"https:\/\/www2.uepg.br\/ppgh\/wp-json\/wp\/v2\/types\/page"}],"author":[{"embeddable":true,"href":"https:\/\/www2.uepg.br\/ppgh\/wp-json\/wp\/v2\/users\/188"}],"replies":[{"embeddable":true,"href":"https:\/\/www2.uepg.br\/ppgh\/wp-json\/wp\/v2\/comments?post=383"}],"version-history":[{"count":1,"href":"https:\/\/www2.uepg.br\/ppgh\/wp-json\/wp\/v2\/pages\/383\/revisions"}],"predecessor-version":[{"id":384,"href":"https:\/\/www2.uepg.br\/ppgh\/wp-json\/wp\/v2\/pages\/383\/revisions\/384"}],"wp:attachment":[{"href":"https:\/\/www2.uepg.br\/ppgh\/wp-json\/wp\/v2\/media?parent=383"}],"curies":[{"name":"wp","href":"https:\/\/api.w.org\/{rel}","templated":true}]}}